{"id":913,"date":"2016-12-04T17:59:38","date_gmt":"2016-12-04T17:59:38","guid":{"rendered":"http:\/\/kendomanager.com\/iump-tos-page\/"},"modified":"2017-03-01T21:25:44","modified_gmt":"2017-03-01T21:25:44","slug":"uslovi-koristenja","status":"publish","type":"page","link":"https:\/\/www.kendomanager.com\/sr\/uslovi-koristenja\/","title":{"rendered":"Uslovi kori\u0161tenja"},"content":{"rendered":"<p>Ovo je pravni sporazum (&#8222;Sporazum&#8220;) izme\u0111u Vas i Agencije Spider Veb (&#8222;Kompanija&#8220;), za kori\u0161\u0107enje usluga I softverskih proizvoda \u00a0Kendo Managera (&#8222;Usluge&#8220;) koju ste izabrali ili inicirali. &#8222;Vi&#8220; se odnosi na pojedinca koji je registrovan i \/ ili mu se pru\u017ea usluga na Kendo Manager sajtu na osnovu njegove ili njene kreditne kartice ili drugog mehanizma pla\u0107anja za usluge ili, ako su usluge kupljene u ime entiteta odnosno pojedinaca koji je ovla\u0161\u0107en za kupovinu Servisa u ime tog lica, zatim &#8222;Vi&#8220; se odnosi na to lice.<\/p>\n<p><strong>Autorska Prava<\/strong><\/p>\n<p>Svaki softver koji je povezan sa Uslugama za\u0161ti\u0107en je zakonima o autorskim pravima i me\u0111unarodnim sporazumima o autorskim pravima, kao i drugim zakonima i sporazumima o intelektualnoj svojini.<\/p>\n<p>&#8222;Podaci&#8220; se odnose na sve informacije koje se unose od Vas na Kendo Projekt Servere a odnosi se na usluge.<\/p>\n<p><strong>Usluge<\/strong><\/p>\n<p>Kompanija mo\u017ee po sopstvenom naho\u0111enju modifikovati karakteristike usluga s vremena na vreme, bez prethodnog obavje\u0161tenja. Kompanija \u0107e obezbediti usluge u skladu sa ovim sporazumom.<\/p>\n<p><strong>Osjetljivi podaci<\/strong><\/p>\n<p>Kompanija ne\u0107e deliti, obelodaniti, prodavati u zakup, izmeniti, obrisati ili distribuirati nikakve podatke koje ste na bilo koji na\u010din uneli. Kompanija tako\u0111e ne\u0107e vr\u0161iti uvid na va\u0161im podacima osim u slu\u010daju kada je data va\u0161a pismena dozvolu radi podr\u0161ke. Ova klauzula zbog svoje osjetljivosti va\u017ei i posle prekida va\u017enosti ovog ugovora na neodre\u0111eno vreme.<\/p>\n<p><strong>Va\u0161 account<\/strong><\/p>\n<p>Ukoliko ste registrirani korisnik web servisa Kendo Managera , odgovorni ste za odr\u017eavanje i povjerljivost podataka vezanih za va\u0161 account, te ograni\u010davanje pristupa Va\u0161em kompjuteru i prihvatate odgovornost za sve aktivnosti unutar Va\u0161eg accounta ili vezano za lozinku.<\/p>\n<p><strong>Naknade<\/strong><\/p>\n<p>Ako izaberete da kupite paket usluga , softver,dodatne usluge ili licencu, potrebno je obezbjediti kreditnu karticu ili neki drugi mehanizam pla\u0107anja koji je izabran sa va\u0161e strane . Sla\u017eete se da Kompanija mo\u017ee naplatiti sa kreditne kartice ili sa drugog mehanizama pla\u0107anja koji je izabran sa va\u0161e strane i odobren od strane Kompanija za prepaid ra\u010dun (&#8222;va\u0161 nalog&#8220;) i svih iznosa dospelih za kori\u0161tenje na\u0161ih usluga , za usluge, uklju\u010duju\u0107i i usluga naknade, pretplate ili bilo koja druga naknada ili naplata povezana sa Va\u0161im kori\u0161\u0107enjem Usluga.Ako postoje godi\u0161nji, mese\u010dni ili sli\u010dne periodi\u010dne naknade za pretplatu, ove naknade \u0107e biti automatski napla\u0107ene na kreditne kartice odre\u0111ene tokom procesa registracije za Usluge ili naknadno odre\u0111ene na po\u010detku perioda pretplate i na po\u010detaku svakog perioda obnove, osim ako prekinete svoju pretplatu pre nego \u0161to po\u010dne relevantni period.<\/p>\n<p>Sla\u017eete se da u slu\u010daju da Kompanija nije u mogu\u0107nosti da naplati potra\u017eivanja koje dugujete kompaniji za usluge preko svog naloga, Kompanija mo\u017ee da preduzme neke druge korake koje smatra potrebnim da naplati potra\u017eivanja od vas i da \u0107e te biti odgovorni za sve tro\u0161kove i tro\u0161kovi nastale od strane kompanije u vezi sa takvim aktivnostima sakupljanja, uklju\u010duju\u0107i prikupljanje taksi i sudskih tro\u0161kova. Dalje vi se sla\u017eete da kompanija mo\u017ee da naplati kamatu na potra\u017eivanje od 1,5% mese\u010dno, odnosno do najvi\u0161eg iznosa dozvoljenog zakonom o bilo kojim iznosu za nepla\u0107anje u roku.<\/p>\n<p>Sva pla\u0107anja ovla\u0161\u0107ena od vas na ra\u010dun kompanije su kona\u010dna. Ne postoji povra\u0107aj naloga, bez obzira na to da li naru\u010deni servis koristite ili ne.<\/p>\n<p><strong>Nadogradnja ili smanjivanjem va\u0161eg nivoa servisnih usluga<\/strong><\/p>\n<p>Ako nadogradite svoj nivo usluga sa jednog paketa na vi\u0161i cjenovni paket, kompanija \u0107e vam naplatiti ovako:<br \/>\n1) ako mjese\u010dno pla\u0107ate, prva isplata \u0107e biti razlika izme\u0111u vi\u0161eg paketa po ceni i va\u0161eg trenutnog cjenovnog paketa, kad primimo nov\u010dana sredstva, kompanija \u0107e va\u0161u trenutnu cenu paketa prera\u010dunati na osnovu stvarnog broja dana do va\u0161eg planiranih mese\u010dnih dan pla\u0107enog servisa .Va\u0161 redovni mese\u010dni datum isplata \u0107e ostati isti kao kod inicijalnog datuma kupovine, sa vi\u0161om cenom paketa koji ste izabrali.<\/p>\n<p>2)Pretplatnici koji \u017eele da se kre\u0107u iz vi\u0161e cene paketa na ni\u017eu ceni paketa moraju pustiti da trenutni nivo usluga istekne zatim ponovo kupiti \u017eeljeni nivo servisa.<\/p>\n<p><strong>Zloupotreba funkcije<\/strong><\/p>\n<p>Karakteristike koji su dostupni kroz Kendo Manager projekt veb aplikaciju namenjena su za normalno kori\u0161\u0107enje softvera. Zloupotreba funkcije mo\u017ee dovesti do zabrane ili uklanjanje servisa. (Npr: Ne koristite odgovor-po-mail adresu u automatizovanim sistemima, kao \u0161to su Google Alerts itd ne auto-direktan e-po\u0161te na odre\u0111eni odgovor-bi-email Kendo Manager email adresu) .Nema preprodaje ili upotreba izvan dozvoljenih termina,osim kori\u0161\u0107enjem usluga kako je dozvoljeno pod uslovima ovog Ugovora ili drugih pisanih sporazuma izme\u0111u vas i kompanije.Vi ne mo\u017eete preprodavati,distribuirati pomenute servise .<\/p>\n<p><strong>Free Ra\u010duni<\/strong><\/p>\n<p>Nudimo besplatnu verziju Kendo managera koju mo\u017eete koristiti bez naknade na period od 30 dana . Nakon isteka testnog perioda od 30 dana ukoliko ne registrujete \u00a0Ili kupite pla\u0107eni account va\u0161 podomen je dostupan drugim klijentima.<\/p>\n<p><strong>PRAVA SVOJINE<\/strong><\/p>\n<p>Kompanija i \/ ili njegovi dobavlja\u010di, kao \u0161to je primenljivo, zadr\u017eavaju vlasni\u0161tvo nad svim vlasni\u010dkim pravima u Uslugama i u svim trgova\u010dkim imenima, robnih i uslu\u017enih \u017eigova koji su u vezi ili prikazani sa Uslugama. Ne\u0107ete ukloniti, u\u010diniti ne\u010ditkim ili prikriti bilo koji od autorskih ili \u017eigova upozorenja koja se odnose na vlasni\u010dka obave\u0161tenja ili u vezi sa Uslugama. Vi ne mo\u017eete raditi obrnuti in\u017eenjering, kompajlirati ili na neki drugi na\u010din da se izmeni \u010ditljivi oblik u bilo koji softver u vezi sa Uslugama.<\/p>\n<p><strong>Kori\u0161tenje Interneta<\/strong><br \/>\nKori\u0161tenje interneta je isklju\u010divo na sopstveni rizik i podle\u017ee svim va\u017eec\u0301im pokrajinskim , nacionalnim i me\u0111unarodnim zakonima i propisima . Ni Agencija Spider Veb i njeni partneri nec\u0301e biti odgovorni za bilo koji gubitak usled uzroka nad kojima nemaju direktnu kontrolu , uklju\u010dujuc\u0301i ali ne ograni\u010davajuc\u0301i se na neuspeh elektronskih ili mehani\u010dkih opreme ili komunikacionih linija, telefonske ili druge probleme interkonekciji , kompjuter virusi , neovla\u0161c\u0301en pristup , kra\u0111u , gre\u0161ke operatera , lo\u0161e vreme , zemljotresi , prirodne katastrofe , \u0161trajkovi ili drugi problemi rada , ratovi , ili vladinih ograni\u010denja .<\/p>\n<p><strong>ODRICANJE; ograni\u010denje odgovornosti<\/strong><\/p>\n<p>Izri\u010dito potvr\u0111ujete da Web servis Kendo Manager i ostale usluge koristite na svoju vlastitu odgovornost. Agencija Spider Veb(Kompanija) niti njezini zaposlenici,saradnici i ostali partneri ne garantiraju da \u0107e web servis Kendo Manager biti neprekidan ili bez gre\u0161aka, niti garantiraju u pogledu rezultata dobivenih kori\u0161tenjem ovog web portala, te ta\u010dnosti i pouzdanosti bilo koje informacije, usluge ili proizvoda dobivenih kori\u0161tenjem ovog web servisa.<\/p>\n<p>Ovo ograni\u010denje od odgovornosti primjenjuje se na bilo koju \u0161tetu ili povredu nastalu prilikom pojavljivanja gre\u0161aka, propusta, prekida, brisanja, ka\u0161njenja u prijenosu podataka, ra\u010dunalnih virusa, pada komunikacijske mre\u017ee, kra\u0111e, uni\u0161tenja ili neautoriziranog pristupa, promjena prilikom kori\u0161tenja ovog web servisa, bilo kr\u0161enjem ugovora, iskrivljenog pona\u0161anja (uklju\u010duju\u0107i striktnu odgovornost), nepa\u017eljivo\u0161\u0107u ili bilo kojom drugom akcijom.<\/p>\n<p>Vi ste odgovorni za sprovo\u0111enje procedura i kontrolnih punktova dovoljno da zadovolji va\u0161e posebne zahteve za ta\u010dnost unosa podataka . Mi ne preuzimamo nikakvu odgovornost ili rizik za va\u0161e kori\u0161\u0107enje na\u0161eg servisa i Interneta. Bilo koje usluge koje sad obezbje\u0111ujemo za vas su onakve &#8222;KAKVE JESU&#8220;, Mi i na\u0161e filijale , licencatori, dobavlja\u010di i agenti ne garantuju da \u0107e upotreba usluga na na\u0161em sajtu ili materijala biti bez prekida , gre\u0161aka ili sigurna, Te gre\u0161ke \u0107emo nastojati ispraviti na na\u0161em sajtu, serveru(ima) na kojima se sajt(aplikacija) hostovana . Bez ograni\u010davanja op\u0161tosti gore navedenog, ovim putem odri\u010demo se svake odgovornosti za bilo kakvu \u0161tetu ili drugog uticaja na va\u0161e opreme, hardvera, softvera, podataka ili drugih informacija ili materijala, bez obzira da li su ili ne izazvane ili u vezi sa (bilo direktno ili indirektno ) va\u0161im kori\u0161\u0107enje na\u0161ih usluga ili servisa.<\/p>\n<p>Ograni\u010denje odgovornosti. Ni u kom slu\u010daju ne\u0107emo ni mi ni na\u0161i saradnici biti odgovorni bilo za indirektnu, slu\u010dajnu, posebnu, posledi\u010dnu ili kaznenu \u0161tetu ili na gubitak profita , prihoda, podataka, koristi, nastalih za vas ili tre\u0107e strane, bilo na osnovu u ugovoru, delikta (Uklju\u010duju\u0107i nemar) ili na drugi, \u010dak i ako smo bili upozoreni na mogu\u0107nost takvih \u0161teta ili ako su takve \u0161teta predvidljiva. Jedino re\u0161enje za nezadovoljstvo na\u0161em sajtu,usluga, materijala ili bilo drugog je prestanak kori\u0161tenja na\u0161ih usluga. Kori\u0161tenje na\u0161eg sajta,usluga i bilo kojeg materijala sa na\u0161eg sajta u potpunosti je na sopstveni rizik. Prihvatate da su ograni\u010denja odgovornosti u ovim uslovima i raspodjela rizika ovde su su\u0161tinski element dogovora izme\u0111u vas i nas, bez kojih ne bismo pru\u017eili uslugu. Na\u0161a cijena odra\u017eava ovu raspodjelu rizika i ograni\u010denja odgovornosti navedeni ovde.<\/p>\n<p>Gre\u0161ke. Postoji mogu\u0107nost da na\u0161 sajt ili materijali budu neta\u010dni ili sa gre\u0161kama ili sa informacijama ili materijalima koji kr\u0161e ova pravila. Pored toga, postoji mogu\u0107nost od neovla\u0161\u0107ene izmene od tre\u0107e strane na na\u0161em sajtu ili materijalima. Iako \u0107e mo mi poku\u0161ati da obezbedimo integritet na\u0161eg sajta, mi ne dajemo nikakve garancije u vezi sa njegovom potpuno\u0161\u0107u ili ta\u010dno\u0161\u0107u. Ukoliko nastane situacija koja dovodi u pitanje potpunost na\u0161eg sajta ili korektnost , molimo vas da nas kontaktirate putem na\u0161e kontakt informacijama na na\u0161oj &#8222;Podr\u0161ka&#8220; stranici sajta sa, ako je mogu\u0107e, opisom materijala koji se proverava i lokacija (URL adresa ) gde se takav materijal mo\u017ee na\u0107i na na\u0161em sajtu.<\/p>\n<p>Ako imate bilo kakvih pitanja u vezi sa ovim Ugovorom, ili ako \u017eelite da razgovarate o uslovima kori\u0161\u0107enja usluge sadr\u017eane ovde kontaktirajte Agenciju Spider Veb koriste\u0107i kontakt podatke na na\u0161oj kontakt stranici.<\/p>\n","protected":false},"excerpt":{"rendered":"<p>Ovo je pravni sporazum (&#8222;Sporazum&#8220;) izme\u0111u Vas i Agencije Spider Veb (&#8222;Kompanija&#8220;), za kori\u0161\u0107enje usluga I softverskih proizvoda \u00a0Kendo Managera (&#8222;Usluge&#8220;) koju ste izabrali ili inicirali. &#8222;Vi&#8220; se odnosi na pojedinca koji je registrovan i \/ ili mu se pru\u017ea usluga na Kendo Manager sajtu na osnovu njegove ili njene kreditne kartice ili drugog mehanizma [&hellip;]<\/p>\n","protected":false},"author":1,"featured_media":0,"parent":0,"menu_order":0,"comment_status":"closed","ping_status":"closed","template":"","meta":{"_acf_changed":false,"footnotes":""},"class_list":["post-913","page","type-page","status-publish","hentry"],"acf":[],"_links":{"self":[{"href":"https:\/\/www.kendomanager.com\/sr\/wp-json\/wp\/v2\/pages\/913","targetHints":{"allow":["GET"]}}],"collection":[{"href":"https:\/\/www.kendomanager.com\/sr\/wp-json\/wp\/v2\/pages"}],"about":[{"href":"https:\/\/www.kendomanager.com\/sr\/wp-json\/wp\/v2\/types\/page"}],"author":[{"embeddable":true,"href":"https:\/\/www.kendomanager.com\/sr\/wp-json\/wp\/v2\/users\/1"}],"replies":[{"embeddable":true,"href":"https:\/\/www.kendomanager.com\/sr\/wp-json\/wp\/v2\/comments?post=913"}],"version-history":[{"count":4,"href":"https:\/\/www.kendomanager.com\/sr\/wp-json\/wp\/v2\/pages\/913\/revisions"}],"predecessor-version":[{"id":1872,"href":"https:\/\/www.kendomanager.com\/sr\/wp-json\/wp\/v2\/pages\/913\/revisions\/1872"}],"wp:attachment":[{"href":"https:\/\/www.kendomanager.com\/sr\/wp-json\/wp\/v2\/media?parent=913"}],"curies":[{"name":"wp","href":"https:\/\/api.w.org\/{rel}","templated":true}]}}