{"id":5410,"date":"2018-11-25T16:16:41","date_gmt":"2018-11-25T16:16:41","guid":{"rendered":"https:\/\/www.kendomanager.com\/?page_id=5410"},"modified":"2019-02-05T20:50:43","modified_gmt":"2019-02-05T20:50:43","slug":"kendo-uputstvo-za-koristenje","status":"publish","type":"page","link":"https:\/\/www.kendomanager.com\/sr\/kendo-uputstvo-za-koristenje\/","title":{"rendered":"Kendo uputstvo za kori\u0161tenje"},"content":{"rendered":"\n<style type=\"text\/css\" data-created_by=\"avia_inline_auto\" id=\"style-css-av-jrrom61i-e34e5e13c5657931bedd179173763588\">\n.avia-section.av-jrrom61i-e34e5e13c5657931bedd179173763588{\nbackground-color:#177ce8;\nbackground-image:unset;\n}\n<\/style>\n<div id='av_section_1'  class='avia-section av-jrrom61i-e34e5e13c5657931bedd179173763588 main_color avia-section-default avia-no-border-styling  avia-builder-el-0  el_before_av_textblock  avia-builder-el-first  avia-bg-style-scroll container_wrap fullsize'  ><div class='container av-section-cont-open' ><main  class='template-page content  av-content-full alpha units'><div class='post-entry post-entry-type-page post-entry-5410'><div class='entry-content-wrapper clearfix'>\n\n<style type=\"text\/css\" data-created_by=\"avia_inline_auto\" id=\"style-css-av-jrs8nj2v-d8a24d8d9dba2b6118e25642dc655c57\">\n#top .av-special-heading.av-jrs8nj2v-d8a24d8d9dba2b6118e25642dc655c57{\npadding-bottom:10px;\ncolor:#ffffff;\n}\nbody .av-special-heading.av-jrs8nj2v-d8a24d8d9dba2b6118e25642dc655c57 .av-special-heading-tag .heading-char{\nfont-size:25px;\n}\n.av-special-heading.av-jrs8nj2v-d8a24d8d9dba2b6118e25642dc655c57 .special-heading-inner-border{\nborder-color:#ffffff;\n}\n.av-special-heading.av-jrs8nj2v-d8a24d8d9dba2b6118e25642dc655c57 .av-subheading{\nfont-size:15px;\n}\n<\/style>\n<div  class='av-special-heading av-jrs8nj2v-d8a24d8d9dba2b6118e25642dc655c57 av-special-heading-h1 custom-color-heading blockquote modern-quote modern-centered  avia-builder-el-1  avia-builder-el-no-sibling '><h1 class='av-special-heading-tag '  >Dobrodo\u0161li u Kendo Manager Uputstvo za korisnike<\/h1><div class=\"special-heading-border\"><div class=\"special-heading-inner-border\"><\/div><\/div><\/div>\n<\/div><\/div><\/main><!-- close content main element --><\/div><\/div><div id='after_section_1'  class='main_color av_default_container_wrap container_wrap fullsize'  ><div class='container av-section-cont-open' ><div class='template-page content  av-content-full alpha units'><div class='post-entry post-entry-type-page post-entry-5410'><div class='entry-content-wrapper clearfix'><section  class='av_textblock_section av-jrropr20-db42a9c54fad524e22cc242ecbf8a7b3 '  ><div class='avia_textblock' ><p><span class=\"tlid-translation translation\"><span title=\"\">Ovaj priru\u010dnik \u0107e vam pru\u017eiti detaljan pregled kako upravljati projektima u Kendo Menad\u017eeru i kako sara\u0111ivati sa \u010dlanovima projektnog tima. <\/span><span title=\"\">Kao Menad\u017eer projekta ili\u00a0 \u010dlan tima igrate klju\u010dnu ulogu u osiguravanju da se projekti dostavljaju na vrijeme i bud\u017eet i da va\u0161a kompanija postane efikasnija u planiranju i realizaciji projekata kroz pobolj\u0161anu timsku suradnju i razmjenu znanja.<\/span><\/span><\/p>\n<p><span title=\"\">Kendo Manager je jednostavan i lak za upotrebu i uz njega \u0107e te biti spremni za efikasan rad.<\/span><\/p>\n<ul>\n<li><span class=\"tlid-translation translation\"><span class=\"\" title=\"\">Kako dodati projekte i resurse<\/span><\/span><\/li>\n<li><span class=\"tlid-translation translation\"><span class=\"\" title=\"\">Kako kreirati projektne zadatke i dodijeliti resurse<\/span><\/span><\/li>\n<li><span class=\"tlid-translation translation\"><span class=\"\" title=\"\">Kako se koristi Gantov dijagram i prikaz zadatka<\/span><\/span><\/li>\n<li><span class=\"tlid-translation translation\"><span title=\"\">Kako se koristi Dojo Multiple project dashboard<\/span><\/span><\/li>\n<li><span class=\"tlid-translation translation\"><span title=\"\">Kako je koristio My dashboard<\/span><\/span><\/li>\n<li><span class=\"tlid-translation translation\"><span title=\"\">Kako upravljati rizicima i problemima<\/span><\/span><\/li>\n<li><span class=\"tlid-translation translation\"><span title=\"\">Kako upravljati promjenama<\/span><\/span><\/li>\n<li><span class=\"tlid-translation translation\"><span title=\"\">Kako sara\u0111ivati sa \u010dlanovima projektnog tima<\/span><\/span><\/li>\n<li><span class=\"tlid-translation translation\"><span title=\"\">Kako dijeliti i upravljati dokumentima<\/span><\/span><\/li>\n<li><span class=\"tlid-translation translation\"><span title=\"\">Kako pregledati napredak projekta<\/span><\/span><\/li>\n<li><span class=\"tlid-translation translation\"><span title=\"\">Kako upravljati projektnim bud\u017eetima<\/span><\/span><\/li>\n<li><span class=\"tlid-translation translation\"><span class=\"\" title=\"\">Kako u\u0107i i upravljati projektnim vremenom<\/span><\/span><\/li>\n<li><span class=\"tlid-translation translation\"><span class=\"\" title=\"\">Kako upisati tro\u0161kove<\/span><\/span><\/li>\n<li><span class=\"tlid-translation translation\"><span class=\"\" title=\"\">Kako pristupiti Kendo izvje\u0161tajima<\/span><\/span><\/li>\n<li><span class=\"tlid-translation translation\"><span class=\"\" title=\"\">Kako pretra\u017eivati podatke<\/span><\/span><\/li>\n<\/ul>\n<\/div><\/section>\n","protected":false},"excerpt":{"rendered":"","protected":false},"author":1,"featured_media":0,"parent":0,"menu_order":0,"comment_status":"closed","ping_status":"closed","template":"","meta":{"_acf_changed":false,"footnotes":""},"class_list":["post-5410","page","type-page","status-publish","hentry"],"acf":[],"_links":{"self":[{"href":"https:\/\/www.kendomanager.com\/sr\/wp-json\/wp\/v2\/pages\/5410","targetHints":{"allow":["GET"]}}],"collection":[{"href":"https:\/\/www.kendomanager.com\/sr\/wp-json\/wp\/v2\/pages"}],"about":[{"href":"https:\/\/www.kendomanager.com\/sr\/wp-json\/wp\/v2\/types\/page"}],"author":[{"embeddable":true,"href":"https:\/\/www.kendomanager.com\/sr\/wp-json\/wp\/v2\/users\/1"}],"replies":[{"embeddable":true,"href":"https:\/\/www.kendomanager.com\/sr\/wp-json\/wp\/v2\/comments?post=5410"}],"version-history":[{"count":7,"href":"https:\/\/www.kendomanager.com\/sr\/wp-json\/wp\/v2\/pages\/5410\/revisions"}],"predecessor-version":[{"id":8103,"href":"https:\/\/www.kendomanager.com\/sr\/wp-json\/wp\/v2\/pages\/5410\/revisions\/8103"}],"wp:attachment":[{"href":"https:\/\/www.kendomanager.com\/sr\/wp-json\/wp\/v2\/media?parent=5410"}],"curies":[{"name":"wp","href":"https:\/\/api.w.org\/{rel}","templated":true}]}}