{"id":3571,"date":"2018-03-04T08:56:35","date_gmt":"2018-03-04T08:56:35","guid":{"rendered":"https:\/\/www.kendomanager.com\/trial-version-kendo-manager\/"},"modified":"2022-02-08T10:08:34","modified_gmt":"2022-02-08T10:08:34","slug":"trial-version-kendo-manager","status":"publish","type":"page","link":"https:\/\/www.kendomanager.com\/sr\/trial-version-kendo-manager\/","title":{"rendered":"Kendo Manager probna verzija"},"content":{"rendered":"\n<style type=\"text\/css\" data-created_by=\"avia_inline_auto\" id=\"style-css-av-2p0vhv-bba28700463560aed3c7bd313fe43941\">\n.flex_column.av-2p0vhv-bba28700463560aed3c7bd313fe43941{\nborder-radius:0px 0px 0px 0px;\npadding:0px 0px 0px 0px;\n}\n<\/style>\n<div  class='flex_column av-2p0vhv-bba28700463560aed3c7bd313fe43941 av_one_full  avia-builder-el-0  avia-builder-el-no-sibling  first flex_column_div av-zero-column-padding  '     ><section  class='av_textblock_section av-jxppmcaj-5d690c6f7e4a385fa1400043db101422 '  ><div class='avia_textblock' ><h1 style=\"text-align: center;\">Besplatno isprobajte Kendo Manager 3.6.2 verziju<\/h1>\n<p style=\"text-align: center;\"><span id=\"result_box\" class=\"\" lang=\"bs\"><span class=\"\">Kliknite na link i pruzmite novu 3.6.2 verziju Kendo Menad\u017eera.<\/span> <span class=\"\">Ovo je probna verzija u trajanju od 30 dana sa potpunom funkcionalno\u0161\u0107u Kendo Menad\u017eera.<\/span><\/span><\/p>\n<\/div><\/section><br \/>\n<div  class='avia-button-wrap av-jxppmsx1-503ebd513125b8719d739fa8566c7a6e-wrap avia-button-center  avia-builder-el-2  el_after_av_textblock  avia-builder-el-last '><a href='https:\/\/www.kendomanager.com\/download\/3288\/'  class='avia-button av-jxppmsx1-503ebd513125b8719d739fa8566c7a6e av-link-btn avia-icon_select-no avia-size-large avia-position-center avia-color-theme-color'   aria-label=\"Preuzmite 30-dnevnu Kendo Manager 3.6.2 probnu verziju\"><span class='avia_iconbox_title' >Preuzmite 30-dnevnu Kendo Manager 3.6.2 probnu verziju<\/span><\/a><\/div><\/p><\/div>\n","protected":false},"excerpt":{"rendered":"","protected":false},"author":1,"featured_media":0,"parent":0,"menu_order":0,"comment_status":"closed","ping_status":"closed","template":"","meta":{"_acf_changed":false,"footnotes":""},"class_list":["post-3571","page","type-page","status-publish","hentry"],"acf":[],"_links":{"self":[{"href":"https:\/\/www.kendomanager.com\/sr\/wp-json\/wp\/v2\/pages\/3571","targetHints":{"allow":["GET"]}}],"collection":[{"href":"https:\/\/www.kendomanager.com\/sr\/wp-json\/wp\/v2\/pages"}],"about":[{"href":"https:\/\/www.kendomanager.com\/sr\/wp-json\/wp\/v2\/types\/page"}],"author":[{"embeddable":true,"href":"https:\/\/www.kendomanager.com\/sr\/wp-json\/wp\/v2\/users\/1"}],"replies":[{"embeddable":true,"href":"https:\/\/www.kendomanager.com\/sr\/wp-json\/wp\/v2\/comments?post=3571"}],"version-history":[{"count":13,"href":"https:\/\/www.kendomanager.com\/sr\/wp-json\/wp\/v2\/pages\/3571\/revisions"}],"predecessor-version":[{"id":14567,"href":"https:\/\/www.kendomanager.com\/sr\/wp-json\/wp\/v2\/pages\/3571\/revisions\/14567"}],"wp:attachment":[{"href":"https:\/\/www.kendomanager.com\/sr\/wp-json\/wp\/v2\/media?parent=3571"}],"curies":[{"name":"wp","href":"https:\/\/api.w.org\/{rel}","templated":true}]}}