{"id":3137,"date":"2018-10-10T09:52:33","date_gmt":"2018-10-10T09:52:33","guid":{"rendered":"https:\/\/www.kendomanager.com\/?page_id=3137"},"modified":"2018-11-17T22:37:02","modified_gmt":"2018-11-17T22:37:02","slug":"nove-verzije-plan-razvoja","status":"publish","type":"page","link":"https:\/\/www.kendomanager.com\/sr\/nove-verzije-plan-razvoja\/","title":{"rendered":"Nove verzije &#038; Plan razvoja"},"content":{"rendered":"<section  class='av_textblock_section av-av_textblock-2bd894dbf2e4bf2c4acf98ce4fbf94aa '  ><div class='avia_textblock' ><h2><span id=\"result_box\" class=\"\" lang=\"bs\"><span class=\"\">Plan razvoja i pregled novih mogu\u0107nosti Kendo Manager softvera .<br \/>\n<\/span><\/span><\/h2>\n<\/div><\/section>\n\n<style type=\"text\/css\" data-created_by=\"avia_inline_auto\" id=\"style-css-av-av_one_half-15d750bd1b332b34c6e70b077ebbccdf\">\n.flex_column.av-av_one_half-15d750bd1b332b34c6e70b077ebbccdf{\nborder-radius:0px 0px 0px 0px;\npadding:0px 0px 0px 0px;\n}\n<\/style>\n<div  class='flex_column av-av_one_half-15d750bd1b332b34c6e70b077ebbccdf av_one_half  avia-builder-el-1  el_after_av_textblock  el_before_av_one_half  first flex_column_div av-zero-column-padding  column-top-margin'     ><p>\n<style type=\"text\/css\" data-created_by=\"avia_inline_auto\" id=\"style-css-av-av_heading-342e812f056284678d29a193915285b0\">\n#top .av-special-heading.av-av_heading-342e812f056284678d29a193915285b0{\npadding-bottom:10px;\ncolor:#83a846;\n}\nbody .av-special-heading.av-av_heading-342e812f056284678d29a193915285b0 .av-special-heading-tag .heading-char{\nfont-size:25px;\n}\n.av-special-heading.av-av_heading-342e812f056284678d29a193915285b0 .special-heading-inner-border{\nborder-color:#83a846;\n}\n.av-special-heading.av-av_heading-342e812f056284678d29a193915285b0 .av-subheading{\nfont-size:15px;\n}\n<\/style>\n<div  class='av-special-heading av-av_heading-342e812f056284678d29a193915285b0 av-special-heading-h3 custom-color-heading  avia-builder-el-2  el_before_av_magazine  avia-builder-el-first '><h3 class='av-special-heading-tag '  >Nove verzije<\/h3><div class=\"special-heading-border\"><div class=\"special-heading-inner-border\"><\/div><\/div><\/div><br \/>\n<div  id=\"avia-magazine-1\"  class='av-magazine av-av_magazine-98246e841a7ba14e0e9133d1b8613014 av-magazine-top-bar-active av-magazine-tabs-active  avia-builder-el-3  el_after_av_heading  avia-builder-el-last   avia-builder-el-3  el_after_av_heading  avia-builder-el-last ' ><div class='av-magazine-top-bar '><\/div><div class='av-magazine-group sort_all'><article class='av-magazine-entry av-magazine-entry-id-14628 av-magazine-format-standard av-magazine-type-post av-magazine-entry-1 av-magazine-entry-small ' ><div class=\"av-magazine-thumbnail\"><a href='https:\/\/www.kendomanager.com\/sr\/sta-je-novo-u-kendo-manageru-3-6-2\/' title='Link to: \u0160ta je novo u Kendo Manageru 3.6.2?' class='av-magazine-thumbnail-link'><img decoding=\"async\" fetchpriority=\"high\" width=\"80\" height=\"80\" src=\"https:\/\/www.kendomanager.com\/wp-content\/uploads\/2020\/10\/powerfull-dashboards-80x80.png\" class=\"wp-image-12148 avia-img-lazy-loading-not-12148 attachment-thumbnail size-thumbnail wp-post-image\" alt=\"Kendo dashboard\" srcset=\"https:\/\/www.kendomanager.com\/wp-content\/uploads\/2020\/10\/powerfull-dashboards-80x80.png 80w, https:\/\/www.kendomanager.com\/wp-content\/uploads\/2020\/10\/powerfull-dashboards-36x36.png 36w, https:\/\/www.kendomanager.com\/wp-content\/uploads\/2020\/10\/powerfull-dashboards-180x180.png 180w\" sizes=\"(max-width: 80px) 100vw, 80px\" \/><\/a><\/div><div class=\"av-magazine-content-wrap\"><header class=\"entry-content-header\" aria-label=\"Post: \u0160ta je novo u Kendo Manageru 3.6.2?\"><time class='av-magazine-time updated' >9. \u0444\u0435\u0431\u0440\u0443\u0430\u0440 2022.<\/time><h3 class='av-magazine-title entry-title ' ><a href='https:\/\/www.kendomanager.com\/sr\/sta-je-novo-u-kendo-manageru-3-6-2\/' title='Link to: \u0160ta je novo u Kendo Manageru 3.6.2?'>\u0160ta je novo u Kendo Manageru 3.6.2?<\/a><\/h3><\/header><\/div><footer class=\"entry-footer\"><\/footer><\/article><article class='av-magazine-entry av-magazine-entry-id-13750 av-magazine-format-standard av-magazine-type-post av-magazine-entry-2 av-magazine-entry-small ' ><div class=\"av-magazine-thumbnail\"><a href='https:\/\/www.kendomanager.com\/sr\/sta-je-novo-u-kendo-manageru-3-6\/' title='Link to: \u0160ta je novo u Kendo Manageru 3.6.' class='av-magazine-thumbnail-link'><img decoding=\"async\" fetchpriority=\"high\" width=\"80\" height=\"80\" src=\"https:\/\/www.kendomanager.com\/wp-content\/uploads\/2020\/10\/powerfull-dashboards-80x80.png\" class=\"wp-image-12148 avia-img-lazy-loading-not-12148 attachment-thumbnail size-thumbnail wp-post-image\" alt=\"Kendo dashboard\" srcset=\"https:\/\/www.kendomanager.com\/wp-content\/uploads\/2020\/10\/powerfull-dashboards-80x80.png 80w, https:\/\/www.kendomanager.com\/wp-content\/uploads\/2020\/10\/powerfull-dashboards-36x36.png 36w, https:\/\/www.kendomanager.com\/wp-content\/uploads\/2020\/10\/powerfull-dashboards-180x180.png 180w\" sizes=\"(max-width: 80px) 100vw, 80px\" \/><\/a><\/div><div class=\"av-magazine-content-wrap\"><header class=\"entry-content-header\" aria-label=\"Post: \u0160ta je novo u Kendo Manageru 3.6.\"><time class='av-magazine-time updated' >11. \u043c\u0430\u0458 2021.<\/time><h3 class='av-magazine-title entry-title ' ><a href='https:\/\/www.kendomanager.com\/sr\/sta-je-novo-u-kendo-manageru-3-6\/' title='Link to: \u0160ta je novo u Kendo Manageru 3.6.'>\u0160ta je novo u Kendo Manageru 3.6.<\/a><\/h3><\/header><\/div><footer class=\"entry-footer\"><\/footer><\/article><article class='av-magazine-entry av-magazine-entry-id-10935 av-magazine-format-standard av-magazine-type-post av-magazine-entry-3 av-magazine-entry-small ' ><div class=\"av-magazine-thumbnail\"><a href='https:\/\/www.kendomanager.com\/sr\/kendo-manager-3-5-dostupan-je-za-preuzimanje\/' title='Link to: Kendo Manager 3.5 dostupan je za preuzimanje' class='av-magazine-thumbnail-link'><img decoding=\"async\" fetchpriority=\"high\" width=\"80\" height=\"80\" src=\"https:\/\/www.kendomanager.com\/wp-content\/uploads\/2020\/07\/spanski-jezik-80x80.png\" class=\"wp-image-10936 avia-img-lazy-loading-not-10936 attachment-thumbnail size-thumbnail wp-post-image\" alt=\"Spanski jezik\" srcset=\"https:\/\/www.kendomanager.com\/wp-content\/uploads\/2020\/07\/spanski-jezik-80x80.png 80w, https:\/\/www.kendomanager.com\/wp-content\/uploads\/2020\/07\/spanski-jezik-36x36.png 36w, https:\/\/www.kendomanager.com\/wp-content\/uploads\/2020\/07\/spanski-jezik-180x180.png 180w\" sizes=\"(max-width: 80px) 100vw, 80px\" \/><\/a><\/div><div class=\"av-magazine-content-wrap\"><header class=\"entry-content-header\" aria-label=\"Post: Kendo Manager 3.5 dostupan je za preuzimanje\"><time class='av-magazine-time updated' >3. \u0458\u0443\u043b 2020.<\/time><h3 class='av-magazine-title entry-title ' ><a href='https:\/\/www.kendomanager.com\/sr\/kendo-manager-3-5-dostupan-je-za-preuzimanje\/' title='Link to: Kendo Manager 3.5 dostupan je za preuzimanje'>Kendo Manager 3.5 dostupan je za preuzimanje<\/a><\/h3><\/header><\/div><footer class=\"entry-footer\"><\/footer><\/article><article class='av-magazine-entry av-magazine-entry-id-9273 av-magazine-format-standard av-magazine-type-post av-magazine-entry-4 av-magazine-entry-small ' ><div class=\"av-magazine-thumbnail\"><a href='https:\/\/www.kendomanager.com\/sr\/sta-je-novo-u-kendo-manageru-3-0\/' title='Link to: \u0160ta je novo u Kendo Manageru 3.0' class='av-magazine-thumbnail-link'><img decoding=\"async\" fetchpriority=\"high\" width=\"80\" height=\"80\" src=\"https:\/\/www.kendomanager.com\/wp-content\/uploads\/2019\/07\/enterprise-softver-za-upravljanje-projektima-80x80.png\" class=\"wp-image-9278 avia-img-lazy-loading-not-9278 attachment-thumbnail size-thumbnail wp-post-image\" alt=\"enterprise softver za upravljanje projektima\" srcset=\"https:\/\/www.kendomanager.com\/wp-content\/uploads\/2019\/07\/enterprise-softver-za-upravljanje-projektima-80x80.png 80w, https:\/\/www.kendomanager.com\/wp-content\/uploads\/2019\/07\/enterprise-softver-za-upravljanje-projektima-36x36.png 36w, https:\/\/www.kendomanager.com\/wp-content\/uploads\/2019\/07\/enterprise-softver-za-upravljanje-projektima-180x180.png 180w, https:\/\/www.kendomanager.com\/wp-content\/uploads\/2019\/07\/enterprise-softver-za-upravljanje-projektima-120x120.png 120w, https:\/\/www.kendomanager.com\/wp-content\/uploads\/2019\/07\/enterprise-softver-za-upravljanje-projektima-450x450.png 450w\" sizes=\"(max-width: 80px) 100vw, 80px\" \/><\/a><\/div><div class=\"av-magazine-content-wrap\"><header class=\"entry-content-header\" aria-label=\"Post: \u0160ta je novo u Kendo Manageru 3.0\"><time class='av-magazine-time updated' >25. \u0458\u0443\u043b 2019.<\/time><h3 class='av-magazine-title entry-title ' ><a href='https:\/\/www.kendomanager.com\/sr\/sta-je-novo-u-kendo-manageru-3-0\/' title='Link to: \u0160ta je novo u Kendo Manageru 3.0'>\u0160ta je novo u Kendo Manageru 3.0<\/a><\/h3><\/header><\/div><footer class=\"entry-footer\"><\/footer><\/article><article class='av-magazine-entry av-magazine-entry-id-3952 av-magazine-format-standard av-magazine-type-post av-magazine-entry-5 av-magazine-entry-small ' ><div class=\"av-magazine-thumbnail\"><a href='https:\/\/www.kendomanager.com\/sr\/nova-verzija-kendo-manager-2-3-1-dostupna-je-za-preuzimanje\/' title='Link to: Nova verzija Kendo Manager 2.3.1 dostupna je za preuzimanje' class='av-magazine-thumbnail-link'><img decoding=\"async\" fetchpriority=\"high\" width=\"80\" height=\"80\" src=\"https:\/\/www.kendomanager.com\/wp-content\/uploads\/2018\/10\/Kendo_Manager_onama_sr-80x80.png\" class=\"wp-image-3915 avia-img-lazy-loading-not-3915 attachment-thumbnail size-thumbnail wp-post-image\" alt=\"\" srcset=\"https:\/\/www.kendomanager.com\/wp-content\/uploads\/2018\/10\/Kendo_Manager_onama_sr-80x80.png 80w, https:\/\/www.kendomanager.com\/wp-content\/uploads\/2018\/10\/Kendo_Manager_onama_sr-36x36.png 36w, https:\/\/www.kendomanager.com\/wp-content\/uploads\/2018\/10\/Kendo_Manager_onama_sr-180x180.png 180w, https:\/\/www.kendomanager.com\/wp-content\/uploads\/2018\/10\/Kendo_Manager_onama_sr-120x120.png 120w, https:\/\/www.kendomanager.com\/wp-content\/uploads\/2018\/10\/Kendo_Manager_onama_sr-450x450.png 450w\" sizes=\"(max-width: 80px) 100vw, 80px\" \/><\/a><\/div><div class=\"av-magazine-content-wrap\"><header class=\"entry-content-header\" aria-label=\"Post: Nova verzija Kendo Manager 2.3.1 dostupna je za preuzimanje\"><time class='av-magazine-time updated' >9. \u043e\u043a\u0442\u043e\u0431\u0430\u0440 2018.<\/time><h3 class='av-magazine-title entry-title ' ><a href='https:\/\/www.kendomanager.com\/sr\/nova-verzija-kendo-manager-2-3-1-dostupna-je-za-preuzimanje\/' title='Link to: Nova verzija Kendo Manager 2.3.1 dostupna je za preuzimanje'>Nova verzija Kendo Manager 2.3.1 dostupna je za preuzimanje<\/a><\/h3><\/header><\/div><footer class=\"entry-footer\"><\/footer><\/article><\/div><\/div><\/p><\/div>\n\n<style type=\"text\/css\" data-created_by=\"avia_inline_auto\" id=\"style-css-av-av_one_half-c8fc129dc35fd1ae2a1e410224d39ea8\">\n.flex_column.av-av_one_half-c8fc129dc35fd1ae2a1e410224d39ea8{\nborder-radius:0px 0px 0px 0px;\npadding:0px 0px 0px 0px;\n}\n<\/style>\n<div  class='flex_column av-av_one_half-c8fc129dc35fd1ae2a1e410224d39ea8 av_one_half  avia-builder-el-4  el_after_av_one_half  el_before_av_promobox  flex_column_div av-zero-column-padding  column-top-margin'     ><p>\n<style type=\"text\/css\" data-created_by=\"avia_inline_auto\" id=\"style-css-av-av_heading-40e693e1882b94294659b37f344b4774\">\n#top .av-special-heading.av-av_heading-40e693e1882b94294659b37f344b4774{\npadding-bottom:10px;\ncolor:#7bb0e7;\n}\nbody .av-special-heading.av-av_heading-40e693e1882b94294659b37f344b4774 .av-special-heading-tag .heading-char{\nfont-size:25px;\n}\n.av-special-heading.av-av_heading-40e693e1882b94294659b37f344b4774 .special-heading-inner-border{\nborder-color:#7bb0e7;\n}\n.av-special-heading.av-av_heading-40e693e1882b94294659b37f344b4774 .av-subheading{\nfont-size:15px;\n}\n<\/style>\n<div  class='av-special-heading av-av_heading-40e693e1882b94294659b37f344b4774 av-special-heading-h3 custom-color-heading  avia-builder-el-5  el_before_av_notification  avia-builder-el-first '><h3 class='av-special-heading-tag '  >Plan Razvoja<\/h3><div class=\"special-heading-border\"><div class=\"special-heading-inner-border\"><\/div><\/div><\/div><br \/>\n<div id='avia-messagebox-' class='avia_message_box av_notification av-av_notification-979a982552f4ab00f94244a74a7c904e avia-color-green avia-size-normal avia-icon_select-no avia-border-  avia-builder-el-6  el_after_av_heading  el_before_av_iconlist ' ><span class='avia_message_box_title' >Uskoro<\/span><div class=\"avia_message_box_content\"><\/div><\/div><br \/>\n\n<style type=\"text\/css\" data-created_by=\"avia_inline_auto\" id=\"style-css-av-jom178w4-37b36273e31df90e2e9e6970cfdb03fb\">\n#top #wrap_all .avia-icon-list-container.av-jom178w4-37b36273e31df90e2e9e6970cfdb03fb .av_iconlist_title{\ncolor:#7bb0e7;\n}\n<\/style>\n<div  class='avia-icon-list-container av-jom178w4-37b36273e31df90e2e9e6970cfdb03fb  avia-builder-el-7  el_after_av_notification  avia-builder-el-last '><ul class='avia-icon-list avia_animate_when_almost_visible avia-icon-list-left av-iconlist-small av-jom178w4-37b36273e31df90e2e9e6970cfdb03fb avia-iconlist-animate'>\n<li><div class='iconlist_icon av-av_iconlist_item-eb3ccc781f92729d2b6a6f3b510b9e80 avia-font-entypo-fontello avia-iconfont avia-font-entypo-fontello'><span class='av-icon-char' data-av_icon='\ue812' data-av_iconfont='entypo-fontello' aria-hidden=\"true\"><\/span><\/div><article class=\"article-icon-entry \" ><div class=\"iconlist_content_wrap\"><header class=\"entry-content-header\" aria-label=\"Icon: Novi Interaktivni Gant Chart\"><div class='av_iconlist_title iconlist_title_small  av_inherit_color' >Novi Interaktivni Gant Chart<\/div><\/header><div class='iconlist_content ' ><p>Nova interaktivna Gantt opcija bazirana\u00a0 na HTML5 i java scriptu.<\/p>\n<div class=\"avia-modal-inner-footer\"><\/div>\n<\/div><\/div><footer class=\"entry-footer\"><\/footer><\/article><div class=\"iconlist-timeline\"><\/div><\/li>\n<li><div class='iconlist_icon av-av_iconlist_item-e18b5087c9b1f834c141ada639fd476d avia-font-entypo-fontello avia-iconfont avia-font-entypo-fontello'><span class='av-icon-char' data-av_icon='\ue812' data-av_iconfont='entypo-fontello' aria-hidden=\"true\"><\/span><\/div><article class=\"article-icon-entry \" ><div class=\"iconlist_content_wrap\"><header class=\"entry-content-header\" aria-label=\"Icon: Kanban Board\"><div class='av_iconlist_title iconlist_title_small  av_inherit_color' >Kanban Board<\/div><\/header><div class='iconlist_content ' ><p><i>Kanban<\/i> je jedna od danas vrlo popularnih i \u010desto kori\u0161\u0107enih metodologija agilnog razvoja softvera . Su\u0161tina <i>Kanban<\/i> metodologije je tabla (<i>board<\/i>) podeljena vertikalne sekcija. Svaka od sekcija predstavlja stanje jedne razvojne aktivnosti (<i>task<\/i>), a ideja je da svaki <i>task<\/i>, kako bude napredovao ka svom zavr\u0161etku, prelazi iz jedne sekcije u drugu, i to sekvencijalnim putem.<\/p>\n<\/div><\/div><footer class=\"entry-footer\"><\/footer><\/article><div class=\"iconlist-timeline\"><\/div><\/li>\n<li><div class='iconlist_icon av-av_iconlist_item-34cb778e039c0dae92dce7011a68ca4f avia-font-entypo-fontello avia-iconfont avia-font-entypo-fontello'><span class='av-icon-char' data-av_icon='\ue812' data-av_iconfont='entypo-fontello' aria-hidden=\"true\"><\/span><\/div><article class=\"article-icon-entry \" ><div class=\"iconlist_content_wrap\"><header class=\"entry-content-header\" aria-label=\"Icon: Novi modul za upravljanje resursima na projektu\"><div class='av_iconlist_title iconlist_title_small  av_inherit_color' >Novi modul za upravljanje resursima na projektu<\/div><\/header><div class='iconlist_content ' ><p>Novi modul za upravljanje resursima na projektu\u00a0 pru\u017ea mogu\u0107nost\u00a0 kompletnog upravljanja resursima koji su anga\u017eovani na projektima.<\/p>\n<\/div><\/div><footer class=\"entry-footer\"><\/footer><\/article><div class=\"iconlist-timeline\"><\/div><\/li>\n<li><div class='iconlist_icon av-av_iconlist_item-b0dcb7782943c0fea19efc4d292405aa avia-font-entypo-fontello avia-iconfont avia-font-entypo-fontello'><span class='av-icon-char' data-av_icon='\ue812' data-av_iconfont='entypo-fontello' aria-hidden=\"true\"><\/span><\/div><article class=\"article-icon-entry \" ><div class=\"iconlist_content_wrap\"><header class=\"entry-content-header\" aria-label=\"Icon: Izvje\u0161taj o realizaciji aktivnosti na projektu (Tasks Report)\"><div class='av_iconlist_title iconlist_title_small  av_inherit_color' >Izvje\u0161taj o realizaciji aktivnosti na projektu (Tasks Report)<\/div><\/header><div class='iconlist_content ' ><p>Novi Task report pru\u017ea mogu\u0107nost\u00a0 generisanje izvje\u0161taja o aktivnostima na projektu po razli\u010ditim paramterima.<\/p>\n<\/div><\/div><footer class=\"entry-footer\"><\/footer><\/article><div class=\"iconlist-timeline\"><\/div><\/li>\n<li><div class='iconlist_icon av-av_iconlist_item-f213abcd93efd494b7adc4182fb029d1 avia-font-entypo-fontello avia-iconfont avia-font-entypo-fontello'><span class='av-icon-char' data-av_icon='\ue812' data-av_iconfont='entypo-fontello' aria-hidden=\"true\"><\/span><\/div><article class=\"article-icon-entry \" ><div class=\"iconlist_content_wrap\"><header class=\"entry-content-header\" aria-label=\"Icon: Resurs report\"><div class='av_iconlist_title iconlist_title_small  av_inherit_color' >Resurs report<\/div><\/header><div class='iconlist_content ' ><p>Resurs report nam pru\u017ea mogu\u0107nost generisanja\u00a0 izvje\u0161taja o anga\u017eovanim resursima na projektu.<\/p>\n<\/div><\/div><footer class=\"entry-footer\"><\/footer><\/article><div class=\"iconlist-timeline\"><\/div><\/li>\n<\/ul><\/div><\/p><\/div><div  class='av_promobox av-av_promobox-5fe5d5c47ca9d711c7c2eeb11b0754d7 avia-button-yes  avia-builder-el-8  el_after_av_one_half  el_before_av_social_share '><div class='avia-promocontent'><p><span id=\"result_box\" class=\"\" lang=\"bs\"><span class=\"\">Probajte Kendo Manager Project Server besplatno.<\/span> <span class=\"\">Preuzmite novu verziju Kendo Manager-a sa svim opcijama i koristite besplatan softver za upravljanje projektima.<\/span><\/span><\/p>\n<\/div><div  class='avia-button-wrap av-av_button-36692ebeff45a3262c8b7baaf7ded41f-wrap avia-button-right '><a href='https:\/\/www.kendomanager.com\/sr\/cijene\/'  class='avia-button av-av_button-36692ebeff45a3262c8b7baaf7ded41f av-link-btn avia-icon_select-no avia-size-large avia-position-right avia-color-green'   aria-label=\"Preuzmite Kendo \"><span class='avia_iconbox_title' >Preuzmite Kendo <\/span><\/a><\/div><\/div>\n<div  class='av-social-sharing-box av-av_social_share-87f25dfd3254130c239cd2d044c49239 av-social-sharing-box-default  avia-builder-el-9  el_after_av_promobox  avia-builder-el-last  av-social-sharing-box-fullwidth'><div class=\"av-share-box\"><h5 class='av-share-link-description av-no-toc '>Share this entry<\/h5><ul class=\"av-share-box-list noLightbox\"><li class='av-share-link av-social-link-facebook avia_social_iconfont' ><a target=\"_blank\" aria-label=\"Share on Facebook\" href='https:\/\/www.facebook.com\/sharer.php?u=https:\/\/www.kendomanager.com\/sr\/nove-verzije-plan-razvoja\/&#038;t=Nove%20verzije%20%26%20Plan%20razvoja' data-av_icon='\ue8f3' data-av_iconfont='entypo-fontello'  title='' data-avia-related-tooltip='Share on Facebook'><span class='avia_hidden_link_text'>Share on Facebook<\/span><\/a><\/li><li class='av-share-link av-social-link-twitter avia_social_iconfont' ><a target=\"_blank\" aria-label=\"Share on X\" href='https:\/\/twitter.com\/share?text=Nove%20verzije%20%26%20Plan%20razvoja&#038;url=https:\/\/www.kendomanager.com\/sr\/?p=3137' data-av_icon='\ue932' data-av_iconfont='entypo-fontello'  title='' data-avia-related-tooltip='Share on X'><span class='avia_hidden_link_text'>Share on X<\/span><\/a><\/li><li class='av-share-link av-social-link-whatsapp avia_social_iconfont' ><a target=\"_blank\" aria-label=\"Share on WhatsApp\" href='https:\/\/api.whatsapp.com\/send?text=https:\/\/www.kendomanager.com\/sr\/nove-verzije-plan-razvoja\/' data-av_icon='\uf232' data-av_iconfont='entypo-fontello'  title='' data-avia-related-tooltip='Share on WhatsApp'><span class='avia_hidden_link_text'>Share on WhatsApp<\/span><\/a><\/li><li class='av-share-link av-social-link-pinterest avia_social_iconfont' ><a target=\"_blank\" aria-label=\"Share on Pinterest\" href='https:\/\/pinterest.com\/pin\/create\/button\/?url=https%3A%2F%2Fwww.kendomanager.com%2Fsr%2Fnove-verzije-plan-razvoja%2F&#038;description=Nove%20verzije%20%26%20Plan%20razvoja&#038;media=' data-av_icon='\ue8f8' data-av_iconfont='entypo-fontello'  title='' data-avia-related-tooltip='Share on Pinterest'><span class='avia_hidden_link_text'>Share on Pinterest<\/span><\/a><\/li><li class='av-share-link av-social-link-linkedin avia_social_iconfont' ><a target=\"_blank\" aria-label=\"Share on LinkedIn\" href='https:\/\/linkedin.com\/shareArticle?mini=true&#038;title=Nove%20verzije%20%26%20Plan%20razvoja&#038;url=https:\/\/www.kendomanager.com\/sr\/nove-verzije-plan-razvoja\/' data-av_icon='\ue8fc' data-av_iconfont='entypo-fontello'  title='' data-avia-related-tooltip='Share on LinkedIn'><span class='avia_hidden_link_text'>Share on LinkedIn<\/span><\/a><\/li><li class='av-share-link av-social-link-tumblr avia_social_iconfont' ><a target=\"_blank\" aria-label=\"Share on Tumblr\" href='https:\/\/www.tumblr.com\/share\/link?url=https%3A%2F%2Fwww.kendomanager.com%2Fsr%2Fnove-verzije-plan-razvoja%2F&#038;name=Nove%20verzije%20%26%20Plan%20razvoja&#038;description=' data-av_icon='\ue8fa' data-av_iconfont='entypo-fontello'  title='' data-avia-related-tooltip='Share on Tumblr'><span class='avia_hidden_link_text'>Share on Tumblr<\/span><\/a><\/li><li class='av-share-link av-social-link-vk avia_social_iconfont' ><a target=\"_blank\" aria-label=\"Share on Vk\" href='https:\/\/vk.com\/share.php?url=https:\/\/www.kendomanager.com\/sr\/nove-verzije-plan-razvoja\/' data-av_icon='\ue926' data-av_iconfont='entypo-fontello'  title='' data-avia-related-tooltip='Share on Vk'><span class='avia_hidden_link_text'>Share on Vk<\/span><\/a><\/li><li class='av-share-link av-social-link-reddit avia_social_iconfont' ><a target=\"_blank\" aria-label=\"Share on Reddit\" href='https:\/\/reddit.com\/submit?url=https:\/\/www.kendomanager.com\/sr\/nove-verzije-plan-razvoja\/&#038;title=Nove%20verzije%20%26%20Plan%20razvoja' data-av_icon='\ue927' data-av_iconfont='entypo-fontello'  title='' data-avia-related-tooltip='Share on Reddit'><span class='avia_hidden_link_text'>Share on Reddit<\/span><\/a><\/li><li class='av-share-link av-social-link-mail avia_social_iconfont' ><a  aria-label=\"Share by Mail\" href='mailto:?subject=Nove%20verzije%20%26%20Plan%20razvoja&#038;body=https:\/\/www.kendomanager.com\/sr\/nove-verzije-plan-razvoja\/' data-av_icon='\ue805' data-av_iconfont='entypo-fontello'  title='' data-avia-related-tooltip='Share by Mail'><span class='avia_hidden_link_text'>Share by Mail<\/span><\/a><\/li><\/ul><\/div><\/div>\n","protected":false},"excerpt":{"rendered":"","protected":false},"author":1,"featured_media":0,"parent":0,"menu_order":0,"comment_status":"closed","ping_status":"closed","template":"","meta":{"_acf_changed":false,"footnotes":""},"class_list":["post-3137","page","type-page","status-publish","hentry"],"acf":[],"_links":{"self":[{"href":"https:\/\/www.kendomanager.com\/sr\/wp-json\/wp\/v2\/pages\/3137","targetHints":{"allow":["GET"]}}],"collection":[{"href":"https:\/\/www.kendomanager.com\/sr\/wp-json\/wp\/v2\/pages"}],"about":[{"href":"https:\/\/www.kendomanager.com\/sr\/wp-json\/wp\/v2\/types\/page"}],"author":[{"embeddable":true,"href":"https:\/\/www.kendomanager.com\/sr\/wp-json\/wp\/v2\/users\/1"}],"replies":[{"embeddable":true,"href":"https:\/\/www.kendomanager.com\/sr\/wp-json\/wp\/v2\/comments?post=3137"}],"version-history":[{"count":11,"href":"https:\/\/www.kendomanager.com\/sr\/wp-json\/wp\/v2\/pages\/3137\/revisions"}],"predecessor-version":[{"id":3975,"href":"https:\/\/www.kendomanager.com\/sr\/wp-json\/wp\/v2\/pages\/3137\/revisions\/3975"}],"wp:attachment":[{"href":"https:\/\/www.kendomanager.com\/sr\/wp-json\/wp\/v2\/media?parent=3137"}],"curies":[{"name":"wp","href":"https:\/\/api.w.org\/{rel}","templated":true}]}}