{"id":255,"date":"2016-10-12T18:13:01","date_gmt":"2016-10-12T18:13:01","guid":{"rendered":"http:\/\/kendomanager.com\/?page_id=255"},"modified":"2021-02-14T12:02:35","modified_gmt":"2021-02-14T12:02:35","slug":"multijezicnost","status":"publish","type":"page","link":"https:\/\/www.kendomanager.com\/sr\/multijezicnost\/","title":{"rendered":"Multijezi\u010dnost"},"content":{"rendered":"<section  class='av_textblock_section av-av_textblock-ef7fdae6b3b86bd1e5936ff9fbb8ffa2 '  ><div class='avia_textblock' ><p>Promjena jezika je jednostavan postupak. Promjeni se slede\u0107im postupkom: User meni &#8211; Jezik.<\/p>\n<h3>Vi\u0161ejezi\u010dka podr\u0161ka<\/h3>\n<p>Kendo Manager podr\u017eava Engleski jezik, Srpski (latini\u010dnu verziju), Njema\u010dki jezik, Hrvatski i Bosanski jezik.<\/p>\n<p><img loading=\"lazy\" decoding=\"async\" class=\"alignnone size-full wp-image-4135\" src=\"https:\/\/www.kendomanager.com\/wp-content\/uploads\/2018\/10\/jezicka-podrska-kendo-manager.png\" alt=\"\" width=\"1366\" height=\"489\" srcset=\"https:\/\/www.kendomanager.com\/wp-content\/uploads\/2018\/10\/jezicka-podrska-kendo-manager.png 1366w, https:\/\/www.kendomanager.com\/wp-content\/uploads\/2018\/10\/jezicka-podrska-kendo-manager-300x107.png 300w, https:\/\/www.kendomanager.com\/wp-content\/uploads\/2018\/10\/jezicka-podrska-kendo-manager-768x275.png 768w, https:\/\/www.kendomanager.com\/wp-content\/uploads\/2018\/10\/jezicka-podrska-kendo-manager-1030x369.png 1030w, https:\/\/www.kendomanager.com\/wp-content\/uploads\/2018\/10\/jezicka-podrska-kendo-manager-705x252.png 705w, https:\/\/www.kendomanager.com\/wp-content\/uploads\/2018\/10\/jezicka-podrska-kendo-manager-450x161.png 450w\" sizes=\"auto, (max-width: 1366px) 100vw, 1366px\" \/><\/p>\n<p>Na <strong>projektu<\/strong> mo\u017eete birati razli\u010dito jezi\u010dko okru\u017eenje. Ukoliko dodajete u \u0161ifarniku novu stavku &#8211; sa\u010duvajte je izaberite engleski &#8211; upi\u0161ite engleski naziv i sa\u010duvajte.<\/p>\n<p><img loading=\"lazy\" decoding=\"async\" class=\"alignnone size-full wp-image-4137\" src=\"https:\/\/www.kendomanager.com\/wp-content\/uploads\/2018\/10\/jezik-podesavanja.png\" alt=\"\" width=\"1366\" height=\"768\" srcset=\"https:\/\/www.kendomanager.com\/wp-content\/uploads\/2018\/10\/jezik-podesavanja.png 1366w, https:\/\/www.kendomanager.com\/wp-content\/uploads\/2018\/10\/jezik-podesavanja-300x169.png 300w, https:\/\/www.kendomanager.com\/wp-content\/uploads\/2018\/10\/jezik-podesavanja-768x432.png 768w, https:\/\/www.kendomanager.com\/wp-content\/uploads\/2018\/10\/jezik-podesavanja-1030x579.png 1030w, https:\/\/www.kendomanager.com\/wp-content\/uploads\/2018\/10\/jezik-podesavanja-705x396.png 705w, https:\/\/www.kendomanager.com\/wp-content\/uploads\/2018\/10\/jezik-podesavanja-450x253.png 450w\" sizes=\"auto, (max-width: 1366px) 100vw, 1366px\" \/><\/p>\n<\/div><\/section>\n\n<style type=\"text\/css\" data-created_by=\"avia_inline_auto\" id=\"style-css-av-b9fsz-b8dfc15828ade1f80639e64cf612572a\">\n.flex_column.av-b9fsz-b8dfc15828ade1f80639e64cf612572a{\nborder-radius:0px 0px 0px 0px;\npadding:0px 0px 0px 0px;\n}\n<\/style>\n<div  class='flex_column av-b9fsz-b8dfc15828ade1f80639e64cf612572a av_one_full  avia-builder-el-1  el_after_av_textblock  avia-builder-el-last  first flex_column_div av-zero-column-padding  column-top-margin'     ><p>\n<style type=\"text\/css\" data-created_by=\"avia_inline_auto\" id=\"style-css-av-kim5sman-787b2322cd69bae03d27350785826cc9\">\n#top .av_textblock_section.av-kim5sman-787b2322cd69bae03d27350785826cc9 .avia_textblock{\ncolor:#3d3d3d;\n}\n<\/style>\n<section  class='av_textblock_section av-kim5sman-787b2322cd69bae03d27350785826cc9 '  ><div class='avia_textblock av_inherit_color' ><p><span style=\"color: #333333;\"><strong>Za vi\u0161e informacija o radu unutar Kendo Manager aplikacije kao i upravljanju administracijom pomo\u0107u Kendo Admin Panel-a kliknite na linkove ispod.<\/strong><\/span><\/p>\n<\/div><\/section><br \/>\n<div  class='avia-button-wrap avia-button-center  avia-builder-el-3  el_after_av_textblock  el_before_av_hr '>\n<style type=\"text\/css\" data-created_by=\"avia_inline_auto\" id=\"style-css-av-jotpc4g1-af4f5fe04a80f788654c6a08115f3230\">\n#top #wrap_all .avia-button.av-jotpc4g1-af4f5fe04a80f788654c6a08115f3230{\nbackground-color:#177ce8;\nborder-color:#177ce8;\ncolor:#ffffff;\ntransition:all 0.4s ease-in-out;\n}\n#top #wrap_all .avia-button.av-jotpc4g1-af4f5fe04a80f788654c6a08115f3230:hover{\ncolor:#ffffff;\ntransition:all 0.4s ease-in-out;\n}\n#top #wrap_all .avia-button.av-jotpc4g1-af4f5fe04a80f788654c6a08115f3230 .avia-svg-icon svg:first-child{\nfill:#ffffff;\nstroke:#ffffff;\n}\n#top #wrap_all .avia-button.av-jotpc4g1-af4f5fe04a80f788654c6a08115f3230:hover .avia-svg-icon svg:first-child{\nfill:#ffffff;\nstroke:#ffffff;\n}\n<\/style>\n<a href='https:\/\/www.kendomanager.com\/sr\/kendo-uputstvo-za-koristenje\/' class='avia-button avia-button-fullwidth av-jotpc4g1-af4f5fe04a80f788654c6a08115f3230 avia-icon_select-yes-left-icon avia-color-custom'   aria-label=\"Uputstvo za kori\u0161tenje Kendo Managera\"><span class='avia_button_icon avia_button_icon_left avia-iconfont avia-font-entypo-fontello' data-av_icon='\ue80b' data-av_iconfont='entypo-fontello' ><\/span><span class='avia_iconbox_title' >Uputstvo za kori\u0161tenje Kendo Managera<\/span><span class='avia_button_background avia-button avia-button-fullwidth avia-color-theme-color'><\/span><\/a><\/div><br \/>\n\n<style type=\"text\/css\" data-created_by=\"avia_inline_auto\" id=\"style-css-av-kim6ev3z-98d395d8a11ab7d214bb53c5790a1ad7\">\n#top .hr.hr-invisible.av-kim6ev3z-98d395d8a11ab7d214bb53c5790a1ad7{\nheight:20px;\n}\n<\/style>\n<div  class='hr av-kim6ev3z-98d395d8a11ab7d214bb53c5790a1ad7 hr-invisible  avia-builder-el-4  el_after_av_button_big  el_before_av_button_big  avia-builder-el-no-sibling '><span class='hr-inner '><span class=\"hr-inner-style\"><\/span><\/span><\/div><br \/>\n<div  class='avia-button-wrap avia-button-center  avia-builder-el-5  el_after_av_hr  avia-builder-el-last '>\n<style type=\"text\/css\" data-created_by=\"avia_inline_auto\" id=\"style-css-av-jotpepd1-d7753536cc130ed29a099168d1e5b154\">\n#top #wrap_all .avia-button.av-jotpepd1-d7753536cc130ed29a099168d1e5b154{\nbackground-color:#177ce8;\nborder-color:#177ce8;\ncolor:#ffffff;\ntransition:all 0.4s ease-in-out;\n}\n#top #wrap_all .avia-button.av-jotpepd1-d7753536cc130ed29a099168d1e5b154:hover{\ncolor:#ffffff;\ntransition:all 0.4s ease-in-out;\n}\n#top #wrap_all .avia-button.av-jotpepd1-d7753536cc130ed29a099168d1e5b154 .avia-svg-icon svg:first-child{\nfill:#ffffff;\nstroke:#ffffff;\n}\n#top #wrap_all .avia-button.av-jotpepd1-d7753536cc130ed29a099168d1e5b154:hover .avia-svg-icon svg:first-child{\nfill:#ffffff;\nstroke:#ffffff;\n}\n<\/style>\n<a href='https:\/\/www.kendomanager.com\/sr\/kendo-administracija\/' class='avia-button avia-button-fullwidth av-jotpepd1-d7753536cc130ed29a099168d1e5b154 avia-icon_select-yes-left-icon avia-color-custom'   aria-label=\"Kendo Manager Administracija\"><span class='avia_button_icon avia_button_icon_left avia-iconfont avia-font-entypo-fontello' data-av_icon='\ue855' data-av_iconfont='entypo-fontello' ><\/span><span class='avia_iconbox_title' >Kendo Manager Administracija<\/span><span class='avia_button_background avia-button avia-button-fullwidth avia-color-theme-color'><\/span><\/a><\/div><\/p><\/div>\n","protected":false},"excerpt":{"rendered":"","protected":false},"author":1,"featured_media":0,"parent":0,"menu_order":0,"comment_status":"closed","ping_status":"closed","template":"","meta":{"_acf_changed":false,"footnotes":""},"class_list":["post-255","page","type-page","status-publish","hentry"],"acf":[],"_links":{"self":[{"href":"https:\/\/www.kendomanager.com\/sr\/wp-json\/wp\/v2\/pages\/255","targetHints":{"allow":["GET"]}}],"collection":[{"href":"https:\/\/www.kendomanager.com\/sr\/wp-json\/wp\/v2\/pages"}],"about":[{"href":"https:\/\/www.kendomanager.com\/sr\/wp-json\/wp\/v2\/types\/page"}],"author":[{"embeddable":true,"href":"https:\/\/www.kendomanager.com\/sr\/wp-json\/wp\/v2\/users\/1"}],"replies":[{"embeddable":true,"href":"https:\/\/www.kendomanager.com\/sr\/wp-json\/wp\/v2\/comments?post=255"}],"version-history":[{"count":10,"href":"https:\/\/www.kendomanager.com\/sr\/wp-json\/wp\/v2\/pages\/255\/revisions"}],"predecessor-version":[{"id":13484,"href":"https:\/\/www.kendomanager.com\/sr\/wp-json\/wp\/v2\/pages\/255\/revisions\/13484"}],"wp:attachment":[{"href":"https:\/\/www.kendomanager.com\/sr\/wp-json\/wp\/v2\/media?parent=255"}],"curies":[{"name":"wp","href":"https:\/\/api.w.org\/{rel}","templated":true}]}}