{"id":249,"date":"2016-10-12T18:11:36","date_gmt":"2016-10-12T18:11:36","guid":{"rendered":"http:\/\/kendomanager.com\/?page_id=249"},"modified":"2021-02-14T11:57:56","modified_gmt":"2021-02-14T11:57:56","slug":"izvjestaji","status":"publish","type":"page","link":"https:\/\/www.kendomanager.com\/sr\/izvjestaji\/","title":{"rendered":"Izvje\u0161taji"},"content":{"rendered":"<section  class='av_textblock_section av-av_textblock-ef7fdae6b3b86bd1e5936ff9fbb8ffa2 '  ><div class='avia_textblock' ><h2><strong>Izvje\u0161taji o realizaciji projekta<\/strong><\/h2>\n<p><strong>Kendo Manager <\/strong>izvje\u0161taji o realizaciji projekta pru\u017eaju mogu\u0107nost kreiranja razli\u010ditih izvje\u0161taja za analizu i pra\u0107enje aktivnosti, utro\u0161enog vremena i anga\u017eovanih ljudskih i materijalnih resursa na projektima. U svakom trenutku mo\u017eete da proverite bilo koji aspekt va\u0161eg projekta. U samo nekoliko klikova kreirajte:<\/p>\n<ul>\n<li>Plan projekta<\/li>\n<li>Pregled projekata<\/li>\n<li>Izvje\u0161taje o svjim zadacima, tro\u0161kovima, resursima na projektu<\/li>\n<li>Izvje\u0161taje o rizicima, problemima i promjenama na projektu<\/li>\n<li>Kreirajte grafi\u010dke prikaze svojih aktivnosti<\/li>\n<li>\u0160tampajte, snimite ili po\u0161aljite na email svoje izvje\u0161taje o projektu<\/li>\n<\/ul>\n<p>Kvalitetni izvje\u0161taji o projektu su bitni za efikasno upravljanje projektima i efikasan projektni menad\u017ement.<\/p>\n<p><img loading=\"lazy\" decoding=\"async\" class=\"alignnone size-full wp-image-4116\" src=\"https:\/\/www.kendomanager.com\/wp-content\/uploads\/2018\/10\/Kendo-pregled-izvjestaja.png\" alt=\"\" width=\"1347\" height=\"608\" srcset=\"https:\/\/www.kendomanager.com\/wp-content\/uploads\/2018\/10\/Kendo-pregled-izvjestaja.png 1347w, https:\/\/www.kendomanager.com\/wp-content\/uploads\/2018\/10\/Kendo-pregled-izvjestaja-300x135.png 300w, https:\/\/www.kendomanager.com\/wp-content\/uploads\/2018\/10\/Kendo-pregled-izvjestaja-768x347.png 768w, https:\/\/www.kendomanager.com\/wp-content\/uploads\/2018\/10\/Kendo-pregled-izvjestaja-1030x465.png 1030w, https:\/\/www.kendomanager.com\/wp-content\/uploads\/2018\/10\/Kendo-pregled-izvjestaja-705x318.png 705w, https:\/\/www.kendomanager.com\/wp-content\/uploads\/2018\/10\/Kendo-pregled-izvjestaja-450x203.png 450w\" sizes=\"auto, (max-width: 1347px) 100vw, 1347px\" \/><\/p>\n<h3><strong>Plan projekta<\/strong><\/h3>\n<p><img loading=\"lazy\" decoding=\"async\" class=\"alignnone size-full wp-image-4114\" src=\"https:\/\/www.kendomanager.com\/wp-content\/uploads\/2018\/10\/izvjestaj-o-realizaciji-projekta.png\" alt=\"\" width=\"1366\" height=\"955\" srcset=\"https:\/\/www.kendomanager.com\/wp-content\/uploads\/2018\/10\/izvjestaj-o-realizaciji-projekta.png 1366w, https:\/\/www.kendomanager.com\/wp-content\/uploads\/2018\/10\/izvjestaj-o-realizaciji-projekta-300x210.png 300w, https:\/\/www.kendomanager.com\/wp-content\/uploads\/2018\/10\/izvjestaj-o-realizaciji-projekta-768x537.png 768w, https:\/\/www.kendomanager.com\/wp-content\/uploads\/2018\/10\/izvjestaj-o-realizaciji-projekta-1030x720.png 1030w, https:\/\/www.kendomanager.com\/wp-content\/uploads\/2018\/10\/izvjestaj-o-realizaciji-projekta-705x493.png 705w, https:\/\/www.kendomanager.com\/wp-content\/uploads\/2018\/10\/izvjestaj-o-realizaciji-projekta-450x315.png 450w\" sizes=\"auto, (max-width: 1366px) 100vw, 1366px\" \/><\/p>\n<h3><span id=\"result_box\" class=\"short_text\" lang=\"en\"><span class=\"hps alt-edited\"><strong>Pregled tro\u0161kova<\/strong><\/span><\/span><\/h3>\n<p><img loading=\"lazy\" decoding=\"async\" class=\"alignnone size-full wp-image-577\" src=\"http:\/\/kendomanager.com\/wp-content\/uploads\/2016\/10\/toskovi-chart.jpg\" alt=\"toskovi-chart\" width=\"1024\" height=\"540\" srcset=\"https:\/\/www.kendomanager.com\/wp-content\/uploads\/2016\/10\/toskovi-chart.jpg 1024w, https:\/\/www.kendomanager.com\/wp-content\/uploads\/2016\/10\/toskovi-chart-300x158.jpg 300w, https:\/\/www.kendomanager.com\/wp-content\/uploads\/2016\/10\/toskovi-chart-768x405.jpg 768w, https:\/\/www.kendomanager.com\/wp-content\/uploads\/2016\/10\/toskovi-chart-710x375.jpg 710w, https:\/\/www.kendomanager.com\/wp-content\/uploads\/2016\/10\/toskovi-chart-705x372.jpg 705w, https:\/\/www.kendomanager.com\/wp-content\/uploads\/2016\/10\/toskovi-chart-450x237.jpg 450w\" sizes=\"auto, (max-width: 1024px) 100vw, 1024px\" \/><\/p>\n<p><strong>Pregled tro\u0161kova<\/strong><\/p>\n<p><img loading=\"lazy\" decoding=\"async\" class=\"alignnone size-full wp-image-4118\" src=\"https:\/\/www.kendomanager.com\/wp-content\/uploads\/2018\/10\/pregled-troskova.png\" alt=\"\" width=\"1366\" height=\"915\" srcset=\"https:\/\/www.kendomanager.com\/wp-content\/uploads\/2018\/10\/pregled-troskova.png 1366w, https:\/\/www.kendomanager.com\/wp-content\/uploads\/2018\/10\/pregled-troskova-300x201.png 300w, https:\/\/www.kendomanager.com\/wp-content\/uploads\/2018\/10\/pregled-troskova-768x514.png 768w, https:\/\/www.kendomanager.com\/wp-content\/uploads\/2018\/10\/pregled-troskova-1030x690.png 1030w, https:\/\/www.kendomanager.com\/wp-content\/uploads\/2018\/10\/pregled-troskova-705x472.png 705w, https:\/\/www.kendomanager.com\/wp-content\/uploads\/2018\/10\/pregled-troskova-450x301.png 450w\" sizes=\"auto, (max-width: 1366px) 100vw, 1366px\" \/><\/p>\n<\/div><\/section>\n\n<style type=\"text\/css\" data-created_by=\"avia_inline_auto\" id=\"style-css-av-b9fsz-b8dfc15828ade1f80639e64cf612572a\">\n.flex_column.av-b9fsz-b8dfc15828ade1f80639e64cf612572a{\nborder-radius:0px 0px 0px 0px;\npadding:0px 0px 0px 0px;\n}\n<\/style>\n<div  class='flex_column av-b9fsz-b8dfc15828ade1f80639e64cf612572a av_one_full  avia-builder-el-1  el_after_av_textblock  avia-builder-el-last  first flex_column_div av-zero-column-padding  column-top-margin'     ><p>\n<style type=\"text\/css\" data-created_by=\"avia_inline_auto\" id=\"style-css-av-kim5sman-787b2322cd69bae03d27350785826cc9\">\n#top .av_textblock_section.av-kim5sman-787b2322cd69bae03d27350785826cc9 .avia_textblock{\ncolor:#3d3d3d;\n}\n<\/style>\n<section  class='av_textblock_section av-kim5sman-787b2322cd69bae03d27350785826cc9 '  ><div class='avia_textblock av_inherit_color' ><p><span style=\"color: #333333;\"><strong>Za vi\u0161e informacija o radu unutar Kendo Manager aplikacije kao i upravljanju administracijom pomo\u0107u Kendo Admin Panel-a kliknite na linkove ispod.<\/strong><\/span><\/p>\n<\/div><\/section><br \/>\n<div  class='avia-button-wrap avia-button-center  avia-builder-el-3  el_after_av_textblock  el_before_av_hr '>\n<style type=\"text\/css\" data-created_by=\"avia_inline_auto\" id=\"style-css-av-jotpc4g1-af4f5fe04a80f788654c6a08115f3230\">\n#top #wrap_all .avia-button.av-jotpc4g1-af4f5fe04a80f788654c6a08115f3230{\nbackground-color:#177ce8;\nborder-color:#177ce8;\ncolor:#ffffff;\ntransition:all 0.4s ease-in-out;\n}\n#top #wrap_all .avia-button.av-jotpc4g1-af4f5fe04a80f788654c6a08115f3230:hover{\ncolor:#ffffff;\ntransition:all 0.4s ease-in-out;\n}\n#top #wrap_all .avia-button.av-jotpc4g1-af4f5fe04a80f788654c6a08115f3230 .avia-svg-icon svg:first-child{\nfill:#ffffff;\nstroke:#ffffff;\n}\n#top #wrap_all .avia-button.av-jotpc4g1-af4f5fe04a80f788654c6a08115f3230:hover .avia-svg-icon svg:first-child{\nfill:#ffffff;\nstroke:#ffffff;\n}\n<\/style>\n<a href='https:\/\/www.kendomanager.com\/sr\/kendo-uputstvo-za-koristenje\/' class='avia-button avia-button-fullwidth av-jotpc4g1-af4f5fe04a80f788654c6a08115f3230 avia-icon_select-yes-left-icon avia-color-custom'   aria-label=\"Uputstvo za kori\u0161tenje Kendo Managera\"><span class='avia_button_icon avia_button_icon_left avia-iconfont avia-font-entypo-fontello' data-av_icon='\ue80b' data-av_iconfont='entypo-fontello' ><\/span><span class='avia_iconbox_title' >Uputstvo za kori\u0161tenje Kendo Managera<\/span><span class='avia_button_background avia-button avia-button-fullwidth avia-color-theme-color'><\/span><\/a><\/div><br \/>\n\n<style type=\"text\/css\" data-created_by=\"avia_inline_auto\" id=\"style-css-av-kim6ev3z-98d395d8a11ab7d214bb53c5790a1ad7\">\n#top .hr.hr-invisible.av-kim6ev3z-98d395d8a11ab7d214bb53c5790a1ad7{\nheight:20px;\n}\n<\/style>\n<div  class='hr av-kim6ev3z-98d395d8a11ab7d214bb53c5790a1ad7 hr-invisible  avia-builder-el-4  el_after_av_button_big  el_before_av_button_big  avia-builder-el-no-sibling '><span class='hr-inner '><span class=\"hr-inner-style\"><\/span><\/span><\/div><br \/>\n<div  class='avia-button-wrap avia-button-center  avia-builder-el-5  el_after_av_hr  avia-builder-el-last '>\n<style type=\"text\/css\" data-created_by=\"avia_inline_auto\" id=\"style-css-av-jotpepd1-d7753536cc130ed29a099168d1e5b154\">\n#top #wrap_all .avia-button.av-jotpepd1-d7753536cc130ed29a099168d1e5b154{\nbackground-color:#177ce8;\nborder-color:#177ce8;\ncolor:#ffffff;\ntransition:all 0.4s ease-in-out;\n}\n#top #wrap_all .avia-button.av-jotpepd1-d7753536cc130ed29a099168d1e5b154:hover{\ncolor:#ffffff;\ntransition:all 0.4s ease-in-out;\n}\n#top #wrap_all .avia-button.av-jotpepd1-d7753536cc130ed29a099168d1e5b154 .avia-svg-icon svg:first-child{\nfill:#ffffff;\nstroke:#ffffff;\n}\n#top #wrap_all .avia-button.av-jotpepd1-d7753536cc130ed29a099168d1e5b154:hover .avia-svg-icon svg:first-child{\nfill:#ffffff;\nstroke:#ffffff;\n}\n<\/style>\n<a href='https:\/\/www.kendomanager.com\/sr\/kendo-administracija\/' class='avia-button avia-button-fullwidth av-jotpepd1-d7753536cc130ed29a099168d1e5b154 avia-icon_select-yes-left-icon avia-color-custom'   aria-label=\"Kendo Manager Administracija\"><span class='avia_button_icon avia_button_icon_left avia-iconfont avia-font-entypo-fontello' data-av_icon='\ue855' data-av_iconfont='entypo-fontello' ><\/span><span class='avia_iconbox_title' >Kendo Manager Administracija<\/span><span class='avia_button_background avia-button avia-button-fullwidth avia-color-theme-color'><\/span><\/a><\/div><\/p><\/div>\n","protected":false},"excerpt":{"rendered":"","protected":false},"author":1,"featured_media":0,"parent":0,"menu_order":0,"comment_status":"closed","ping_status":"closed","template":"","meta":{"_acf_changed":false,"footnotes":""},"class_list":["post-249","page","type-page","status-publish","hentry"],"acf":[],"_links":{"self":[{"href":"https:\/\/www.kendomanager.com\/sr\/wp-json\/wp\/v2\/pages\/249","targetHints":{"allow":["GET"]}}],"collection":[{"href":"https:\/\/www.kendomanager.com\/sr\/wp-json\/wp\/v2\/pages"}],"about":[{"href":"https:\/\/www.kendomanager.com\/sr\/wp-json\/wp\/v2\/types\/page"}],"author":[{"embeddable":true,"href":"https:\/\/www.kendomanager.com\/sr\/wp-json\/wp\/v2\/users\/1"}],"replies":[{"embeddable":true,"href":"https:\/\/www.kendomanager.com\/sr\/wp-json\/wp\/v2\/comments?post=249"}],"version-history":[{"count":10,"href":"https:\/\/www.kendomanager.com\/sr\/wp-json\/wp\/v2\/pages\/249\/revisions"}],"predecessor-version":[{"id":13479,"href":"https:\/\/www.kendomanager.com\/sr\/wp-json\/wp\/v2\/pages\/249\/revisions\/13479"}],"wp:attachment":[{"href":"https:\/\/www.kendomanager.com\/sr\/wp-json\/wp\/v2\/media?parent=249"}],"curies":[{"name":"wp","href":"https:\/\/api.w.org\/{rel}","templated":true}]}}