{"id":245,"date":"2016-10-12T18:10:54","date_gmt":"2016-10-12T18:10:54","guid":{"rendered":"http:\/\/kendomanager.com\/?page_id=245"},"modified":"2021-02-14T11:53:20","modified_gmt":"2021-02-14T11:53:20","slug":"vrijeme","status":"publish","type":"page","link":"https:\/\/www.kendomanager.com\/sr\/vrijeme\/","title":{"rendered":"Vrijeme"},"content":{"rendered":"<section  class='av_textblock_section av-av_textblock-ef7fdae6b3b86bd1e5936ff9fbb8ffa2 '  ><div class='avia_textblock' ><h2>Upravljanje vremenom na projektu<\/h2>\n<p><strong>Upravljanje vremenom projekta<\/strong> ili Time Management obuhvata procjenu trajanja planiranih projektnih aktivnosti, odre\u0111ivanje redoslijeda izvr\u0161avanja i pra\u0107enje i kontrolu odstupanja od redoslijeda. <strong>Upravljanje vremenom<\/strong> na projektu u Kendo manageru predstavlja veoma va\u017ean aspekt <strong>upravljanja projektima<\/strong>, jer omogu\u0107ava pra\u0107enje projektnih aktivnosti u odnosu na <a href=\"https:\/\/www.kendomanager.com\/sr\/izvjestaji\/\"><strong>plan projekta<\/strong><\/a> i osigurava zavr\u0161etak projekta na vrijeme.<\/p>\n<p><strong>Kendo manager<\/strong>\u00a0 time management opcija slu\u017ei za evidentiranja utro\u0161enog vremena na projektu.<\/p>\n<h3>Forma za evidenciju utro\u0161enog vremena<\/h3>\n<p><img loading=\"lazy\" decoding=\"async\" class=\"alignnone wp-image-4068 size-full\" title=\"vrijeme na projektu\" src=\"https:\/\/www.kendomanager.com\/wp-content\/uploads\/2018\/10\/evidencija-utrosenog-vremena-na-projektu.png\" alt=\"vrijeme na projektu\" width=\"1366\" height=\"664\" srcset=\"https:\/\/www.kendomanager.com\/wp-content\/uploads\/2018\/10\/evidencija-utrosenog-vremena-na-projektu.png 1366w, https:\/\/www.kendomanager.com\/wp-content\/uploads\/2018\/10\/evidencija-utrosenog-vremena-na-projektu-300x146.png 300w, https:\/\/www.kendomanager.com\/wp-content\/uploads\/2018\/10\/evidencija-utrosenog-vremena-na-projektu-768x373.png 768w, https:\/\/www.kendomanager.com\/wp-content\/uploads\/2018\/10\/evidencija-utrosenog-vremena-na-projektu-1030x501.png 1030w, https:\/\/www.kendomanager.com\/wp-content\/uploads\/2018\/10\/evidencija-utrosenog-vremena-na-projektu-705x343.png 705w, https:\/\/www.kendomanager.com\/wp-content\/uploads\/2018\/10\/evidencija-utrosenog-vremena-na-projektu-450x219.png 450w\" sizes=\"auto, (max-width: 1366px) 100vw, 1366px\" \/><\/p>\n<p><strong>Lista utro\u0161enog vremena<\/strong><\/p>\n<p><img loading=\"lazy\" decoding=\"async\" class=\"alignnone wp-image-4070 size-full\" title=\"Upravljanje vremenom na projektu\" src=\"https:\/\/www.kendomanager.com\/wp-content\/uploads\/2018\/10\/lista-utrosenog-vremena-na-projektu.png\" alt=\"Upravljanje vremenom na projektu\" width=\"1366\" height=\"526\" srcset=\"https:\/\/www.kendomanager.com\/wp-content\/uploads\/2018\/10\/lista-utrosenog-vremena-na-projektu.png 1366w, https:\/\/www.kendomanager.com\/wp-content\/uploads\/2018\/10\/lista-utrosenog-vremena-na-projektu-300x116.png 300w, https:\/\/www.kendomanager.com\/wp-content\/uploads\/2018\/10\/lista-utrosenog-vremena-na-projektu-768x296.png 768w, https:\/\/www.kendomanager.com\/wp-content\/uploads\/2018\/10\/lista-utrosenog-vremena-na-projektu-1030x397.png 1030w, https:\/\/www.kendomanager.com\/wp-content\/uploads\/2018\/10\/lista-utrosenog-vremena-na-projektu-705x271.png 705w, https:\/\/www.kendomanager.com\/wp-content\/uploads\/2018\/10\/lista-utrosenog-vremena-na-projektu-450x173.png 450w\" sizes=\"auto, (max-width: 1366px) 100vw, 1366px\" \/><\/p>\n<\/div><\/section>\n\n<style type=\"text\/css\" data-created_by=\"avia_inline_auto\" id=\"style-css-av-b9fsz-b8dfc15828ade1f80639e64cf612572a\">\n.flex_column.av-b9fsz-b8dfc15828ade1f80639e64cf612572a{\nborder-radius:0px 0px 0px 0px;\npadding:0px 0px 0px 0px;\n}\n<\/style>\n<div  class='flex_column av-b9fsz-b8dfc15828ade1f80639e64cf612572a av_one_full  avia-builder-el-1  el_after_av_textblock  avia-builder-el-last  first flex_column_div av-zero-column-padding  column-top-margin'     ><p>\n<style type=\"text\/css\" data-created_by=\"avia_inline_auto\" id=\"style-css-av-kim5sman-787b2322cd69bae03d27350785826cc9\">\n#top .av_textblock_section.av-kim5sman-787b2322cd69bae03d27350785826cc9 .avia_textblock{\ncolor:#3d3d3d;\n}\n<\/style>\n<section  class='av_textblock_section av-kim5sman-787b2322cd69bae03d27350785826cc9 '  ><div class='avia_textblock av_inherit_color' ><p><span style=\"color: #333333;\"><strong>Za vi\u0161e informacija o radu unutar Kendo Manager aplikacije kao i upravljanju administracijom pomo\u0107u Kendo Admin Panel-a kliknite na linkove ispod.<\/strong><\/span><\/p>\n<\/div><\/section><br \/>\n<div  class='avia-button-wrap avia-button-center  avia-builder-el-3  el_after_av_textblock  el_before_av_hr '>\n<style type=\"text\/css\" data-created_by=\"avia_inline_auto\" id=\"style-css-av-jotpc4g1-af4f5fe04a80f788654c6a08115f3230\">\n#top #wrap_all .avia-button.av-jotpc4g1-af4f5fe04a80f788654c6a08115f3230{\nbackground-color:#177ce8;\nborder-color:#177ce8;\ncolor:#ffffff;\ntransition:all 0.4s ease-in-out;\n}\n#top #wrap_all .avia-button.av-jotpc4g1-af4f5fe04a80f788654c6a08115f3230:hover{\ncolor:#ffffff;\ntransition:all 0.4s ease-in-out;\n}\n#top #wrap_all .avia-button.av-jotpc4g1-af4f5fe04a80f788654c6a08115f3230 .avia-svg-icon svg:first-child{\nfill:#ffffff;\nstroke:#ffffff;\n}\n#top #wrap_all .avia-button.av-jotpc4g1-af4f5fe04a80f788654c6a08115f3230:hover .avia-svg-icon svg:first-child{\nfill:#ffffff;\nstroke:#ffffff;\n}\n<\/style>\n<a href='https:\/\/www.kendomanager.com\/sr\/kendo-uputstvo-za-koristenje\/' class='avia-button avia-button-fullwidth av-jotpc4g1-af4f5fe04a80f788654c6a08115f3230 avia-icon_select-yes-left-icon avia-color-custom'   aria-label=\"Uputstvo za kori\u0161tenje Kendo Managera\"><span class='avia_button_icon avia_button_icon_left avia-iconfont avia-font-entypo-fontello' data-av_icon='\ue80b' data-av_iconfont='entypo-fontello' ><\/span><span class='avia_iconbox_title' >Uputstvo za kori\u0161tenje Kendo Managera<\/span><span class='avia_button_background avia-button avia-button-fullwidth avia-color-theme-color'><\/span><\/a><\/div><br \/>\n\n<style type=\"text\/css\" data-created_by=\"avia_inline_auto\" id=\"style-css-av-kim6ev3z-98d395d8a11ab7d214bb53c5790a1ad7\">\n#top .hr.hr-invisible.av-kim6ev3z-98d395d8a11ab7d214bb53c5790a1ad7{\nheight:20px;\n}\n<\/style>\n<div  class='hr av-kim6ev3z-98d395d8a11ab7d214bb53c5790a1ad7 hr-invisible  avia-builder-el-4  el_after_av_button_big  el_before_av_button_big  avia-builder-el-no-sibling '><span class='hr-inner '><span class=\"hr-inner-style\"><\/span><\/span><\/div><br \/>\n<div  class='avia-button-wrap avia-button-center  avia-builder-el-5  el_after_av_hr  avia-builder-el-last '>\n<style type=\"text\/css\" data-created_by=\"avia_inline_auto\" id=\"style-css-av-jotpepd1-d7753536cc130ed29a099168d1e5b154\">\n#top #wrap_all .avia-button.av-jotpepd1-d7753536cc130ed29a099168d1e5b154{\nbackground-color:#177ce8;\nborder-color:#177ce8;\ncolor:#ffffff;\ntransition:all 0.4s ease-in-out;\n}\n#top #wrap_all .avia-button.av-jotpepd1-d7753536cc130ed29a099168d1e5b154:hover{\ncolor:#ffffff;\ntransition:all 0.4s ease-in-out;\n}\n#top #wrap_all .avia-button.av-jotpepd1-d7753536cc130ed29a099168d1e5b154 .avia-svg-icon svg:first-child{\nfill:#ffffff;\nstroke:#ffffff;\n}\n#top #wrap_all .avia-button.av-jotpepd1-d7753536cc130ed29a099168d1e5b154:hover .avia-svg-icon svg:first-child{\nfill:#ffffff;\nstroke:#ffffff;\n}\n<\/style>\n<a href='https:\/\/www.kendomanager.com\/sr\/kendo-administracija\/' class='avia-button avia-button-fullwidth av-jotpepd1-d7753536cc130ed29a099168d1e5b154 avia-icon_select-yes-left-icon avia-color-custom'   aria-label=\"Kendo Manager Administracija\"><span class='avia_button_icon avia_button_icon_left avia-iconfont avia-font-entypo-fontello' data-av_icon='\ue855' data-av_iconfont='entypo-fontello' ><\/span><span class='avia_iconbox_title' >Kendo Manager Administracija<\/span><span class='avia_button_background avia-button avia-button-fullwidth avia-color-theme-color'><\/span><\/a><\/div><\/p><\/div>\n","protected":false},"excerpt":{"rendered":"","protected":false},"author":1,"featured_media":0,"parent":0,"menu_order":0,"comment_status":"closed","ping_status":"closed","template":"","meta":{"_acf_changed":false,"footnotes":""},"class_list":["post-245","page","type-page","status-publish","hentry"],"acf":[],"_links":{"self":[{"href":"https:\/\/www.kendomanager.com\/sr\/wp-json\/wp\/v2\/pages\/245","targetHints":{"allow":["GET"]}}],"collection":[{"href":"https:\/\/www.kendomanager.com\/sr\/wp-json\/wp\/v2\/pages"}],"about":[{"href":"https:\/\/www.kendomanager.com\/sr\/wp-json\/wp\/v2\/types\/page"}],"author":[{"embeddable":true,"href":"https:\/\/www.kendomanager.com\/sr\/wp-json\/wp\/v2\/users\/1"}],"replies":[{"embeddable":true,"href":"https:\/\/www.kendomanager.com\/sr\/wp-json\/wp\/v2\/comments?post=245"}],"version-history":[{"count":10,"href":"https:\/\/www.kendomanager.com\/sr\/wp-json\/wp\/v2\/pages\/245\/revisions"}],"predecessor-version":[{"id":13474,"href":"https:\/\/www.kendomanager.com\/sr\/wp-json\/wp\/v2\/pages\/245\/revisions\/13474"}],"wp:attachment":[{"href":"https:\/\/www.kendomanager.com\/sr\/wp-json\/wp\/v2\/media?parent=245"}],"curies":[{"name":"wp","href":"https:\/\/api.w.org\/{rel}","templated":true}]}}