{"id":235,"date":"2016-10-12T18:09:52","date_gmt":"2016-10-12T18:09:52","guid":{"rendered":"http:\/\/kendomanager.com\/?page_id=235"},"modified":"2021-02-13T23:08:53","modified_gmt":"2021-02-13T23:08:53","slug":"troskovi","status":"publish","type":"page","link":"https:\/\/www.kendomanager.com\/sr\/troskovi\/","title":{"rendered":"Tro\u0161kovi"},"content":{"rendered":"<section  class='av_textblock_section av-av_textblock-ef7fdae6b3b86bd1e5936ff9fbb8ffa2 '  ><div class='avia_textblock' ><h1>Upravljanje tro\u0161kovima na projektu<\/h1>\n<p><strong>Upravljanje tro\u0161kovima na projektu<\/strong> uklju\u010duje sve procese koji su potrebni da bi se obezbjedilo da projektni tim ispuni sve svoje obaveze u skladu sa usvojenim bud\u017eetom.<\/p>\n<p>Upravljanje tro\u0161kovima podrazumijeva:<\/p>\n<ol>\n<li><strong>Planiranje tro\u0161kova na projektu<br \/>\n<\/strong><\/li>\n<li><strong>Odre\u0111ivanje <a href=\"https:\/\/www.kendomanager.com\/sr\/budzet-projekta\/\" target=\"_blank\" rel=\"noopener noreferrer\">Bud\u017eeta<\/a><\/strong><\/li>\n<li><strong>Kontrola Tro\u0161kova na projektu<br \/>\n<\/strong><\/li>\n<\/ol>\n<p>Opcija tro\u0161kovi u<strong> Kendo Manageru<\/strong> pru\u017ea vam mogu\u0107nost da pratite i upravljate tro\u0161kovima na projektu u primarnoj (osnovnoj) valuti, kao i u alternativnoj(internacionalnoj)valuti. Opcija Alternativni tro\u0161kovi projekta su pomo\u0107no\u00a0sredstvo za analizu i pra\u0107enje tro\u0161kova na projektu. Izra\u010dunavanje alternativnih tro\u0161kova projekta odnosno tro\u0161kova koji su konvertovani u drugu valutu izvr\u0161ava se\u00a0 automatski na osnovu unesene kursne vrijednosti koju ste prethodno definisali u \u0161ifraniku.<\/p>\n<h3>Lista tro\u0161kova na projektu<\/h3>\n<p><img loading=\"lazy\" decoding=\"async\" class=\"alignnone size-full wp-image-4038\" src=\"https:\/\/www.kendomanager.com\/wp-content\/uploads\/2018\/10\/Lista-troskova-na-projektu.png\" alt=\"\" width=\"1366\" height=\"735\" srcset=\"https:\/\/www.kendomanager.com\/wp-content\/uploads\/2018\/10\/Lista-troskova-na-projektu.png 1366w, https:\/\/www.kendomanager.com\/wp-content\/uploads\/2018\/10\/Lista-troskova-na-projektu-300x161.png 300w, https:\/\/www.kendomanager.com\/wp-content\/uploads\/2018\/10\/Lista-troskova-na-projektu-768x413.png 768w, https:\/\/www.kendomanager.com\/wp-content\/uploads\/2018\/10\/Lista-troskova-na-projektu-1030x554.png 1030w, https:\/\/www.kendomanager.com\/wp-content\/uploads\/2018\/10\/Lista-troskova-na-projektu-705x379.png 705w, https:\/\/www.kendomanager.com\/wp-content\/uploads\/2018\/10\/Lista-troskova-na-projektu-450x242.png 450w\" sizes=\"auto, (max-width: 1366px) 100vw, 1366px\" \/><\/p>\n<p><strong>Forma za unos tro\u0161kova<\/strong><\/p>\n<p><img loading=\"lazy\" decoding=\"async\" class=\"alignnone size-full wp-image-4040\" src=\"https:\/\/www.kendomanager.com\/wp-content\/uploads\/2018\/10\/forma-troskovi.png\" alt=\"\" width=\"1134\" height=\"835\" srcset=\"https:\/\/www.kendomanager.com\/wp-content\/uploads\/2018\/10\/forma-troskovi.png 1134w, https:\/\/www.kendomanager.com\/wp-content\/uploads\/2018\/10\/forma-troskovi-300x221.png 300w, https:\/\/www.kendomanager.com\/wp-content\/uploads\/2018\/10\/forma-troskovi-768x566.png 768w, https:\/\/www.kendomanager.com\/wp-content\/uploads\/2018\/10\/forma-troskovi-1030x758.png 1030w, https:\/\/www.kendomanager.com\/wp-content\/uploads\/2018\/10\/forma-troskovi-705x519.png 705w, https:\/\/www.kendomanager.com\/wp-content\/uploads\/2018\/10\/forma-troskovi-450x331.png 450w\" sizes=\"auto, (max-width: 1134px) 100vw, 1134px\" \/><span id=\"result_box\" class=\"short_text\" lang=\"en\"><\/span><\/p>\n<p><strong><span class=\"short_text\" lang=\"en\"><span class=\"hps\"><span id=\"result_box\" class=\"short_text\" lang=\"en\">Lista tro\u0161kova u Alternativnoj valutu<\/span><\/span><\/span><\/strong><\/p>\n<p><img loading=\"lazy\" decoding=\"async\" class=\"alignnone size-full wp-image-4042\" src=\"https:\/\/www.kendomanager.com\/wp-content\/uploads\/2018\/10\/alternativni-troskovi-na-projekti.png\" alt=\"\" width=\"1366\" height=\"547\" srcset=\"https:\/\/www.kendomanager.com\/wp-content\/uploads\/2018\/10\/alternativni-troskovi-na-projekti.png 1366w, https:\/\/www.kendomanager.com\/wp-content\/uploads\/2018\/10\/alternativni-troskovi-na-projekti-300x120.png 300w, https:\/\/www.kendomanager.com\/wp-content\/uploads\/2018\/10\/alternativni-troskovi-na-projekti-768x308.png 768w, https:\/\/www.kendomanager.com\/wp-content\/uploads\/2018\/10\/alternativni-troskovi-na-projekti-1030x412.png 1030w, https:\/\/www.kendomanager.com\/wp-content\/uploads\/2018\/10\/alternativni-troskovi-na-projekti-705x282.png 705w, https:\/\/www.kendomanager.com\/wp-content\/uploads\/2018\/10\/alternativni-troskovi-na-projekti-450x180.png 450w\" sizes=\"auto, (max-width: 1366px) 100vw, 1366px\" \/><\/p>\n<p><strong><span class=\"short_text\" lang=\"en\"><span class=\"hps\"><span id=\"result_box\" class=\"short_text\" lang=\"en\">Unos\u00a0 kursa valute<\/span><\/span><\/span><\/strong><\/p>\n<p><img loading=\"lazy\" decoding=\"async\" class=\"alignnone size-full wp-image-4044\" src=\"https:\/\/www.kendomanager.com\/wp-content\/uploads\/2018\/10\/podesavanje-valute.png\" alt=\"\" width=\"1366\" height=\"948\" srcset=\"https:\/\/www.kendomanager.com\/wp-content\/uploads\/2018\/10\/podesavanje-valute.png 1366w, https:\/\/www.kendomanager.com\/wp-content\/uploads\/2018\/10\/podesavanje-valute-300x208.png 300w, https:\/\/www.kendomanager.com\/wp-content\/uploads\/2018\/10\/podesavanje-valute-768x533.png 768w, https:\/\/www.kendomanager.com\/wp-content\/uploads\/2018\/10\/podesavanje-valute-1030x715.png 1030w, https:\/\/www.kendomanager.com\/wp-content\/uploads\/2018\/10\/podesavanje-valute-705x489.png 705w, https:\/\/www.kendomanager.com\/wp-content\/uploads\/2018\/10\/podesavanje-valute-450x312.png 450w\" sizes=\"auto, (max-width: 1366px) 100vw, 1366px\" \/><\/p>\n<\/div><\/section>\n\n<style type=\"text\/css\" data-created_by=\"avia_inline_auto\" id=\"style-css-av-b9fsz-b8dfc15828ade1f80639e64cf612572a\">\n.flex_column.av-b9fsz-b8dfc15828ade1f80639e64cf612572a{\nborder-radius:0px 0px 0px 0px;\npadding:0px 0px 0px 0px;\n}\n<\/style>\n<div  class='flex_column av-b9fsz-b8dfc15828ade1f80639e64cf612572a av_one_full  avia-builder-el-1  el_after_av_textblock  avia-builder-el-last  first flex_column_div av-zero-column-padding  column-top-margin'     ><p>\n<style type=\"text\/css\" data-created_by=\"avia_inline_auto\" id=\"style-css-av-kim5sman-787b2322cd69bae03d27350785826cc9\">\n#top .av_textblock_section.av-kim5sman-787b2322cd69bae03d27350785826cc9 .avia_textblock{\ncolor:#3d3d3d;\n}\n<\/style>\n<section  class='av_textblock_section av-kim5sman-787b2322cd69bae03d27350785826cc9 '  ><div class='avia_textblock av_inherit_color' ><p><span style=\"color: #333333;\"><strong>Za vi\u0161e informacija o radu unutar Kendo Manager aplikacije kao i upravljanju administracijom pomo\u0107u Kendo Admin Panel-a kliknite na linkove ispod.<\/strong><\/span><\/p>\n<\/div><\/section><br \/>\n<div  class='avia-button-wrap avia-button-center  avia-builder-el-3  el_after_av_textblock  el_before_av_hr '>\n<style type=\"text\/css\" data-created_by=\"avia_inline_auto\" id=\"style-css-av-jotpc4g1-af4f5fe04a80f788654c6a08115f3230\">\n#top #wrap_all .avia-button.av-jotpc4g1-af4f5fe04a80f788654c6a08115f3230{\nbackground-color:#177ce8;\nborder-color:#177ce8;\ncolor:#ffffff;\ntransition:all 0.4s ease-in-out;\n}\n#top #wrap_all .avia-button.av-jotpc4g1-af4f5fe04a80f788654c6a08115f3230:hover{\ncolor:#ffffff;\ntransition:all 0.4s ease-in-out;\n}\n#top #wrap_all .avia-button.av-jotpc4g1-af4f5fe04a80f788654c6a08115f3230 .avia-svg-icon svg:first-child{\nfill:#ffffff;\nstroke:#ffffff;\n}\n#top #wrap_all .avia-button.av-jotpc4g1-af4f5fe04a80f788654c6a08115f3230:hover .avia-svg-icon svg:first-child{\nfill:#ffffff;\nstroke:#ffffff;\n}\n<\/style>\n<a href='https:\/\/www.kendomanager.com\/sr\/kendo-uputstvo-za-koristenje\/' class='avia-button avia-button-fullwidth av-jotpc4g1-af4f5fe04a80f788654c6a08115f3230 avia-icon_select-yes-left-icon avia-color-custom'   aria-label=\"Uputstvo za kori\u0161tenje Kendo Managera\"><span class='avia_button_icon avia_button_icon_left avia-iconfont avia-font-entypo-fontello' data-av_icon='\ue80b' data-av_iconfont='entypo-fontello' ><\/span><span class='avia_iconbox_title' >Uputstvo za kori\u0161tenje Kendo Managera<\/span><span class='avia_button_background avia-button avia-button-fullwidth avia-color-theme-color'><\/span><\/a><\/div><br \/>\n\n<style type=\"text\/css\" data-created_by=\"avia_inline_auto\" id=\"style-css-av-kim6ev3z-98d395d8a11ab7d214bb53c5790a1ad7\">\n#top .hr.hr-invisible.av-kim6ev3z-98d395d8a11ab7d214bb53c5790a1ad7{\nheight:20px;\n}\n<\/style>\n<div  class='hr av-kim6ev3z-98d395d8a11ab7d214bb53c5790a1ad7 hr-invisible  avia-builder-el-4  el_after_av_button_big  el_before_av_button_big  avia-builder-el-no-sibling '><span class='hr-inner '><span class=\"hr-inner-style\"><\/span><\/span><\/div><br \/>\n<div  class='avia-button-wrap avia-button-center  avia-builder-el-5  el_after_av_hr  avia-builder-el-last '>\n<style type=\"text\/css\" data-created_by=\"avia_inline_auto\" id=\"style-css-av-jotpepd1-d7753536cc130ed29a099168d1e5b154\">\n#top #wrap_all .avia-button.av-jotpepd1-d7753536cc130ed29a099168d1e5b154{\nbackground-color:#177ce8;\nborder-color:#177ce8;\ncolor:#ffffff;\ntransition:all 0.4s ease-in-out;\n}\n#top #wrap_all .avia-button.av-jotpepd1-d7753536cc130ed29a099168d1e5b154:hover{\ncolor:#ffffff;\ntransition:all 0.4s ease-in-out;\n}\n#top #wrap_all .avia-button.av-jotpepd1-d7753536cc130ed29a099168d1e5b154 .avia-svg-icon svg:first-child{\nfill:#ffffff;\nstroke:#ffffff;\n}\n#top #wrap_all .avia-button.av-jotpepd1-d7753536cc130ed29a099168d1e5b154:hover .avia-svg-icon svg:first-child{\nfill:#ffffff;\nstroke:#ffffff;\n}\n<\/style>\n<a href='https:\/\/www.kendomanager.com\/sr\/kendo-administracija\/' class='avia-button avia-button-fullwidth av-jotpepd1-d7753536cc130ed29a099168d1e5b154 avia-icon_select-yes-left-icon avia-color-custom'   aria-label=\"Kendo Manager Administracija\"><span class='avia_button_icon avia_button_icon_left avia-iconfont avia-font-entypo-fontello' data-av_icon='\ue855' data-av_iconfont='entypo-fontello' ><\/span><span class='avia_iconbox_title' >Kendo Manager Administracija<\/span><span class='avia_button_background avia-button avia-button-fullwidth avia-color-theme-color'><\/span><\/a><\/div><\/p><\/div>\n","protected":false},"excerpt":{"rendered":"","protected":false},"author":1,"featured_media":0,"parent":0,"menu_order":0,"comment_status":"closed","ping_status":"closed","template":"","meta":{"_acf_changed":false,"footnotes":""},"class_list":["post-235","page","type-page","status-publish","hentry"],"acf":[],"_links":{"self":[{"href":"https:\/\/www.kendomanager.com\/sr\/wp-json\/wp\/v2\/pages\/235","targetHints":{"allow":["GET"]}}],"collection":[{"href":"https:\/\/www.kendomanager.com\/sr\/wp-json\/wp\/v2\/pages"}],"about":[{"href":"https:\/\/www.kendomanager.com\/sr\/wp-json\/wp\/v2\/types\/page"}],"author":[{"embeddable":true,"href":"https:\/\/www.kendomanager.com\/sr\/wp-json\/wp\/v2\/users\/1"}],"replies":[{"embeddable":true,"href":"https:\/\/www.kendomanager.com\/sr\/wp-json\/wp\/v2\/comments?post=235"}],"version-history":[{"count":12,"href":"https:\/\/www.kendomanager.com\/sr\/wp-json\/wp\/v2\/pages\/235\/revisions"}],"predecessor-version":[{"id":13461,"href":"https:\/\/www.kendomanager.com\/sr\/wp-json\/wp\/v2\/pages\/235\/revisions\/13461"}],"wp:attachment":[{"href":"https:\/\/www.kendomanager.com\/sr\/wp-json\/wp\/v2\/media?parent=235"}],"curies":[{"name":"wp","href":"https:\/\/api.w.org\/{rel}","templated":true}]}}