{"id":2207,"date":"2017-08-18T10:37:39","date_gmt":"2017-08-18T10:37:39","guid":{"rendered":"https:\/\/www.kendomanager.com\/?page_id=2207\/"},"modified":"2021-02-13T23:04:31","modified_gmt":"2021-02-13T23:04:31","slug":"kendo-gantt-projektni-softver","status":"publish","type":"page","link":"https:\/\/www.kendomanager.com\/sr\/kendo-gantt-projektni-softver\/","title":{"rendered":"Gantt"},"content":{"rendered":"<section  class='av_textblock_section av-667vj3-271fc278753383d9ea20bc59c491ae38 '  ><div class='avia_textblock' ><h2>Gantt chart u Kendo Menad\u017eeru i upravljanje projektima<\/h2>\n<p><b>Gantt chart<\/b> ili <b>Gantogram<\/b> predstavljaju jednu od najjednostavnijih tehnika planiranja. <b>Gantt chart<\/b> nam omogu\u0107ava grafi\u010dko i vremensko planiranje toka zadataka. Tvorac ove tehnike je jedan od pionira menad\u017ementa H. Gantt. Gantogram (ili Gantov dijagram) se koristi u upravljanju projektima za vizuelno, odnosno grafi\u010dko prikazivanje liste aktivnosti.<\/p>\n<p><b>Gantogram <\/b>nam pokazuje kako su pojedina\u010dni zadaci projekta raspore\u0111eni tokom vremena. <b>Gantt chart<\/b> omogu\u0107ava da se ti zadaci bolje isplaniraju i kontroli\u0161u.<\/p>\n<h2>Za\u0161to je Kendo Manager Gantt chart jednostavan alat za upravljanje projektima<\/h2>\n<p><a href=\"http:\/\/www.kendomanager.com\/sr\/\"><b>Kendo Manager gantt chart<\/b><\/a> je jednostavno softversko rje\u0161enje za <b>upravljanje projektima<\/b> i projektnim resursima, nagledanje tro\u0161kova projekta i <b>upravljanje ljudskim resursima<\/b>. Na\u0161i korisnici mogu birati izme\u0111u klasi\u010dnog na\u010dina rada ili rada kroz <b>Kendo Manager Gantt chart<\/b> dijagram. <b>Kendo Manager softver za upravljanje projektima<\/b> podr\u017eava oba na\u010dina rada stoga daje fleksibilnost u radu sa projektima, pogotovo projekt menad\u017eeru koji je navikao na rad kroz <b>Gantt chart<\/b> dijagram.<\/p>\n<p>Pomo\u0107u <b>Kendo Manager<\/b>-a mo\u017eete definisati uloge, dodijeliti zadatke \u010dlanovima tima, pratiti napredak projekta, dodati dokumente i komentare. Jedna od velikih prednosti Kendo Manager jeste \u010dinjenica da se vrlo lako moo\u017ee podijeliti gantogram aktivnosti sa saradnicima na projektu kao i sa klijentima, daju\u0107i im pravo pregleda kao i ure\u0111ivanja projekata.<\/p>\n<p><img loading=\"lazy\" decoding=\"async\" class=\"alignnone wp-image-13196 size-full\" src=\"https:\/\/www.kendomanager.com\/wp-content\/uploads\/2017\/12\/besplatan-gantogram.png\" alt=\"gantt chart\" width=\"1345\" height=\"721\" srcset=\"https:\/\/www.kendomanager.com\/wp-content\/uploads\/2017\/12\/besplatan-gantogram.png 1345w, https:\/\/www.kendomanager.com\/wp-content\/uploads\/2017\/12\/besplatan-gantogram-300x161.png 300w, https:\/\/www.kendomanager.com\/wp-content\/uploads\/2017\/12\/besplatan-gantogram-1030x552.png 1030w, https:\/\/www.kendomanager.com\/wp-content\/uploads\/2017\/12\/besplatan-gantogram-768x412.png 768w, https:\/\/www.kendomanager.com\/wp-content\/uploads\/2017\/12\/besplatan-gantogram-705x378.png 705w\" sizes=\"auto, (max-width: 1345px) 100vw, 1345px\" \/><\/p>\n<h2>Kreiranje Gantt aktivnosti u Kendo Menad\u017eeru<\/h2>\n<p>U narednim koracima pokaza\u0107emo jednostavan na\u010din za kreiranje aktivnosti pomo\u0107u <a href=\"https:\/\/www.kendomanager.com\/sr\/kendo-gantt-projektni-softver\/\">Gantt chart<\/a> unutar Kendo Manager-a.<\/p>\n<h3>Korak 1: Kreirajte listu aktivnosti<\/h3>\n<p>Kada kreirate <b>WBS dijagram<\/b> aktivnosti sa svojim projektnim timom dobi\u0107ete listu aktivnosti koju treba realizovati da bi projekat bio uspje\u0161no realizovan. Definisanje liste aktivnosti u <b>Kendo Manager<\/b>-u je jednostavno. Odredite po\u010detak i kraj svake aktivnosti \u00a0i delegirajte \u00a0aktivnost \u010dlanu va\u0161eg projektnog tima koj je zadu\u017een za njenu realizaciju.<\/p>\n<p><img loading=\"lazy\" decoding=\"async\" class=\"alignnone wp-image-4085 size-full\" src=\"https:\/\/www.kendomanager.com\/wp-content\/uploads\/2018\/10\/Gantt-osnovni-podaci-sr.png\" alt=\"gantt chart\" width=\"1581\" height=\"665\" srcset=\"https:\/\/www.kendomanager.com\/wp-content\/uploads\/2018\/10\/Gantt-osnovni-podaci-sr.png 1581w, https:\/\/www.kendomanager.com\/wp-content\/uploads\/2018\/10\/Gantt-osnovni-podaci-sr-300x126.png 300w, https:\/\/www.kendomanager.com\/wp-content\/uploads\/2018\/10\/Gantt-osnovni-podaci-sr-768x323.png 768w, https:\/\/www.kendomanager.com\/wp-content\/uploads\/2018\/10\/Gantt-osnovni-podaci-sr-1030x433.png 1030w, https:\/\/www.kendomanager.com\/wp-content\/uploads\/2018\/10\/Gantt-osnovni-podaci-sr-1500x631.png 1500w, https:\/\/www.kendomanager.com\/wp-content\/uploads\/2018\/10\/Gantt-osnovni-podaci-sr-705x297.png 705w, https:\/\/www.kendomanager.com\/wp-content\/uploads\/2018\/10\/Gantt-osnovni-podaci-sr-450x189.png 450w\" sizes=\"auto, (max-width: 1581px) 100vw, 1581px\" \/><\/p>\n<h3>Korak 2: Dodati kontrolne ta\u010dke (milestone) u Kendo Manager-u<\/h3>\n<p>Da bi \u0161to lak\u0161e pratili projekat, potrebno je dodati kontrolne ta\u010dke, odnosno klju\u010dne doga\u0111aje na projektu. Klju\u010dni doga\u0111aj ili milestone je aktivnost \u010dije trajanje je nula i koja predstavlja mjesto provjere projekta. Ova ta\u010dka je standardno prikazana na <b>Ganttovom dijagramu<\/b> u obliku dijamanta. Naj\u010de\u0161\u0107e klju\u010dni doga\u0111aj ili milestone, predstavlja kraj jedne faze ili zavr\u0161etak nekog velikog zadatka, serije zadataka (aktivnosti) ili po\u010detak novog ciklusa. To je mjesto na kome se mjeri, odnosno provjerava da li je projekat na dobrom putu i da li treba preduzeti neke korektivne akcije.<\/p>\n<p><img loading=\"lazy\" decoding=\"async\" class=\"alignnone size-full wp-image-4087\" src=\"https:\/\/www.kendomanager.com\/wp-content\/uploads\/2018\/10\/Milestone-sr.png\" alt=\"\" width=\"1581\" height=\"665\" srcset=\"https:\/\/www.kendomanager.com\/wp-content\/uploads\/2018\/10\/Milestone-sr.png 1581w, https:\/\/www.kendomanager.com\/wp-content\/uploads\/2018\/10\/Milestone-sr-300x126.png 300w, https:\/\/www.kendomanager.com\/wp-content\/uploads\/2018\/10\/Milestone-sr-768x323.png 768w, https:\/\/www.kendomanager.com\/wp-content\/uploads\/2018\/10\/Milestone-sr-1030x433.png 1030w, https:\/\/www.kendomanager.com\/wp-content\/uploads\/2018\/10\/Milestone-sr-1500x631.png 1500w, https:\/\/www.kendomanager.com\/wp-content\/uploads\/2018\/10\/Milestone-sr-705x297.png 705w, https:\/\/www.kendomanager.com\/wp-content\/uploads\/2018\/10\/Milestone-sr-450x189.png 450w\" sizes=\"auto, (max-width: 1581px) 100vw, 1581px\" \/><\/p>\n<p><img loading=\"lazy\" decoding=\"async\" class=\"alignnone wp-image-13204 size-full\" src=\"https:\/\/www.kendomanager.com\/wp-content\/uploads\/2020\/11\/gant-dijagram.png\" alt=\"gant dijagram\" width=\"1583\" height=\"547\" srcset=\"https:\/\/www.kendomanager.com\/wp-content\/uploads\/2020\/11\/gant-dijagram.png 1583w, https:\/\/www.kendomanager.com\/wp-content\/uploads\/2020\/11\/gant-dijagram-300x104.png 300w, https:\/\/www.kendomanager.com\/wp-content\/uploads\/2020\/11\/gant-dijagram-1030x356.png 1030w, https:\/\/www.kendomanager.com\/wp-content\/uploads\/2020\/11\/gant-dijagram-768x265.png 768w, https:\/\/www.kendomanager.com\/wp-content\/uploads\/2020\/11\/gant-dijagram-1536x531.png 1536w, https:\/\/www.kendomanager.com\/wp-content\/uploads\/2020\/11\/gant-dijagram-1500x518.png 1500w, https:\/\/www.kendomanager.com\/wp-content\/uploads\/2020\/11\/gant-dijagram-705x244.png 705w\" sizes=\"auto, (max-width: 1583px) 100vw, 1583px\" \/><\/p>\n<h3>Korak 3: Dodati resurse na Kendo Manager Gantt\u00a0 chart-u<\/h3>\n<p>Zadnji korak je dodati resurse. Kada smo napravili listu aktivnosti koje treba realizovati, odredili im po\u010detak i kraj, postavili kontrolne ta\u010dke za pra\u0107enje projekta i ostaje nam da dodijelimo resurse tim aktivnostima. Korisnik u <b>Kendo Manager <\/b>-u ima mogu\u0107nost da defini\u0161e materijalne i <b>ljudske resurse<\/b> koji su uklju\u010deni u realizaciju aktivnosti u projektu.<\/p>\n<p>Kod <b>Kendo Manager Gantt chart<\/b>-a imena resursa \u0107e stajati pored aktivnosti tako da korisnik ima vizuelni prikaz dodeljenih resursa. Vizuelni prikaz resursa nam pru\u017ea mogu\u0107nost kontrole i uvid da \u00a0li smo pravilno rasporedili resurse na aktivnostima.<\/p>\n<p><img loading=\"lazy\" decoding=\"async\" class=\"alignnone wp-image-13207 size-full\" src=\"https:\/\/www.kendomanager.com\/wp-content\/uploads\/2020\/11\/gantogram-resursi.png\" alt=\"gantogram resursi\" width=\"1506\" height=\"635\" srcset=\"https:\/\/www.kendomanager.com\/wp-content\/uploads\/2020\/11\/gantogram-resursi.png 1506w, https:\/\/www.kendomanager.com\/wp-content\/uploads\/2020\/11\/gantogram-resursi-300x126.png 300w, https:\/\/www.kendomanager.com\/wp-content\/uploads\/2020\/11\/gantogram-resursi-1030x434.png 1030w, https:\/\/www.kendomanager.com\/wp-content\/uploads\/2020\/11\/gantogram-resursi-768x324.png 768w, https:\/\/www.kendomanager.com\/wp-content\/uploads\/2020\/11\/gantogram-resursi-1500x632.png 1500w, https:\/\/www.kendomanager.com\/wp-content\/uploads\/2020\/11\/gantogram-resursi-705x297.png 705w\" sizes=\"auto, (max-width: 1506px) 100vw, 1506px\" \/><\/p>\n<h2>Gantt dodatne opcije<\/h2>\n<h3>Dokumenti i fajlovi<\/h3>\n<p>Dokumenti i fajlove koji su vezani za realizaciju aktivnosti mo\u017eete uplodovati i podijeliti sa ostalim \u010dlanovima tima ili klijentima koriste\u0107i opciju dokumenti.<\/p>\n<p><img loading=\"lazy\" decoding=\"async\" class=\"alignnone wp-image-4093 size-full\" src=\"https:\/\/www.kendomanager.com\/wp-content\/uploads\/2018\/10\/Gantt-Dokumenti.png\" alt=\"dokumenti gant\" width=\"1577\" height=\"621\" srcset=\"https:\/\/www.kendomanager.com\/wp-content\/uploads\/2018\/10\/Gantt-Dokumenti.png 1577w, https:\/\/www.kendomanager.com\/wp-content\/uploads\/2018\/10\/Gantt-Dokumenti-300x118.png 300w, https:\/\/www.kendomanager.com\/wp-content\/uploads\/2018\/10\/Gantt-Dokumenti-768x302.png 768w, https:\/\/www.kendomanager.com\/wp-content\/uploads\/2018\/10\/Gantt-Dokumenti-1030x406.png 1030w, https:\/\/www.kendomanager.com\/wp-content\/uploads\/2018\/10\/Gantt-Dokumenti-1500x591.png 1500w, https:\/\/www.kendomanager.com\/wp-content\/uploads\/2018\/10\/Gantt-Dokumenti-705x278.png 705w, https:\/\/www.kendomanager.com\/wp-content\/uploads\/2018\/10\/Gantt-Dokumenti-450x177.png 450w\" sizes=\"auto, (max-width: 1577px) 100vw, 1577px\" \/><\/p>\n<h3>Gantt komentari<\/h3>\n<p>Komentari unutar gantt charta omogu\u0107avaju \u010dlanovima tima internu komunikaciju i razmjenu fajlova i dokumenta vezanu za tok aktivnosti.<\/p>\n<p><img loading=\"lazy\" decoding=\"async\" class=\"alignnone wp-image-4095 size-full\" src=\"https:\/\/www.kendomanager.com\/wp-content\/uploads\/2018\/10\/Gantt-Komentar.png\" alt=\"gant komentari\" width=\"1575\" height=\"625\" srcset=\"https:\/\/www.kendomanager.com\/wp-content\/uploads\/2018\/10\/Gantt-Komentar.png 1575w, https:\/\/www.kendomanager.com\/wp-content\/uploads\/2018\/10\/Gantt-Komentar-300x119.png 300w, https:\/\/www.kendomanager.com\/wp-content\/uploads\/2018\/10\/Gantt-Komentar-768x305.png 768w, https:\/\/www.kendomanager.com\/wp-content\/uploads\/2018\/10\/Gantt-Komentar-1030x409.png 1030w, https:\/\/www.kendomanager.com\/wp-content\/uploads\/2018\/10\/Gantt-Komentar-1500x595.png 1500w, https:\/\/www.kendomanager.com\/wp-content\/uploads\/2018\/10\/Gantt-Komentar-705x280.png 705w, https:\/\/www.kendomanager.com\/wp-content\/uploads\/2018\/10\/Gantt-Komentar-450x179.png 450w\" sizes=\"auto, (max-width: 1575px) 100vw, 1575px\" \/><\/p>\n<\/div><\/section>\n\n<style type=\"text\/css\" data-created_by=\"avia_inline_auto\" id=\"style-css-av-3myrn3-90f2ad419c376a38f5f30c9c81a08442\">\n.flex_column.av-3myrn3-90f2ad419c376a38f5f30c9c81a08442{\nborder-radius:0px 0px 0px 0px;\npadding:0px 0px 0px 0px;\n}\n<\/style>\n<div  class='flex_column av-3myrn3-90f2ad419c376a38f5f30c9c81a08442 av_one_full  avia-builder-el-1  el_after_av_textblock  el_before_av_one_full  first flex_column_div av-zero-column-padding  column-top-margin'     ><div  class='av_promobox av-2g3cdb-4ff1cf0c5d8bb3dc21089e5d82379ab6 avia-button-yes  avia-builder-el-2  avia-builder-el-no-sibling '><div class='avia-promocontent'><p>\nIsprobajte Online demo besplatno<\/p>\n<\/div><div  class='avia-button-wrap av-2g3cdb-59de9c72be18d63d50467241493f70ba-wrap avia-button-right '><a href='https:\/\/www.kendomanager.com\/sr\/cijene\/'  class='avia-button av-2g3cdb-59de9c72be18d63d50467241493f70ba av-link-btn avia-icon_select-no avia-size-large avia-position-right avia-color-theme-color'   aria-label=\"demo\"><span class='avia_iconbox_title' >demo<\/span><\/a><\/div><\/div><\/div>\n\n<style type=\"text\/css\" data-created_by=\"avia_inline_auto\" id=\"style-css-av-b9fsz-b8dfc15828ade1f80639e64cf612572a\">\n.flex_column.av-b9fsz-b8dfc15828ade1f80639e64cf612572a{\nborder-radius:0px 0px 0px 0px;\npadding:0px 0px 0px 0px;\n}\n<\/style>\n<div  class='flex_column av-b9fsz-b8dfc15828ade1f80639e64cf612572a av_one_full  avia-builder-el-3  el_after_av_one_full  avia-builder-el-last  first flex_column_div av-zero-column-padding  column-top-margin'     ><p>\n<style type=\"text\/css\" data-created_by=\"avia_inline_auto\" id=\"style-css-av-kim5sman-787b2322cd69bae03d27350785826cc9\">\n#top .av_textblock_section.av-kim5sman-787b2322cd69bae03d27350785826cc9 .avia_textblock{\ncolor:#3d3d3d;\n}\n<\/style>\n<section  class='av_textblock_section av-kim5sman-787b2322cd69bae03d27350785826cc9 '  ><div class='avia_textblock av_inherit_color' ><p><span style=\"color: #333333;\"><strong>Za vi\u0161e informacija o radu unutar Kendo Manager aplikacije kao i upravljanju administracijom pomo\u0107u Kendo Admin Panel-a kliknite na linkove ispod.<\/strong><\/span><\/p>\n<\/div><\/section><br \/>\n<div  class='avia-button-wrap avia-button-center  avia-builder-el-5  el_after_av_textblock  el_before_av_hr '>\n<style type=\"text\/css\" data-created_by=\"avia_inline_auto\" id=\"style-css-av-jotpc4g1-af4f5fe04a80f788654c6a08115f3230\">\n#top #wrap_all .avia-button.av-jotpc4g1-af4f5fe04a80f788654c6a08115f3230{\nbackground-color:#177ce8;\nborder-color:#177ce8;\ncolor:#ffffff;\ntransition:all 0.4s ease-in-out;\n}\n#top #wrap_all .avia-button.av-jotpc4g1-af4f5fe04a80f788654c6a08115f3230:hover{\ncolor:#ffffff;\ntransition:all 0.4s ease-in-out;\n}\n#top #wrap_all .avia-button.av-jotpc4g1-af4f5fe04a80f788654c6a08115f3230 .avia-svg-icon svg:first-child{\nfill:#ffffff;\nstroke:#ffffff;\n}\n#top #wrap_all .avia-button.av-jotpc4g1-af4f5fe04a80f788654c6a08115f3230:hover .avia-svg-icon svg:first-child{\nfill:#ffffff;\nstroke:#ffffff;\n}\n<\/style>\n<a href='https:\/\/www.kendomanager.com\/sr\/kendo-uputstvo-za-koristenje\/' class='avia-button avia-button-fullwidth av-jotpc4g1-af4f5fe04a80f788654c6a08115f3230 avia-icon_select-yes-left-icon avia-color-custom'   aria-label=\"Uputstvo za kori\u0161tenje Kendo Managera\"><span class='avia_button_icon avia_button_icon_left avia-iconfont avia-font-entypo-fontello' data-av_icon='\ue80b' data-av_iconfont='entypo-fontello' ><\/span><span class='avia_iconbox_title' >Uputstvo za kori\u0161tenje Kendo Managera<\/span><span class='avia_button_background avia-button avia-button-fullwidth avia-color-theme-color'><\/span><\/a><\/div><br \/>\n\n<style type=\"text\/css\" data-created_by=\"avia_inline_auto\" id=\"style-css-av-kim6ev3z-98d395d8a11ab7d214bb53c5790a1ad7\">\n#top .hr.hr-invisible.av-kim6ev3z-98d395d8a11ab7d214bb53c5790a1ad7{\nheight:20px;\n}\n<\/style>\n<div  class='hr av-kim6ev3z-98d395d8a11ab7d214bb53c5790a1ad7 hr-invisible  avia-builder-el-6  el_after_av_button_big  el_before_av_button_big  avia-builder-el-no-sibling '><span class='hr-inner '><span class=\"hr-inner-style\"><\/span><\/span><\/div><br \/>\n<div  class='avia-button-wrap avia-button-center  avia-builder-el-7  el_after_av_hr  avia-builder-el-last '>\n<style type=\"text\/css\" data-created_by=\"avia_inline_auto\" id=\"style-css-av-jotpepd1-d7753536cc130ed29a099168d1e5b154\">\n#top #wrap_all .avia-button.av-jotpepd1-d7753536cc130ed29a099168d1e5b154{\nbackground-color:#177ce8;\nborder-color:#177ce8;\ncolor:#ffffff;\ntransition:all 0.4s ease-in-out;\n}\n#top #wrap_all .avia-button.av-jotpepd1-d7753536cc130ed29a099168d1e5b154:hover{\ncolor:#ffffff;\ntransition:all 0.4s ease-in-out;\n}\n#top #wrap_all .avia-button.av-jotpepd1-d7753536cc130ed29a099168d1e5b154 .avia-svg-icon svg:first-child{\nfill:#ffffff;\nstroke:#ffffff;\n}\n#top #wrap_all .avia-button.av-jotpepd1-d7753536cc130ed29a099168d1e5b154:hover .avia-svg-icon svg:first-child{\nfill:#ffffff;\nstroke:#ffffff;\n}\n<\/style>\n<a href='https:\/\/www.kendomanager.com\/sr\/kendo-administracija\/' class='avia-button avia-button-fullwidth av-jotpepd1-d7753536cc130ed29a099168d1e5b154 avia-icon_select-yes-left-icon avia-color-custom'   aria-label=\"Kendo Manager Administracija\"><span class='avia_button_icon avia_button_icon_left avia-iconfont avia-font-entypo-fontello' data-av_icon='\ue855' data-av_iconfont='entypo-fontello' ><\/span><span class='avia_iconbox_title' >Kendo Manager Administracija<\/span><span class='avia_button_background avia-button avia-button-fullwidth avia-color-theme-color'><\/span><\/a><\/div><\/p><\/div>\n","protected":false},"excerpt":{"rendered":"","protected":false},"author":1,"featured_media":0,"parent":0,"menu_order":0,"comment_status":"closed","ping_status":"closed","template":"","meta":{"_acf_changed":false,"footnotes":""},"class_list":["post-2207","page","type-page","status-publish","hentry"],"acf":[],"_links":{"self":[{"href":"https:\/\/www.kendomanager.com\/sr\/wp-json\/wp\/v2\/pages\/2207","targetHints":{"allow":["GET"]}}],"collection":[{"href":"https:\/\/www.kendomanager.com\/sr\/wp-json\/wp\/v2\/pages"}],"about":[{"href":"https:\/\/www.kendomanager.com\/sr\/wp-json\/wp\/v2\/types\/page"}],"author":[{"embeddable":true,"href":"https:\/\/www.kendomanager.com\/sr\/wp-json\/wp\/v2\/users\/1"}],"replies":[{"embeddable":true,"href":"https:\/\/www.kendomanager.com\/sr\/wp-json\/wp\/v2\/comments?post=2207"}],"version-history":[{"count":22,"href":"https:\/\/www.kendomanager.com\/sr\/wp-json\/wp\/v2\/pages\/2207\/revisions"}],"predecessor-version":[{"id":13457,"href":"https:\/\/www.kendomanager.com\/sr\/wp-json\/wp\/v2\/pages\/2207\/revisions\/13457"}],"wp:attachment":[{"href":"https:\/\/www.kendomanager.com\/sr\/wp-json\/wp\/v2\/media?parent=2207"}],"curies":[{"name":"wp","href":"https:\/\/api.w.org\/{rel}","templated":true}]}}