{"id":213,"date":"2016-10-12T18:04:09","date_gmt":"2016-10-12T18:04:09","guid":{"rendered":"http:\/\/kendomanager.com\/?page_id=213"},"modified":"2021-02-13T23:02:57","modified_gmt":"2021-02-13T23:02:57","slug":"task","status":"publish","type":"page","link":"https:\/\/www.kendomanager.com\/sr\/task\/","title":{"rendered":"Aktivnosti (Task)"},"content":{"rendered":"<section  class='av_textblock_section av-av_textblock-ef7fdae6b3b86bd1e5936ff9fbb8ffa2 '  ><div class='avia_textblock' ><h2>Aktivnosti na projektu<\/h2>\n<p><strong>Aktivnosti na projektu<\/strong> moraju biti ostvarene posebnim redoslijedom koriste\u0107i odre\u0111ene resurse (ljudi, ma\u0161ine, materijali, tro\u0161kovi) kako bi se projekat realizovao u planiranom vremenskom okviru i u okviru planiranih tro\u0161kova.<\/p>\n<p>Kendo Manager pru\u017ea nam mogu\u0107nost evidencije projektnih aktivnosti , njihovo pra\u0107enje , dodjeljivanje \u010dlanovima tima, definisanje resursa, upload dokumenata i fajlova, komentarei komunikaciju u okviru aktivnosti i projekta u cjelini. Sve aktivnosti na projektu se vizuleno prikazuju u kalendaru projekta.<\/p>\n<h3>Plan aktivnosti na projektu<\/h3>\n<p>Najbolji na\u010din formiranja plana aktivnosti je\u00a0 da prethodno kreiramo <strong>WBS dijagram aktivnosti<\/strong>. WBS dijagram nam pokazuje poslove i zadatke koje treba uraditi da bi se jedan projekat zavr\u0161io. Kod WBS tehnike prvo se vr\u0161i struktuiranje projekta na sastavne elemente koji predstavljaju posebne dijelove projekta. WBS tehnika omogu\u0107ava nam da formiramo odgovaraju\u0107e planove realizacije u obliku <strong>gantograma<\/strong>\u00a0 ili mre\u017enog plana za upravljanje realizacijom projekata. Pomo\u0107u WBS dijagrama mo\u017eemo projekat da podjelimo na manje dijelove kojima se mo\u017ee upravljati. Najni\u017ei nivo WBS dijagrama je <strong>aktivnost (task).<\/strong>Osnova svakog projekta su <strong>aktivnosti (taskovi).<br \/>\n<\/strong><\/p>\n<h3><span class=\"st\">Gantogram aktivnosti ili klasi\u010dna lista aktivnosti<br \/>\n<\/span><\/h3>\n<p>Definisanje liste aktivnosti mo\u017eete raditi direktno u Kendo Manageru. Kendo Manager podr\u017eava oba na\u010dina rada. Korisnik mo\u017ee da bira izme\u0111u <strong>klasi\u010dnog prikaza aktivnost<\/strong>i u obliku liste aktivnosti\u00a0 ili ako \u017eeli korisnik mo\u017ee da defini\u0161e <a href=\"https:\/\/www.kendomanager.com\/sr\/kendo-gantt-projektni-softver\/\" target=\"_blank\" rel=\"noopener noreferrer\"><strong>aktivnosti kroz gant<\/strong><\/a>.<\/p>\n<p>Gantogram,\u00a0 <strong>Gant \u010dart<\/strong> (Gantt chart) ili\u00a0 <strong>Gantov dijagram<\/strong>\u00a0 je razli\u010dit naziv za jednu te istu stvar. Gantt Chart je mo\u0107an alat za upravljanje projektima jer je jednostavan, pregledan i daje vizuelni grafi\u010dki prikaz potrebnog vremena i resursa za realizaciju projekta.<\/p>\n<h5>Gant lista aktivnosti<\/h5>\n<p><img loading=\"lazy\" decoding=\"async\" class=\"alignnone size-full wp-image-4022\" src=\"https:\/\/www.kendomanager.com\/wp-content\/uploads\/2018\/10\/Gantt-aktivnosti.png\" alt=\"\" width=\"1366\" height=\"1097\" srcset=\"https:\/\/www.kendomanager.com\/wp-content\/uploads\/2018\/10\/Gantt-aktivnosti.png 1366w, https:\/\/www.kendomanager.com\/wp-content\/uploads\/2018\/10\/Gantt-aktivnosti-300x241.png 300w, https:\/\/www.kendomanager.com\/wp-content\/uploads\/2018\/10\/Gantt-aktivnosti-768x617.png 768w, https:\/\/www.kendomanager.com\/wp-content\/uploads\/2018\/10\/Gantt-aktivnosti-1030x827.png 1030w, https:\/\/www.kendomanager.com\/wp-content\/uploads\/2018\/10\/Gantt-aktivnosti-705x566.png 705w, https:\/\/www.kendomanager.com\/wp-content\/uploads\/2018\/10\/Gantt-aktivnosti-450x361.png 450w\" sizes=\"auto, (max-width: 1366px) 100vw, 1366px\" \/><\/p>\n<h5>Klasi\u010dna lista aktivnosti<\/h5>\n<p><img loading=\"lazy\" decoding=\"async\" class=\"alignnone size-full wp-image-4024\" src=\"https:\/\/www.kendomanager.com\/wp-content\/uploads\/2018\/10\/lista-aktivnosti-na-projektu.png\" alt=\"\" width=\"1366\" height=\"642\" srcset=\"https:\/\/www.kendomanager.com\/wp-content\/uploads\/2018\/10\/lista-aktivnosti-na-projektu.png 1366w, https:\/\/www.kendomanager.com\/wp-content\/uploads\/2018\/10\/lista-aktivnosti-na-projektu-300x141.png 300w, https:\/\/www.kendomanager.com\/wp-content\/uploads\/2018\/10\/lista-aktivnosti-na-projektu-768x361.png 768w, https:\/\/www.kendomanager.com\/wp-content\/uploads\/2018\/10\/lista-aktivnosti-na-projektu-1030x484.png 1030w, https:\/\/www.kendomanager.com\/wp-content\/uploads\/2018\/10\/lista-aktivnosti-na-projektu-705x331.png 705w, https:\/\/www.kendomanager.com\/wp-content\/uploads\/2018\/10\/lista-aktivnosti-na-projektu-450x211.png 450w\" sizes=\"auto, (max-width: 1366px) 100vw, 1366px\" \/><\/p>\n<h3>Aktivnosti na projektu &#8211; Osnovni podaci<\/h3>\n<p>Osnovni podaci o aktivnosti na projektu defini\u0161u datum po\u010detka i zavr\u0161etka, prioritet, progres, trajanje, vrijeme, vrijednost i opis &#8230;<\/p>\n<p><img loading=\"lazy\" decoding=\"async\" class=\"alignnone size-full wp-image-3927\" src=\"https:\/\/www.kendomanager.com\/wp-content\/uploads\/2018\/10\/Aktivnost-na-projektu-2018.png\" alt=\"\" width=\"1366\" height=\"910\" srcset=\"https:\/\/www.kendomanager.com\/wp-content\/uploads\/2018\/10\/Aktivnost-na-projektu-2018.png 1366w, https:\/\/www.kendomanager.com\/wp-content\/uploads\/2018\/10\/Aktivnost-na-projektu-2018-300x200.png 300w, https:\/\/www.kendomanager.com\/wp-content\/uploads\/2018\/10\/Aktivnost-na-projektu-2018-768x512.png 768w, https:\/\/www.kendomanager.com\/wp-content\/uploads\/2018\/10\/Aktivnost-na-projektu-2018-1030x686.png 1030w, https:\/\/www.kendomanager.com\/wp-content\/uploads\/2018\/10\/Aktivnost-na-projektu-2018-705x470.png 705w, https:\/\/www.kendomanager.com\/wp-content\/uploads\/2018\/10\/Aktivnost-na-projektu-2018-450x300.png 450w\" sizes=\"auto, (max-width: 1366px) 100vw, 1366px\" \/><\/p>\n<h3>\u010clanovi tima na aktivnostima<\/h3>\n<p>\u010clanovi tima je opcija koja nam omogu\u0107ava da dodijelimo <strong>projektne aktivnosti<\/strong> i zadataka \u010dlanovima projektnog tima koji su odgovorni za njihovu realizaciju.<\/p>\n<p><img loading=\"lazy\" decoding=\"async\" class=\"alignnone size-full wp-image-4026\" src=\"https:\/\/www.kendomanager.com\/wp-content\/uploads\/2018\/10\/aktivnost-delegirana.png\" alt=\"\" width=\"1366\" height=\"540\" srcset=\"https:\/\/www.kendomanager.com\/wp-content\/uploads\/2018\/10\/aktivnost-delegirana.png 1366w, https:\/\/www.kendomanager.com\/wp-content\/uploads\/2018\/10\/aktivnost-delegirana-300x119.png 300w, https:\/\/www.kendomanager.com\/wp-content\/uploads\/2018\/10\/aktivnost-delegirana-768x304.png 768w, https:\/\/www.kendomanager.com\/wp-content\/uploads\/2018\/10\/aktivnost-delegirana-1030x407.png 1030w, https:\/\/www.kendomanager.com\/wp-content\/uploads\/2018\/10\/aktivnost-delegirana-705x279.png 705w, https:\/\/www.kendomanager.com\/wp-content\/uploads\/2018\/10\/aktivnost-delegirana-450x178.png 450w\" sizes=\"auto, (max-width: 1366px) 100vw, 1366px\" \/><\/p>\n<h3>Resursi na projektu<\/h3>\n<p>Uspje\u0161an projektni menad\u017eer mora u\u010dinkovito upravljati dodjeljenim resursima u projektu.<br \/>\nU terminologiji <strong>upravljanja projektima<\/strong>, resursi su potrebni za obavljanje projektnih zadataka i projektni aktivnosti.Resursi mogu biti ljudi, oprema, objekati, novac, ili bilo \u0161to drugo \u0161to je potrebno za realizaciju aktivnosti na projektu.<\/p>\n<p><strong>Resursi na projektu<\/strong> defini\u0161u materijalne i ljudske resurse koji su uklju\u010deni u realizaciju aktivnosti u projektu.<\/p>\n<p><strong>Kendo Manager, softver za vo\u0111enje projekata<\/strong> pru\u017ea nam mogu\u0107nost upravljanja ljudskim i materijalnim resursima na projektu.<\/p>\n<p><img loading=\"lazy\" decoding=\"async\" class=\"alignnone size-full wp-image-4028\" src=\"https:\/\/www.kendomanager.com\/wp-content\/uploads\/2018\/10\/Resursi-na-projektu.png\" alt=\"\" width=\"1366\" height=\"696\" srcset=\"https:\/\/www.kendomanager.com\/wp-content\/uploads\/2018\/10\/Resursi-na-projektu.png 1366w, https:\/\/www.kendomanager.com\/wp-content\/uploads\/2018\/10\/Resursi-na-projektu-300x153.png 300w, https:\/\/www.kendomanager.com\/wp-content\/uploads\/2018\/10\/Resursi-na-projektu-768x391.png 768w, https:\/\/www.kendomanager.com\/wp-content\/uploads\/2018\/10\/Resursi-na-projektu-1030x525.png 1030w, https:\/\/www.kendomanager.com\/wp-content\/uploads\/2018\/10\/Resursi-na-projektu-705x359.png 705w, https:\/\/www.kendomanager.com\/wp-content\/uploads\/2018\/10\/Resursi-na-projektu-450x229.png 450w\" sizes=\"auto, (max-width: 1366px) 100vw, 1366px\" \/><\/p>\n<h3>Komentari<\/h3>\n<p>Komentari omogu\u0107avaju \u010dlanovima tima \u00a0internu komunikaciju vezanu za tok aktivnosti.<\/p>\n<p><img loading=\"lazy\" decoding=\"async\" class=\"alignnone size-full wp-image-4030\" src=\"https:\/\/www.kendomanager.com\/wp-content\/uploads\/2018\/10\/komentari-na-aktivnosti.png\" alt=\"\" width=\"1366\" height=\"899\" srcset=\"https:\/\/www.kendomanager.com\/wp-content\/uploads\/2018\/10\/komentari-na-aktivnosti.png 1366w, https:\/\/www.kendomanager.com\/wp-content\/uploads\/2018\/10\/komentari-na-aktivnosti-300x197.png 300w, https:\/\/www.kendomanager.com\/wp-content\/uploads\/2018\/10\/komentari-na-aktivnosti-768x505.png 768w, https:\/\/www.kendomanager.com\/wp-content\/uploads\/2018\/10\/komentari-na-aktivnosti-1030x678.png 1030w, https:\/\/www.kendomanager.com\/wp-content\/uploads\/2018\/10\/komentari-na-aktivnosti-705x464.png 705w, https:\/\/www.kendomanager.com\/wp-content\/uploads\/2018\/10\/komentari-na-aktivnosti-450x296.png 450w\" sizes=\"auto, (max-width: 1366px) 100vw, 1366px\" \/><\/p>\n<h3>Dokumenti o aktivnosti na projektu<\/h3>\n<p>Opcija dokumenti nam pru\u017ea mogu\u0107nost uploada i pohranjivanja dokumenta vezanih za aktivnost i njihovo djeljenje sa \u010dlanovima tima.<\/p>\n<p><img loading=\"lazy\" decoding=\"async\" class=\"alignnone size-full wp-image-4032\" src=\"https:\/\/www.kendomanager.com\/wp-content\/uploads\/2018\/10\/aktivnost-dokumenti.png\" alt=\"\" width=\"1366\" height=\"718\" srcset=\"https:\/\/www.kendomanager.com\/wp-content\/uploads\/2018\/10\/aktivnost-dokumenti.png 1366w, https:\/\/www.kendomanager.com\/wp-content\/uploads\/2018\/10\/aktivnost-dokumenti-300x158.png 300w, https:\/\/www.kendomanager.com\/wp-content\/uploads\/2018\/10\/aktivnost-dokumenti-768x404.png 768w, https:\/\/www.kendomanager.com\/wp-content\/uploads\/2018\/10\/aktivnost-dokumenti-1030x541.png 1030w, https:\/\/www.kendomanager.com\/wp-content\/uploads\/2018\/10\/aktivnost-dokumenti-705x371.png 705w, https:\/\/www.kendomanager.com\/wp-content\/uploads\/2018\/10\/aktivnost-dokumenti-450x237.png 450w\" sizes=\"auto, (max-width: 1366px) 100vw, 1366px\" \/><\/p>\n<h3>Reorder podaktivnosti na projektu<\/h3>\n<p>Reorder podaktivnosti nam omogu\u0107ava da izvr\u0161imo promenu\u00a0redoslijeda podaktivnosti na projektu.<\/p>\n<p><img loading=\"lazy\" decoding=\"async\" class=\"alignnone size-full wp-image-4034\" src=\"https:\/\/www.kendomanager.com\/wp-content\/uploads\/2018\/10\/reorder-podaktivnosti.png\" alt=\"\" width=\"1366\" height=\"466\" srcset=\"https:\/\/www.kendomanager.com\/wp-content\/uploads\/2018\/10\/reorder-podaktivnosti.png 1366w, https:\/\/www.kendomanager.com\/wp-content\/uploads\/2018\/10\/reorder-podaktivnosti-300x102.png 300w, https:\/\/www.kendomanager.com\/wp-content\/uploads\/2018\/10\/reorder-podaktivnosti-768x262.png 768w, https:\/\/www.kendomanager.com\/wp-content\/uploads\/2018\/10\/reorder-podaktivnosti-1030x351.png 1030w, https:\/\/www.kendomanager.com\/wp-content\/uploads\/2018\/10\/reorder-podaktivnosti-705x241.png 705w, https:\/\/www.kendomanager.com\/wp-content\/uploads\/2018\/10\/reorder-podaktivnosti-450x154.png 450w\" sizes=\"auto, (max-width: 1366px) 100vw, 1366px\" \/><\/p>\n<\/div><\/section>\n\n<style type=\"text\/css\" data-created_by=\"avia_inline_auto\" id=\"style-css-av-b9fsz-b8dfc15828ade1f80639e64cf612572a\">\n.flex_column.av-b9fsz-b8dfc15828ade1f80639e64cf612572a{\nborder-radius:0px 0px 0px 0px;\npadding:0px 0px 0px 0px;\n}\n<\/style>\n<div  class='flex_column av-b9fsz-b8dfc15828ade1f80639e64cf612572a av_one_full  avia-builder-el-1  el_after_av_textblock  avia-builder-el-last  first flex_column_div av-zero-column-padding  column-top-margin'     ><p>\n<style type=\"text\/css\" data-created_by=\"avia_inline_auto\" id=\"style-css-av-kim5sman-787b2322cd69bae03d27350785826cc9\">\n#top .av_textblock_section.av-kim5sman-787b2322cd69bae03d27350785826cc9 .avia_textblock{\ncolor:#3d3d3d;\n}\n<\/style>\n<section  class='av_textblock_section av-kim5sman-787b2322cd69bae03d27350785826cc9 '  ><div class='avia_textblock av_inherit_color' ><p><span style=\"color: #333333;\"><strong>Za vi\u0161e informacija o radu unutar Kendo Manager aplikacije kao i upravljanju administracijom pomo\u0107u Kendo Admin Panel-a kliknite na linkove ispod.<\/strong><\/span><\/p>\n<\/div><\/section><br \/>\n<div  class='avia-button-wrap avia-button-center  avia-builder-el-3  el_after_av_textblock  el_before_av_hr '>\n<style type=\"text\/css\" data-created_by=\"avia_inline_auto\" id=\"style-css-av-jotpc4g1-af4f5fe04a80f788654c6a08115f3230\">\n#top #wrap_all .avia-button.av-jotpc4g1-af4f5fe04a80f788654c6a08115f3230{\nbackground-color:#177ce8;\nborder-color:#177ce8;\ncolor:#ffffff;\ntransition:all 0.4s ease-in-out;\n}\n#top #wrap_all .avia-button.av-jotpc4g1-af4f5fe04a80f788654c6a08115f3230:hover{\ncolor:#ffffff;\ntransition:all 0.4s ease-in-out;\n}\n#top #wrap_all .avia-button.av-jotpc4g1-af4f5fe04a80f788654c6a08115f3230 .avia-svg-icon svg:first-child{\nfill:#ffffff;\nstroke:#ffffff;\n}\n#top #wrap_all .avia-button.av-jotpc4g1-af4f5fe04a80f788654c6a08115f3230:hover .avia-svg-icon svg:first-child{\nfill:#ffffff;\nstroke:#ffffff;\n}\n<\/style>\n<a href='https:\/\/www.kendomanager.com\/sr\/kendo-uputstvo-za-koristenje\/' class='avia-button avia-button-fullwidth av-jotpc4g1-af4f5fe04a80f788654c6a08115f3230 avia-icon_select-yes-left-icon avia-color-custom'   aria-label=\"Uputstvo za kori\u0161tenje Kendo Managera\"><span class='avia_button_icon avia_button_icon_left avia-iconfont avia-font-entypo-fontello' data-av_icon='\ue80b' data-av_iconfont='entypo-fontello' ><\/span><span class='avia_iconbox_title' >Uputstvo za kori\u0161tenje Kendo Managera<\/span><span class='avia_button_background avia-button avia-button-fullwidth avia-color-theme-color'><\/span><\/a><\/div><br \/>\n\n<style type=\"text\/css\" data-created_by=\"avia_inline_auto\" id=\"style-css-av-kim6ev3z-98d395d8a11ab7d214bb53c5790a1ad7\">\n#top .hr.hr-invisible.av-kim6ev3z-98d395d8a11ab7d214bb53c5790a1ad7{\nheight:20px;\n}\n<\/style>\n<div  class='hr av-kim6ev3z-98d395d8a11ab7d214bb53c5790a1ad7 hr-invisible  avia-builder-el-4  el_after_av_button_big  el_before_av_button_big  avia-builder-el-no-sibling '><span class='hr-inner '><span class=\"hr-inner-style\"><\/span><\/span><\/div><br \/>\n<div  class='avia-button-wrap avia-button-center  avia-builder-el-5  el_after_av_hr  avia-builder-el-last '>\n<style type=\"text\/css\" data-created_by=\"avia_inline_auto\" id=\"style-css-av-jotpepd1-d7753536cc130ed29a099168d1e5b154\">\n#top #wrap_all .avia-button.av-jotpepd1-d7753536cc130ed29a099168d1e5b154{\nbackground-color:#177ce8;\nborder-color:#177ce8;\ncolor:#ffffff;\ntransition:all 0.4s ease-in-out;\n}\n#top #wrap_all .avia-button.av-jotpepd1-d7753536cc130ed29a099168d1e5b154:hover{\ncolor:#ffffff;\ntransition:all 0.4s ease-in-out;\n}\n#top #wrap_all .avia-button.av-jotpepd1-d7753536cc130ed29a099168d1e5b154 .avia-svg-icon svg:first-child{\nfill:#ffffff;\nstroke:#ffffff;\n}\n#top #wrap_all .avia-button.av-jotpepd1-d7753536cc130ed29a099168d1e5b154:hover .avia-svg-icon svg:first-child{\nfill:#ffffff;\nstroke:#ffffff;\n}\n<\/style>\n<a href='https:\/\/www.kendomanager.com\/sr\/kendo-administracija\/' class='avia-button avia-button-fullwidth av-jotpepd1-d7753536cc130ed29a099168d1e5b154 avia-icon_select-yes-left-icon avia-color-custom'   aria-label=\"Kendo Manager Administracija\"><span class='avia_button_icon avia_button_icon_left avia-iconfont avia-font-entypo-fontello' data-av_icon='\ue855' data-av_iconfont='entypo-fontello' ><\/span><span class='avia_iconbox_title' >Kendo Manager Administracija<\/span><span class='avia_button_background avia-button avia-button-fullwidth avia-color-theme-color'><\/span><\/a><\/div><\/p><\/div>\n","protected":false},"excerpt":{"rendered":"","protected":false},"author":1,"featured_media":0,"parent":0,"menu_order":0,"comment_status":"closed","ping_status":"closed","template":"","meta":{"_acf_changed":false,"footnotes":""},"class_list":["post-213","page","type-page","status-publish","hentry"],"acf":[],"_links":{"self":[{"href":"https:\/\/www.kendomanager.com\/sr\/wp-json\/wp\/v2\/pages\/213","targetHints":{"allow":["GET"]}}],"collection":[{"href":"https:\/\/www.kendomanager.com\/sr\/wp-json\/wp\/v2\/pages"}],"about":[{"href":"https:\/\/www.kendomanager.com\/sr\/wp-json\/wp\/v2\/types\/page"}],"author":[{"embeddable":true,"href":"https:\/\/www.kendomanager.com\/sr\/wp-json\/wp\/v2\/users\/1"}],"replies":[{"embeddable":true,"href":"https:\/\/www.kendomanager.com\/sr\/wp-json\/wp\/v2\/comments?post=213"}],"version-history":[{"count":17,"href":"https:\/\/www.kendomanager.com\/sr\/wp-json\/wp\/v2\/pages\/213\/revisions"}],"predecessor-version":[{"id":13455,"href":"https:\/\/www.kendomanager.com\/sr\/wp-json\/wp\/v2\/pages\/213\/revisions\/13455"}],"wp:attachment":[{"href":"https:\/\/www.kendomanager.com\/sr\/wp-json\/wp\/v2\/media?parent=213"}],"curies":[{"name":"wp","href":"https:\/\/api.w.org\/{rel}","templated":true}]}}