{"id":195,"date":"2016-10-12T17:56:44","date_gmt":"2016-10-12T17:56:44","guid":{"rendered":"http:\/\/kendomanager.com\/?page_id=195"},"modified":"2021-02-13T22:45:12","modified_gmt":"2021-02-13T22:45:12","slug":"logicka-matrica","status":"publish","type":"page","link":"https:\/\/www.kendomanager.com\/sr\/logicka-matrica\/","title":{"rendered":"Logi\u010dka matrica"},"content":{"rendered":"<section  class='av_textblock_section av-av_textblock-ef7fdae6b3b86bd1e5936ff9fbb8ffa2 '  ><div class='avia_textblock' ><p>Logi\u010dka matrica\u00a0predstavlja analiti\u010dki proces i skup alata koji se koriste kao podr\u0161ka procesu planiranja u upravljanja projektom prema definisanim ciljevima.<\/p>\n<h2>Logi\u010dka matrica unutar Kendo Menad\u017eera<\/h2>\n<p>Logi\u010dki okvir razvijen je 1969 godine za potrebe Ameri\u010dke agencije za me\u0111unarodni razvoj<a href=\"https:\/\/www.usaid.gov\/\" target=\"_blank\" rel=\"noopener noreferrer\"> (USAID)<\/a> . U periodu 1970 do 1971 godine ovaj alat je na\u0161ao primjenu u preko 30 zemalja. <strong>Logi\u010dkog matrica<\/strong> je na\u0161la \u0161iroku primjenu u me\u0111unarodnim donatorskim organizacijama poput: <a href=\"http:\/\/www.aecid.es\/EN\/aecid\" target=\"_blank\" rel=\"noopener noreferrer\">AECID<\/a> , <a href=\"https:\/\/www.giz.de\/\" target=\"_blank\" rel=\"noopener noreferrer\">GIZ<\/a> , <a href=\"http:\/\/www.sida.se\/English\/?epieditmode=true\" target=\"_blank\" rel=\"noopener noreferrer\">SIDA<\/a>, <a href=\"https:\/\/www.norad.no\/en\/front\/\" target=\"_blank\" rel=\"noopener noreferrer\">NORAD<\/a> , <a href=\"https:\/\/www.gov.uk\/government\/organisations\/department-for-international-development\" target=\"_blank\" rel=\"noopener noreferrer\">DFID<\/a> , <a href=\"http:\/\/www.undp.org\/\" target=\"_blank\" rel=\"noopener noreferrer\">UNDP\u00a0<\/a> i <a href=\"http:\/\/www.iadb.org\" target=\"_blank\" rel=\"noopener noreferrer\">Inter-American Development Bank<\/a>.<\/p>\n<p>Logi\u010dka matrica (LFA) je alat za upravljanje koji se uglavnom koristi za projektovanje, nadzor i evaluaciju me\u0111unarodnih razvojnih projekata, koja je samim ti i dio <strong>Kendo Manager<\/strong> softvera za upravljanje projektima.<\/p>\n<p>Upravljanje projektnim ciklusom (PCM) koristi logi\u010dki okvir projekta. Logi\u010dki okvir je analiti\u010dki i alat za upravljanje koji se sada koristi (u jednom ili drugom obliku) od ve\u0107ine multilateralnih i bilateralnih agencija, me\u0111unarodnih nevladinih organizacija i od strane mnogih partnerskih vlada za upravljanje razvojnih projekata.<\/p>\n<p><strong>Upravljanje projektnim ciklusom<\/strong> ili Project Cycle Management (PCM) jedinstvena je metodologija kojom se planiraju i sprovode prvenstveno\u00a0<a href=\"https:\/\/www.kendomanager.com\/sr\/eu-projekti-njihova-realizacija-uz-pomoc-kendo-manager-softvera\/\"><strong>EU projekti<\/strong><\/a> i <strong>IPA Projekti.<\/strong> Ovi projekti su projekti koji se finansiraju iz razli\u010ditih fondova Evropske unije. Imaju\u0107i u vidu va\u017enost EU projekata, a samim tim i upravljanja projektnim ciklusom, <strong>Kendo Manager<\/strong> je jednostavno re\u0161enje, koje mo\u017eete isprobati i besplatno na manjim projektima.<\/p>\n<p>Lokalne samouprave sve \u010de\u0161\u0107e apliciraju na <strong>EU projekte<\/strong> i <strong>IPA projekte<\/strong>\u00a0i na taj \u00a0na\u010din obezbe\u0111uju \u00a0sredstava za razvoj svoje lokalne zajednice. Realizacija <strong>EU projekata<\/strong> i <strong>IPA projekta<\/strong> zahtijeva dobru organizaciju i komunikaciju na projektima. S obzirom na kompleksnost i va\u017enost pripreme i vo\u0111enja <strong>EU projekata<\/strong> kao i <strong>IPA projekata,<\/strong>\u00a0<a href=\"https:\/\/www.kendomanager.com\/sr\/\"><strong>Kendo Manager Softver<\/strong><\/a> za upravljanje projektima doprinosi boljoj organizaciji i komunikaciji kojim se mo\u017ee obezbediti kontinuirani monitoring na samom projektu. Bilo da je to monitoring resursa (kako materijalnih resursa tako i ljudskih resursa) ili monitoring toka projekta.<\/p>\n<h3>Opcija logi\u010dka matrica<\/h3>\n<p>Na slici ispod prikazana je Logi\u010dka matrica unutar <strong>Kendo Menad\u017eera<\/strong>, softvera za <a href=\"https:\/\/www.kendomanager.com\/sr\/upravljanje-projektima-u-par-koraka-sa-kendo-manager-softverom\/\">upravljanje projektima<\/a>.<\/p>\n<p><img loading=\"lazy\" decoding=\"async\" class=\"alignnone size-full wp-image-4008\" src=\"https:\/\/www.kendomanager.com\/wp-content\/uploads\/2018\/10\/logicka-matrica.png\" alt=\"\" width=\"1366\" height=\"1159\" srcset=\"https:\/\/www.kendomanager.com\/wp-content\/uploads\/2018\/10\/logicka-matrica.png 1366w, https:\/\/www.kendomanager.com\/wp-content\/uploads\/2018\/10\/logicka-matrica-300x255.png 300w, https:\/\/www.kendomanager.com\/wp-content\/uploads\/2018\/10\/logicka-matrica-768x652.png 768w, https:\/\/www.kendomanager.com\/wp-content\/uploads\/2018\/10\/logicka-matrica-1030x874.png 1030w, https:\/\/www.kendomanager.com\/wp-content\/uploads\/2018\/10\/logicka-matrica-705x598.png 705w, https:\/\/www.kendomanager.com\/wp-content\/uploads\/2018\/10\/logicka-matrica-450x382.png 450w\" sizes=\"auto, (max-width: 1366px) 100vw, 1366px\" \/><\/p>\n<\/div><\/section>\n\n<style type=\"text\/css\" data-created_by=\"avia_inline_auto\" id=\"style-css-av-b9fsz-b8dfc15828ade1f80639e64cf612572a\">\n.flex_column.av-b9fsz-b8dfc15828ade1f80639e64cf612572a{\nborder-radius:0px 0px 0px 0px;\npadding:0px 0px 0px 0px;\n}\n<\/style>\n<div  class='flex_column av-b9fsz-b8dfc15828ade1f80639e64cf612572a av_one_full  avia-builder-el-1  el_after_av_textblock  avia-builder-el-last  first flex_column_div av-zero-column-padding  column-top-margin'     ><p>\n<style type=\"text\/css\" data-created_by=\"avia_inline_auto\" id=\"style-css-av-kim5sman-787b2322cd69bae03d27350785826cc9\">\n#top .av_textblock_section.av-kim5sman-787b2322cd69bae03d27350785826cc9 .avia_textblock{\ncolor:#3d3d3d;\n}\n<\/style>\n<section  class='av_textblock_section av-kim5sman-787b2322cd69bae03d27350785826cc9 '  ><div class='avia_textblock av_inherit_color' ><p><span style=\"color: #333333;\"><strong>Za vi\u0161e informacija o radu unutar Kendo Manager aplikacije kao i upravljanju administracijom pomo\u0107u Kendo Admin Panel-a kliknite na linkove ispod.<\/strong><\/span><\/p>\n<\/div><\/section><br \/>\n<div  class='avia-button-wrap avia-button-center  avia-builder-el-3  el_after_av_textblock  el_before_av_hr '>\n<style type=\"text\/css\" data-created_by=\"avia_inline_auto\" id=\"style-css-av-jotpc4g1-af4f5fe04a80f788654c6a08115f3230\">\n#top #wrap_all .avia-button.av-jotpc4g1-af4f5fe04a80f788654c6a08115f3230{\nbackground-color:#177ce8;\nborder-color:#177ce8;\ncolor:#ffffff;\ntransition:all 0.4s ease-in-out;\n}\n#top #wrap_all .avia-button.av-jotpc4g1-af4f5fe04a80f788654c6a08115f3230:hover{\ncolor:#ffffff;\ntransition:all 0.4s ease-in-out;\n}\n#top #wrap_all .avia-button.av-jotpc4g1-af4f5fe04a80f788654c6a08115f3230 .avia-svg-icon svg:first-child{\nfill:#ffffff;\nstroke:#ffffff;\n}\n#top #wrap_all .avia-button.av-jotpc4g1-af4f5fe04a80f788654c6a08115f3230:hover .avia-svg-icon svg:first-child{\nfill:#ffffff;\nstroke:#ffffff;\n}\n<\/style>\n<a href='https:\/\/www.kendomanager.com\/sr\/kendo-uputstvo-za-koristenje\/' class='avia-button avia-button-fullwidth av-jotpc4g1-af4f5fe04a80f788654c6a08115f3230 avia-icon_select-yes-left-icon avia-color-custom'   aria-label=\"Uputstvo za kori\u0161tenje Kendo Managera\"><span class='avia_button_icon avia_button_icon_left avia-iconfont avia-font-entypo-fontello' data-av_icon='\ue80b' data-av_iconfont='entypo-fontello' ><\/span><span class='avia_iconbox_title' >Uputstvo za kori\u0161tenje Kendo Managera<\/span><span class='avia_button_background avia-button avia-button-fullwidth avia-color-theme-color'><\/span><\/a><\/div><br \/>\n\n<style type=\"text\/css\" data-created_by=\"avia_inline_auto\" id=\"style-css-av-kim6ev3z-98d395d8a11ab7d214bb53c5790a1ad7\">\n#top .hr.hr-invisible.av-kim6ev3z-98d395d8a11ab7d214bb53c5790a1ad7{\nheight:20px;\n}\n<\/style>\n<div  class='hr av-kim6ev3z-98d395d8a11ab7d214bb53c5790a1ad7 hr-invisible  avia-builder-el-4  el_after_av_button_big  el_before_av_button_big  avia-builder-el-no-sibling '><span class='hr-inner '><span class=\"hr-inner-style\"><\/span><\/span><\/div><br \/>\n<div  class='avia-button-wrap avia-button-center  avia-builder-el-5  el_after_av_hr  avia-builder-el-last '>\n<style type=\"text\/css\" data-created_by=\"avia_inline_auto\" id=\"style-css-av-jotpepd1-d7753536cc130ed29a099168d1e5b154\">\n#top #wrap_all .avia-button.av-jotpepd1-d7753536cc130ed29a099168d1e5b154{\nbackground-color:#177ce8;\nborder-color:#177ce8;\ncolor:#ffffff;\ntransition:all 0.4s ease-in-out;\n}\n#top #wrap_all .avia-button.av-jotpepd1-d7753536cc130ed29a099168d1e5b154:hover{\ncolor:#ffffff;\ntransition:all 0.4s ease-in-out;\n}\n#top #wrap_all .avia-button.av-jotpepd1-d7753536cc130ed29a099168d1e5b154 .avia-svg-icon svg:first-child{\nfill:#ffffff;\nstroke:#ffffff;\n}\n#top #wrap_all .avia-button.av-jotpepd1-d7753536cc130ed29a099168d1e5b154:hover .avia-svg-icon svg:first-child{\nfill:#ffffff;\nstroke:#ffffff;\n}\n<\/style>\n<a href='https:\/\/www.kendomanager.com\/sr\/kendo-administracija\/' class='avia-button avia-button-fullwidth av-jotpepd1-d7753536cc130ed29a099168d1e5b154 avia-icon_select-yes-left-icon avia-color-custom'   aria-label=\"Kendo Manager Administracija\"><span class='avia_button_icon avia_button_icon_left avia-iconfont avia-font-entypo-fontello' data-av_icon='\ue855' data-av_iconfont='entypo-fontello' ><\/span><span class='avia_iconbox_title' >Kendo Manager Administracija<\/span><span class='avia_button_background avia-button avia-button-fullwidth avia-color-theme-color'><\/span><\/a><\/div><\/p><\/div>\n","protected":false},"excerpt":{"rendered":"","protected":false},"author":1,"featured_media":0,"parent":0,"menu_order":0,"comment_status":"closed","ping_status":"closed","template":"","meta":{"_acf_changed":false,"footnotes":""},"class_list":["post-195","page","type-page","status-publish","hentry"],"acf":[],"_links":{"self":[{"href":"https:\/\/www.kendomanager.com\/sr\/wp-json\/wp\/v2\/pages\/195","targetHints":{"allow":["GET"]}}],"collection":[{"href":"https:\/\/www.kendomanager.com\/sr\/wp-json\/wp\/v2\/pages"}],"about":[{"href":"https:\/\/www.kendomanager.com\/sr\/wp-json\/wp\/v2\/types\/page"}],"author":[{"embeddable":true,"href":"https:\/\/www.kendomanager.com\/sr\/wp-json\/wp\/v2\/users\/1"}],"replies":[{"embeddable":true,"href":"https:\/\/www.kendomanager.com\/sr\/wp-json\/wp\/v2\/comments?post=195"}],"version-history":[{"count":12,"href":"https:\/\/www.kendomanager.com\/sr\/wp-json\/wp\/v2\/pages\/195\/revisions"}],"predecessor-version":[{"id":13449,"href":"https:\/\/www.kendomanager.com\/sr\/wp-json\/wp\/v2\/pages\/195\/revisions\/13449"}],"wp:attachment":[{"href":"https:\/\/www.kendomanager.com\/sr\/wp-json\/wp\/v2\/media?parent=195"}],"curies":[{"name":"wp","href":"https:\/\/api.w.org\/{rel}","templated":true}]}}