{"id":187,"date":"2016-10-12T17:55:58","date_gmt":"2016-10-12T17:55:58","guid":{"rendered":"http:\/\/kendomanager.com\/?page_id=187"},"modified":"2021-02-07T12:20:25","modified_gmt":"2021-02-07T12:20:25","slug":"korisnici-projekta","status":"publish","type":"page","link":"https:\/\/www.kendomanager.com\/sr\/korisnici-projekta\/","title":{"rendered":"Korisnici projekta"},"content":{"rendered":"<section  class='av_textblock_section av-ghqdf-cab23b29b5574d46a2cecd3526e17127 '  ><div class='avia_textblock' ><p><strong>Opcija korisnici projekta<\/strong> se koriste kod <strong>socijalnih i dru\u0161tvenih\u00a0 projekata<\/strong> a defini\u0161e korisnike sredstava projekta.<\/p>\n<h3>\u00a0Korisnici projekta<\/h3>\n<p>Korisnici projekti\u00a0 su grupe ljudi sa zajedni\u010dkim karakteristikama\u00a0 ili sli\u010dnim \u017eivotnim situacijama . To mogu biti mladi, nezaposleni mu\u0161karci, samohrane majke &#8230;<\/p>\n<p>Ova opcija se koristi po potrebi i kod upravljanja drugim vrstama projekata.<\/p>\n<h3>Korisnici projektnih sredstava<\/h3>\n<p><img loading=\"lazy\" decoding=\"async\" class=\"alignnone size-full wp-image-3992\" src=\"https:\/\/www.kendomanager.com\/wp-content\/uploads\/2018\/10\/Korisnici-projekta-sr.png\" alt=\"\" width=\"1366\" height=\"532\" srcset=\"https:\/\/www.kendomanager.com\/wp-content\/uploads\/2018\/10\/Korisnici-projekta-sr.png 1366w, https:\/\/www.kendomanager.com\/wp-content\/uploads\/2018\/10\/Korisnici-projekta-sr-300x117.png 300w, https:\/\/www.kendomanager.com\/wp-content\/uploads\/2018\/10\/Korisnici-projekta-sr-768x299.png 768w, https:\/\/www.kendomanager.com\/wp-content\/uploads\/2018\/10\/Korisnici-projekta-sr-1030x401.png 1030w, https:\/\/www.kendomanager.com\/wp-content\/uploads\/2018\/10\/Korisnici-projekta-sr-705x275.png 705w, https:\/\/www.kendomanager.com\/wp-content\/uploads\/2018\/10\/Korisnici-projekta-sr-450x175.png 450w\" sizes=\"auto, (max-width: 1366px) 100vw, 1366px\" \/><\/p>\n<\/div><\/section>\n<div  class='hr av-pjwb-cd6eb16bf201c0f4c483e49a18967518 hr-default  avia-builder-el-1  el_after_av_textblock  el_before_av_textblock '><span class='hr-inner '><span class=\"hr-inner-style\"><\/span><\/span><\/div>\n<section  class='av_textblock_section av-kj68wwzg-c5449fc32f3804c8a4fddc9dccf2557e '  ><div class='avia_textblock' ><h3 class=\"title style-scope ytd-video-primary-info-renderer\">Za detaljne instrukcije\u00a0 &#8222;Kako kreirati korisnika u Kendo Manageru&#8220; kliknite na link <span style=\"color: #2f8bb5;\"><a style=\"color: #2f8bb5;\" href=\"https:\/\/www.kendomanager.com\/sr\/kreiranje-korisnika-uputstvo\/\">https:\/\/www.kendomanager.com\/sr\/kreiranje-korisnika-uputstvo\/<\/a><\/span>\u00a0 ili pogledajte video ispod:<\/h3>\n<div><\/div>\n<\/div><\/section>\n<div  class='avia-video av-kj6907b4-bf3ec3fe9eca92bdd432047a1714e8fc avia-video-16-9 av-no-preview-image avia-video-load-always av-lazyload-immediate av-lazyload-video-embed'  data-original_url='https:\/\/www.youtube.com\/watch?v=sMGh30nwrCw&amp;list=PLQ8lkJiSnCYRidMNCA0wGVazGLgkkQjb4&amp;index=6'><script type='text\/html' class='av-video-tmpl'><div class='avia-iframe-wrap'><iframe loading=\"lazy\" title=\"Uputstvo: Kako kreirati korisnika u Kendo Manageru\" width=\"1500\" height=\"844\" src=\"https:\/\/www.youtube.com\/embed\/sMGh30nwrCw?list=PLQ8lkJiSnCYRidMNCA0wGVazGLgkkQjb4&autoplay=0&loop=0&controls=1&mute=0\" frameborder=\"0\" allow=\"accelerometer; autoplay; clipboard-write; encrypted-media; gyroscope; picture-in-picture\" allowfullscreen><\/iframe><\/div><\/script><div class='av-click-to-play-overlay'><div class=\"avia_playpause_icon\"><\/div><\/div><\/div>\n","protected":false},"excerpt":{"rendered":"","protected":false},"author":1,"featured_media":0,"parent":0,"menu_order":0,"comment_status":"closed","ping_status":"closed","template":"","meta":{"_acf_changed":false,"footnotes":""},"class_list":["post-187","page","type-page","status-publish","hentry"],"acf":[],"_links":{"self":[{"href":"https:\/\/www.kendomanager.com\/sr\/wp-json\/wp\/v2\/pages\/187","targetHints":{"allow":["GET"]}}],"collection":[{"href":"https:\/\/www.kendomanager.com\/sr\/wp-json\/wp\/v2\/pages"}],"about":[{"href":"https:\/\/www.kendomanager.com\/sr\/wp-json\/wp\/v2\/types\/page"}],"author":[{"embeddable":true,"href":"https:\/\/www.kendomanager.com\/sr\/wp-json\/wp\/v2\/users\/1"}],"replies":[{"embeddable":true,"href":"https:\/\/www.kendomanager.com\/sr\/wp-json\/wp\/v2\/comments?post=187"}],"version-history":[{"count":10,"href":"https:\/\/www.kendomanager.com\/sr\/wp-json\/wp\/v2\/pages\/187\/revisions"}],"predecessor-version":[{"id":13319,"href":"https:\/\/www.kendomanager.com\/sr\/wp-json\/wp\/v2\/pages\/187\/revisions\/13319"}],"wp:attachment":[{"href":"https:\/\/www.kendomanager.com\/sr\/wp-json\/wp\/v2\/media?parent=187"}],"curies":[{"name":"wp","href":"https:\/\/api.w.org\/{rel}","templated":true}]}}