{"id":177,"date":"2016-10-12T17:54:08","date_gmt":"2016-10-12T17:54:08","guid":{"rendered":"http:\/\/kendomanager.com\/?page_id=177"},"modified":"2020-12-26T21:09:33","modified_gmt":"2020-12-26T21:09:33","slug":"projektni-meni","status":"publish","type":"page","link":"https:\/\/www.kendomanager.com\/sr\/projektni-meni\/","title":{"rendered":"Projektni meni"},"content":{"rendered":"<section  class='av_textblock_section av-av_textblock-ef7fdae6b3b86bd1e5936ff9fbb8ffa2 '  ><div class='avia_textblock' ><p>Kendo Manager Osnovni meni Projekta slu\u017ei za definisanje osnovnih informacija o projektu.<\/p>\n<h3>Kendo Manager Osnovni Meni projekta sadr\u017ei slede\u0107e opcija projekta:<\/h3>\n<ul>\n<li><strong>Osnovni podaci<\/strong> -Defini\u0161u se osnovni podaci o projektu(broj projekta ,vrijednost projekta..)<\/li>\n<li><strong>Projektni Tim<\/strong> -Opcija \u010dlanovi projektnog tima omogu\u0107ava nam da dodijelimo na projekat osobe koje rade na projektu ,defini\u0161emo Projektnog menad\u017eera&#8230;<\/li>\n<li><strong>Kalendar projektnih aktivnosti<\/strong> &#8211; Predstavlja vremensko i vizuleno prikazivanje aktivnosti(Task) u formi kalendara<\/li>\n<li><strong>Vlasnik Projekta<\/strong> &#8211; Defini\u0161emo klijenta, instituciju,organizaciju ili kompaniju koja je vlasnik projekta<\/li>\n<li><strong>Korisnici Projekta<\/strong> &#8211; Defini\u0161emo ko su korisnici sredstava projekta<\/li>\n<li><strong>Bud\u017eet<\/strong> -Omogu\u0107ava kreiranje bud\u017eeta projekta u razli\u010ditim valutama kao i formiranje prera\u010dunate vrijednosti projekta u valuti projekta<\/li>\n<li><strong>Demografski podaci<\/strong> &#8211; Pru\u017ea nam mogu\u0107nost evidentiranje gendera projekta<\/li>\n<li><strong>Dokumenti<\/strong> &#8211; Projektnu dokumentaciju mogu\u0107e je pohraniti na server u okviru projektne dokumentacije<\/li>\n<li><strong>Logi\u010dka matrica<\/strong>-Evidentiranje i kreiranje logi\u010dke matrice kao i njenu istoriju<\/li>\n<li><strong>Aktivnosti prvog reda<\/strong>-Omogu\u0107ava reorder odnosno promenu redoslijeda aktivnosti<\/li>\n<\/ul>\n<p><img loading=\"lazy\" decoding=\"async\" class=\"alignnone size-full wp-image-3919\" src=\"https:\/\/www.kendomanager.com\/wp-content\/uploads\/2018\/10\/Osnovni-podaci-o-projektu-sr.png\" alt=\"\" width=\"1366\" height=\"816\" srcset=\"https:\/\/www.kendomanager.com\/wp-content\/uploads\/2018\/10\/Osnovni-podaci-o-projektu-sr.png 1366w, https:\/\/www.kendomanager.com\/wp-content\/uploads\/2018\/10\/Osnovni-podaci-o-projektu-sr-300x179.png 300w, https:\/\/www.kendomanager.com\/wp-content\/uploads\/2018\/10\/Osnovni-podaci-o-projektu-sr-768x459.png 768w, https:\/\/www.kendomanager.com\/wp-content\/uploads\/2018\/10\/Osnovni-podaci-o-projektu-sr-1030x615.png 1030w, https:\/\/www.kendomanager.com\/wp-content\/uploads\/2018\/10\/Osnovni-podaci-o-projektu-sr-705x421.png 705w, https:\/\/www.kendomanager.com\/wp-content\/uploads\/2018\/10\/Osnovni-podaci-o-projektu-sr-450x269.png 450w\" sizes=\"auto, (max-width: 1366px) 100vw, 1366px\" \/><\/p>\n<\/div><\/section>\n\n<style type=\"text\/css\" data-created_by=\"avia_inline_auto\" id=\"style-css-av-b9fsz-b8dfc15828ade1f80639e64cf612572a\">\n.flex_column.av-b9fsz-b8dfc15828ade1f80639e64cf612572a{\nborder-radius:0px 0px 0px 0px;\npadding:0px 0px 0px 0px;\n}\n<\/style>\n<div  class='flex_column av-b9fsz-b8dfc15828ade1f80639e64cf612572a av_one_full  avia-builder-el-1  el_after_av_textblock  avia-builder-el-last  first flex_column_div av-zero-column-padding  column-top-margin'     ><p>\n<style type=\"text\/css\" data-created_by=\"avia_inline_auto\" id=\"style-css-av-kim5sman-787b2322cd69bae03d27350785826cc9\">\n#top .av_textblock_section.av-kim5sman-787b2322cd69bae03d27350785826cc9 .avia_textblock{\ncolor:#3d3d3d;\n}\n<\/style>\n<section  class='av_textblock_section av-kim5sman-787b2322cd69bae03d27350785826cc9 '  ><div class='avia_textblock av_inherit_color' ><p><span style=\"color: #333333;\"><strong>Za vi\u0161e informacija o radu unutar Kendo Manager aplikacije kao i upravljanju administracijom pomo\u0107u Kendo Admin Panel-a kliknite na linkove ispod.<\/strong><\/span><\/p>\n<\/div><\/section><br \/>\n<div  class='avia-button-wrap avia-button-center  avia-builder-el-3  el_after_av_textblock  el_before_av_hr '>\n<style type=\"text\/css\" data-created_by=\"avia_inline_auto\" id=\"style-css-av-jotpc4g1-af4f5fe04a80f788654c6a08115f3230\">\n#top #wrap_all .avia-button.av-jotpc4g1-af4f5fe04a80f788654c6a08115f3230{\nbackground-color:#177ce8;\nborder-color:#177ce8;\ncolor:#ffffff;\ntransition:all 0.4s ease-in-out;\n}\n#top #wrap_all .avia-button.av-jotpc4g1-af4f5fe04a80f788654c6a08115f3230:hover{\ncolor:#ffffff;\ntransition:all 0.4s ease-in-out;\n}\n#top #wrap_all .avia-button.av-jotpc4g1-af4f5fe04a80f788654c6a08115f3230 .avia-svg-icon svg:first-child{\nfill:#ffffff;\nstroke:#ffffff;\n}\n#top #wrap_all .avia-button.av-jotpc4g1-af4f5fe04a80f788654c6a08115f3230:hover .avia-svg-icon svg:first-child{\nfill:#ffffff;\nstroke:#ffffff;\n}\n<\/style>\n<a href='https:\/\/www.kendomanager.com\/sr\/kendo-uputstvo-za-koristenje\/' class='avia-button avia-button-fullwidth av-jotpc4g1-af4f5fe04a80f788654c6a08115f3230 avia-icon_select-yes-left-icon avia-color-custom'   aria-label=\"Uputstvo za kori\u0161tenje Kendo Managera\"><span class='avia_button_icon avia_button_icon_left avia-iconfont avia-font-entypo-fontello' data-av_icon='\ue80b' data-av_iconfont='entypo-fontello' ><\/span><span class='avia_iconbox_title' >Uputstvo za kori\u0161tenje Kendo Managera<\/span><span class='avia_button_background avia-button avia-button-fullwidth avia-color-theme-color'><\/span><\/a><\/div><br \/>\n\n<style type=\"text\/css\" data-created_by=\"avia_inline_auto\" id=\"style-css-av-kim6ev3z-98d395d8a11ab7d214bb53c5790a1ad7\">\n#top .hr.hr-invisible.av-kim6ev3z-98d395d8a11ab7d214bb53c5790a1ad7{\nheight:20px;\n}\n<\/style>\n<div  class='hr av-kim6ev3z-98d395d8a11ab7d214bb53c5790a1ad7 hr-invisible  avia-builder-el-4  el_after_av_button_big  el_before_av_button_big  avia-builder-el-no-sibling '><span class='hr-inner '><span class=\"hr-inner-style\"><\/span><\/span><\/div><br \/>\n<div  class='avia-button-wrap avia-button-center  avia-builder-el-5  el_after_av_hr  avia-builder-el-last '>\n<style type=\"text\/css\" data-created_by=\"avia_inline_auto\" id=\"style-css-av-jotpepd1-d7753536cc130ed29a099168d1e5b154\">\n#top #wrap_all .avia-button.av-jotpepd1-d7753536cc130ed29a099168d1e5b154{\nbackground-color:#177ce8;\nborder-color:#177ce8;\ncolor:#ffffff;\ntransition:all 0.4s ease-in-out;\n}\n#top #wrap_all .avia-button.av-jotpepd1-d7753536cc130ed29a099168d1e5b154:hover{\ncolor:#ffffff;\ntransition:all 0.4s ease-in-out;\n}\n#top #wrap_all .avia-button.av-jotpepd1-d7753536cc130ed29a099168d1e5b154 .avia-svg-icon svg:first-child{\nfill:#ffffff;\nstroke:#ffffff;\n}\n#top #wrap_all .avia-button.av-jotpepd1-d7753536cc130ed29a099168d1e5b154:hover .avia-svg-icon svg:first-child{\nfill:#ffffff;\nstroke:#ffffff;\n}\n<\/style>\n<a href='https:\/\/www.kendomanager.com\/sr\/kendo-administracija\/' class='avia-button avia-button-fullwidth av-jotpepd1-d7753536cc130ed29a099168d1e5b154 avia-icon_select-yes-left-icon avia-color-custom'   aria-label=\"Kendo Manager Administracija\"><span class='avia_button_icon avia_button_icon_left avia-iconfont avia-font-entypo-fontello' data-av_icon='\ue855' data-av_iconfont='entypo-fontello' ><\/span><span class='avia_iconbox_title' >Kendo Manager Administracija<\/span><span class='avia_button_background avia-button avia-button-fullwidth avia-color-theme-color'><\/span><\/a><\/div><\/p><\/div>\n","protected":false},"excerpt":{"rendered":"","protected":false},"author":1,"featured_media":0,"parent":0,"menu_order":0,"comment_status":"closed","ping_status":"closed","template":"","meta":{"_acf_changed":false,"footnotes":""},"class_list":["post-177","page","type-page","status-publish","hentry"],"acf":[],"_links":{"self":[{"href":"https:\/\/www.kendomanager.com\/sr\/wp-json\/wp\/v2\/pages\/177","targetHints":{"allow":["GET"]}}],"collection":[{"href":"https:\/\/www.kendomanager.com\/sr\/wp-json\/wp\/v2\/pages"}],"about":[{"href":"https:\/\/www.kendomanager.com\/sr\/wp-json\/wp\/v2\/types\/page"}],"author":[{"embeddable":true,"href":"https:\/\/www.kendomanager.com\/sr\/wp-json\/wp\/v2\/users\/1"}],"replies":[{"embeddable":true,"href":"https:\/\/www.kendomanager.com\/sr\/wp-json\/wp\/v2\/comments?post=177"}],"version-history":[{"count":9,"href":"https:\/\/www.kendomanager.com\/sr\/wp-json\/wp\/v2\/pages\/177\/revisions"}],"predecessor-version":[{"id":13312,"href":"https:\/\/www.kendomanager.com\/sr\/wp-json\/wp\/v2\/pages\/177\/revisions\/13312"}],"wp:attachment":[{"href":"https:\/\/www.kendomanager.com\/sr\/wp-json\/wp\/v2\/media?parent=177"}],"curies":[{"name":"wp","href":"https:\/\/api.w.org\/{rel}","templated":true}]}}