{"id":172,"date":"2016-10-12T17:51:45","date_gmt":"2016-10-12T17:51:45","guid":{"rendered":"http:\/\/kendomanager.com\/?page_id=172"},"modified":"2019-02-06T08:45:16","modified_gmt":"2019-02-06T08:45:16","slug":"mobilni-menadzment","status":"publish","type":"page","link":"https:\/\/www.kendomanager.com\/sr\/mobilni-menadzment\/","title":{"rendered":"Mobilni menad\u017ement"},"content":{"rendered":"\n<style type=\"text\/css\" data-created_by=\"avia_inline_auto\" id=\"style-css-av-l4fwk-536e9b3c1a5447d2c227bf0371d5180a\">\n.flex_column.av-l4fwk-536e9b3c1a5447d2c227bf0371d5180a{\nborder-radius:0px 0px 0px 0px;\npadding:0px 0px 0px 0px;\n}\n<\/style>\n<div  class='flex_column av-l4fwk-536e9b3c1a5447d2c227bf0371d5180a av_one_full  avia-builder-el-0  avia-builder-el-no-sibling  first flex_column_div av-zero-column-padding  '     ><section  class='av_textblock_section av-hkmto-9ec83f3b384e6b5777b0cdee2988248b '  ><div class='avia_textblock' ><h2><strong>Mobilni Projektni Menad\u017ement<br \/>\n<\/strong><\/h2>\n<p><strong>Mobilni Projektni menad\u017ement\u00a0 <\/strong>predstavlja\u00a0<a href=\"https:\/\/www.kendomanager.com\/sr\/projekat\/\" target=\"_blank\" rel=\"noopener noreferrer\"> upravljanje projektima<\/a> sa razli\u010ditih geografskih lokacija. Kendo Manager omogu\u0107ava stalno i kontiruirano dobijanje informacija o rasporedu resursa, dodjeli zadataka, protoku dokumentacije, kao i upravljanje finansijama, vremenom i kvalitetom na projektu. <strong>Kendo <\/strong><strong>softver za projektni menad\u017ement <\/strong>optimizovan je za pristup sa razli\u010ditim mobilnim ure\u0111ajima i tabletima. Dokle god imate pristup internetu, imate mogu\u0107nost kreirati, vidjeti i upravljati svojim projektnim zadacima i aktivnostima s telefona ili tableta. Kori\u0161tenjem na\u0161eg projektnog softvera za upravljanje projektima imate potreban pristup va\u017enim informacijama projekta bilo gdje i bilo kada.<\/p>\n<\/div><\/section><br \/>\n<section  class='av_textblock_section av-as87o-49e13bfdcd458a6c4875a5c2e1eeaa5e '  ><div class='avia_textblock' ><p><img loading=\"lazy\" decoding=\"async\" class=\"alignnone size-full wp-image-421\" src=\"https:\/\/www.kendomanager.com\/wp-content\/uploads\/2016\/10\/projekti_u_pokretu_sr.jpg\" alt=\"projektni menad\u017ement u pokretu\" width=\"1300\" height=\"867\" srcset=\"https:\/\/www.kendomanager.com\/wp-content\/uploads\/2016\/10\/projekti_u_pokretu_sr.jpg 1300w, https:\/\/www.kendomanager.com\/wp-content\/uploads\/2016\/10\/projekti_u_pokretu_sr-300x200.jpg 300w, https:\/\/www.kendomanager.com\/wp-content\/uploads\/2016\/10\/projekti_u_pokretu_sr-768x512.jpg 768w, https:\/\/www.kendomanager.com\/wp-content\/uploads\/2016\/10\/projekti_u_pokretu_sr-1030x687.jpg 1030w, https:\/\/www.kendomanager.com\/wp-content\/uploads\/2016\/10\/projekti_u_pokretu_sr-705x470.jpg 705w, https:\/\/www.kendomanager.com\/wp-content\/uploads\/2016\/10\/projekti_u_pokretu_sr-450x300.jpg 450w\" sizes=\"auto, (max-width: 1300px) 100vw, 1300px\" \/><\/p>\n<\/div><\/section><br \/>\n<div  class='av_promobox av-jrsybjoo-e33c306115a8be8a8cda19b8c922b6f8 avia-button-yes  avia-builder-el-3  el_after_av_textblock  avia-builder-el-last '><div class='avia-promocontent'><p>\nIsprobajte Online Demo Besplatno!<\/p>\n<\/div><div  class='avia-button-wrap av-jrsybjoo-3438a697cc0ac7e9a40d9cbf0f876c8c-wrap avia-button-right '><a href='https:\/\/www.kendomanager.com\/sr\/zahtjev-za-trial-verziju-kendo-manager\/'  class='avia-button av-jrsybjoo-3438a697cc0ac7e9a40d9cbf0f876c8c av-link-btn avia-icon_select-no avia-size-large avia-position-right avia-color-theme-color'   aria-label=\"BESPLATAN TRIAL\"><span class='avia_iconbox_title' >BESPLATAN TRIAL<\/span><\/a><\/div><\/div><\/p><\/div>\n","protected":false},"excerpt":{"rendered":"","protected":false},"author":1,"featured_media":0,"parent":0,"menu_order":0,"comment_status":"closed","ping_status":"closed","template":"","meta":{"_acf_changed":false,"footnotes":""},"class_list":["post-172","page","type-page","status-publish","hentry"],"acf":[],"_links":{"self":[{"href":"https:\/\/www.kendomanager.com\/sr\/wp-json\/wp\/v2\/pages\/172","targetHints":{"allow":["GET"]}}],"collection":[{"href":"https:\/\/www.kendomanager.com\/sr\/wp-json\/wp\/v2\/pages"}],"about":[{"href":"https:\/\/www.kendomanager.com\/sr\/wp-json\/wp\/v2\/types\/page"}],"author":[{"embeddable":true,"href":"https:\/\/www.kendomanager.com\/sr\/wp-json\/wp\/v2\/users\/1"}],"replies":[{"embeddable":true,"href":"https:\/\/www.kendomanager.com\/sr\/wp-json\/wp\/v2\/comments?post=172"}],"version-history":[{"count":24,"href":"https:\/\/www.kendomanager.com\/sr\/wp-json\/wp\/v2\/pages\/172\/revisions"}],"predecessor-version":[{"id":7912,"href":"https:\/\/www.kendomanager.com\/sr\/wp-json\/wp\/v2\/pages\/172\/revisions\/7912"}],"wp:attachment":[{"href":"https:\/\/www.kendomanager.com\/sr\/wp-json\/wp\/v2\/media?parent=172"}],"curies":[{"name":"wp","href":"https:\/\/api.w.org\/{rel}","templated":true}]}}