{"id":168,"date":"2016-10-12T17:50:11","date_gmt":"2016-10-12T17:50:11","guid":{"rendered":"http:\/\/kendomanager.com\/?page_id=168"},"modified":"2018-10-09T11:58:32","modified_gmt":"2018-10-09T11:58:32","slug":"moj-dashboard","status":"publish","type":"page","link":"https:\/\/www.kendomanager.com\/sr\/moj-dashboard\/","title":{"rendered":"Moj Dashboard"},"content":{"rendered":"<h3>Moj Dashboard<\/h3>\n<p><strong>Moj Dashboard <\/strong>(Kontrolna tabla) pru\u017ea korisniku potpun i brzi pregled svih aktivnosti na projektima koji su mu <strong>dodijeljeni<\/strong> kao \u010dlanu projektnog tima. Jednim klikom brzo mo\u017eete pristupiti svojim dodijeljenim projektnim zadacima.<\/p>\n<p>Svaki Box\u00a0 sadr\u017ei 4 liste :<\/p>\n<ol>\n<li><strong>Lista Danas<\/strong> -prikazuje sve va\u0161e zadatke\u00a0 kojima\u00a0 rok isti\u010de danas<\/li>\n<li><strong>Lista Uskoro<\/strong> &#8211; prikazuje sve zadatke\u00a0 kojima rok isti\u010de u roku od 7 dana i manje<\/li>\n<li><strong>Lista Istekao rok<\/strong> &#8211; prikazuje sve zadatke kojima je isteka rok rje\u0161avanja<\/li>\n<li><strong>Lista Zavr\u0161eno<\/strong> &#8211; prikazuje sve zadatke\u00a0 koji su zavr\u0161eni<\/li>\n<\/ol>\n<p><strong>Liste Moje aktivnosti, Moji rizici, Moji problemi, Moje promjene i Moje Klju\u010dni doga\u0111aji<\/strong> prikazuju sve projektne zadatke koji su vam dodijeljeni na va\u0161im projektima.<\/p>\n<p>Sadr\u017eaji lista se mogu pretra\u017eivati i sortirati<\/p>\n<p><strong>Moj Dashboard projekta<\/strong><\/p>\n<p><img loading=\"lazy\" decoding=\"async\" class=\"alignnone size-full wp-image-3947\" src=\"https:\/\/www.kendomanager.com\/wp-content\/uploads\/2018\/10\/My-dashboard-sr-2018.png\" alt=\"\" width=\"1366\" height=\"683\" srcset=\"https:\/\/www.kendomanager.com\/wp-content\/uploads\/2018\/10\/My-dashboard-sr-2018.png 1366w, https:\/\/www.kendomanager.com\/wp-content\/uploads\/2018\/10\/My-dashboard-sr-2018-300x150.png 300w, https:\/\/www.kendomanager.com\/wp-content\/uploads\/2018\/10\/My-dashboard-sr-2018-768x384.png 768w, https:\/\/www.kendomanager.com\/wp-content\/uploads\/2018\/10\/My-dashboard-sr-2018-1030x515.png 1030w, https:\/\/www.kendomanager.com\/wp-content\/uploads\/2018\/10\/My-dashboard-sr-2018-705x353.png 705w, https:\/\/www.kendomanager.com\/wp-content\/uploads\/2018\/10\/My-dashboard-sr-2018-450x225.png 450w\" sizes=\"auto, (max-width: 1366px) 100vw, 1366px\" \/><\/p>\n<p><strong>Moj Dashboard lista primer<\/strong><\/p>\n<p><img loading=\"lazy\" decoding=\"async\" class=\"alignnone size-full wp-image-3949\" src=\"https:\/\/www.kendomanager.com\/wp-content\/uploads\/2018\/10\/My-dashboard-lista-sr.png\" alt=\"\" width=\"1366\" height=\"392\" srcset=\"https:\/\/www.kendomanager.com\/wp-content\/uploads\/2018\/10\/My-dashboard-lista-sr.png 1366w, https:\/\/www.kendomanager.com\/wp-content\/uploads\/2018\/10\/My-dashboard-lista-sr-300x86.png 300w, https:\/\/www.kendomanager.com\/wp-content\/uploads\/2018\/10\/My-dashboard-lista-sr-768x220.png 768w, https:\/\/www.kendomanager.com\/wp-content\/uploads\/2018\/10\/My-dashboard-lista-sr-1030x296.png 1030w, https:\/\/www.kendomanager.com\/wp-content\/uploads\/2018\/10\/My-dashboard-lista-sr-705x202.png 705w, https:\/\/www.kendomanager.com\/wp-content\/uploads\/2018\/10\/My-dashboard-lista-sr-450x129.png 450w\" sizes=\"auto, (max-width: 1366px) 100vw, 1366px\" \/><\/p>\n<p>&nbsp;<\/p>\n","protected":false},"excerpt":{"rendered":"<p>Moj Dashboard Moj Dashboard (Kontrolna tabla) pru\u017ea korisniku potpun i brzi pregled svih aktivnosti na projektima koji su mu dodijeljeni kao \u010dlanu projektnog tima. Jednim klikom brzo mo\u017eete pristupiti svojim dodijeljenim projektnim zadacima. Svaki Box\u00a0 sadr\u017ei 4 liste : Lista Danas -prikazuje sve va\u0161e zadatke\u00a0 kojima\u00a0 rok isti\u010de danas Lista Uskoro &#8211; prikazuje sve zadatke\u00a0 [&hellip;]<\/p>\n","protected":false},"author":1,"featured_media":0,"parent":0,"menu_order":0,"comment_status":"closed","ping_status":"closed","template":"","meta":{"_acf_changed":false,"footnotes":""},"class_list":["post-168","page","type-page","status-publish","hentry"],"acf":[],"_links":{"self":[{"href":"https:\/\/www.kendomanager.com\/sr\/wp-json\/wp\/v2\/pages\/168","targetHints":{"allow":["GET"]}}],"collection":[{"href":"https:\/\/www.kendomanager.com\/sr\/wp-json\/wp\/v2\/pages"}],"about":[{"href":"https:\/\/www.kendomanager.com\/sr\/wp-json\/wp\/v2\/types\/page"}],"author":[{"embeddable":true,"href":"https:\/\/www.kendomanager.com\/sr\/wp-json\/wp\/v2\/users\/1"}],"replies":[{"embeddable":true,"href":"https:\/\/www.kendomanager.com\/sr\/wp-json\/wp\/v2\/comments?post=168"}],"version-history":[{"count":8,"href":"https:\/\/www.kendomanager.com\/sr\/wp-json\/wp\/v2\/pages\/168\/revisions"}],"predecessor-version":[{"id":3946,"href":"https:\/\/www.kendomanager.com\/sr\/wp-json\/wp\/v2\/pages\/168\/revisions\/3946"}],"wp:attachment":[{"href":"https:\/\/www.kendomanager.com\/sr\/wp-json\/wp\/v2\/media?parent=168"}],"curies":[{"name":"wp","href":"https:\/\/api.w.org\/{rel}","templated":true}]}}