{"id":165,"date":"2016-10-12T17:48:30","date_gmt":"2016-10-12T17:48:30","guid":{"rendered":"http:\/\/kendomanager.com\/?page_id=165"},"modified":"2018-10-09T11:56:06","modified_gmt":"2018-10-09T11:56:06","slug":"dashboard-projekta","status":"publish","type":"page","link":"https:\/\/www.kendomanager.com\/sr\/dashboard-projekta\/","title":{"rendered":"Dashboard Projekta"},"content":{"rendered":"<p>Dashboard projekta daje brzi pregled va\u0161ih projekata.<\/p>\n<h3>Dashboard projekta<\/h3>\n<p>Sve va\u017ene informacije na jednom mjestu. Tro\u0161kovi, aktivnosti, doga\u0111aji, dashboard projekta daje vam trenutni uvid u sve klju\u010dne informacije o projektu. Prakti\u010dan i jednostavan na\u010din da pratite najva\u017enije aspekte va\u0161ih projekata u realnom vremenu.<\/p>\n<p>&nbsp;<\/p>\n<p><img loading=\"lazy\" decoding=\"async\" class=\"alignnone size-full wp-image-3941\" src=\"https:\/\/www.kendomanager.com\/wp-content\/uploads\/2018\/10\/Kendo-Manager-project-dashboard-sr.png\" alt=\"\" width=\"1366\" height=\"1930\" srcset=\"https:\/\/www.kendomanager.com\/wp-content\/uploads\/2018\/10\/Kendo-Manager-project-dashboard-sr.png 1366w, https:\/\/www.kendomanager.com\/wp-content\/uploads\/2018\/10\/Kendo-Manager-project-dashboard-sr-212x300.png 212w, https:\/\/www.kendomanager.com\/wp-content\/uploads\/2018\/10\/Kendo-Manager-project-dashboard-sr-768x1085.png 768w, https:\/\/www.kendomanager.com\/wp-content\/uploads\/2018\/10\/Kendo-Manager-project-dashboard-sr-729x1030.png 729w, https:\/\/www.kendomanager.com\/wp-content\/uploads\/2018\/10\/Kendo-Manager-project-dashboard-sr-1062x1500.png 1062w, https:\/\/www.kendomanager.com\/wp-content\/uploads\/2018\/10\/Kendo-Manager-project-dashboard-sr-499x705.png 499w, https:\/\/www.kendomanager.com\/wp-content\/uploads\/2018\/10\/Kendo-Manager-project-dashboard-sr-450x636.png 450w\" sizes=\"auto, (max-width: 1366px) 100vw, 1366px\" \/><\/p>\n<p><strong>Pretraga na Dashboard listama<\/strong><\/p>\n<p><img loading=\"lazy\" decoding=\"async\" class=\"alignnone size-full wp-image-3943\" src=\"https:\/\/www.kendomanager.com\/wp-content\/uploads\/2018\/10\/project-dashboard-lista-sr.png\" alt=\"\" width=\"1366\" height=\"419\" srcset=\"https:\/\/www.kendomanager.com\/wp-content\/uploads\/2018\/10\/project-dashboard-lista-sr.png 1366w, https:\/\/www.kendomanager.com\/wp-content\/uploads\/2018\/10\/project-dashboard-lista-sr-300x92.png 300w, https:\/\/www.kendomanager.com\/wp-content\/uploads\/2018\/10\/project-dashboard-lista-sr-768x236.png 768w, https:\/\/www.kendomanager.com\/wp-content\/uploads\/2018\/10\/project-dashboard-lista-sr-1030x316.png 1030w, https:\/\/www.kendomanager.com\/wp-content\/uploads\/2018\/10\/project-dashboard-lista-sr-705x216.png 705w, https:\/\/www.kendomanager.com\/wp-content\/uploads\/2018\/10\/project-dashboard-lista-sr-450x138.png 450w\" sizes=\"auto, (max-width: 1366px) 100vw, 1366px\" \/><\/p>\n<p>&nbsp;<\/p>\n","protected":false},"excerpt":{"rendered":"<p>Dashboard projekta daje brzi pregled va\u0161ih projekata. Dashboard projekta Sve va\u017ene informacije na jednom mjestu. Tro\u0161kovi, aktivnosti, doga\u0111aji, dashboard projekta daje vam trenutni uvid u sve klju\u010dne informacije o projektu. Prakti\u010dan i jednostavan na\u010din da pratite najva\u017enije aspekte va\u0161ih projekata u realnom vremenu. &nbsp; Pretraga na Dashboard listama &nbsp;<\/p>\n","protected":false},"author":1,"featured_media":0,"parent":0,"menu_order":0,"comment_status":"closed","ping_status":"closed","template":"","meta":{"_acf_changed":false,"footnotes":""},"class_list":["post-165","page","type-page","status-publish","hentry"],"acf":[],"_links":{"self":[{"href":"https:\/\/www.kendomanager.com\/sr\/wp-json\/wp\/v2\/pages\/165","targetHints":{"allow":["GET"]}}],"collection":[{"href":"https:\/\/www.kendomanager.com\/sr\/wp-json\/wp\/v2\/pages"}],"about":[{"href":"https:\/\/www.kendomanager.com\/sr\/wp-json\/wp\/v2\/types\/page"}],"author":[{"embeddable":true,"href":"https:\/\/www.kendomanager.com\/sr\/wp-json\/wp\/v2\/users\/1"}],"replies":[{"embeddable":true,"href":"https:\/\/www.kendomanager.com\/sr\/wp-json\/wp\/v2\/comments?post=165"}],"version-history":[{"count":6,"href":"https:\/\/www.kendomanager.com\/sr\/wp-json\/wp\/v2\/pages\/165\/revisions"}],"predecessor-version":[{"id":3940,"href":"https:\/\/www.kendomanager.com\/sr\/wp-json\/wp\/v2\/pages\/165\/revisions\/3940"}],"wp:attachment":[{"href":"https:\/\/www.kendomanager.com\/sr\/wp-json\/wp\/v2\/media?parent=165"}],"curies":[{"name":"wp","href":"https:\/\/api.w.org\/{rel}","templated":true}]}}