{"id":161,"date":"2016-10-12T17:44:03","date_gmt":"2016-10-12T17:44:03","guid":{"rendered":"http:\/\/kendomanager.com\/?page_id=161"},"modified":"2018-10-09T11:30:46","modified_gmt":"2018-10-09T11:30:46","slug":"projekat","status":"publish","type":"page","link":"https:\/\/www.kendomanager.com\/sr\/projekat\/","title":{"rendered":"Projekat"},"content":{"rendered":"<h2>Softver za upravljanje projektima i projektni menad\u017ement<\/h2>\n<p><strong>Softver za upravljanje projektim<\/strong>a pojednostavljuje\u00a0 i unapre\u0111uje\u00a0 upravljanje va\u0161im projektima. Svaki projekat jedinstven je sam po sebi. Projekt je odre\u0111eni skup operacija osmi\u0161ljen da se ostvari jedinstveni cilj. Projektni tim \u010desto uklju\u010duje ljude koji\u00a0 rade zajedno \u2013 ponekad iz razli\u010ditih organizacija i koji se nalaze na vi\u0161e geografskih lokacija.<\/p>\n<p><a href=\"https:\/\/www.kendomanager.com\/sr\/\"><strong>Kendo Manager softver za upravljanje projektima<\/strong><\/a> pru\u017ea nam pregled svih projektnih aktivnosti i faza u kojima se one trenutno nalaze. Uz <strong>Kendo Manager<\/strong>, definisanje i kreiranje novih aktivnosti na projektu vr\u0161i se na jednostavan na\u010din, te im se dodjeljuje stepen prioriteta kao i \u010dlan tima koji je zadu\u017een za njihovu realizaciju. Projekti se u svakom trenutku mogu izlistati putem <a href=\"https:\/\/www.kendomanager.com\/sr\/dashboard-projekta\/\"><strong>Kendo Manager Dashboard<\/strong><\/a>-a te korisnik dobija pregledan presjek svih aktivnosti na projektu, kako aktivnih tako i zavr\u0161enih.<\/p>\n<p><a href=\"https:\/\/www.kendomanager.com\/sr\/upravljanje-projektima-u-par-koraka-sa-kendo-manager-softverom\/\"><strong>Projektni menad\u017ement<\/strong><\/a> je planiranje, organizovanje, usmjeravanje kao i kontrola resursa kompanije za ostvarivanje relativno kratkoro\u010dnog cilja koji je uspostavljen da se ispune specifi\u010dni ciljevi i zadaci kompanije (<a href=\"https:\/\/en.wikipedia.org\/wiki\/Harold_Kerzner\" target=\"_blank\" rel=\"noopener noreferrer\">Harold Kerzner<\/a>). Imaju\u0107i u vidu gore navedenu definiciju, <strong>Kendo Manager Softver za upravljanje projektima<\/strong> poma\u017ee korisniku (to su uglavnom uglavnom projekt menad\u017eeri ali i aktivni korisnici na projektima) da na efikasan na\u010din komunicira, planira i prati realizaciju aktivnih projekata. Projekti mogu biti razli\u010ditog tipa i razmjene.<\/p>\n<ul>\n<li>NVO projekti,<\/li>\n<li>projekti lokalne zajednice,<\/li>\n<li>EU projekti,<\/li>\n<li>Softverski projekti,<\/li>\n<li>IPA projekti<\/li>\n<li>Javni projekti i<\/li>\n<li>Marketing projeki<\/li>\n<\/ul>\n<h2>Informacije o Kendo Manager projektu<\/h2>\n<p>Kendo Magare softver sadrzi nekoliko sekcija koje poma\u017eu prije monitoringu projekta. Dve osnovne sekcije jesu svakako <strong>Do\u0111o<\/strong> i <strong>Moj dashboard<\/strong>. Do\u0111o je jednostavna kontrolna tabla koja prikazuje sve aktivne projekte i sve aktivne procese. <strong>Moj Dashboard<\/strong>\u00a0(Kontrolna tabla) pru\u017ea korisniku potpun i brzi pregled svih aktivnosti na projektima koji su mu dodijeljeni.<\/p>\n<p>Za vi\u0161e informacija o modulima pogledajte sekciju o <a href=\"https:\/\/www.kendomanager.com\/sr\/moduli\/\">Modulima Kendo Manager softvera<\/a>.<\/p>\n<p><img loading=\"lazy\" decoding=\"async\" class=\"alignnone size-full wp-image-3919\" src=\"https:\/\/www.kendomanager.com\/wp-content\/uploads\/2018\/10\/Osnovni-podaci-o-projektu-sr.png\" alt=\"\" width=\"1366\" height=\"816\" srcset=\"https:\/\/www.kendomanager.com\/wp-content\/uploads\/2018\/10\/Osnovni-podaci-o-projektu-sr.png 1366w, https:\/\/www.kendomanager.com\/wp-content\/uploads\/2018\/10\/Osnovni-podaci-o-projektu-sr-300x179.png 300w, https:\/\/www.kendomanager.com\/wp-content\/uploads\/2018\/10\/Osnovni-podaci-o-projektu-sr-768x459.png 768w, https:\/\/www.kendomanager.com\/wp-content\/uploads\/2018\/10\/Osnovni-podaci-o-projektu-sr-1030x615.png 1030w, https:\/\/www.kendomanager.com\/wp-content\/uploads\/2018\/10\/Osnovni-podaci-o-projektu-sr-705x421.png 705w, https:\/\/www.kendomanager.com\/wp-content\/uploads\/2018\/10\/Osnovni-podaci-o-projektu-sr-450x269.png 450w\" sizes=\"auto, (max-width: 1366px) 100vw, 1366px\" \/><\/p>\n","protected":false},"excerpt":{"rendered":"<p>Softver za upravljanje projektima i projektni menad\u017ement Softver za upravljanje projektima pojednostavljuje\u00a0 i unapre\u0111uje\u00a0 upravljanje va\u0161im projektima. Svaki projekat jedinstven je sam po sebi. Projekt je odre\u0111eni skup operacija osmi\u0161ljen da se ostvari jedinstveni cilj. Projektni tim \u010desto uklju\u010duje ljude koji\u00a0 rade zajedno \u2013 ponekad iz razli\u010ditih organizacija i koji se nalaze na vi\u0161e geografskih [&hellip;]<\/p>\n","protected":false},"author":1,"featured_media":0,"parent":0,"menu_order":0,"comment_status":"closed","ping_status":"closed","template":"","meta":{"_acf_changed":false,"footnotes":""},"class_list":["post-161","page","type-page","status-publish","hentry"],"acf":[],"_links":{"self":[{"href":"https:\/\/www.kendomanager.com\/sr\/wp-json\/wp\/v2\/pages\/161","targetHints":{"allow":["GET"]}}],"collection":[{"href":"https:\/\/www.kendomanager.com\/sr\/wp-json\/wp\/v2\/pages"}],"about":[{"href":"https:\/\/www.kendomanager.com\/sr\/wp-json\/wp\/v2\/types\/page"}],"author":[{"embeddable":true,"href":"https:\/\/www.kendomanager.com\/sr\/wp-json\/wp\/v2\/users\/1"}],"replies":[{"embeddable":true,"href":"https:\/\/www.kendomanager.com\/sr\/wp-json\/wp\/v2\/comments?post=161"}],"version-history":[{"count":22,"href":"https:\/\/www.kendomanager.com\/sr\/wp-json\/wp\/v2\/pages\/161\/revisions"}],"predecessor-version":[{"id":3922,"href":"https:\/\/www.kendomanager.com\/sr\/wp-json\/wp\/v2\/pages\/161\/revisions\/3922"}],"wp:attachment":[{"href":"https:\/\/www.kendomanager.com\/sr\/wp-json\/wp\/v2\/media?parent=161"}],"curies":[{"name":"wp","href":"https:\/\/api.w.org\/{rel}","templated":true}]}}