{"id":129,"date":"2016-10-12T09:39:44","date_gmt":"2016-10-12T09:39:44","guid":{"rendered":"http:\/\/kendomanager.com\/?page_id=129"},"modified":"2019-02-15T06:26:03","modified_gmt":"2019-02-15T06:26:03","slug":"moduli","status":"publish","type":"page","link":"https:\/\/www.kendomanager.com\/sr\/moduli\/","title":{"rendered":"Moduli"},"content":{"rendered":"<p>Za uspje\u0161nu pripremu i realizaciju projekata potrebna je <strong>efikasna organizacija preduze\u0107a<\/strong>, uspje\u0161an <strong>projektni tim<\/strong> i <strong>profesionalni softver za upravljanje projektima<\/strong>.<\/p>\n<h3>Softver za upravljanje projektima\u00a0 &#8211; efikasna organizacija preduze\u0107a<\/h3>\n<p><strong>Kendo Manager<\/strong>\u00a0 projektni softver \u00a0namjenjen \u00a0projektnim menad\u017eerima, saradnicima, organizacijama, kompanijama i klijentima za\u00a0komunikaciju i pra\u0107enje toka projekta u svakom trenutku sa bilo koje lokacije. Kendo pru\u017ea neophodnu pomo\u0107 za efikasniju raspodjelu i organizaciju ljudskih resursa na projektu. <strong>Efikasna organizacija ljudskih resursa<\/strong> i <strong>komunikacija na projektu<\/strong> klju\u010dni je faktor uspje\u0161nosti projekta.<\/p>\n<p>Kendo manager je<strong> fleksibilan\u00a0 softver za vo\u0111enje projekata<\/strong> kroz koji\u00a0 mo\u017eete voditi razli\u010dite tipove projekata.<\/p>\n<p><strong>\u00a0<img loading=\"lazy\" decoding=\"async\" class=\"alignnone size-full wp-image-3919\" src=\"https:\/\/www.kendomanager.com\/wp-content\/uploads\/2018\/10\/Osnovni-podaci-o-projektu-sr.png\" alt=\"\" width=\"1366\" height=\"816\" srcset=\"https:\/\/www.kendomanager.com\/wp-content\/uploads\/2018\/10\/Osnovni-podaci-o-projektu-sr.png 1366w, https:\/\/www.kendomanager.com\/wp-content\/uploads\/2018\/10\/Osnovni-podaci-o-projektu-sr-300x179.png 300w, https:\/\/www.kendomanager.com\/wp-content\/uploads\/2018\/10\/Osnovni-podaci-o-projektu-sr-768x459.png 768w, https:\/\/www.kendomanager.com\/wp-content\/uploads\/2018\/10\/Osnovni-podaci-o-projektu-sr-1030x615.png 1030w, https:\/\/www.kendomanager.com\/wp-content\/uploads\/2018\/10\/Osnovni-podaci-o-projektu-sr-705x421.png 705w, https:\/\/www.kendomanager.com\/wp-content\/uploads\/2018\/10\/Osnovni-podaci-o-projektu-sr-450x269.png 450w\" sizes=\"auto, (max-width: 1366px) 100vw, 1366px\" \/><\/strong><\/p>\n<p>&nbsp;<\/p>\n","protected":false},"excerpt":{"rendered":"<p>Za uspje\u0161nu pripremu i realizaciju projekata potrebna je efikasna organizacija preduze\u0107a, uspje\u0161an projektni tim i profesionalni softver za upravljanje projektima. Softver za upravljanje projektima\u00a0 &#8211; efikasna organizacija preduze\u0107a Kendo Manager\u00a0 projektni softver \u00a0namjenjen \u00a0projektnim menad\u017eerima, saradnicima, organizacijama, kompanijama i klijentima za\u00a0komunikaciju i pra\u0107enje toka projekta u svakom trenutku sa bilo koje lokacije. Kendo pru\u017ea neophodnu [&hellip;]<\/p>\n","protected":false},"author":1,"featured_media":0,"parent":0,"menu_order":0,"comment_status":"closed","ping_status":"closed","template":"","meta":{"_acf_changed":false,"footnotes":""},"class_list":["post-129","page","type-page","status-publish","hentry"],"acf":[],"_links":{"self":[{"href":"https:\/\/www.kendomanager.com\/sr\/wp-json\/wp\/v2\/pages\/129","targetHints":{"allow":["GET"]}}],"collection":[{"href":"https:\/\/www.kendomanager.com\/sr\/wp-json\/wp\/v2\/pages"}],"about":[{"href":"https:\/\/www.kendomanager.com\/sr\/wp-json\/wp\/v2\/types\/page"}],"author":[{"embeddable":true,"href":"https:\/\/www.kendomanager.com\/sr\/wp-json\/wp\/v2\/users\/1"}],"replies":[{"embeddable":true,"href":"https:\/\/www.kendomanager.com\/sr\/wp-json\/wp\/v2\/comments?post=129"}],"version-history":[{"count":21,"href":"https:\/\/www.kendomanager.com\/sr\/wp-json\/wp\/v2\/pages\/129\/revisions"}],"predecessor-version":[{"id":8228,"href":"https:\/\/www.kendomanager.com\/sr\/wp-json\/wp\/v2\/pages\/129\/revisions\/8228"}],"wp:attachment":[{"href":"https:\/\/www.kendomanager.com\/sr\/wp-json\/wp\/v2\/media?parent=129"}],"curies":[{"name":"wp","href":"https:\/\/api.w.org\/{rel}","templated":true}]}}