{"id":127,"date":"2016-10-12T09:38:23","date_gmt":"2016-10-12T09:38:23","guid":{"rendered":"http:\/\/kendomanager.com\/?page_id=127"},"modified":"2019-01-15T13:42:22","modified_gmt":"2019-01-15T13:42:22","slug":"o-nama","status":"publish","type":"page","link":"https:\/\/www.kendomanager.com\/sr\/o-nama\/","title":{"rendered":"O nama"},"content":{"rendered":"<section  class='av_textblock_section av-jqxtb3lt-21a080a99d423ff114a3075dcf1a2825 '  ><div class='avia_textblock' ><p>Kendo Manager je<strong> softver za upravljanje projektima<\/strong> koji u potpunosti nudi rje\u0161enje za upravljanje projektima, projektnim aktivnostima, tro\u0161kovima, materijalnim i ljudskim resursima na projektu.<\/p>\n<h2>Kendo Manager<\/h2>\n<p>Iza cijelog projekta stoji <strong>Spider Soft tim<\/strong> . Sam projekat je pokrenut u martu 2010 godine.Cilj projekta je bilo kreiranje jednostavnog i prakti\u010dnog softvera za upravljanje projektima po va\u017ee\u0107im standardima projektnog menad\u017ementa i <a href=\"https:\/\/www.pmi.org\/\" target=\"_blank\" rel=\"noopener noreferrer\">PMI organizacije<\/a>. Izradi softvera je prethodila detaljna analiza poznatih servisa i softvera za projektni menad\u017ement. 2012 godine smo realizovali prvu verziju softvera pod nazivom Project Management System .<\/p>\n<h3>Efikasno upravljanje projektima<\/h3>\n<p>Kendo Manager je softver za upravljanje projektima je kompletno i jednostavno rje\u0161enje za upravljanje projektima, <a href=\"https:\/\/www.kendomanager.com\/sr\/task\/\">projektnim aktivnostima<\/a>, ljudskim i materijalnim resursima, tro\u0161kovima i rizicima na projektu. Kendo Menager\u00a0je jednostavan i lak <strong>online softver za vo\u0111enje projekata.<\/strong><\/p>\n<p>Kendo Manager predstavlja efikasan alat za planiranje, upravljanje i komunikaciju na projektu koji poma\u017ee u br\u017eoj realizaciji va\u0161ih projekata\u00a0 i saradnji \u010dlanova va\u0161eg projektnog tima u bilo kojoj situaciji.<\/p>\n<p>Kendo Manager je <strong>web softver za upravljanje projektima<\/strong> koji mo\u017eete instalirati u svoju informacionu mre\u017eu ili cloud i koristiti ga kao svoj svoj centralizovani project server .<\/p>\n<p><img loading=\"lazy\" decoding=\"async\" class=\"alignnone size-full wp-image-3915\" src=\"https:\/\/www.kendomanager.com\/wp-content\/uploads\/2018\/10\/Kendo_Manager_onama_sr.png\" alt=\"\" width=\"1600\" height=\"1147\" srcset=\"https:\/\/www.kendomanager.com\/wp-content\/uploads\/2018\/10\/Kendo_Manager_onama_sr.png 1600w, https:\/\/www.kendomanager.com\/wp-content\/uploads\/2018\/10\/Kendo_Manager_onama_sr-300x215.png 300w, https:\/\/www.kendomanager.com\/wp-content\/uploads\/2018\/10\/Kendo_Manager_onama_sr-768x551.png 768w, https:\/\/www.kendomanager.com\/wp-content\/uploads\/2018\/10\/Kendo_Manager_onama_sr-1030x738.png 1030w, https:\/\/www.kendomanager.com\/wp-content\/uploads\/2018\/10\/Kendo_Manager_onama_sr-1500x1075.png 1500w, https:\/\/www.kendomanager.com\/wp-content\/uploads\/2018\/10\/Kendo_Manager_onama_sr-260x185.png 260w, https:\/\/www.kendomanager.com\/wp-content\/uploads\/2018\/10\/Kendo_Manager_onama_sr-705x505.png 705w, https:\/\/www.kendomanager.com\/wp-content\/uploads\/2018\/10\/Kendo_Manager_onama_sr-450x323.png 450w\" sizes=\"auto, (max-width: 1600px) 100vw, 1600px\" \/><\/p>\n<\/div><\/section>\n<div  class='hr av-av_hr-dcd2069817a0e3d34ae04cad8f3443c7 hr-default  avia-builder-el-1  el_after_av_textblock  el_before_av_one_half '><span class='hr-inner '><span class=\"hr-inner-style\"><\/span><\/span><\/div>\n<div class='flex_column_table av-av_one_half-9e77ada723822025be33ef76ad1bae35 sc-av_one_half av-equal-height-column-flextable'>\n<style type=\"text\/css\" data-created_by=\"avia_inline_auto\" id=\"style-css-av-av_one_half-9e77ada723822025be33ef76ad1bae35\">\n.flex_column.av-av_one_half-9e77ada723822025be33ef76ad1bae35{\nborder-radius:0px 0px 0px 0px;\npadding:0px 0px 0px 0px;\n}\n<\/style>\n<div  class='flex_column av-av_one_half-9e77ada723822025be33ef76ad1bae35 av_one_half  avia-builder-el-2  el_after_av_hr  el_before_av_one_half  first flex_column_table_cell av-equal-height-column av-align-top av-zero-column-padding  '     ><section  class='av_textblock_section av-av_textblock-35972167d9f102c5ddaec0c531c98b9e '  ><div class='avia_textblock' ><h3>NAMJENA KENDO MANAGERA<\/h3>\n<ul>\n<li>Pra\u0107enja i evidencija projekata bilo koje veli\u010dine i vrste<\/li>\n<li>Pra\u0107enje projektnih aktivnosti<\/li>\n<li>Pra\u0107enje procesa koji su vezani za projekat<\/li>\n<li>Kreiranje razli\u010ditih izvje\u0161taja za projekat<\/li>\n<li>Efikasniji menad\u017ement ljudskih resursa na projektu<\/li>\n<li>Bolja organizacija materijalnih resursa na projektu<\/li>\n<li>Efikasna kontrola tro\u0161kova na projektu in the project<\/li>\n<li>Efikasniji Krizni Menad\u017ement na projektu<\/li>\n<li>Uspje\u0161an Time Menad\u017ement na projektu<\/li>\n<li>Efikasniji Kadrovski Menad\u017ement na projektu<\/li>\n<li>Uspje\u0161an Projektni Menad\u017ement<\/li>\n<\/ul>\n<\/div><\/section><\/div>\n<div class='av-flex-placeholder'><\/div>\n<style type=\"text\/css\" data-created_by=\"avia_inline_auto\" id=\"style-css-av-av_one_half-0aa7055fe62c3622faec82866afbaeb2\">\n.flex_column.av-av_one_half-0aa7055fe62c3622faec82866afbaeb2{\nborder-radius:0px 0px 0px 0px;\npadding:0px 0px 0px 0px;\n}\n<\/style>\n<div  class='flex_column av-av_one_half-0aa7055fe62c3622faec82866afbaeb2 av_one_half  avia-builder-el-4  el_after_av_one_half  avia-builder-el-last  flex_column_table_cell av-equal-height-column av-align-top av-zero-column-padding  '     ><section  class='av_textblock_section av-av_textblock-35972167d9f102c5ddaec0c531c98b9e '  ><div class='avia_textblock' ><h3>PREDNOSTI KENDO MANAGERA<\/h3>\n<ul>\n<li>Centralizovan informacioni sistem za upravljanje projektima<\/li>\n<li>Jednostavan za administraciju i kori\u0161tenje<\/li>\n<li>Neograni\u010den broj projekata i korisnika<\/li>\n<li>Sistem \u0161ifarnika<\/li>\n<li>Prava korisnika i role(projekni menad\u017eer,\u010dlan tima ,klijent,dozvola za pregled)<\/li>\n<li>Kalendari ,sistem obavje\u0161tavanja o pristiglim projektnim zadacima<\/li>\n<li>Jedan klik do projekta. Automatsko generisanje forme projekta i \u0161tampa<\/li>\n<li>Svi podaci su dostupni u svakom trenutku bilo gdje i bilo kada<\/li>\n<li>Aplikacija je dostupna i na mobilnim ure\u0111ajima(smart telefoni,tablet,Iphone)<\/li>\n<li>Mno\u0161tvo izvje\u0161taja za analizu i pra\u0107enje utro\u0161enog vremena i sredstava na projektima<\/li>\n<\/ul>\n<\/div><\/section><\/div><\/div><!--close column table wrapper. Autoclose: 1 -->\n","protected":false},"excerpt":{"rendered":"","protected":false},"author":1,"featured_media":0,"parent":0,"menu_order":0,"comment_status":"closed","ping_status":"closed","template":"","meta":{"_acf_changed":false,"footnotes":""},"class_list":["post-127","page","type-page","status-publish","hentry"],"acf":[],"_links":{"self":[{"href":"https:\/\/www.kendomanager.com\/sr\/wp-json\/wp\/v2\/pages\/127","targetHints":{"allow":["GET"]}}],"collection":[{"href":"https:\/\/www.kendomanager.com\/sr\/wp-json\/wp\/v2\/pages"}],"about":[{"href":"https:\/\/www.kendomanager.com\/sr\/wp-json\/wp\/v2\/types\/page"}],"author":[{"embeddable":true,"href":"https:\/\/www.kendomanager.com\/sr\/wp-json\/wp\/v2\/users\/1"}],"replies":[{"embeddable":true,"href":"https:\/\/www.kendomanager.com\/sr\/wp-json\/wp\/v2\/comments?post=127"}],"version-history":[{"count":23,"href":"https:\/\/www.kendomanager.com\/sr\/wp-json\/wp\/v2\/pages\/127\/revisions"}],"predecessor-version":[{"id":7691,"href":"https:\/\/www.kendomanager.com\/sr\/wp-json\/wp\/v2\/pages\/127\/revisions\/7691"}],"wp:attachment":[{"href":"https:\/\/www.kendomanager.com\/sr\/wp-json\/wp\/v2\/media?parent=127"}],"curies":[{"name":"wp","href":"https:\/\/api.w.org\/{rel}","templated":true}]}}