{"id":9262,"date":"2019-07-24T07:49:46","date_gmt":"2019-07-24T07:49:46","guid":{"rendered":"https:\/\/www.kendomanager.com\/?page_id=9262"},"modified":"2021-02-27T21:27:06","modified_gmt":"2021-02-27T21:27:06","slug":"kanbantafel","status":"publish","type":"page","link":"https:\/\/www.kendomanager.com\/de\/kanbantafel\/","title":{"rendered":"Kanbantafel"},"content":{"rendered":"<section  class='av_textblock_section av-av_textblock-ef7fdae6b3b86bd1e5936ff9fbb8ffa2 '  ><div class='avia_textblock' ><h2>Kanbantafel Ansicht<\/h2>\n<p>Mit Kendo Manager k\u00f6nnen Sie Ihre Fortschritte mit Kanbantafel visualisieren. Kanban ist eine Workflow Management Methode, mit der Sie Ihre Arbeit visualisieren und die Effizienz maximieren k\u00f6nnen. Kanban wird aus dem Japanischen w\u00f6rtlich \u00fcbersetzt als Plakat oder Schild.<\/p>\n<p>Das Kanbantafel ist die effektivste M\u00f6glichkeit, Ihren Workflow zu visualisieren und Ihrem Team die Kontrolle dar\u00fcber zu geben, was zu tun ist und woran gerade gearbeitet wird.<\/p>\n<h2>Kendotafel optionen<\/h2>\n<p>Die Kendotafel verwendet Karten, Spalten und Filter, um Teams bei der Steigerung ihrer eigenen Effizienz zu unterst\u00fctzen. Egal welche Methode Sie verwenden &#8211; Scrum, Kanban oder Ihr eigener Ansatz &#8211; Kendotafel ist darauf ausgelegt, Sie zu unterst\u00fctzen.<\/p>\n<p><img loading=\"lazy\" decoding=\"async\" class=\"alignnone size-full wp-image-9421\" src=\"https:\/\/www.kendomanager.com\/wp-content\/uploads\/2019\/07\/Kanbantafel.jpg\" alt=\"Kanbantafel\" width=\"1300\" height=\"518\" srcset=\"https:\/\/www.kendomanager.com\/wp-content\/uploads\/2019\/07\/Kanbantafel.jpg 1300w, https:\/\/www.kendomanager.com\/wp-content\/uploads\/2019\/07\/Kanbantafel-300x120.jpg 300w, https:\/\/www.kendomanager.com\/wp-content\/uploads\/2019\/07\/Kanbantafel-768x306.jpg 768w, https:\/\/www.kendomanager.com\/wp-content\/uploads\/2019\/07\/Kanbantafel-1030x410.jpg 1030w, https:\/\/www.kendomanager.com\/wp-content\/uploads\/2019\/07\/Kanbantafel-705x281.jpg 705w, https:\/\/www.kendomanager.com\/wp-content\/uploads\/2019\/07\/Kanbantafel-450x179.jpg 450w\" sizes=\"auto, (max-width: 1300px) 100vw, 1300px\" \/><\/p>\n<h3><strong>Erstelle ein Kendotafel und starte die Zusammenarbeit<\/strong><\/h3>\n<p>Kendo Manager unterst\u00fctzt drei Betriebsarten der Aufgabenansicht:<\/p>\n<ul>\n<li><a href=\"https:\/\/www.kendomanager.com\/de\/aufgabenmanagement\/\">Aufgabenliste<\/a><\/li>\n<li>Kanbantafel<\/li>\n<li><a href=\"https:\/\/www.kendomanager.com\/de\/gantt-diagramm\/\">Gantt Diagramm<\/a><\/li>\n<\/ul>\n<p>Nachdem Sie die Tafelansicht ausgew\u00e4hlt haben, k\u00f6nnen Sie Aufgaben oder neue Spalten an der Tafel hinzuf\u00fcgen. Sie k\u00f6nnen auch Filter und Suchaufgaben verwenden.<\/p>\n<p>Kanbantafel ist eine einseitige Tafelliste mit Aufgaben. Standardm\u00e4\u00dfig befinden sich beim Erstellen eines Projekts alle Aufgaben in der Spalte Backlog. Au\u00dferdem werden in einem Projekt automatisch drei Spalten erstellt: Zu erledigen, In Bearbeitung und Fertig.<\/p>\n<h2>Die Vorteile von Kanban<\/h2>\n<p>Kanban ist eine der beliebtesten Softwareentwicklungsmethoden, die agile Teams heute anwenden. Kanban bietet mehrere zus\u00e4tzliche Vorteile f\u00fcr die Aufgabenplanung.<\/p>\n<ul>\n<li>Planungsflexibilit\u00e4t<\/li>\n<li>Verk\u00fcrzte Zeitzyklen<\/li>\n<li>Weniger Engp\u00e4sse<\/li>\n<li>Visuelle Metriken<\/li>\n<\/ul>\n<p><span class=\"tlid-translation translation\" lang=\"de\"><span class=\"\" title=\"\">\u00a0<\/span><\/span><\/p>\n<\/div><\/section>\n\n<style type=\"text\/css\" data-created_by=\"avia_inline_auto\" id=\"style-css-av-b9fsz-b8dfc15828ade1f80639e64cf612572a\">\n.flex_column.av-b9fsz-b8dfc15828ade1f80639e64cf612572a{\nborder-radius:0px 0px 0px 0px;\npadding:0px 0px 0px 0px;\n}\n<\/style>\n<div  class='flex_column av-b9fsz-b8dfc15828ade1f80639e64cf612572a av_one_full  avia-builder-el-1  el_after_av_textblock  avia-builder-el-last  first flex_column_div av-zero-column-padding  column-top-margin'     ><p>\n<style type=\"text\/css\" data-created_by=\"avia_inline_auto\" id=\"style-css-av-kim5sman-787b2322cd69bae03d27350785826cc9\">\n#top .av_textblock_section.av-kim5sman-787b2322cd69bae03d27350785826cc9 .avia_textblock{\ncolor:#3d3d3d;\n}\n<\/style>\n<section  class='av_textblock_section av-kim5sman-787b2322cd69bae03d27350785826cc9 '  ><div class='avia_textblock av_inherit_color' ><p><span style=\"color: #333333;\"><strong>Um weitere Informationen zum Arbeiten in der Kendo Manager Anwendung sowie zum Verwalten der Administration mit hilfe der Kendo Admin Panel zu erhalten, klicken Sie auf die folgende Links.<\/strong><\/span><\/p>\n<div><\/div>\n<\/div><\/section><br \/>\n<div  class='avia-button-wrap avia-button-center  avia-builder-el-3  el_after_av_textblock  el_before_av_hr '>\n<style type=\"text\/css\" data-created_by=\"avia_inline_auto\" id=\"style-css-av-jotpc4g1-c576ddacc1f0f947f0465e5d4c6a49d6\">\n#top #wrap_all .avia-button.av-jotpc4g1-c576ddacc1f0f947f0465e5d4c6a49d6{\nbackground-color:#177ce8;\nborder-color:#177ce8;\ntransition:all 0.4s ease-in-out;\n}\n#top #wrap_all .avia-button.av-jotpc4g1-c576ddacc1f0f947f0465e5d4c6a49d6:hover{\ncolor:#ffffff;\ntransition:all 0.4s ease-in-out;\n}\n#top #wrap_all .avia-button.av-jotpc4g1-c576ddacc1f0f947f0465e5d4c6a49d6:hover .avia-svg-icon svg:first-child{\nfill:#ffffff;\nstroke:#ffffff;\n}\n<\/style>\n<a href='https:\/\/www.kendomanager.com\/de\/kendo-handbuch\/' class='avia-font-color-theme-color avia-button avia-button-fullwidth av-jotpc4g1-c576ddacc1f0f947f0465e5d4c6a49d6 avia-icon_select-yes-left-icon avia-color-custom'   aria-label=\"Kendo Manager Handbuch\"><span class='avia_button_icon avia_button_icon_left avia-iconfont avia-font-entypo-fontello' data-av_icon='\ue80b' data-av_iconfont='entypo-fontello' ><\/span><span class='avia_iconbox_title' >Kendo Manager Handbuch<\/span><span class='avia_button_background avia-button avia-button-fullwidth avia-color-theme-color'><\/span><\/a><\/div><br \/>\n\n<style type=\"text\/css\" data-created_by=\"avia_inline_auto\" id=\"style-css-av-kim6ev3z-98d395d8a11ab7d214bb53c5790a1ad7\">\n#top .hr.hr-invisible.av-kim6ev3z-98d395d8a11ab7d214bb53c5790a1ad7{\nheight:20px;\n}\n<\/style>\n<div  class='hr av-kim6ev3z-98d395d8a11ab7d214bb53c5790a1ad7 hr-invisible  avia-builder-el-4  el_after_av_button_big  el_before_av_button_big  avia-builder-el-no-sibling '><span class='hr-inner '><span class=\"hr-inner-style\"><\/span><\/span><\/div><br \/>\n<div  class='avia-button-wrap avia-button-center  avia-builder-el-5  el_after_av_hr  avia-builder-el-last '>\n<style type=\"text\/css\" data-created_by=\"avia_inline_auto\" id=\"style-css-av-jotpepd1-7a9c7d3010c2d980ded4cf94537ddd3c\">\n#top #wrap_all .avia-button.av-jotpepd1-7a9c7d3010c2d980ded4cf94537ddd3c{\nbackground-color:#177ce8;\nborder-color:#177ce8;\ntransition:all 0.4s ease-in-out;\n}\n#top #wrap_all .avia-button.av-jotpepd1-7a9c7d3010c2d980ded4cf94537ddd3c:hover{\ncolor:#ffffff;\ntransition:all 0.4s ease-in-out;\n}\n#top #wrap_all .avia-button.av-jotpepd1-7a9c7d3010c2d980ded4cf94537ddd3c:hover .avia-svg-icon svg:first-child{\nfill:#ffffff;\nstroke:#ffffff;\n}\n<\/style>\n<a href='https:\/\/www.kendomanager.com\/de\/kendo-verwaltung\/' class='avia-font-color-theme-color avia-button avia-button-fullwidth av-jotpepd1-7a9c7d3010c2d980ded4cf94537ddd3c avia-icon_select-yes-left-icon avia-color-custom'   aria-label=\"Kendo Manager Verwaltung\"><span class='avia_button_icon avia_button_icon_left avia-iconfont avia-font-entypo-fontello' data-av_icon='\ue855' data-av_iconfont='entypo-fontello' ><\/span><span class='avia_iconbox_title' >Kendo Manager Verwaltung<\/span><span class='avia_button_background avia-button avia-button-fullwidth avia-color-theme-color'><\/span><\/a><\/div><\/p><\/div>\n","protected":false},"excerpt":{"rendered":"","protected":false},"author":1,"featured_media":0,"parent":0,"menu_order":0,"comment_status":"closed","ping_status":"closed","template":"","meta":{"_acf_changed":false,"footnotes":""},"class_list":["post-9262","page","type-page","status-publish","hentry"],"acf":[],"_links":{"self":[{"href":"https:\/\/www.kendomanager.com\/de\/wp-json\/wp\/v2\/pages\/9262","targetHints":{"allow":["GET"]}}],"collection":[{"href":"https:\/\/www.kendomanager.com\/de\/wp-json\/wp\/v2\/pages"}],"about":[{"href":"https:\/\/www.kendomanager.com\/de\/wp-json\/wp\/v2\/types\/page"}],"author":[{"embeddable":true,"href":"https:\/\/www.kendomanager.com\/de\/wp-json\/wp\/v2\/users\/1"}],"replies":[{"embeddable":true,"href":"https:\/\/www.kendomanager.com\/de\/wp-json\/wp\/v2\/comments?post=9262"}],"version-history":[{"count":5,"href":"https:\/\/www.kendomanager.com\/de\/wp-json\/wp\/v2\/pages\/9262\/revisions"}],"predecessor-version":[{"id":13593,"href":"https:\/\/www.kendomanager.com\/de\/wp-json\/wp\/v2\/pages\/9262\/revisions\/13593"}],"wp:attachment":[{"href":"https:\/\/www.kendomanager.com\/de\/wp-json\/wp\/v2\/media?parent=9262"}],"curies":[{"name":"wp","href":"https:\/\/api.w.org\/{rel}","templated":true}]}}