{"id":7365,"date":"2018-12-23T13:18:04","date_gmt":"2018-12-23T13:18:04","guid":{"rendered":"https:\/\/www.kendomanager.com\/?page_id=7365"},"modified":"2019-02-08T13:27:40","modified_gmt":"2019-02-08T13:27:40","slug":"kendo-handbuch","status":"publish","type":"page","link":"https:\/\/www.kendomanager.com\/de\/kendo-handbuch\/","title":{"rendered":"Kendo Manager Handbuch"},"content":{"rendered":"\n<style type=\"text\/css\" data-created_by=\"avia_inline_auto\" id=\"style-css-av-2g4qn9-a5e852aa926e64a6049ebc2057f0f7b0\">\n.avia-section.av-2g4qn9-a5e852aa926e64a6049ebc2057f0f7b0{\nbackground-color:#177ce8;\nbackground-image:unset;\n}\n<\/style>\n<div id='av_section_1'  class='avia-section av-2g4qn9-a5e852aa926e64a6049ebc2057f0f7b0 main_color avia-section-default avia-no-border-styling  avia-builder-el-0  el_before_av_textblock  avia-builder-el-first  avia-bg-style-scroll container_wrap fullsize'  ><div class='container av-section-cont-open' ><main  class='template-page content  av-content-full alpha units'><div class='post-entry post-entry-type-page post-entry-7365'><div class='entry-content-wrapper clearfix'>\n\n<style type=\"text\/css\" data-created_by=\"avia_inline_auto\" id=\"style-css-av-jrs8m4s6-2a8d4d9d81d8dcb739d7a3ef50dabbee\">\n#top .av-special-heading.av-jrs8m4s6-2a8d4d9d81d8dcb739d7a3ef50dabbee{\npadding-bottom:10px;\ncolor:#ffffff;\n}\nbody .av-special-heading.av-jrs8m4s6-2a8d4d9d81d8dcb739d7a3ef50dabbee .av-special-heading-tag .heading-char{\nfont-size:25px;\n}\n.av-special-heading.av-jrs8m4s6-2a8d4d9d81d8dcb739d7a3ef50dabbee .special-heading-inner-border{\nborder-color:#ffffff;\n}\n.av-special-heading.av-jrs8m4s6-2a8d4d9d81d8dcb739d7a3ef50dabbee .av-subheading{\nfont-size:15px;\n}\n<\/style>\n<div  class='av-special-heading av-jrs8m4s6-2a8d4d9d81d8dcb739d7a3ef50dabbee av-special-heading-h1 custom-color-heading blockquote modern-quote modern-centered  avia-builder-el-1  avia-builder-el-no-sibling '><h1 class='av-special-heading-tag '  >Willkommen in der Kendo Manager Benutzerhandbuch<\/h1><div class=\"special-heading-border\"><div class=\"special-heading-inner-border\"><\/div><\/div><\/div>\n<\/div><\/div><\/main><!-- close content main element --><\/div><\/div><div id='after_section_1'  class='main_color av_default_container_wrap container_wrap fullsize'  ><div class='container av-section-cont-open' ><div class='template-page content  av-content-full alpha units'><div class='post-entry post-entry-type-page post-entry-7365'><div class='entry-content-wrapper clearfix'><section  class='av_textblock_section av-jrroc4b0-ffe57d927e4ff3ce79427403779b2561 '  ><div class='avia_textblock' ><div class=\"text-wrap tlid-copy-target\">\n<div class=\"result-shield-container tlid-copy-target\">\n<p><span class=\"tlid-translation translation\"><span class=\"\" title=\"\">In diesem Handbuch erhalten Sie eine detaillierte \u00dcbersicht \u00fcber die Verwaltung von Projekten in Kendo Manager und \u00fcber die Zusammenarbeit mit Mitgliedern des Projektteams.<\/span> <span class=\"\" title=\"\">Als Projektmanager spielen Sie eine Schl\u00fcsselrolle, um sicherzustellen, dass Projekte termingerecht und budgetgerecht bereitgestellt werden und Ihr Unternehmen bei der Planung und Bereitstellung von Projekten durch verbesserte Teamzusammenarbeit und Wissensaustausch effizienter wird.<\/span><\/span><\/p>\n<p><span class=\"\" title=\"\">Der Kendo Manager ist einfach und benutzerfreundlich und Sie sind in k\u00fcrzester Zeit einsatzbereit.<\/span> <span class=\"\" title=\"\">Dieses Dokument enth\u00e4lt eine Reihe n\u00fctzlicher Hinweise und Tipps zu\u2026<\/span><\/p>\n<\/div>\n<\/div>\n<div class=\"tlid-result-transliteration-container result-transliteration-container transliteration-container\">\n<div class=\"tlid-transliteration-content transliteration-content full\"><\/div>\n<\/div>\n<ul>\n<li><span title=\"\">So f\u00fcgen Sie Projekte und Ressourcen<\/span><\/li>\n<li><span title=\"\">So legen Sie Projektaufgaben an und weisen Sie Ressourcen zu<\/span><\/li>\n<li><span title=\"\">Wie Gantt-Diagramm und Aufgabenansicht gew\u00f6hnungs<\/span><\/li>\n<li><span title=\"\">Wie man Dojo Multiple Projekt-Dashboard verwendet<\/span><\/li>\n<li><span title=\"\">Wie Sie Mein Dashboard verwendet haben<\/span><\/li>\n<li><span title=\"\">Wie man mit Risiken und Problemen umgeht<\/span><\/li>\n<li><span title=\"\">Wie verwalte \u00c4nderung<\/span><\/li>\n<li><span title=\"\">Wie mit Projektteammitgliedern zusammenarbeiten<\/span><\/li>\n<li><span title=\"\">Wie zu teilen und Verwaltung von Dokumenten<\/span><\/li>\n<li><span title=\"\">Wie bewertet Projektfortschritt<\/span><\/li>\n<li><span title=\"\">Wie Projektbudgets verwalten<\/span><\/li>\n<li><span title=\"\">Eingabe und Verwaltung der Projektzeit<\/span><\/li>\n<li><span title=\"\">Eingabe der Ausgaben<\/span><\/li>\n<li><span title=\"\">Wie man Kendo Berichte zugreifen<\/span><\/li>\n<li><span title=\"\">Wie suchen Daten<\/span><\/li>\n<\/ul>\n<\/div><\/section>\n","protected":false},"excerpt":{"rendered":"","protected":false},"author":1,"featured_media":0,"parent":0,"menu_order":0,"comment_status":"closed","ping_status":"closed","template":"","meta":{"_acf_changed":false,"footnotes":""},"class_list":["post-7365","page","type-page","status-publish","hentry"],"acf":[],"_links":{"self":[{"href":"https:\/\/www.kendomanager.com\/de\/wp-json\/wp\/v2\/pages\/7365","targetHints":{"allow":["GET"]}}],"collection":[{"href":"https:\/\/www.kendomanager.com\/de\/wp-json\/wp\/v2\/pages"}],"about":[{"href":"https:\/\/www.kendomanager.com\/de\/wp-json\/wp\/v2\/types\/page"}],"author":[{"embeddable":true,"href":"https:\/\/www.kendomanager.com\/de\/wp-json\/wp\/v2\/users\/1"}],"replies":[{"embeddable":true,"href":"https:\/\/www.kendomanager.com\/de\/wp-json\/wp\/v2\/comments?post=7365"}],"version-history":[{"count":5,"href":"https:\/\/www.kendomanager.com\/de\/wp-json\/wp\/v2\/pages\/7365\/revisions"}],"predecessor-version":[{"id":8102,"href":"https:\/\/www.kendomanager.com\/de\/wp-json\/wp\/v2\/pages\/7365\/revisions\/8102"}],"wp:attachment":[{"href":"https:\/\/www.kendomanager.com\/de\/wp-json\/wp\/v2\/media?parent=7365"}],"curies":[{"name":"wp","href":"https:\/\/api.w.org\/{rel}","templated":true}]}}