{"id":6220,"date":"2018-11-30T07:28:05","date_gmt":"2018-11-30T07:28:05","guid":{"rendered":"https:\/\/www.kendomanager.com\/?page_id=6220"},"modified":"2021-01-12T08:44:55","modified_gmt":"2021-01-12T08:44:55","slug":"videoanleitungen","status":"publish","type":"page","link":"https:\/\/www.kendomanager.com\/de\/videoanleitungen\/","title":{"rendered":"Videoanleitungen"},"content":{"rendered":"<section  class='av_textblock_section av-tgdscc-fe075125ba540e08ab0a023496e7c3e2 '  ><div class='avia_textblock' ><h2>Videoanleitungen zum Projektmanagement mit Kendo Manager<\/h2>\n<\/div><\/section>\n<\/div><\/div><\/div><!-- close content main div --><\/div><\/div><div id='av-layout-grid-1'  class='av-layout-grid-container av-k964ss-d131f82d381c7de101f22b2baf2e8750 entry-content-wrapper main_color av-flex-cells  avia-builder-el-1  el_after_av_textblock  el_before_av_layout_row  grid-row-not-first  container_wrap fullsize'  >\n<div class='flex_cell av-iuicxo-12d0aa214eaeafb2c48262206aad0395 av-gridrow-cell av_one_third no_margin  avia-builder-el-2  el_before_av_cell_one_third  avia-builder-el-first '  ><div class='flex_cell_inner'><section  class='av_textblock_section av-4lt524-e61797816b4a318b6fb8a9329db3a540 '  ><div class='avia_textblock' ><h3><span class=\"VIiyi\" lang=\"de\"><span class=\"JLqJ4b ChMk0b\" data-language-for-alternatives=\"de\" data-language-to-translate-into=\"en\" data-phrase-index=\"0\">Kendo Manager \u00dcbersicht<\/span><\/span><\/h3>\n<p><span class=\"VIiyi\" lang=\"de\"> <span class=\"JLqJ4b ChMk0b\" data-language-for-alternatives=\"de\" data-language-to-translate-into=\"en\" data-phrase-index=\"2\">Ein kurzer \u00dcberblick \u00fcber einige der Funktionen in kendomanager.com und wie sie Ihnen und Ihrem Team helfen k\u00f6nnen.<\/span><\/span><\/p>\n<\/div><\/section><br \/>\n\n<style type=\"text\/css\" data-created_by=\"avia_inline_auto\" id=\"style-css-av-1ugyrw-7f2ca8a9a57f449abce1a4794e50b10c\">\n.avia-video.av-1ugyrw-7f2ca8a9a57f449abce1a4794e50b10c{\npadding-bottom:56%;\n}\n<\/style>\n<div  class='avia-video av-1ugyrw-7f2ca8a9a57f449abce1a4794e50b10c avia-video-custom av-no-preview-image avia-video-load-always av-lazyload-immediate av-lazyload-video-embed'  data-original_url='https:\/\/youtu.be\/W8mMuWo_VuQ'><script type='text\/html' class='av-video-tmpl'><div class='avia-iframe-wrap'><iframe loading=\"lazy\" title=\"Kendo Manager 3.0 Projektmanagement Software\" width=\"1500\" height=\"844\" src=\"https:\/\/www.youtube.com\/embed\/W8mMuWo_VuQ?feature=oembed&autoplay=0&loop=0&controls=1&mute=0\" frameborder=\"0\" allow=\"accelerometer; autoplay; encrypted-media; gyroscope; picture-in-picture\" allowfullscreen><\/iframe><\/div><\/script><div class='av-click-to-play-overlay'><div class=\"avia_playpause_icon\"><\/div><\/div><\/div><\/p>\n<\/div><\/div><div class='flex_cell av-1r6v8c-a690cd7c7757ca865205ca908b32aa1e av-gridrow-cell av_one_third no_margin  avia-builder-el-5  el_after_av_cell_one_third  el_before_av_cell_one_third '  ><div class='flex_cell_inner'><section  class='av_textblock_section av-kj7e6r92-d0865e120b87f5028c27382dadbdde1a '  ><div class='avia_textblock' ><h3>Kendo Manager Benutzer Erstellen<\/h3>\n<p><span class=\"VIiyi\" lang=\"de\"><span class=\"JLqJ4b ChMk0b\" data-language-for-alternatives=\"de\" data-language-to-translate-into=\"en\" data-phrase-index=\"0\">Wie ein Benutzer und ein Gastkonto in der Kendo-Manager On-Premise-Projekt-Management-Software erstellen.<\/span><\/span><\/p>\n<\/div><\/section><br \/>\n<div  class='avia-video av-kj7e8y1r-cabea28a91735570c71f2e3c3b6e4937 avia-video-16-9 av-no-preview-image avia-video-load-always av-lazyload-immediate av-lazyload-video-embed'  data-original_url='https:\/\/youtu.be\/F_UDvoUwnNc'><script type='text\/html' class='av-video-tmpl'><div class='avia-iframe-wrap'><iframe loading=\"lazy\" title=\"Kendo Manager Benutzer Erstellen\" width=\"1333\" height=\"1000\" src=\"https:\/\/www.youtube.com\/embed\/F_UDvoUwnNc?feature=oembed&autoplay=0&loop=0&controls=1&mute=0\" frameborder=\"0\" allow=\"accelerometer; autoplay; clipboard-write; encrypted-media; gyroscope; picture-in-picture\" allowfullscreen><\/iframe><\/div><\/script><div class='av-click-to-play-overlay'><div class=\"avia_playpause_icon\"><\/div><\/div><\/div><\/p>\n<\/div><\/div>\n<style type=\"text\/css\" data-created_by=\"avia_inline_auto\" id=\"style-css-av-gb991o-14a7dbdcc95e403c30222f968ec6a462\">\n.flex_cell.av-gb991o-14a7dbdcc95e403c30222f968ec6a462{\nvertical-align:top;\n}\n.responsive #top #wrap_all .flex_cell.av-gb991o-14a7dbdcc95e403c30222f968ec6a462{\npadding:30px 30px 30px 30px !important;\n}\n<\/style>\n<div class='flex_cell av-gb991o-14a7dbdcc95e403c30222f968ec6a462 av-gridrow-cell av_one_third no_margin  avia-builder-el-8  el_after_av_cell_one_third  avia-builder-el-last  content-align-top'  ><div class='flex_cell_inner'><section  class='av_textblock_section av-kj7e6r92-d0865e120b87f5028c27382dadbdde1a '  ><div class='avia_textblock' ><h3 class=\"title style-scope ytd-video-primary-info-renderer\"><span class=\"VIiyi\" lang=\"de\"><span class=\"JLqJ4b ChMk0b\" data-language-for-alternatives=\"de\" data-language-to-translate-into=\"en\" data-phrase-index=\"0\">Mein erstes Projekt<\/span><\/span><\/h3>\n<p><span class=\"VIiyi\" lang=\"de\"><span class=\"JLqJ4b ChMk0b\" data-language-for-alternatives=\"de\" data-language-to-translate-into=\"en\" data-phrase-index=\"0\">Ein Schritt-f\u00fcr-Schritt-Gang durch die zeigen, wie Sie Ihr erstes Projekt erstellen, zusammen mit hilfreichen Tipps.<\/span><\/span><\/p>\n<\/div><\/section><br \/>\n<div  class='avia-video av-kj7e8y1r-fe2945ca8f53fa924b52560c0274e682 avia-video-16-9 av-no-preview-image avia-video-load-always av-lazyload-immediate av-lazyload-video-embed'  data-original_url='https:\/\/youtu.be\/KPvhwCXi_X8'><script type='text\/html' class='av-video-tmpl'><div class='avia-iframe-wrap'><iframe loading=\"lazy\" title=\"So erstellen und verwalten Sie Projekte in Kendo Manager\" width=\"1333\" height=\"1000\" src=\"https:\/\/www.youtube.com\/embed\/KPvhwCXi_X8?feature=oembed&autoplay=0&loop=0&controls=1&mute=0\" frameborder=\"0\" allow=\"accelerometer; autoplay; clipboard-write; encrypted-media; gyroscope; picture-in-picture\" allowfullscreen><\/iframe><\/div><\/script><div class='av-click-to-play-overlay'><div class=\"avia_playpause_icon\"><\/div><\/div><\/div><\/p>\n<\/div><\/div>\n<\/div>\n<div id='av-layout-grid-2'  class='av-layout-grid-container av-ehfs4c-61b46abedc6e43c8781022ea01e4c667 entry-content-wrapper main_color av-flex-cells  avia-builder-el-11  el_after_av_layout_row  el_before_av_layout_row  grid-row-not-first  container_wrap fullsize'  >\n<div class='flex_cell av-btvpj0-3a538581949f76d2d1fed26077a646c0 av-gridrow-cell av_one_third no_margin  avia-builder-el-12  el_before_av_cell_one_third  avia-builder-el-first '  ><div class='flex_cell_inner'><section  class='av_textblock_section av-4lt524-e61797816b4a318b6fb8a9329db3a540 '  ><div class='avia_textblock' ><h3><span class=\"VIiyi\" lang=\"de\"><span class=\"JLqJ4b ChMk0b\" data-language-for-alternatives=\"de\" data-language-to-translate-into=\"en\" data-phrase-index=\"0\">Aufgaben erstellen<\/span><\/span><\/h3>\n<p><span class=\"VIiyi\" lang=\"de\"> <span class=\"JLqJ4b ChMk0b\" data-language-for-alternatives=\"de\" data-language-to-translate-into=\"en\" data-phrase-index=\"2\"> Sehen Sie, wie erstellen Aufgaben in Kendo, darunter, wie die meisten der Aufgabendetails zu machen.<\/span><\/span><\/p>\n<\/div><\/section><br \/>\n\n<style type=\"text\/css\" data-created_by=\"avia_inline_auto\" id=\"style-css-av-1ugyrw-60ab8a43e76c47d9c3683b298d90fc81\">\n.avia-video.av-1ugyrw-60ab8a43e76c47d9c3683b298d90fc81{\npadding-bottom:56%;\n}\n<\/style>\n<div  class='avia-video av-1ugyrw-60ab8a43e76c47d9c3683b298d90fc81 avia-video-custom av-no-preview-image avia-video-load-always av-lazyload-immediate av-lazyload-video-embed'  data-original_url='https:\/\/youtu.be\/gYaQ-rXkaRw'><script type='text\/html' class='av-video-tmpl'><div class='avia-iframe-wrap'><iframe loading=\"lazy\" title=\"So erstellen Sie eine Aufgabe und weisen sie dem Benutzer zu\" width=\"1500\" height=\"844\" src=\"https:\/\/www.youtube.com\/embed\/gYaQ-rXkaRw?feature=oembed&autoplay=0&loop=0&controls=1&mute=0\" frameborder=\"0\" allow=\"accelerometer; autoplay; clipboard-write; encrypted-media; gyroscope; picture-in-picture\" allowfullscreen><\/iframe><\/div><\/script><div class='av-click-to-play-overlay'><div class=\"avia_playpause_icon\"><\/div><\/div><\/div><\/p>\n<\/div><\/div><div class='flex_cell av-ah85z0-ade249fdcb4e4f6db502b46e627040de av-gridrow-cell av_one_third no_margin  avia-builder-el-15  el_after_av_cell_one_third  el_before_av_cell_one_third '  ><div class='flex_cell_inner'><section  class='av_textblock_section av-4lt524-e61797816b4a318b6fb8a9329db3a540 '  ><div class='avia_textblock' ><h3><span class=\"VIiyi\" lang=\"de\"><span class=\"JLqJ4b ChMk0b\" data-language-for-alternatives=\"de\" data-language-to-translate-into=\"en\" data-phrase-index=\"0\">Kanban Boards<\/span><\/span><\/h3>\n<p><span class=\"VIiyi\" lang=\"de\"> <span class=\"JLqJ4b ChMk0b\" data-language-for-alternatives=\"de\" data-language-to-translate-into=\"en\" data-phrase-index=\"2\"> Organisieren Sie Ihre Projekte mithilfe der Kanban Board-Funktionen in kendomanager.com.<br \/>\n<\/span><\/span><\/p>\n<\/div><\/section><br \/>\n\n<style type=\"text\/css\" data-created_by=\"avia_inline_auto\" id=\"style-css-av-1ugyrw-f5ff2ddd18118950e54518013414d851\">\n.avia-video.av-1ugyrw-f5ff2ddd18118950e54518013414d851{\npadding-bottom:56%;\n}\n<\/style>\n<div  class='avia-video av-1ugyrw-f5ff2ddd18118950e54518013414d851 avia-video-custom av-no-preview-image avia-video-load-always av-lazyload-immediate av-lazyload-video-embed'  data-original_url='https:\/\/youtu.be\/XC_xnGRkjGQ'><script type='text\/html' class='av-video-tmpl'><div class='avia-iframe-wrap'><iframe loading=\"lazy\" title=\"Wie benutzt man Kanban Board in Kendo\" width=\"1500\" height=\"844\" src=\"https:\/\/www.youtube.com\/embed\/XC_xnGRkjGQ?feature=oembed&autoplay=0&loop=0&controls=1&mute=0\" frameborder=\"0\" allow=\"accelerometer; autoplay; clipboard-write; encrypted-media; gyroscope; picture-in-picture\" allowfullscreen><\/iframe><\/div><\/script><div class='av-click-to-play-overlay'><div class=\"avia_playpause_icon\"><\/div><\/div><\/div><\/p>\n<\/div><\/div>\n<style type=\"text\/css\" data-created_by=\"avia_inline_auto\" id=\"style-css-av-9opi3g-2c58ee904b28f0003c6b93a8f01fa061\">\n.flex_cell.av-9opi3g-2c58ee904b28f0003c6b93a8f01fa061{\nvertical-align:top;\n}\n.responsive #top #wrap_all .flex_cell.av-9opi3g-2c58ee904b28f0003c6b93a8f01fa061{\npadding:30px 30px 30px 30px !important;\n}\n<\/style>\n<div class='flex_cell av-9opi3g-2c58ee904b28f0003c6b93a8f01fa061 av-gridrow-cell av_one_third no_margin  avia-builder-el-18  el_after_av_cell_one_third  avia-builder-el-last  content-align-top'  ><div class='flex_cell_inner'><section  class='av_textblock_section av-4lt524-e61797816b4a318b6fb8a9329db3a540 '  ><div class='avia_textblock' ><h3><span class=\"VIiyi\" lang=\"de\"><span class=\"JLqJ4b ChMk0b\" data-language-for-alternatives=\"de\" data-language-to-translate-into=\"en\" data-phrase-index=\"0\">Gantt-Diagramme<\/span><\/span><\/h3>\n<p><span class=\"VIiyi\" lang=\"de\"> <span class=\"JLqJ4b ChMk0b\" data-language-for-alternatives=\"de\" data-language-to-translate-into=\"en\" data-phrase-index=\"2\">Eine kurze Einf\u00fchrung in die Gantt Chart-Funktionalit\u00e4t von kendomanager.com.<br \/>\n<\/span><\/span><\/p>\n<\/div><\/section><br \/>\n\n<style type=\"text\/css\" data-created_by=\"avia_inline_auto\" id=\"style-css-av-1ugyrw-a30858076af755e331b9599da7153655\">\n.avia-video.av-1ugyrw-a30858076af755e331b9599da7153655{\npadding-bottom:56%;\n}\n<\/style>\n<div  class='avia-video av-1ugyrw-a30858076af755e331b9599da7153655 avia-video-custom av-no-preview-image avia-video-load-always av-lazyload-immediate av-lazyload-video-embed'  data-original_url='https:\/\/youtu.be\/kwy9xVSUz-Y'><script type='text\/html' class='av-video-tmpl'><div class='avia-iframe-wrap'><iframe loading=\"lazy\" title=\"Wie man Kendo Gantt Diagramm verwenden\" width=\"1500\" height=\"844\" src=\"https:\/\/www.youtube.com\/embed\/kwy9xVSUz-Y?feature=oembed&autoplay=0&loop=0&controls=1&mute=0\" frameborder=\"0\" allow=\"accelerometer; autoplay; clipboard-write; encrypted-media; gyroscope; picture-in-picture\" allowfullscreen><\/iframe><\/div><\/script><div class='av-click-to-play-overlay'><div class=\"avia_playpause_icon\"><\/div><\/div><\/div><\/p>\n<\/div><\/div>\n<\/div>\n<div id='av-layout-grid-3'  class='av-layout-grid-container av-71n07w-5154f1e72adb0cc22891c977ec4716d1 entry-content-wrapper main_color av-flex-cells  avia-builder-el-21  el_after_av_layout_row  el_before_av_promobox  grid-row-not-first  container_wrap fullsize'  >\n<div class='flex_cell av-5frgi4-0e9ec39f6a163283ef324e8d34e823fb av-gridrow-cell av_one_third no_margin  avia-builder-el-22  el_before_av_cell_one_third  avia-builder-el-first '  ><div class='flex_cell_inner'><section  class='av_textblock_section av-4lt524-e61797816b4a318b6fb8a9329db3a540 '  ><div class='avia_textblock' ><h3><span class=\"VIiyi\" lang=\"de\"><span class=\"JLqJ4b ChMk0b\" data-language-for-alternatives=\"de\" data-language-to-translate-into=\"en\" data-phrase-index=\"0\">Projektkosten Liste<\/span><\/span><\/h3>\n<p><span class=\"VIiyi\" lang=\"de\"> <span class=\"JLqJ4b ChMk0b\" data-language-for-alternatives=\"de\" data-language-to-translate-into=\"en\" data-phrase-index=\"2\">Mit der Kendo Manager-Kostenmanagementoption k\u00f6nnen Sie die Projektkosten jederzeit \u00fcberwachen.<\/span><\/span><\/p>\n<\/div><\/section><br \/>\n\n<style type=\"text\/css\" data-created_by=\"avia_inline_auto\" id=\"style-css-av-1ugyrw-c4f23f3538ac33b8179a635a70bd4d12\">\n.avia-video.av-1ugyrw-c4f23f3538ac33b8179a635a70bd4d12{\npadding-bottom:56%;\n}\n<\/style>\n<div  class='avia-video av-1ugyrw-c4f23f3538ac33b8179a635a70bd4d12 avia-video-custom av-no-preview-image avia-video-load-always av-lazyload-immediate av-lazyload-video-embed'  data-original_url='https:\/\/youtu.be\/Dcrf8IsQ4IE'><script type='text\/html' class='av-video-tmpl'><div class='avia-iframe-wrap'><iframe loading=\"lazy\" title=\"So erstellen Sie eine Projektkostenliste in Kendo Project Manager\" width=\"1500\" height=\"844\" src=\"https:\/\/www.youtube.com\/embed\/Dcrf8IsQ4IE?feature=oembed&autoplay=0&loop=0&controls=1&mute=0\" frameborder=\"0\" allow=\"accelerometer; autoplay; clipboard-write; encrypted-media; gyroscope; picture-in-picture\" allowfullscreen><\/iframe><\/div><\/script><div class='av-click-to-play-overlay'><div class=\"avia_playpause_icon\"><\/div><\/div><\/div><\/p>\n<\/div><\/div><div class='flex_cell av-3x07zw-496da3420d460ce2b841a28eb0c52ca9 av-gridrow-cell av_one_third no_margin  avia-builder-el-25  el_after_av_cell_one_third  el_before_av_cell_one_third '  ><div class='flex_cell_inner'><section  class='av_textblock_section av-4lt524-e61797816b4a318b6fb8a9329db3a540 '  ><div class='avia_textblock' ><h3><span class=\"VIiyi\" lang=\"de\"><span class=\"JLqJ4b ChMk0b\" data-language-for-alternatives=\"de\" data-language-to-translate-into=\"en\" data-phrase-index=\"0\">Resourcenmanagement<\/span><\/span><\/h3>\n<p><span class=\"VIiyi\" lang=\"de\"> <span class=\"JLqJ4b ChMk0b\" data-language-for-alternatives=\"de\" data-language-to-translate-into=\"en\" data-phrase-index=\"2\">Im Kendo Manager k\u00f6nnen Sie eine Liste der Ressourcen in der Anwendung definieren und Projekt und Aufgabe hinzuf\u00fcgen.<br \/>\n<\/span><\/span><\/p>\n<\/div><\/section><br \/>\n\n<style type=\"text\/css\" data-created_by=\"avia_inline_auto\" id=\"style-css-av-1ugyrw-d037845e91dd8debed8f5da888eb4c48\">\n.avia-video.av-1ugyrw-d037845e91dd8debed8f5da888eb4c48{\npadding-bottom:56%;\n}\n<\/style>\n<div  class='avia-video av-1ugyrw-d037845e91dd8debed8f5da888eb4c48 avia-video-custom av-no-preview-image avia-video-load-always av-lazyload-immediate av-lazyload-video-embed'  data-original_url='https:\/\/youtu.be\/44ahkBXdwmA'><script type='text\/html' class='av-video-tmpl'><div class='avia-iframe-wrap'><iframe loading=\"lazy\" title=\"So f\u00fcgen Sie Ressourcen auf Projekt  und Aufgaben\" width=\"1500\" height=\"844\" src=\"https:\/\/www.youtube.com\/embed\/44ahkBXdwmA?feature=oembed&autoplay=0&loop=0&controls=1&mute=0\" frameborder=\"0\" allow=\"accelerometer; autoplay; clipboard-write; encrypted-media; gyroscope; picture-in-picture\" allowfullscreen><\/iframe><\/div><\/script><div class='av-click-to-play-overlay'><div class=\"avia_playpause_icon\"><\/div><\/div><\/div><\/p>\n<\/div><\/div>\n<style type=\"text\/css\" data-created_by=\"avia_inline_auto\" id=\"style-css-av-2c6m0s-cf0edf4da58d3475f26e15ce5ac7ba45\">\n.flex_cell.av-2c6m0s-cf0edf4da58d3475f26e15ce5ac7ba45{\nvertical-align:top;\n}\n.responsive #top #wrap_all .flex_cell.av-2c6m0s-cf0edf4da58d3475f26e15ce5ac7ba45{\npadding:30px 30px 30px 30px !important;\n}\n<\/style>\n<div class='flex_cell av-2c6m0s-cf0edf4da58d3475f26e15ce5ac7ba45 av-gridrow-cell av_one_third no_margin  avia-builder-el-28  el_after_av_cell_one_third  avia-builder-el-last  content-align-top'  ><div class='flex_cell_inner'><section  class='av_textblock_section av-4lt524-e61797816b4a318b6fb8a9329db3a540 '  ><div class='avia_textblock' ><h3><span class=\"VIiyi\" lang=\"de\"><span class=\"JLqJ4b ChMk0b\" data-language-for-alternatives=\"de\" data-language-to-translate-into=\"en\" data-phrase-index=\"0\">Zeitmanagement<\/span><\/span><\/h3>\n<p><span class=\"VIiyi\" lang=\"de\"> <span class=\"JLqJ4b ChMk0b\" data-language-for-alternatives=\"de\" data-language-to-translate-into=\"en\" data-phrase-index=\"2\">Kendo Manager Zeiterfassung Projekt managemnet Optionen werden verwendet, um die Zeit im Projekt verwendet aufzuzeichnen.<br \/>\n<\/span><\/span><\/p>\n<\/div><\/section><br \/>\n\n<style type=\"text\/css\" data-created_by=\"avia_inline_auto\" id=\"style-css-av-1ugyrw-7805894414fc229d324d6bc342c33b84\">\n.avia-video.av-1ugyrw-7805894414fc229d324d6bc342c33b84{\npadding-bottom:56%;\n}\n<\/style>\n<div  class='avia-video av-1ugyrw-7805894414fc229d324d6bc342c33b84 avia-video-custom av-no-preview-image avia-video-load-always av-lazyload-immediate av-lazyload-video-embed'  data-original_url='https:\/\/youtu.be\/FZWPlZdUTTQ'><script type='text\/html' class='av-video-tmpl'><div class='avia-iframe-wrap'><iframe loading=\"lazy\" title=\"So erstellen Sie Zeit im Kendo Project Manager\" width=\"1500\" height=\"844\" src=\"https:\/\/www.youtube.com\/embed\/FZWPlZdUTTQ?feature=oembed&autoplay=0&loop=0&controls=1&mute=0\" frameborder=\"0\" allow=\"accelerometer; autoplay; clipboard-write; encrypted-media; gyroscope; picture-in-picture\" allowfullscreen><\/iframe><\/div><\/script><div class='av-click-to-play-overlay'><div class=\"avia_playpause_icon\"><\/div><\/div><\/div><\/p>\n<\/div><\/div><\/div><div id='after_grid_row_3'  class='main_color av_default_container_wrap container_wrap fullsize'  ><div class='container av-section-cont-open' ><div class='template-page content  av-content-full alpha units'><div class='post-entry post-entry-type-page post-entry-6220'><div class='entry-content-wrapper clearfix'><div  class='av_promobox av-kj7gewb5-183d8a4556015772cfafbef49898f826 avia-button-yes  avia-builder-el-31  el_after_av_layout_row  avia-builder-el-no-sibling '><div class='avia-promocontent'><p><span class=\"VIiyi\" lang=\"de\"><span class=\"JLqJ4b ChMk0b\" data-language-for-alternatives=\"de\" data-language-to-translate-into=\"en\" data-phrase-index=\"2\">Schritt-f\u00fcr-Schritt-Anleitungen, die Ihnen und Ihrem Team den Einstieg in kendomanager.com erleichtern<\/span><\/span><\/p>\n<\/div><div  class='avia-button-wrap av-kj7gewb5-064f662e147cef152c3f45acc59227e8-wrap avia-button-right '><a href='https:\/\/youtube.com\/playlist?list=PLQ8lkJiSnCYSNrASwDioSJkLZNx-GRKhA'  class='avia-button av-kj7gewb5-064f662e147cef152c3f45acc59227e8 av-link-btn avia-icon_select-no avia-size-large avia-position-right avia-color-theme-color'  target=\"_blank\"  rel=\"noopener noreferrer\"  aria-label=\"Kendo Tutorial Videos\"><span class='avia_iconbox_title' >Kendo Tutorial Videos<\/span><\/a><\/div><\/div>\n","protected":false},"excerpt":{"rendered":"","protected":false},"author":1,"featured_media":0,"parent":0,"menu_order":0,"comment_status":"closed","ping_status":"closed","template":"","meta":{"_acf_changed":false,"footnotes":""},"class_list":["post-6220","page","type-page","status-publish","hentry"],"acf":[],"_links":{"self":[{"href":"https:\/\/www.kendomanager.com\/de\/wp-json\/wp\/v2\/pages\/6220","targetHints":{"allow":["GET"]}}],"collection":[{"href":"https:\/\/www.kendomanager.com\/de\/wp-json\/wp\/v2\/pages"}],"about":[{"href":"https:\/\/www.kendomanager.com\/de\/wp-json\/wp\/v2\/types\/page"}],"author":[{"embeddable":true,"href":"https:\/\/www.kendomanager.com\/de\/wp-json\/wp\/v2\/users\/1"}],"replies":[{"embeddable":true,"href":"https:\/\/www.kendomanager.com\/de\/wp-json\/wp\/v2\/comments?post=6220"}],"version-history":[{"count":9,"href":"https:\/\/www.kendomanager.com\/de\/wp-json\/wp\/v2\/pages\/6220\/revisions"}],"predecessor-version":[{"id":13342,"href":"https:\/\/www.kendomanager.com\/de\/wp-json\/wp\/v2\/pages\/6220\/revisions\/13342"}],"wp:attachment":[{"href":"https:\/\/www.kendomanager.com\/de\/wp-json\/wp\/v2\/media?parent=6220"}],"curies":[{"name":"wp","href":"https:\/\/api.w.org\/{rel}","templated":true}]}}