{"id":6124,"date":"2018-11-29T10:26:51","date_gmt":"2018-11-29T10:26:51","guid":{"rendered":"https:\/\/www.kendomanager.com\/?page_id=6124"},"modified":"2024-05-21T06:55:11","modified_gmt":"2024-05-21T06:55:11","slug":"jetzt-30-tage-testversion-anfordern","status":"publish","type":"page","link":"https:\/\/www.kendomanager.com\/de\/jetzt-30-tage-testversion-anfordern\/","title":{"rendered":"Jetzt 30-Tage-Testversion anfordern"},"content":{"rendered":"\n<style type=\"text\/css\" data-created_by=\"avia_inline_auto\" id=\"style-css-av-m3bbvj-a23c5caef7c55f8acd50750c540770ea\">\n.flex_column.av-m3bbvj-a23c5caef7c55f8acd50750c540770ea{\nborder-radius:0px 0px 0px 0px;\npadding:0px 0px 0px 0px;\n}\n<\/style>\n<div  class='flex_column av-m3bbvj-a23c5caef7c55f8acd50750c540770ea av_one_half  avia-builder-el-0  el_before_av_one_half  avia-builder-el-first  first flex_column_div av-zero-column-padding  '     ><section  class='av_textblock_section av-kdqgrz-90944a201063ddde95b98eec3d62b2ec '  ><div class='avia_textblock' ><h1><strong>FORDERN SIE DIE TEST VERSION VON KENDO MANAGER AN<\/strong><\/h1>\n<p>Wenn sie den\u00a0<strong>Kendo Manager <\/strong>verwenden m\u00f6chten, aber wissen jedoch nicht, ob Sie jetzt bezahlen m\u00f6chten. Wir machen es Ihnen leichter mit unserer <strong>30-t\u00e4gigen Testversion von Kendo Manager<\/strong>. Senden Sie uns die Anfrage und wir senden Ihnen einen Download-Link f\u00fcr die Testversion.<\/p>\n<p>Testversion ist eine voll funktionsf\u00e4hige Version von Kendo Manager, bei der alle Module 30 Tage lang mit ubbegrenzten Projekten und Teammitgliedern verf\u00fcgbar sind.<\/p>\n<\/div><\/section><br \/>\n<section  class='av_textblock_section av-j4hisv-794677ad4a471070d5e191f3d421ea2e '  ><div class='avia_textblock' ><h2><strong>KENDO STARTUP RABATTPLAN<\/strong><\/h2>\n<p>Sie gr\u00fcnden ein eigenes Gesch\u00e4ft? Sie suchen nach professionellen Werkzeugen f\u00fcr die Projektmanagement Software, um den Betrieb aufrecht zu erhalten?<\/p>\n<p>Kontaktieren Sie uns f\u00fcr unseren Startup Rabattplatn und Sie <strong>erhalten 30% Rabatt auf Kendo Manager Project Server.<\/strong><\/p>\n<p>Dieser Rabatt steht allen Unternehmen zur Verf\u00fcgung, <strong>die die folgenden voraussetzungen erf\u00fcllen:<\/strong><\/p>\n<ul>\n<li>Ist ein Privatbesitz,<\/li>\n<li>Ist ein etablierted Unternehmen mit einer Webseite und\/oder bestehenden \u00f6ffentlichen Referenzen im Internet.<\/li>\n<\/ul>\n<p>Fordern Sie die testversion von Kendo Manager an<\/p>\n<p>Ich m\u00f6chte die voll funktionsf\u00e4hige 30-Tage-Testversion auf meinem Server\/Netzwerk ausprobieren,<\/p>\n<p>Ich m\u00f6chte die voll funktionsf\u00e4hige 30-Tage-Online-Testversion ausprobieren.<\/p>\n<\/div><\/section><\/p><\/div>\n\n<style type=\"text\/css\" data-created_by=\"avia_inline_auto\" id=\"style-css-av-hjvubj-9baa57894279df06f6b99c449634dc54\">\n.flex_column.av-hjvubj-9baa57894279df06f6b99c449634dc54{\nborder-radius:0px 0px 0px 0px;\npadding:0px 0px 0px 0px;\n}\n<\/style>\n<div  class='flex_column av-hjvubj-9baa57894279df06f6b99c449634dc54 av_one_half  avia-builder-el-3  el_after_av_one_half  avia-builder-el-last  flex_column_div av-zero-column-padding  '     ><form action=\"https:\/\/www.kendomanager.com\/de\/jetzt-30-tage-testversion-anfordern\/\" method=\"post\" data-fields-with-error=\"Fehler wurden in folgenden Feld(ern) gefunden:\" class=\"avia_ajax_form av-form-labels-visible   avia-builder-el-4  avia-builder-el-no-sibling  partnerForm  \" data-avia-form-id=\"1\" data-avia-redirect='' ><h3 class=''>Request Trial Version of Kendo Manager<\/h3><fieldset><p class='  first_form  form_element form_fullwidth' id='element_avia_1_1'><label for=\"avia_1_1\">Name <abbr class=\"required\" title=\"ben\u00f6tigt\">*<\/abbr><\/label> <input name=\"avia_1_1\" class=\"text_input is_empty\" type=\"text\" id=\"avia_1_1\" value=\"\" \/><\/p><p class='  first_form  form_element form_fullwidth' id='element_avia_2_1'><label for=\"avia_2_1\">E-Mail <abbr class=\"required\" title=\"ben\u00f6tigt\">*<\/abbr><\/label> <input name=\"avia_2_1\" class=\"text_input is_email\" type=\"text\" id=\"avia_2_1\" value=\"\" \/><\/p><p class='  first_form  form_element form_fullwidth' id='element_avia_3_1'><label for=\"avia_3_1\">Firma<\/label> <input name=\"avia_3_1\" class=\"text_input \" type=\"text\" id=\"avia_3_1\" value=\"\" \/><\/p><p class='  first_form  form_element form_fullwidth' id='element_avia_4_1'><label for=\"avia_4_1\">Webseite<\/label> <input name=\"avia_4_1\" class=\"text_input \" type=\"text\" id=\"avia_4_1\" value=\"\" \/><\/p><p class='  first_form  form_element form_fullwidth' id='element_avia_5_1'><label for=\"avia_5_1\">Gesch\u00e4ftstyp<\/label><select  name=\"avia_5_1\" class=\"select \" id=\"avia_5_1\"><option   value='Firma'>Firma<\/option><option   value='Startup'>Startup<\/option><option   value='Bildungszentrum'>Bildungszentrum<\/option><option   value='Berate'>Berate<\/option><option   value='Andere'>Andere<\/option><\/select><\/p><p class='  first_form  form_element form_fullwidth' id='element_avia_6_1'><label for=\"avia_6_1\">Kendo-Pakettyp <abbr class=\"required\" title=\"ben\u00f6tigt\">*<\/abbr><\/label><select  name=\"avia_6_1\" class=\"select is_empty\" id=\"avia_6_1\"><option  selected=\"selected\" value=''><\/option><option   value='Kendo Startup'>Kendo Startup<\/option><option   value='Kendo Office'>Kendo Office<\/option><option   value='Kendo Business'>Kendo Business<\/option><option   value='Kendo Business Pro'>Kendo Business Pro<\/option><option   value='Kendo Professional'>Kendo Professional<\/option><\/select><\/p><p class='  first_form  form_element form_fullwidth' id='element_avia_7_1'><label for=\"avia_7_1\">W\u00e4hlen Sie die Kendo-Standardsprache<\/label><select  name=\"avia_7_1\" class=\"select \" id=\"avia_7_1\"><option   value='Deutsch'>Deutsch<\/option><option   value='Englisch'>Englisch<\/option><option   value='Spanisch'>Spanisch<\/option><option   value='Italienisch'>Italienisch<\/option><option   value='Slowenisch'>Slowenisch<\/option><option   value='Serbisch'>Serbisch<\/option><option   value='Kroatisch'>Kroatisch<\/option><option   value='Bosnisch'>Bosnisch<\/option><option   value='Australisches Englisch'>Australisches Englisch<\/option><\/select><\/p><p class='  first_form  form_element form_fullwidth' id='element_avia_8_1'><label for=\"avia_8_1\">Kendo Manager trial <abbr class=\"required\" title=\"ben\u00f6tigt\">*<\/abbr><\/label><select  name=\"avia_8_1\" class=\"select is_empty\" id=\"avia_8_1\"><option  selected=\"selected\" value=''><\/option><option   value='Ich m\u00f6chte eine vollfunktionsf\u00e4hige 30 tage Testversion auf meinem Server\/Netzwerk ausprobieren'>Ich m\u00f6chte eine vollfunktionsf\u00e4hige 30 tage Testversion auf meinem Server\/Netzwerk ausprobieren<\/option><option   value='Ich m\u00f6chte eine vollfunktionsf\u00e4hige 30 tage Online Testversion auf Ihrem Server ausprobieren'>Ich m\u00f6chte eine vollfunktionsf\u00e4hige 30 tage Online Testversion auf Ihrem Server ausprobieren<\/option><\/select><\/p><p class='  first_form  form_element form_fullwidth' id='element_avia_9_1'><label for=\"avia_9_1\" class=\"textare_label hidden textare_label_avia_9_1\">Nachricht<\/label><textarea  name=\"avia_9_1\" class=\"text_area \" cols=\"40\" rows=\"7\" id=\"avia_9_1\" ><\/textarea><\/p><p class=\"hidden\"><input type=\"text\" name=\"avia_10_1\" class=\"hidden \" id=\"avia_10_1\" value=\"\" \/><\/p><div id='avia_11_1' class='av-recaptcha-area  first_form  form_element form_fullwidth '  data-container_class=\"\" data-custom_class=\"\" data-context=\"av_contact_form\" data-token_input=\"av_recaptcha_token\" data-version=\"avia_recaptcha_v2\" data-theme=\"light\" data-size=\"normal\" data-score=\"0.5\" data-text_to_preview=\"\" data-value=\"\"><div class=\"av-google-badge-message hidden\">This site is protected by reCAPTCHA and the Google <a href=\"https:\/\/policies.google.com\/privacy\" target=\"_blank\" rel=\"noopener noreferrer\">Datenschutzrichtlinie<\/a> and <a href=\"https:\/\/policies.google.com\/terms\" target=\"_blank\" rel=\"noopener noreferrer\">Terms of Service<\/a> apply.<\/div><\/div><p class=\"form_element \"><input type=\"hidden\" value=\"1\" name=\"avia_generated_form1\" \/><input type=\"submit\" value=\"Requst Trial Version of Kendo Manager\" class=\"button\"  data-sending-label=\"Sende\"\/><\/p><\/fieldset><div class=\"avia-disabled-form\">Dieses Kontaktformular ist momentan deaktiviert, da Sie den Google reCAPTCHA-Service noch nicht akzeptiert haben. Dieser ist f\u00fcr die Validierung des Sendevorgangs jedoch notwendig<\/div><\/form><div id=\"ajaxresponse_1\" class=\"ajaxresponse ajaxresponse_1 hidden\"><\/div><\/div>\n","protected":false},"excerpt":{"rendered":"","protected":false},"author":1,"featured_media":0,"parent":0,"menu_order":0,"comment_status":"closed","ping_status":"closed","template":"","meta":{"_acf_changed":false,"footnotes":""},"class_list":["post-6124","page","type-page","status-publish","hentry"],"acf":[],"_links":{"self":[{"href":"https:\/\/www.kendomanager.com\/de\/wp-json\/wp\/v2\/pages\/6124","targetHints":{"allow":["GET"]}}],"collection":[{"href":"https:\/\/www.kendomanager.com\/de\/wp-json\/wp\/v2\/pages"}],"about":[{"href":"https:\/\/www.kendomanager.com\/de\/wp-json\/wp\/v2\/types\/page"}],"author":[{"embeddable":true,"href":"https:\/\/www.kendomanager.com\/de\/wp-json\/wp\/v2\/users\/1"}],"replies":[{"embeddable":true,"href":"https:\/\/www.kendomanager.com\/de\/wp-json\/wp\/v2\/comments?post=6124"}],"version-history":[{"count":16,"href":"https:\/\/www.kendomanager.com\/de\/wp-json\/wp\/v2\/pages\/6124\/revisions"}],"predecessor-version":[{"id":15585,"href":"https:\/\/www.kendomanager.com\/de\/wp-json\/wp\/v2\/pages\/6124\/revisions\/15585"}],"wp:attachment":[{"href":"https:\/\/www.kendomanager.com\/de\/wp-json\/wp\/v2\/media?parent=6124"}],"curies":[{"name":"wp","href":"https:\/\/api.w.org\/{rel}","templated":true}]}}