{"id":6017,"date":"2018-11-28T12:12:03","date_gmt":"2018-11-28T12:12:03","guid":{"rendered":"https:\/\/www.kendomanager.com\/?page_id=6017"},"modified":"2020-10-15T06:30:27","modified_gmt":"2020-10-15T06:30:27","slug":"kendo-faq","status":"publish","type":"page","link":"https:\/\/www.kendomanager.com\/de\/kendo-faq\/","title":{"rendered":"Kendo FAQ"},"content":{"rendered":"\n<style type=\"text\/css\" data-created_by=\"avia_inline_auto\" id=\"style-css-av-1524apc-9cf6f384a12627cb2f4795db7e075ba4\">\n.flex_column.av-1524apc-9cf6f384a12627cb2f4795db7e075ba4{\nborder-radius:0px 0px 0px 0px;\npadding:0px 0px 0px 0px;\n}\n<\/style>\n<div  class='flex_column av-1524apc-9cf6f384a12627cb2f4795db7e075ba4 av_one_full  avia-builder-el-0  el_before_av_one_full  avia-builder-el-first  first flex_column_div av-zero-column-padding  '     ><style type=\"text\/css\" data-created_by=\"avia_inline_auto\" id=\"style-css-av-3uu4ts-dbf9fcd0955bd6a06e47ae0468794436\">\n#top .av_textblock_section.av-3uu4ts-dbf9fcd0955bd6a06e47ae0468794436 .avia_textblock{\ncolor:#7bb0e7;\n}\n<\/style>\n<section  class='av_textblock_section av-3uu4ts-dbf9fcd0955bd6a06e47ae0468794436 '  ><div class='avia_textblock av_inherit_color' ><h2><span style=\"color: #7bb0e7;\">Technische FAQ<\/span><\/h2>\n<\/div><\/section><br \/>\n\n<style type=\"text\/css\" data-created_by=\"avia_inline_auto\" id=\"style-css-av-11suz40-1faf85554dea08bcfb7b2d1f6ffe7b46\">\n#top .hr.hr-invisible.av-11suz40-1faf85554dea08bcfb7b2d1f6ffe7b46{\nheight:20px;\n}\n<\/style>\n<div  class='hr av-11suz40-1faf85554dea08bcfb7b2d1f6ffe7b46 hr-invisible  avia-builder-el-2  el_after_av_textblock  el_before_av_textblock '><span class='hr-inner '><span class=\"hr-inner-style\"><\/span><\/span><\/div><br \/>\n<section  class='av_textblock_section av-zcztnk-329e84563e738d9b485e09a07dd9e917 '  ><div class='avia_textblock av_inherit_color' ><h4>Kann ich Kendo Manager auf meinem eigenen Webserver oder VPS installieren?<\/h4>\n<p>Ja, Sie k\u00f6nnen Kendo Manager Project Server auf Ihrem Windows Webserver oder VPS installieren. Sie k\u00f6nnen die Vollversion von Kendo Manager herunterladen und dann ausw\u00e4hlen, wo Sie sie installieren m\u00f6chten. Zahlen Sie einmal f\u00fcr die Volllizenz, installieren Sie sie auf Ihrem Server und haben Sie unbegrenzte Projekte und Teammitglieder.<\/p>\n<\/div><\/section><br \/>\n\n<style type=\"text\/css\" data-created_by=\"avia_inline_auto\" id=\"style-css-av-y1raio-1fe166110f538c8a4db5da05ac186391\">\n#top .hr.av-y1raio-1fe166110f538c8a4db5da05ac186391{\nmargin-top:10px;\nmargin-bottom:10px;\n}\n.hr.av-y1raio-1fe166110f538c8a4db5da05ac186391 .hr-inner{\nwidth:100%;\nborder-color:#7bb0e7;\n}\n<\/style>\n<div  class='hr av-y1raio-1fe166110f538c8a4db5da05ac186391 hr-custom  avia-builder-el-4  el_after_av_textblock  el_before_av_textblock  hr-center hr-icon-no'><span class='hr-inner inner-border-av-border-thin'><span class=\"hr-inner-style\"><\/span><\/span><\/div><br \/>\n<section  class='av_textblock_section av-w3lsb4-99cfc89d1b68a3352da7dfa95d5f7a5a '  ><div class='avia_textblock av_inherit_color' ><h4>Wie lauten die Systemanforderungen f\u00fcr Kendo Manager Project Server?<\/h4>\n<p>F\u00fcr die ON-PREMISES L\u00f6sung ist ein Mindestma\u00df an technischer Konfiguration erforderlich:<\/p>\n<ul>\n<li>Min: Intel Dual-Core Processor<\/li>\n<li>RAM: Recommended 2 GB or more<\/li>\n<li>Windows VPS, MS Windows 10, MS Windows Server 2008, 2012, 2016 or Asp Net Hosting (contact\u00a0 us).<\/li>\n<li>MariaDB 10.1.20 + or MySQL(contact us)<\/li>\n<li>IIS 7.0, 8.0, 10.0<\/li>\n<li>MySQL connector<\/li>\n<li>.NET Framework 4 +<\/li>\n<\/ul>\n<\/div><\/section><br \/>\n\n<style type=\"text\/css\" data-created_by=\"avia_inline_auto\" id=\"style-css-av-uy1auo-c919e8efbcd858b8edecebbfeeaf475d\">\n#top .hr.av-uy1auo-c919e8efbcd858b8edecebbfeeaf475d{\nmargin-top:10px;\nmargin-bottom:10px;\n}\n.hr.av-uy1auo-c919e8efbcd858b8edecebbfeeaf475d .hr-inner{\nwidth:100%;\nborder-color:#7bb0e7;\n}\n<\/style>\n<div  class='hr av-uy1auo-c919e8efbcd858b8edecebbfeeaf475d hr-custom  avia-builder-el-6  el_after_av_textblock  el_before_av_textblock  hr-center hr-icon-no'><span class='hr-inner inner-border-av-border-thin'><span class=\"hr-inner-style\"><\/span><\/span><\/div><br \/>\n<section  class='av_textblock_section av-ta65z4-2a9dae27f642f97ebcc2d6595c6bcd10 '  ><div class='avia_textblock av_inherit_color' ><h4>Kann ich den Kendo Manager auf meinem eigenen Windows rechner installieren?<\/h4>\n<p>Ja, Sie k\u00f6nnen Kendo Manager Project Server auf Ihrem Windows rechner installieren. F\u00fcr Kendo Manager ist eine technische Mindestausstattung erforderlich:<\/p>\n<ul>\n<li>Min: Intel Dual-Core Processor<\/li>\n<li>RAM: Mindestens 2 GB oder mehr<\/li>\n<li>MS Windows\u00a0 10<\/li>\n<li>MariaDB 10.1.20 +<\/li>\n<li>IIS 7.0, 8.0 oder 10.0<\/li>\n<li>.NET Framework 4 +<\/li>\n<\/ul>\n<\/div><\/section><br \/>\n\n<style type=\"text\/css\" data-created_by=\"avia_inline_auto\" id=\"style-css-av-redr1c-2fd3e301a4c75baa0c53e30f0a190e03\">\n#top .hr.av-redr1c-2fd3e301a4c75baa0c53e30f0a190e03{\nmargin-top:10px;\nmargin-bottom:10px;\n}\n.hr.av-redr1c-2fd3e301a4c75baa0c53e30f0a190e03 .hr-inner{\nwidth:100%;\nborder-color:#7bb0e7;\n}\n<\/style>\n<div  class='hr av-redr1c-2fd3e301a4c75baa0c53e30f0a190e03 hr-custom  avia-builder-el-8  el_after_av_textblock  el_before_av_textblock  hr-center hr-icon-no'><span class='hr-inner inner-border-av-border-thin'><span class=\"hr-inner-style\"><\/span><\/span><\/div><br \/>\n<section  class='av_textblock_section av-qai4xs-bbee44499d9a57d23e697f4c3aee6bd1 '  ><div class='avia_textblock av_inherit_color' ><h4>Welche Datenbank verwendet Kendo Manager?<\/h4>\n<p>Kendo Manager verwendet MariaDB. MariaDB Server ist einer der beliebtesten Datenbankserver der Welt. Es wurde von den urspr\u00fcnglichen Entwicklern von MySQL entwickelt und bleibt garantiert Open Source. Bemerkenswerte Benutzer sind Wikipedia, WordPress.com und Google. Mehr Informationen:\u00a0<a href=\"https:\/\/mariadb.org\/\">https:\/\/mariadb.org\/<\/a> .<\/p>\n<\/div><\/section><br \/>\n\n<style type=\"text\/css\" data-created_by=\"avia_inline_auto\" id=\"style-css-av-om3hwg-5100c4e6a1b190a20a43d095d08a02fd\">\n#top .hr.av-om3hwg-5100c4e6a1b190a20a43d095d08a02fd{\nmargin-top:10px;\nmargin-bottom:10px;\n}\n.hr.av-om3hwg-5100c4e6a1b190a20a43d095d08a02fd .hr-inner{\nwidth:100%;\nborder-color:#7bb0e7;\n}\n<\/style>\n<div  class='hr av-om3hwg-5100c4e6a1b190a20a43d095d08a02fd hr-custom  avia-builder-el-10  el_after_av_textblock  el_before_av_textblock  hr-center hr-icon-no'><span class='hr-inner inner-border-av-border-thin'><span class=\"hr-inner-style\"><\/span><\/span><\/div><br \/>\n<section  class='av_textblock_section av-mwa9vk-59f4acae42dba3a2185f97d6173061cc '  ><div class='avia_textblock' ><h4>Where can I find Kendo Manager Demo version?<\/h4>\n<p>You can find Kendo Manager that has 30 day trial\u00a0but you need to contact us first. Please use this <a href=\"https:\/\/www.kendomanager.com\/contact\/\">contact form<\/a>\u00a0for Demo version request.<\/p>\n<p>For more purchase option check our prices\u00a0<a href=\"https:\/\/www.kendomanager.com\/de\/preise\/\">here<\/a>.<\/p>\n<\/div><\/section><\/p><\/div>\n<style type=\"text\/css\" data-created_by=\"avia_inline_auto\" id=\"style-css-av-km9lkw-bcf75344aed4e2dc34cfbbe16b6ed4f2\">\n.flex_column.av-km9lkw-bcf75344aed4e2dc34cfbbe16b6ed4f2{\nborder-radius:0px 0px 0px 0px;\npadding:40px 0px 0px 0px;\n}\n<\/style>\n<div  class='flex_column av-km9lkw-bcf75344aed4e2dc34cfbbe16b6ed4f2 av_one_full  avia-builder-el-12  el_after_av_one_full  avia-builder-el-last  first flex_column_div  column-top-margin'     ><style type=\"text\/css\" data-created_by=\"avia_inline_auto\" id=\"style-css-av-imb5eo-2f09a2ee56da9bcd6384cc569e797db6\">\n#top .av_textblock_section.av-imb5eo-2f09a2ee56da9bcd6384cc569e797db6 .avia_textblock{\ncolor:#7bb0e7;\n}\n<\/style>\n<section  class='av_textblock_section av-imb5eo-2f09a2ee56da9bcd6384cc569e797db6 '  ><div class='avia_textblock av_inherit_color' ><h2><span style=\"color: #7bb0e7;\">Preise &amp; Abrechnung FAQ<\/span><\/h2>\n<\/div><\/section><br \/>\n\n<style type=\"text\/css\" data-created_by=\"avia_inline_auto\" id=\"style-css-av-1pt2kw-01f1583c64dbf07b67d11432a104a23c\">\n#top .hr.hr-invisible.av-1pt2kw-01f1583c64dbf07b67d11432a104a23c{\nheight:20px;\n}\n<\/style>\n<div  class='hr av-1pt2kw-01f1583c64dbf07b67d11432a104a23c hr-invisible  avia-builder-el-14  el_after_av_textblock  el_before_av_textblock '><span class='hr-inner '><span class=\"hr-inner-style\"><\/span><\/span><\/div><br \/>\n<section  class='av_textblock_section av-g8jnps-cf3d7e27cf6acb60c23fc49a57db66d3 '  ><div class='avia_textblock av_inherit_color' ><h4>Ist der Preis f\u00fcr die selbst gehostete Lizenz eine einmalige Zahlung?<\/h4>\n<p>Ja, Sie k\u00f6nnen den selbst gehosteten Kendo Manager ohne zus\u00e4tzliche Geb\u00fchren so lange verwenden, wie Sie m\u00f6chten. Die Lizenz beinhaltet auch ein Jahr Support und Upgrades, die Sie optional verl\u00e4ngern k\u00f6nnen.<\/p>\n<\/div><\/section><br \/>\n\n<style type=\"text\/css\" data-created_by=\"avia_inline_auto\" id=\"style-css-av-egeufk-03fd866b8c90c38aeacb2d21be0d7083\">\n#top .hr.av-egeufk-03fd866b8c90c38aeacb2d21be0d7083{\nmargin-top:10px;\nmargin-bottom:10px;\n}\n.hr.av-egeufk-03fd866b8c90c38aeacb2d21be0d7083 .hr-inner{\nwidth:100%;\nborder-color:#7bb0e7;\n}\n<\/style>\n<div  class='hr av-egeufk-03fd866b8c90c38aeacb2d21be0d7083 hr-custom  avia-builder-el-16  el_after_av_textblock  el_before_av_textblock  hr-center hr-icon-no'><span class='hr-inner inner-border-av-border-thin'><span class=\"hr-inner-style\"><\/span><\/span><\/div><br \/>\n<section  class='av_textblock_section av-bumuxs-5fe8d2dc99c1c9b02bb890fca078206e '  ><div class='avia_textblock' ><h4>Was beinhaltet die Erneuerung von Support und Upgrades?<\/h4>\n<p>Es beinhaltet technischen Support und Zugriff auf alle Kendo Manager Upgrades. Die Verl\u00e4ngerung ist optional und kostet <span class=\"tlid-translation translation\" lang=\"de\"><span class=\"alt-edited\" title=\"\">$ 499 pro Jahr f\u00fcr <strong>Professional-Version<\/strong>, $ 249 f\u00fcr <strong>Business-Version<\/strong>, <strong>Startup<\/strong>-Version ist <strong>$99<\/strong> .<\/span><\/span><\/p>\n<\/div><\/section><br \/>\n\n<style type=\"text\/css\" data-created_by=\"avia_inline_auto\" id=\"style-css-av-bklx40-bd6786478cba1132adbb0dfb39c516e0\">\n#top .hr.av-bklx40-bd6786478cba1132adbb0dfb39c516e0{\nmargin-top:10px;\nmargin-bottom:10px;\n}\n.hr.av-bklx40-bd6786478cba1132adbb0dfb39c516e0 .hr-inner{\nwidth:100%;\nborder-color:#7bb0e7;\n}\n<\/style>\n<div  class='hr av-bklx40-bd6786478cba1132adbb0dfb39c516e0 hr-custom  avia-builder-el-18  el_after_av_textblock  el_before_av_textblock  hr-center hr-icon-no'><span class='hr-inner inner-border-av-border-thin'><span class=\"hr-inner-style\"><\/span><\/span><\/div><br \/>\n<section  class='av_textblock_section av-xpu9c-8f1e45ffd1c9c6dd9a062422ddbb1c3d '  ><div class='avia_textblock' ><h4>Haben Sie besondere Erm\u00e4\u00dfigungen f\u00fcr Bildungseinrichtungen und gemeinn\u00fctzige Organisationen?<\/h4>\n<p>Wir bieten 30% Rabatt f\u00fcr Bildungseinrichtungen und Non-Profit Organisationen. Um Ihren Rabatt zu erhalten, kontaktieren Sie uns bitte.<\/p>\n<\/div><\/section><br \/>\n\n<style type=\"text\/css\" data-created_by=\"avia_inline_auto\" id=\"style-css-av-80d5eo-3319322bbfc1427d8d59a6e622ae29bb\">\n#top .hr.av-80d5eo-3319322bbfc1427d8d59a6e622ae29bb{\nmargin-top:10px;\nmargin-bottom:10px;\n}\n.hr.av-80d5eo-3319322bbfc1427d8d59a6e622ae29bb .hr-inner{\nwidth:100%;\nborder-color:#7bb0e7;\n}\n<\/style>\n<div  class='hr av-80d5eo-3319322bbfc1427d8d59a6e622ae29bb hr-custom  avia-builder-el-20  el_after_av_textblock  el_before_av_textblock  hr-center hr-icon-no'><span class='hr-inner inner-border-av-border-thin'><span class=\"hr-inner-style\"><\/span><\/span><\/div><br \/>\n<section  class='av_textblock_section av-5jcugw-c03705f10e02339c228456f03949b272 '  ><div class='avia_textblock' ><h4>Kann ich per Bank\u00fcberweisung bezahlen?<\/h4>\n<p>Ja, wir akzeptieren Bank\u00fcberweisungen f\u00fcr selbst gehostete Lizenzen. Beachten Sie, dass Bank\u00fcberweisungen die langsamste Zahlungsmethode sind und bis zu zwei Wochen dauern k\u00f6nnen. Wenn Sie sofortigen Zugriff auf den Kendo Manager haben m\u00f6chten, empfehlen wir die Verwendung von PayPal.<\/p>\n<\/div><\/section><br \/>\n\n<style type=\"text\/css\" data-created_by=\"avia_inline_auto\" id=\"style-css-av-cjvpc-aba467c196690cd38d0a751f9ad5053c\">\n#top .hr.av-cjvpc-aba467c196690cd38d0a751f9ad5053c{\nmargin-top:10px;\nmargin-bottom:10px;\n}\n.hr.av-cjvpc-aba467c196690cd38d0a751f9ad5053c .hr-inner{\nwidth:100%;\nborder-color:#7bb0e7;\n}\n<\/style>\n<div  class='hr av-cjvpc-aba467c196690cd38d0a751f9ad5053c hr-custom  avia-builder-el-22  el_after_av_textblock  el_before_av_textblock  hr-center hr-icon-no'><span class='hr-inner inner-border-av-border-thin'><span class=\"hr-inner-style\"><\/span><\/span><\/div><br \/>\n<section  class='av_textblock_section av-1v66qo-3db4315dd7467f82762b1ac4a268e245 '  ><div class='avia_textblock' ><h4>Ist die kostenlose Projektmanagement Software f\u00fcr Kendo Manager?<\/h4>\n<p>Ja, Kendo Manager ist eine kostenlose Projektverwaltungssoftware. Die KOSTENLOSE Version der Projektmanagementsoftware von Kendo Manager enth\u00e4lt vollst\u00e4ndige Projektoptionen f\u00fcr <u>1 aktives Projekt<\/u> und <u>2 aktive Teammitglieder<\/u>.<\/p>\n<\/div><\/section><\/p><\/div>\n","protected":false},"excerpt":{"rendered":"","protected":false},"author":1,"featured_media":0,"parent":0,"menu_order":0,"comment_status":"closed","ping_status":"closed","template":"","meta":{"_acf_changed":false,"footnotes":""},"class_list":["post-6017","page","type-page","status-publish","hentry"],"acf":[],"_links":{"self":[{"href":"https:\/\/www.kendomanager.com\/de\/wp-json\/wp\/v2\/pages\/6017","targetHints":{"allow":["GET"]}}],"collection":[{"href":"https:\/\/www.kendomanager.com\/de\/wp-json\/wp\/v2\/pages"}],"about":[{"href":"https:\/\/www.kendomanager.com\/de\/wp-json\/wp\/v2\/types\/page"}],"author":[{"embeddable":true,"href":"https:\/\/www.kendomanager.com\/de\/wp-json\/wp\/v2\/users\/1"}],"replies":[{"embeddable":true,"href":"https:\/\/www.kendomanager.com\/de\/wp-json\/wp\/v2\/comments?post=6017"}],"version-history":[{"count":5,"href":"https:\/\/www.kendomanager.com\/de\/wp-json\/wp\/v2\/pages\/6017\/revisions"}],"predecessor-version":[{"id":12323,"href":"https:\/\/www.kendomanager.com\/de\/wp-json\/wp\/v2\/pages\/6017\/revisions\/12323"}],"wp:attachment":[{"href":"https:\/\/www.kendomanager.com\/de\/wp-json\/wp\/v2\/media?parent=6017"}],"curies":[{"name":"wp","href":"https:\/\/api.w.org\/{rel}","templated":true}]}}