{"id":5988,"date":"2018-11-28T11:28:01","date_gmt":"2018-11-28T11:28:01","guid":{"rendered":"https:\/\/www.kendomanager.com\/?page_id=5988"},"modified":"2019-11-07T13:19:56","modified_gmt":"2019-11-07T13:19:56","slug":"partner","status":"publish","type":"page","link":"https:\/\/www.kendomanager.com\/de\/partner\/","title":{"rendered":"Partner"},"content":{"rendered":"\n<style type=\"text\/css\" data-created_by=\"avia_inline_auto\" id=\"style-css-av-3db6fhs-c73794d7d7f8f4d27f69ffa22c1fa91c\">\n.flex_column.av-3db6fhs-c73794d7d7f8f4d27f69ffa22c1fa91c{\nborder-radius:0px 0px 0px 0px;\npadding:0px 0px 0px 0px;\n}\n<\/style>\n<div  class='flex_column av-3db6fhs-c73794d7d7f8f4d27f69ffa22c1fa91c av_one_full  avia-builder-el-0  el_before_av_one_half  avia-builder-el-first  first flex_column_div av-zero-column-padding  '     ><section  class='av_textblock_section av-3c34kg0-acb2aa45047684700262f07f031ada53 '  ><div class='avia_textblock' ><h2 style=\"text-align: center;\">Treten Sie unserem Partnerprogramm bei<\/h2>\n<\/div><\/section><br \/>\n<section  class='av_textblock_section av-3a0rqpc-d1873da2f0116942d438f00e7c99e6dd '  ><div class='avia_textblock' ><p>Sehr geehrter <strong>Kendo Manager Partner<\/strong>, vielen Dank f\u00fcr Ihr Interesse an einer Mitgliedschaft im <strong>Kendo Manager Partnerprogramm<\/strong>. Mit unserem Partnerprogramm haben Sie die m\u00f6glichkeit, als Wiederverk\u00e4ufer unserer <strong>Kendo Manager<\/strong> Anwendung zu fungieren, um an allen Provisionsverk\u00e4ufen Geld zu verdienen.<\/p>\n<p>Arbeiten Sie mit uns zusammen und bieten Sie Ihren Kunden die innovativste Projektmanagement Software f\u00fcr Enterprise <strong>Kendo Manager<\/strong>. Unabh\u00e4ngig davon, ob Sie Softwarevertrieb oder Beratungsdienstleistungen anbieten, unser Partnerprogramm ist ein Schritt nach vorne, um Ihren Gesch\u00e4ftserfolg zu sichern.<\/p>\n<h2>Was bekomme ich als Kendo Manager Partner?<\/h2>\n<ul>\n<li>Attraktive Provisionen je nach Partnerprogrammstufe<\/li>\n<li>30 -t\u00e4gige Testversion von <strong>Kendo Manager<\/strong> f\u00fcr Ihre Kunden<\/li>\n<li>Fr\u00fchzeitiger Zugriff auf Betaversionen und Updates<\/li>\n<li>Zugang zu technischen und Verkaufstrainings f\u00fcr <strong>Kendo Manager<\/strong><\/li>\n<li>Ein Kontakt bei <strong>Kendo Manager<\/strong>, um Sie bei Ihren Bem\u00fchungen zu unterst\u00fctzen.<\/li>\n<li style=\"list-style-type: none;\"><\/li>\n<\/ul>\n<h3>Verdienen Sie noch mehr<\/h3>\n<p>Wenn Sie Ihren Kunden die technische Implementierung von <strong>Kendo Manager Project Server<\/strong> bereitstellen oder professionelle Beratungsdienste anbieten, k\u00f6nnen Sie f\u00fcr sich zus\u00e4tzliche Einnahmen erzielen, die Sie zu 100% f\u00fcr sich behalten.<\/p>\n<p><strong>Wir bieten Ihnene komplette IT servis und technische Beratung (USA und Europa) beim Aufbau eines Projektmanagement Informationssystems (Server Hosting Empfehlung, remote Server Installation und Einstellungen, Kendo Manager Installation, Online Schulung und Support,&#8230;) f\u00fcr unsere Unternehmenspartner und Unternehmen.<\/strong><\/p>\n<\/div><\/section><br \/>\n<div class='avia-data-table-wrap av-boko40-bf89c084155e187f333ed6ae6ce1e06b avia_scrollable_table avia-table-1'><table  class='avia-table avia-data-table avia_pricing_default  avia-builder-el-3  el_after_av_textblock  avia-builder-el-last ' ><tbody><tr class='avia-heading-row'><th class='avia-desc-col'>Partnerebene<\/th><th class=''>Bronz<\/th><th class=''>Silver<\/th><th class=''>Gold<\/th><\/tr><tr class=''><th class='avia-desc-col'>Partner-Rabatt<\/th><td class=''>10%<\/td><td class=''>20%<\/td><td class=''>30%<\/td><\/tr><tr class=''><th class='avia-desc-col'>30-t\u00e4gige Testversion<\/th><td class=''>\n<style type=\"text\/css\" data-created_by=\"avia_inline_auto\" id=\"style-css-av-2l63g8w-cb05acd7c403868ab796b3668b50da27\">\n.av_font_icon.av-2l63g8w-cb05acd7c403868ab796b3668b50da27{\ncolor:#02a800;\nborder-color:#02a800;\n}\n.avia-svg-icon.av-2l63g8w-cb05acd7c403868ab796b3668b50da27 svg:first-child{\nstroke:#02a800;\nfill:#02a800;\n}\n.av_font_icon.av-2l63g8w-cb05acd7c403868ab796b3668b50da27 .av-icon-char{\nfont-size:20px;\nline-height:20px;\n}\n<\/style>\n<span  class='av_font_icon av-2l63g8w-cb05acd7c403868ab796b3668b50da27 avia_animate_when_visible av-icon-style- avia-icon-pos-left avia-iconfont avia-font-entypo-fontello avia-icon-animate'><span class='av-icon-char' data-av_icon='\ue812' data-av_iconfont='entypo-fontello' aria-hidden=\"true\" ><\/span><\/span><\/td><td class=''>\n<style type=\"text\/css\" data-created_by=\"avia_inline_auto\" id=\"style-css-av-2ht5o4w-9a2dc3931329c9d2bb17551724efd34d\">\n.av_font_icon.av-2ht5o4w-9a2dc3931329c9d2bb17551724efd34d{\ncolor:#02a800;\nborder-color:#02a800;\n}\n.avia-svg-icon.av-2ht5o4w-9a2dc3931329c9d2bb17551724efd34d svg:first-child{\nstroke:#02a800;\nfill:#02a800;\n}\n.av_font_icon.av-2ht5o4w-9a2dc3931329c9d2bb17551724efd34d .av-icon-char{\nfont-size:20px;\nline-height:20px;\n}\n<\/style>\n<span  class='av_font_icon av-2ht5o4w-9a2dc3931329c9d2bb17551724efd34d avia_animate_when_visible av-icon-style- avia-icon-pos-left avia-iconfont avia-font-entypo-fontello avia-icon-animate'><span class='av-icon-char' data-av_icon='\ue812' data-av_iconfont='entypo-fontello' aria-hidden=\"true\" ><\/span><\/span><\/td><td class=''>\n<style type=\"text\/css\" data-created_by=\"avia_inline_auto\" id=\"style-css-av-2eu204g-70affe77d7609d82c082b35c3c26a443\">\n.av_font_icon.av-2eu204g-70affe77d7609d82c082b35c3c26a443{\ncolor:#02a800;\nborder-color:#02a800;\n}\n.avia-svg-icon.av-2eu204g-70affe77d7609d82c082b35c3c26a443 svg:first-child{\nstroke:#02a800;\nfill:#02a800;\n}\n.av_font_icon.av-2eu204g-70affe77d7609d82c082b35c3c26a443 .av-icon-char{\nfont-size:20px;\nline-height:20px;\n}\n<\/style>\n<span  class='av_font_icon av-2eu204g-70affe77d7609d82c082b35c3c26a443 avia_animate_when_visible av-icon-style- avia-icon-pos-left avia-iconfont avia-font-entypo-fontello avia-icon-animate'><span class='av-icon-char' data-av_icon='\ue812' data-av_iconfont='entypo-fontello' aria-hidden=\"true\" ><\/span><\/span><\/td><\/tr><tr class=''><th class='avia-desc-col'>verkaufte Lizenzen<\/th><td class=''>Up to 3<\/td><td class=''>Up to 5<\/td><td class=''>10+<\/td><\/tr><tr class=''><th class='avia-desc-col'>Software-Upgrade-Plan<\/th><td class=''>5%<\/td><td class=''>10%<\/td><td class=''>15%<\/td><\/tr><tr class=''><th class='avia-desc-col'>Technische Dokumentation<\/th><td class=''>\n<style type=\"text\/css\" data-created_by=\"avia_inline_auto\" id=\"style-css-av-1rtkgzk-2e685576ae70ca59f0d5e90f3f6c610d\">\n.av_font_icon.av-1rtkgzk-2e685576ae70ca59f0d5e90f3f6c610d{\ncolor:#02a800;\nborder-color:#02a800;\n}\n.avia-svg-icon.av-1rtkgzk-2e685576ae70ca59f0d5e90f3f6c610d svg:first-child{\nstroke:#02a800;\nfill:#02a800;\n}\n.av_font_icon.av-1rtkgzk-2e685576ae70ca59f0d5e90f3f6c610d .av-icon-char{\nfont-size:20px;\nline-height:20px;\n}\n<\/style>\n<span  class='av_font_icon av-1rtkgzk-2e685576ae70ca59f0d5e90f3f6c610d avia_animate_when_visible av-icon-style- avia-icon-pos-left avia-iconfont avia-font-entypo-fontello avia-icon-animate'><span class='av-icon-char' data-av_icon='\ue812' data-av_iconfont='entypo-fontello' aria-hidden=\"true\" ><\/span><\/span><\/td><td class=''>\n<style type=\"text\/css\" data-created_by=\"avia_inline_auto\" id=\"style-css-av-1oz9ce8-1feb262f38073160f98a4b7869e5981c\">\n.av_font_icon.av-1oz9ce8-1feb262f38073160f98a4b7869e5981c{\ncolor:#02a800;\nborder-color:#02a800;\n}\n.avia-svg-icon.av-1oz9ce8-1feb262f38073160f98a4b7869e5981c svg:first-child{\nstroke:#02a800;\nfill:#02a800;\n}\n.av_font_icon.av-1oz9ce8-1feb262f38073160f98a4b7869e5981c .av-icon-char{\nfont-size:20px;\nline-height:20px;\n}\n<\/style>\n<span  class='av_font_icon av-1oz9ce8-1feb262f38073160f98a4b7869e5981c avia_animate_when_visible av-icon-style- avia-icon-pos-left avia-iconfont avia-font-entypo-fontello avia-icon-animate'><span class='av-icon-char' data-av_icon='\ue812' data-av_iconfont='entypo-fontello' aria-hidden=\"true\" ><\/span><\/span><\/td><td class=''>\n<style type=\"text\/css\" data-created_by=\"avia_inline_auto\" id=\"style-css-av-1lfancg-0dd59f25ccdc9ccf87d3a170e687ae80\">\n.av_font_icon.av-1lfancg-0dd59f25ccdc9ccf87d3a170e687ae80{\ncolor:#02a800;\nborder-color:#02a800;\n}\n.avia-svg-icon.av-1lfancg-0dd59f25ccdc9ccf87d3a170e687ae80 svg:first-child{\nstroke:#02a800;\nfill:#02a800;\n}\n.av_font_icon.av-1lfancg-0dd59f25ccdc9ccf87d3a170e687ae80 .av-icon-char{\nfont-size:20px;\nline-height:20px;\n}\n<\/style>\n<span  class='av_font_icon av-1lfancg-0dd59f25ccdc9ccf87d3a170e687ae80 avia_animate_when_visible av-icon-style- avia-icon-pos-left avia-iconfont avia-font-entypo-fontello avia-icon-animate'><span class='av-icon-char' data-av_icon='\ue812' data-av_iconfont='entypo-fontello' aria-hidden=\"true\" ><\/span><\/span><\/td><\/tr><tr class=''><th class='avia-desc-col'>Priorit\u00e4t- Unterst\u00fctzung<\/th><td class=''>&#8211;<\/td><td class=''>\n<style type=\"text\/css\" data-created_by=\"avia_inline_auto\" id=\"style-css-av-1dddu1c-3af586df3ec9ffddbc0e2222df8ecdd7\">\n.av_font_icon.av-1dddu1c-3af586df3ec9ffddbc0e2222df8ecdd7{\ncolor:#02a800;\nborder-color:#02a800;\n}\n.avia-svg-icon.av-1dddu1c-3af586df3ec9ffddbc0e2222df8ecdd7 svg:first-child{\nstroke:#02a800;\nfill:#02a800;\n}\n.av_font_icon.av-1dddu1c-3af586df3ec9ffddbc0e2222df8ecdd7 .av-icon-char{\nfont-size:20px;\nline-height:20px;\n}\n<\/style>\n<span  class='av_font_icon av-1dddu1c-3af586df3ec9ffddbc0e2222df8ecdd7 avia_animate_when_visible av-icon-style- avia-icon-pos-left avia-iconfont avia-font-entypo-fontello avia-icon-animate'><span class='av-icon-char' data-av_icon='\ue812' data-av_iconfont='entypo-fontello' aria-hidden=\"true\" ><\/span><\/span><\/td><td class=''>\n<style type=\"text\/css\" data-created_by=\"avia_inline_auto\" id=\"style-css-av-19g7yi8-681e726c6f337989571aabddba90204e\">\n.av_font_icon.av-19g7yi8-681e726c6f337989571aabddba90204e{\ncolor:#02a800;\nborder-color:#02a800;\n}\n.avia-svg-icon.av-19g7yi8-681e726c6f337989571aabddba90204e svg:first-child{\nstroke:#02a800;\nfill:#02a800;\n}\n.av_font_icon.av-19g7yi8-681e726c6f337989571aabddba90204e .av-icon-char{\nfont-size:20px;\nline-height:20px;\n}\n<\/style>\n<span  class='av_font_icon av-19g7yi8-681e726c6f337989571aabddba90204e avia_animate_when_visible av-icon-style- avia-icon-pos-left avia-iconfont avia-font-entypo-fontello avia-icon-animate'><span class='av-icon-char' data-av_icon='\ue812' data-av_iconfont='entypo-fontello' aria-hidden=\"true\" ><\/span><\/span><\/td><\/tr><tr class=''><th class='avia-desc-col'>Partnerverzeichnis<\/th><td class=''>\n<style type=\"text\/css\" data-created_by=\"avia_inline_auto\" id=\"style-css-av-13402wg-9bfc7eb0069b6c753650e747aae9f211\">\n.av_font_icon.av-13402wg-9bfc7eb0069b6c753650e747aae9f211{\ncolor:#02a800;\nborder-color:#02a800;\n}\n.avia-svg-icon.av-13402wg-9bfc7eb0069b6c753650e747aae9f211 svg:first-child{\nstroke:#02a800;\nfill:#02a800;\n}\n.av_font_icon.av-13402wg-9bfc7eb0069b6c753650e747aae9f211 .av-icon-char{\nfont-size:20px;\nline-height:20px;\n}\n<\/style>\n<span  class='av_font_icon av-13402wg-9bfc7eb0069b6c753650e747aae9f211 avia_animate_when_visible av-icon-style- avia-icon-pos-left avia-iconfont avia-font-entypo-fontello avia-icon-animate'><span class='av-icon-char' data-av_icon='\ue812' data-av_iconfont='entypo-fontello' aria-hidden=\"true\" ><\/span><\/span><\/td><td class=''>\n<style type=\"text\/css\" data-created_by=\"avia_inline_auto\" id=\"style-css-av-1092g4g-3a37d3ce52547684b8d172b8268630d9\">\n.av_font_icon.av-1092g4g-3a37d3ce52547684b8d172b8268630d9{\ncolor:#02a800;\nborder-color:#02a800;\n}\n.avia-svg-icon.av-1092g4g-3a37d3ce52547684b8d172b8268630d9 svg:first-child{\nstroke:#02a800;\nfill:#02a800;\n}\n.av_font_icon.av-1092g4g-3a37d3ce52547684b8d172b8268630d9 .av-icon-char{\nfont-size:20px;\nline-height:20px;\n}\n<\/style>\n<span  class='av_font_icon av-1092g4g-3a37d3ce52547684b8d172b8268630d9 avia_animate_when_visible av-icon-style- avia-icon-pos-left avia-iconfont avia-font-entypo-fontello avia-icon-animate'><span class='av-icon-char' data-av_icon='\ue812' data-av_iconfont='entypo-fontello' aria-hidden=\"true\" ><\/span><\/span><\/td><td class=''>\n<style type=\"text\/css\" data-created_by=\"avia_inline_auto\" id=\"style-css-av-w8tbyo-6d0b32ef66dbe09562cfd0eaa6ab83f4\">\n.av_font_icon.av-w8tbyo-6d0b32ef66dbe09562cfd0eaa6ab83f4{\ncolor:#02a800;\nborder-color:#02a800;\n}\n.avia-svg-icon.av-w8tbyo-6d0b32ef66dbe09562cfd0eaa6ab83f4 svg:first-child{\nstroke:#02a800;\nfill:#02a800;\n}\n.av_font_icon.av-w8tbyo-6d0b32ef66dbe09562cfd0eaa6ab83f4 .av-icon-char{\nfont-size:20px;\nline-height:20px;\n}\n<\/style>\n<span  class='av_font_icon av-w8tbyo-6d0b32ef66dbe09562cfd0eaa6ab83f4 avia_animate_when_visible av-icon-style- avia-icon-pos-left avia-iconfont avia-font-entypo-fontello avia-icon-animate'><span class='av-icon-char' data-av_icon='\ue812' data-av_iconfont='entypo-fontello' aria-hidden=\"true\" ><\/span><\/span><\/td><\/tr><tr class=''><th class='avia-desc-col'>Partner-Newsletter-Abonnement<\/th><td class=''>\n<style type=\"text\/css\" data-created_by=\"avia_inline_auto\" id=\"style-css-av-pf7628-2a751020ceb5cdf06045b626e3e4d371\">\n.av_font_icon.av-pf7628-2a751020ceb5cdf06045b626e3e4d371{\ncolor:#02a800;\nborder-color:#02a800;\n}\n.avia-svg-icon.av-pf7628-2a751020ceb5cdf06045b626e3e4d371 svg:first-child{\nstroke:#02a800;\nfill:#02a800;\n}\n.av_font_icon.av-pf7628-2a751020ceb5cdf06045b626e3e4d371 .av-icon-char{\nfont-size:20px;\nline-height:20px;\n}\n<\/style>\n<span  class='av_font_icon av-pf7628-2a751020ceb5cdf06045b626e3e4d371 avia_animate_when_visible av-icon-style- avia-icon-pos-left avia-iconfont avia-font-entypo-fontello avia-icon-animate'><span class='av-icon-char' data-av_icon='\ue812' data-av_iconfont='entypo-fontello' aria-hidden=\"true\" ><\/span><\/span><\/td><td class=''>\n<style type=\"text\/css\" data-created_by=\"avia_inline_auto\" id=\"style-css-av-26opow-da5db38f3d95474bce18186bc38816c0\">\n.av_font_icon.av-26opow-da5db38f3d95474bce18186bc38816c0{\ncolor:#02a800;\nborder-color:#02a800;\n}\n.avia-svg-icon.av-26opow-da5db38f3d95474bce18186bc38816c0 svg:first-child{\nstroke:#02a800;\nfill:#02a800;\n}\n.av_font_icon.av-26opow-da5db38f3d95474bce18186bc38816c0 .av-icon-char{\nfont-size:20px;\nline-height:20px;\n}\n<\/style>\n<span  class='av_font_icon av-26opow-da5db38f3d95474bce18186bc38816c0 avia_animate_when_visible av-icon-style- avia-icon-pos-left avia-iconfont avia-font-entypo-fontello avia-icon-animate'><span class='av-icon-char' data-av_icon='\ue812' data-av_iconfont='entypo-fontello' aria-hidden=\"true\" ><\/span><\/span><\/td><td class=''>\n<style type=\"text\/css\" data-created_by=\"avia_inline_auto\" id=\"style-css-av-joton4-97d0ae974c505ae049d66c0384021a2b\">\n.av_font_icon.av-joton4-97d0ae974c505ae049d66c0384021a2b{\ncolor:#02a800;\nborder-color:#02a800;\n}\n.avia-svg-icon.av-joton4-97d0ae974c505ae049d66c0384021a2b svg:first-child{\nstroke:#02a800;\nfill:#02a800;\n}\n.av_font_icon.av-joton4-97d0ae974c505ae049d66c0384021a2b .av-icon-char{\nfont-size:20px;\nline-height:20px;\n}\n<\/style>\n<span  class='av_font_icon av-joton4-97d0ae974c505ae049d66c0384021a2b avia_animate_when_visible av-icon-style- avia-icon-pos-left avia-iconfont avia-font-entypo-fontello avia-icon-animate'><span class='av-icon-char' data-av_icon='\ue812' data-av_iconfont='entypo-fontello' aria-hidden=\"true\" ><\/span><\/span><\/td><\/tr><\/tbody><\/table><\/div><\/p><\/div>\n<style type=\"text\/css\" data-created_by=\"avia_inline_auto\" id=\"style-css-av-hiew9s-a8b1e593c3f031afda5c59e4ee8229fe\">\n.flex_column.av-hiew9s-a8b1e593c3f031afda5c59e4ee8229fe{\nborder-radius:0px 0px 0px 0px;\npadding:0px 0px 0px 0px;\n}\n<\/style>\n<div  class='flex_column av-hiew9s-a8b1e593c3f031afda5c59e4ee8229fe av_one_half  avia-builder-el-18  el_after_av_one_full  el_before_av_one_half  first flex_column_div av-zero-column-padding  column-top-margin'     ><section  class='av_textblock_section av-5qonk-dd41aad51eb6bbc3f0c751c80fb16237 '  ><div class='avia_textblock' ><h2>Wie kann ich Reseller von Kendo Manager werden?<\/h2>\n<ul>\n<li>Wir ben\u00f6tigen grundlegende Informationen zu Ihrem Unternehmen und Ihrer Arbeit (Name, Website, Fachgebiet usw.). Sie k\u00f6nnen uns diese Informationen in einer von uns erstellten Form zur Verf\u00fcgung stellen.<\/li>\n<li>Wenn wir Ihre Anfrage \u00fcberpr\u00fcft und genehmigt haben, werden wir Sie in unsere Partnerliste aufnehmen. Auf Ihrer Seite m\u00fcssen Sie den Kendo Manager auch auf Ihrer Website ver\u00f6ffentlichen<\/li>\n<li>F\u00f6rdern Sie den Kendo Manager mit Ihren eigenen Marketing und Kommunikationsbem\u00fchungen<\/li>\n<li style=\"list-style-type: none;\"><\/li>\n<\/ul>\n<h2>Was ist, wenn ich Fragen habe?<\/h2>\n<p>Wenn Sie Fragen zu unserem Partnerprogramm haben, k\u00f6nnen Sie sich jederzeit mit uns in <a href=\"https:\/\/www.kendomanager.com\/contact\/\">Verbindung<\/a> setzen und wir beantworten gerne alle Ihre Fragen, ob sie fachlich oder gesch\u00e4ftlich sind.<\/p>\n<\/div><\/section><\/div>\n\n<style type=\"text\/css\" data-created_by=\"avia_inline_auto\" id=\"style-css-av-dhqzpc-885b73e25a0793ba534247982a679a35\">\n.flex_column.av-dhqzpc-885b73e25a0793ba534247982a679a35{\nborder-width:1px;\nborder-color:#eaeaea;\nborder-style:solid;\nborder-radius:0px 0px 0px 0px;\npadding:5px 5px 5px 5px;\n}\n<\/style>\n<div  class='flex_column av-dhqzpc-885b73e25a0793ba534247982a679a35 av_one_half  avia-builder-el-20  el_after_av_one_half  avia-builder-el-last  flex_column_div  column-top-margin'     ><form action=\"https:\/\/www.kendomanager.com\/de\/partner\/\" method=\"post\" data-fields-with-error=\"Fehler wurden in folgenden Feld(ern) gefunden:\" class=\"avia_ajax_form av-form-labels-visible   avia-builder-el-21  avia-builder-el-no-sibling  partnerForm  \" data-avia-form-id=\"1\" data-avia-redirect='' ><h3 class=''>Bitte senden Sie uns Ihre Informationen<\/h3><fieldset><p class='  first_form  form_element form_fullwidth' id='element_avia_1_1'><label for=\"avia_1_1\">Name <abbr class=\"required\" title=\"ben\u00f6tigt\">*<\/abbr><\/label> <input name=\"avia_1_1\" class=\"text_input is_empty\" type=\"text\" id=\"avia_1_1\" value=\"\" \/><\/p><p class='  first_form  form_element form_fullwidth' id='element_avia_2_1'><label for=\"avia_2_1\">E-Mail <abbr class=\"required\" title=\"ben\u00f6tigt\">*<\/abbr><\/label> <input name=\"avia_2_1\" class=\"text_input is_email\" type=\"text\" id=\"avia_2_1\" value=\"\" \/><\/p><p class='  first_form  form_element form_fullwidth' id='element_avia_3_1'><label for=\"avia_3_1\">Firmenname <abbr class=\"required\" title=\"ben\u00f6tigt\">*<\/abbr><\/label> <input name=\"avia_3_1\" class=\"text_input is_empty\" type=\"text\" id=\"avia_3_1\" value=\"\" \/><\/p><p class='  first_form  form_element form_fullwidth' id='element_avia_4_1'><label for=\"avia_4_1\">Webseite<\/label> <input name=\"avia_4_1\" class=\"text_input \" type=\"text\" id=\"avia_4_1\" value=\"\" \/><\/p><p class='  first_form  form_element form_fullwidth' id='element_avia_5_1'><label for=\"avia_5_1\">Unternehmenstyp <abbr class=\"required\" title=\"ben\u00f6tigt\">*<\/abbr><\/label><select  name=\"avia_5_1\" class=\"select is_empty\" id=\"avia_5_1\"><option   value='Kompanie'>Kompanie<\/option><option   value='Bildungszentrum'>Bildungszentrum<\/option><option   value='Berater'>Berater<\/option><option   value='Startup'>Startup<\/option><option   value='Other'>Other<\/option><\/select><\/p><p class='  first_form  form_element form_fullwidth' id='element_avia_6_1'><label for=\"avia_6_1\">Titel der Nachricht <abbr class=\"required\" title=\"ben\u00f6tigt\">*<\/abbr><\/label> <input name=\"avia_6_1\" class=\"text_input is_empty\" type=\"text\" id=\"avia_6_1\" value=\"\" \/><\/p><p class='  first_form  form_element form_fullwidth' id='element_avia_7_1'><label for=\"avia_7_1\" class=\"textare_label hidden textare_label_avia_7_1\">Nachricht <abbr class=\"required\" title=\"ben\u00f6tigt\">*<\/abbr><\/label><textarea  name=\"avia_7_1\" class=\"text_area is_empty\" cols=\"40\" rows=\"7\" id=\"avia_7_1\" ><\/textarea><\/p><p class=\"hidden\"><input type=\"text\" name=\"avia_8_1\" class=\"hidden \" id=\"avia_8_1\" value=\"\" \/><\/p><p class='   form_element form_fullwidth' id='element_avia_9_1'><span class='value_verifier_label'>2 + 3 = ?<\/span><input name=\"avia_9_1_verifier\" type=\"hidden\" id=\"avia_9_1_verifier\" value=\"523358714\"\/><label for=\"avia_9_1\">Bitte l\u00f6se die Gleichung. Diese Ma\u00dfnahme dient der Abwehr von Spam <abbr class=\"required\" title=\"ben\u00f6tigt\">*<\/abbr><\/label><input name=\"avia_9_1\" class=\"text_input captcha\" type=\"text\" id=\"avia_9_1\" value=\"\"\/><\/p><p class=\"form_element \"><input type=\"hidden\" value=\"1\" name=\"avia_generated_form1\" \/><input type=\"submit\" value=\"Senden Sie uns Ihr Partner Anfrage!\" class=\"button\"  data-sending-label=\"Sende\"\/><\/p><\/fieldset><\/form><div id=\"ajaxresponse_1\" class=\"ajaxresponse ajaxresponse_1 hidden\"><\/div><\/div>\n","protected":false},"excerpt":{"rendered":"","protected":false},"author":1,"featured_media":0,"parent":0,"menu_order":0,"comment_status":"closed","ping_status":"closed","template":"","meta":{"_acf_changed":false,"footnotes":""},"class_list":["post-5988","page","type-page","status-publish","hentry"],"acf":[],"_links":{"self":[{"href":"https:\/\/www.kendomanager.com\/de\/wp-json\/wp\/v2\/pages\/5988","targetHints":{"allow":["GET"]}}],"collection":[{"href":"https:\/\/www.kendomanager.com\/de\/wp-json\/wp\/v2\/pages"}],"about":[{"href":"https:\/\/www.kendomanager.com\/de\/wp-json\/wp\/v2\/types\/page"}],"author":[{"embeddable":true,"href":"https:\/\/www.kendomanager.com\/de\/wp-json\/wp\/v2\/users\/1"}],"replies":[{"embeddable":true,"href":"https:\/\/www.kendomanager.com\/de\/wp-json\/wp\/v2\/comments?post=5988"}],"version-history":[{"count":6,"href":"https:\/\/www.kendomanager.com\/de\/wp-json\/wp\/v2\/pages\/5988\/revisions"}],"predecessor-version":[{"id":10366,"href":"https:\/\/www.kendomanager.com\/de\/wp-json\/wp\/v2\/pages\/5988\/revisions\/10366"}],"wp:attachment":[{"href":"https:\/\/www.kendomanager.com\/de\/wp-json\/wp\/v2\/media?parent=5988"}],"curies":[{"name":"wp","href":"https:\/\/api.w.org\/{rel}","templated":true}]}}