{"id":5778,"date":"2018-11-27T13:20:40","date_gmt":"2018-11-27T13:20:40","guid":{"rendered":"https:\/\/www.kendomanager.com\/?page_id=5778"},"modified":"2021-02-28T22:19:33","modified_gmt":"2021-02-28T22:19:33","slug":"mehrere-sprachen","status":"publish","type":"page","link":"https:\/\/www.kendomanager.com\/de\/mehrere-sprachen\/","title":{"rendered":"Mehrere Sprachen"},"content":{"rendered":"<section  class='av_textblock_section av-av_textblock-ef7fdae6b3b86bd1e5936ff9fbb8ffa2 '  ><div class='avia_textblock' ><p>Mehrsprachiges Projektmanagement ist jetzt ein Muss. <a href=\"https:\/\/www.kendomanager.com\/\">Kendo Manager<\/a> verf\u00fcgt \u00fcber mehrere Spracheinstellungen. Da wir derzeit nur wenige Sprachen anbieten, bem\u00fchen wir uns um eine bessere Lokalisierung der Anwendung.<\/p>\n<h2>Unterst\u00fctzung mehrerer Sprachen im Kendo Manager<\/h2>\n<p>\u00c4nderung der Sprache in Kendo Manager ist ein einfaches Verfahren. Nach dem Verfahren f\u00fcr die \u00c4nderung, im oberen rechten Men\u00fc des Benutzerprofils, gibt es einen Abschnitt f\u00fcr den Sprachwechsel. Zur zeit unterst\u00fctzt Kendo Manager die englische und serbische Sprache (lateinische Alphabetversion). Unabh\u00e4ngig davon, ob der Benutzer <a href=\"https:\/\/www.kendomanager.com\/gantt-project-software\/\">Gantt Diagramme<\/a> oder Aufgabenlisten verwendet, jeder Projektmanager kann diese Option f\u00fcr ein internationales Projekt mit Kunden, die Fremdsprachen nicht immer verstehen, hilfreich finden. Mit geringen <a href=\"https:\/\/www.kendomanager.com\/costs\/\">Kosten<\/a> f\u00fcr die Vollversion von <strong>Kendo Manager<\/strong> k\u00f6nnen internationale Projekte von der weltweiten Nutzung des <strong>Kendo Managers<\/strong> profitieren.<\/p>\n<h2>Wer darf die Sprache im Kendo Manager \u00e4ndern<\/h2>\n<p>Benutzer (Projekteigent\u00fcmer, Projektmanager, Teammitglieder, Interessenvertreter) d\u00fcrfen die verschiedenen Sprachumgebungen in Projekten ausw\u00e4hlen. Jedes Projektmitglied kann die \u00dcbersichtseite an seine Bed\u00fcrfnisse anpassen.<\/p>\n<p>Wenn Sie das neue Element in Codetabellen hinzuf\u00fcgen &#8211; speichern Sie es &#8211; w\u00e4hlen Sie Englisch &#8211; geben Sie den Titel in Englisch ein und speichern Sie es.<\/p>\n<\/div><\/section>\n\n<style type=\"text\/css\" data-created_by=\"avia_inline_auto\" id=\"style-css-av-b9fsz-b8dfc15828ade1f80639e64cf612572a\">\n.flex_column.av-b9fsz-b8dfc15828ade1f80639e64cf612572a{\nborder-radius:0px 0px 0px 0px;\npadding:0px 0px 0px 0px;\n}\n<\/style>\n<div  class='flex_column av-b9fsz-b8dfc15828ade1f80639e64cf612572a av_one_full  avia-builder-el-1  el_after_av_textblock  avia-builder-el-last  first flex_column_div av-zero-column-padding  column-top-margin'     ><p>\n<style type=\"text\/css\" data-created_by=\"avia_inline_auto\" id=\"style-css-av-kim5sman-787b2322cd69bae03d27350785826cc9\">\n#top .av_textblock_section.av-kim5sman-787b2322cd69bae03d27350785826cc9 .avia_textblock{\ncolor:#3d3d3d;\n}\n<\/style>\n<section  class='av_textblock_section av-kim5sman-787b2322cd69bae03d27350785826cc9 '  ><div class='avia_textblock av_inherit_color' ><p><span style=\"color: #333333;\"><strong>Um weitere Informationen zum Arbeiten in der Kendo Manager Anwendung sowie zum Verwalten der Administration mit hilfe der Kendo Admin Panel zu erhalten, klicken Sie auf die folgende Links.<\/strong><\/span><\/p>\n<div><\/div>\n<\/div><\/section><br \/>\n<div  class='avia-button-wrap avia-button-center  avia-builder-el-3  el_after_av_textblock  el_before_av_hr '>\n<style type=\"text\/css\" data-created_by=\"avia_inline_auto\" id=\"style-css-av-jotpc4g1-c576ddacc1f0f947f0465e5d4c6a49d6\">\n#top #wrap_all .avia-button.av-jotpc4g1-c576ddacc1f0f947f0465e5d4c6a49d6{\nbackground-color:#177ce8;\nborder-color:#177ce8;\ntransition:all 0.4s ease-in-out;\n}\n#top #wrap_all .avia-button.av-jotpc4g1-c576ddacc1f0f947f0465e5d4c6a49d6:hover{\ncolor:#ffffff;\ntransition:all 0.4s ease-in-out;\n}\n#top #wrap_all .avia-button.av-jotpc4g1-c576ddacc1f0f947f0465e5d4c6a49d6:hover .avia-svg-icon svg:first-child{\nfill:#ffffff;\nstroke:#ffffff;\n}\n<\/style>\n<a href='https:\/\/www.kendomanager.com\/de\/kendo-handbuch\/' class='avia-font-color-theme-color avia-button avia-button-fullwidth av-jotpc4g1-c576ddacc1f0f947f0465e5d4c6a49d6 avia-icon_select-yes-left-icon avia-color-custom'   aria-label=\"Kendo Manager Handbuch\"><span class='avia_button_icon avia_button_icon_left avia-iconfont avia-font-entypo-fontello' data-av_icon='\ue80b' data-av_iconfont='entypo-fontello' ><\/span><span class='avia_iconbox_title' >Kendo Manager Handbuch<\/span><span class='avia_button_background avia-button avia-button-fullwidth avia-color-theme-color'><\/span><\/a><\/div><br \/>\n\n<style type=\"text\/css\" data-created_by=\"avia_inline_auto\" id=\"style-css-av-kim6ev3z-98d395d8a11ab7d214bb53c5790a1ad7\">\n#top .hr.hr-invisible.av-kim6ev3z-98d395d8a11ab7d214bb53c5790a1ad7{\nheight:20px;\n}\n<\/style>\n<div  class='hr av-kim6ev3z-98d395d8a11ab7d214bb53c5790a1ad7 hr-invisible  avia-builder-el-4  el_after_av_button_big  el_before_av_button_big  avia-builder-el-no-sibling '><span class='hr-inner '><span class=\"hr-inner-style\"><\/span><\/span><\/div><br \/>\n<div  class='avia-button-wrap avia-button-center  avia-builder-el-5  el_after_av_hr  avia-builder-el-last '>\n<style type=\"text\/css\" data-created_by=\"avia_inline_auto\" id=\"style-css-av-jotpepd1-7a9c7d3010c2d980ded4cf94537ddd3c\">\n#top #wrap_all .avia-button.av-jotpepd1-7a9c7d3010c2d980ded4cf94537ddd3c{\nbackground-color:#177ce8;\nborder-color:#177ce8;\ntransition:all 0.4s ease-in-out;\n}\n#top #wrap_all .avia-button.av-jotpepd1-7a9c7d3010c2d980ded4cf94537ddd3c:hover{\ncolor:#ffffff;\ntransition:all 0.4s ease-in-out;\n}\n#top #wrap_all .avia-button.av-jotpepd1-7a9c7d3010c2d980ded4cf94537ddd3c:hover .avia-svg-icon svg:first-child{\nfill:#ffffff;\nstroke:#ffffff;\n}\n<\/style>\n<a href='https:\/\/www.kendomanager.com\/de\/kendo-verwaltung\/' class='avia-font-color-theme-color avia-button avia-button-fullwidth av-jotpepd1-7a9c7d3010c2d980ded4cf94537ddd3c avia-icon_select-yes-left-icon avia-color-custom'   aria-label=\"Kendo Manager Verwaltung\"><span class='avia_button_icon avia_button_icon_left avia-iconfont avia-font-entypo-fontello' data-av_icon='\ue855' data-av_iconfont='entypo-fontello' ><\/span><span class='avia_iconbox_title' >Kendo Manager Verwaltung<\/span><span class='avia_button_background avia-button avia-button-fullwidth avia-color-theme-color'><\/span><\/a><\/div><\/p><\/div>\n","protected":false},"excerpt":{"rendered":"","protected":false},"author":1,"featured_media":0,"parent":0,"menu_order":0,"comment_status":"closed","ping_status":"closed","template":"","meta":{"_acf_changed":false,"footnotes":""},"class_list":["post-5778","page","type-page","status-publish","hentry"],"acf":[],"_links":{"self":[{"href":"https:\/\/www.kendomanager.com\/de\/wp-json\/wp\/v2\/pages\/5778","targetHints":{"allow":["GET"]}}],"collection":[{"href":"https:\/\/www.kendomanager.com\/de\/wp-json\/wp\/v2\/pages"}],"about":[{"href":"https:\/\/www.kendomanager.com\/de\/wp-json\/wp\/v2\/types\/page"}],"author":[{"embeddable":true,"href":"https:\/\/www.kendomanager.com\/de\/wp-json\/wp\/v2\/users\/1"}],"replies":[{"embeddable":true,"href":"https:\/\/www.kendomanager.com\/de\/wp-json\/wp\/v2\/comments?post=5778"}],"version-history":[{"count":3,"href":"https:\/\/www.kendomanager.com\/de\/wp-json\/wp\/v2\/pages\/5778\/revisions"}],"predecessor-version":[{"id":13639,"href":"https:\/\/www.kendomanager.com\/de\/wp-json\/wp\/v2\/pages\/5778\/revisions\/13639"}],"wp:attachment":[{"href":"https:\/\/www.kendomanager.com\/de\/wp-json\/wp\/v2\/media?parent=5778"}],"curies":[{"name":"wp","href":"https:\/\/api.w.org\/{rel}","templated":true}]}}