{"id":5713,"date":"2018-11-27T12:47:09","date_gmt":"2018-11-27T12:47:09","guid":{"rendered":"https:\/\/www.kendomanager.com\/?page_id=5713"},"modified":"2021-02-27T21:36:36","modified_gmt":"2021-02-27T21:36:36","slug":"meilensteine","status":"publish","type":"page","link":"https:\/\/www.kendomanager.com\/de\/meilensteine\/","title":{"rendered":"Meilensteine"},"content":{"rendered":"<section  class='av_textblock_section av-av_textblock-ef7fdae6b3b86bd1e5936ff9fbb8ffa2 '  ><div class='avia_textblock' ><p>Meilenstein sind die wichtigsten Aufgaben im Projekt oder in einer bestimmten Projektphase.<\/p>\n<h2>Projekt Meilenstein<\/h2>\n<p>Der Projektmeilenstein ist ein \u00e4u\u00dferst wichtiges Ereignis im Projekt, das die Fertigstellung bestimmter Teile des Projekts oder bestimmter wichtiger Phasen der Projektarbeit markiert.<\/p>\n<p>Der Meilensteine Plan umfasst eine kleine Anzahl von Ereignissen, die f\u00fcr die Projektrealisierung sehr wichtig sind, und aus diesem Grund ist es notwendig, diese Ereignisse zu \u00fcberwachen und zu \u00fcberpr\u00fcfen.<\/p>\n<p>Die Meilensteinliste zeigt die markierten <a href=\"https:\/\/www.kendomanager.com\/de\/aufgabenmanagement\/\">Aufgaben<\/a> im Projekt.<\/p>\n<h3>Meilensteine Form<\/h3>\n<p><img loading=\"lazy\" decoding=\"async\" class=\"alignnone size-full wp-image-6629\" src=\"https:\/\/www.kendomanager.com\/wp-content\/uploads\/2018\/12\/Meilenstein.png\" alt=\"Meilenstein\" width=\"1349\" height=\"1008\" srcset=\"https:\/\/www.kendomanager.com\/wp-content\/uploads\/2018\/12\/Meilenstein.png 1349w, https:\/\/www.kendomanager.com\/wp-content\/uploads\/2018\/12\/Meilenstein-300x224.png 300w, https:\/\/www.kendomanager.com\/wp-content\/uploads\/2018\/12\/Meilenstein-768x574.png 768w, https:\/\/www.kendomanager.com\/wp-content\/uploads\/2018\/12\/Meilenstein-1030x770.png 1030w, https:\/\/www.kendomanager.com\/wp-content\/uploads\/2018\/12\/Meilenstein-705x527.png 705w, https:\/\/www.kendomanager.com\/wp-content\/uploads\/2018\/12\/Meilenstein-450x336.png 450w\" sizes=\"auto, (max-width: 1349px) 100vw, 1349px\" \/><\/p>\n<h3>Meilenstein Liste<\/h3>\n<p><img loading=\"lazy\" decoding=\"async\" class=\"alignnone size-full wp-image-6632\" src=\"https:\/\/www.kendomanager.com\/wp-content\/uploads\/2018\/12\/Meilenstein-Liste.png\" alt=\"Meilenstein Liste\" width=\"1363\" height=\"451\" srcset=\"https:\/\/www.kendomanager.com\/wp-content\/uploads\/2018\/12\/Meilenstein-Liste.png 1363w, https:\/\/www.kendomanager.com\/wp-content\/uploads\/2018\/12\/Meilenstein-Liste-300x99.png 300w, https:\/\/www.kendomanager.com\/wp-content\/uploads\/2018\/12\/Meilenstein-Liste-768x254.png 768w, https:\/\/www.kendomanager.com\/wp-content\/uploads\/2018\/12\/Meilenstein-Liste-1030x341.png 1030w, https:\/\/www.kendomanager.com\/wp-content\/uploads\/2018\/12\/Meilenstein-Liste-705x233.png 705w, https:\/\/www.kendomanager.com\/wp-content\/uploads\/2018\/12\/Meilenstein-Liste-450x149.png 450w\" sizes=\"auto, (max-width: 1363px) 100vw, 1363px\" \/><\/p>\n<\/div><\/section>\n\n<style type=\"text\/css\" data-created_by=\"avia_inline_auto\" id=\"style-css-av-b9fsz-b8dfc15828ade1f80639e64cf612572a\">\n.flex_column.av-b9fsz-b8dfc15828ade1f80639e64cf612572a{\nborder-radius:0px 0px 0px 0px;\npadding:0px 0px 0px 0px;\n}\n<\/style>\n<div  class='flex_column av-b9fsz-b8dfc15828ade1f80639e64cf612572a av_one_full  avia-builder-el-1  el_after_av_textblock  avia-builder-el-last  first flex_column_div av-zero-column-padding  column-top-margin'     ><p>\n<style type=\"text\/css\" data-created_by=\"avia_inline_auto\" id=\"style-css-av-kim5sman-787b2322cd69bae03d27350785826cc9\">\n#top .av_textblock_section.av-kim5sman-787b2322cd69bae03d27350785826cc9 .avia_textblock{\ncolor:#3d3d3d;\n}\n<\/style>\n<section  class='av_textblock_section av-kim5sman-787b2322cd69bae03d27350785826cc9 '  ><div class='avia_textblock av_inherit_color' ><p><span style=\"color: #333333;\"><strong>Um weitere Informationen zum Arbeiten in der Kendo Manager Anwendung sowie zum Verwalten der Administration mit hilfe der Kendo Admin Panel zu erhalten, klicken Sie auf die folgende Links.<\/strong><\/span><\/p>\n<div><\/div>\n<\/div><\/section><br \/>\n<div  class='avia-button-wrap avia-button-center  avia-builder-el-3  el_after_av_textblock  el_before_av_hr '>\n<style type=\"text\/css\" data-created_by=\"avia_inline_auto\" id=\"style-css-av-jotpc4g1-c576ddacc1f0f947f0465e5d4c6a49d6\">\n#top #wrap_all .avia-button.av-jotpc4g1-c576ddacc1f0f947f0465e5d4c6a49d6{\nbackground-color:#177ce8;\nborder-color:#177ce8;\ntransition:all 0.4s ease-in-out;\n}\n#top #wrap_all .avia-button.av-jotpc4g1-c576ddacc1f0f947f0465e5d4c6a49d6:hover{\ncolor:#ffffff;\ntransition:all 0.4s ease-in-out;\n}\n#top #wrap_all .avia-button.av-jotpc4g1-c576ddacc1f0f947f0465e5d4c6a49d6:hover .avia-svg-icon svg:first-child{\nfill:#ffffff;\nstroke:#ffffff;\n}\n<\/style>\n<a href='https:\/\/www.kendomanager.com\/de\/kendo-handbuch\/' class='avia-font-color-theme-color avia-button avia-button-fullwidth av-jotpc4g1-c576ddacc1f0f947f0465e5d4c6a49d6 avia-icon_select-yes-left-icon avia-color-custom'   aria-label=\"Kendo Manager Handbuch\"><span class='avia_button_icon avia_button_icon_left avia-iconfont avia-font-entypo-fontello' data-av_icon='\ue80b' data-av_iconfont='entypo-fontello' ><\/span><span class='avia_iconbox_title' >Kendo Manager Handbuch<\/span><span class='avia_button_background avia-button avia-button-fullwidth avia-color-theme-color'><\/span><\/a><\/div><br \/>\n\n<style type=\"text\/css\" data-created_by=\"avia_inline_auto\" id=\"style-css-av-kim6ev3z-98d395d8a11ab7d214bb53c5790a1ad7\">\n#top .hr.hr-invisible.av-kim6ev3z-98d395d8a11ab7d214bb53c5790a1ad7{\nheight:20px;\n}\n<\/style>\n<div  class='hr av-kim6ev3z-98d395d8a11ab7d214bb53c5790a1ad7 hr-invisible  avia-builder-el-4  el_after_av_button_big  el_before_av_button_big  avia-builder-el-no-sibling '><span class='hr-inner '><span class=\"hr-inner-style\"><\/span><\/span><\/div><br \/>\n<div  class='avia-button-wrap avia-button-center  avia-builder-el-5  el_after_av_hr  avia-builder-el-last '>\n<style type=\"text\/css\" data-created_by=\"avia_inline_auto\" id=\"style-css-av-jotpepd1-7a9c7d3010c2d980ded4cf94537ddd3c\">\n#top #wrap_all .avia-button.av-jotpepd1-7a9c7d3010c2d980ded4cf94537ddd3c{\nbackground-color:#177ce8;\nborder-color:#177ce8;\ntransition:all 0.4s ease-in-out;\n}\n#top #wrap_all .avia-button.av-jotpepd1-7a9c7d3010c2d980ded4cf94537ddd3c:hover{\ncolor:#ffffff;\ntransition:all 0.4s ease-in-out;\n}\n#top #wrap_all .avia-button.av-jotpepd1-7a9c7d3010c2d980ded4cf94537ddd3c:hover .avia-svg-icon svg:first-child{\nfill:#ffffff;\nstroke:#ffffff;\n}\n<\/style>\n<a href='https:\/\/www.kendomanager.com\/de\/kendo-verwaltung\/' class='avia-font-color-theme-color avia-button avia-button-fullwidth av-jotpepd1-7a9c7d3010c2d980ded4cf94537ddd3c avia-icon_select-yes-left-icon avia-color-custom'   aria-label=\"Kendo Manager Verwaltung\"><span class='avia_button_icon avia_button_icon_left avia-iconfont avia-font-entypo-fontello' data-av_icon='\ue855' data-av_iconfont='entypo-fontello' ><\/span><span class='avia_iconbox_title' >Kendo Manager Verwaltung<\/span><span class='avia_button_background avia-button avia-button-fullwidth avia-color-theme-color'><\/span><\/a><\/div><\/p><\/div>\n","protected":false},"excerpt":{"rendered":"","protected":false},"author":1,"featured_media":0,"parent":0,"menu_order":0,"comment_status":"closed","ping_status":"closed","template":"","meta":{"_acf_changed":false,"footnotes":""},"class_list":["post-5713","page","type-page","status-publish","hentry"],"acf":[],"_links":{"self":[{"href":"https:\/\/www.kendomanager.com\/de\/wp-json\/wp\/v2\/pages\/5713","targetHints":{"allow":["GET"]}}],"collection":[{"href":"https:\/\/www.kendomanager.com\/de\/wp-json\/wp\/v2\/pages"}],"about":[{"href":"https:\/\/www.kendomanager.com\/de\/wp-json\/wp\/v2\/types\/page"}],"author":[{"embeddable":true,"href":"https:\/\/www.kendomanager.com\/de\/wp-json\/wp\/v2\/users\/1"}],"replies":[{"embeddable":true,"href":"https:\/\/www.kendomanager.com\/de\/wp-json\/wp\/v2\/comments?post=5713"}],"version-history":[{"count":4,"href":"https:\/\/www.kendomanager.com\/de\/wp-json\/wp\/v2\/pages\/5713\/revisions"}],"predecessor-version":[{"id":13603,"href":"https:\/\/www.kendomanager.com\/de\/wp-json\/wp\/v2\/pages\/5713\/revisions\/13603"}],"wp:attachment":[{"href":"https:\/\/www.kendomanager.com\/de\/wp-json\/wp\/v2\/media?parent=5713"}],"curies":[{"name":"wp","href":"https:\/\/api.w.org\/{rel}","templated":true}]}}