{"id":5674,"date":"2018-11-27T12:27:50","date_gmt":"2018-11-27T12:27:50","guid":{"rendered":"https:\/\/www.kendomanager.com\/?page_id=5674"},"modified":"2021-02-27T21:28:17","modified_gmt":"2021-02-27T21:28:17","slug":"kostenmanagement","status":"publish","type":"page","link":"https:\/\/www.kendomanager.com\/de\/kostenmanagement\/","title":{"rendered":"Kostenmanagement"},"content":{"rendered":"<section  class='av_textblock_section av-288huy-bb887483fd7778e8336925ca67aa736d '  ><div class='avia_textblock' ><h2>Kostenmanagement Software<\/h2>\n<p>Kostenmanagement Software zur Sch\u00e4tzung und Kontrolle der Kosten ist der Schl\u00fcssel zum Erfolg jedes Projekts. Aus diesem Grund ist <strong>der Kostenmanagementplan<\/strong> ein wichtiger Bestandteil jedes Projekts. Das Projektkostenmanagement im <strong>Kendo Manager<\/strong> umfasst alle notwendigen Prozesse, die die Erf\u00fcllung aller Verpflichtungen des Projektteams im Einklang mit dem genehmigten Budget gew\u00e4hrleisten.<\/p>\n<p>Kostenmanagement Software impliziert:<\/p>\n<ol>\n<li><strong>Planung von Projektkosten <\/strong><\/li>\n<li><strong>Erstellen Sie einen Kostenverwaltungsplan<\/strong><\/li>\n<li><strong>Budgetbestimmung<\/strong><\/li>\n<li><strong>Kontrolle der Projektkosten<\/strong><\/li>\n<\/ol>\n<p><strong>Kendo Manager<\/strong> <a href=\"https:\/\/www.kendomanager.com\/de\/\">Projektmanagement Software<\/a> mit Option Kosten bietet Ihnen die M\u00f6glichkeit, die Projektkosten in Prim\u00e4r (Basis) W\u00e4hrung, sowie in der alternativen (internationalen) W\u00e4hrung zu \u00fcberwachen. Die Option Alternative Projektkosten ist ein Hilfsmittel zur Analyse und Projektkostenverfolgung. Die Berechnung alternativer Projektkosten (Kosten, die in andere W\u00e4hrungen umgerechnet werden) wird automatisch basierend auf dem importierten Wechselkurs berechnet, der zuvor in der Codetabelle definiert wurde.<\/p>\n<h3>Projektkostenliste<\/h3>\n<p><img loading=\"lazy\" decoding=\"async\" class=\"alignnone size-full wp-image-6422\" src=\"https:\/\/www.kendomanager.com\/wp-content\/uploads\/2018\/12\/Kostenmanagement.png\" alt=\"Kostenmanagement\" width=\"1092\" height=\"683\" srcset=\"https:\/\/www.kendomanager.com\/wp-content\/uploads\/2018\/12\/Kostenmanagement.png 1092w, https:\/\/www.kendomanager.com\/wp-content\/uploads\/2018\/12\/Kostenmanagement-300x188.png 300w, https:\/\/www.kendomanager.com\/wp-content\/uploads\/2018\/12\/Kostenmanagement-768x480.png 768w, https:\/\/www.kendomanager.com\/wp-content\/uploads\/2018\/12\/Kostenmanagement-1030x644.png 1030w, https:\/\/www.kendomanager.com\/wp-content\/uploads\/2018\/12\/Kostenmanagement-705x441.png 705w, https:\/\/www.kendomanager.com\/wp-content\/uploads\/2018\/12\/Kostenmanagement-450x281.png 450w\" sizes=\"auto, (max-width: 1092px) 100vw, 1092px\" \/><\/p>\n<h3><strong>Kostenformular <\/strong><\/h3>\n<p><img loading=\"lazy\" decoding=\"async\" class=\"alignnone size-full wp-image-6425\" src=\"https:\/\/www.kendomanager.com\/wp-content\/uploads\/2018\/12\/Kostenmanagement-ausgabe.png\" alt=\"Koste form\" width=\"1088\" height=\"745\" srcset=\"https:\/\/www.kendomanager.com\/wp-content\/uploads\/2018\/12\/Kostenmanagement-ausgabe.png 1088w, https:\/\/www.kendomanager.com\/wp-content\/uploads\/2018\/12\/Kostenmanagement-ausgabe-300x205.png 300w, https:\/\/www.kendomanager.com\/wp-content\/uploads\/2018\/12\/Kostenmanagement-ausgabe-768x526.png 768w, https:\/\/www.kendomanager.com\/wp-content\/uploads\/2018\/12\/Kostenmanagement-ausgabe-1030x705.png 1030w, https:\/\/www.kendomanager.com\/wp-content\/uploads\/2018\/12\/Kostenmanagement-ausgabe-705x483.png 705w, https:\/\/www.kendomanager.com\/wp-content\/uploads\/2018\/12\/Kostenmanagement-ausgabe-450x308.png 450w\" sizes=\"auto, (max-width: 1088px) 100vw, 1088px\" \/><\/p>\n<h3>Kosten in alternativer W\u00e4hrung<\/h3>\n<p><img loading=\"lazy\" decoding=\"async\" class=\"alignnone size-full wp-image-6428\" src=\"https:\/\/www.kendomanager.com\/wp-content\/uploads\/2018\/12\/Alternative-kosten.png\" alt=\"Kosten in alternativer W\u00e4hrung\" width=\"1111\" height=\"398\" srcset=\"https:\/\/www.kendomanager.com\/wp-content\/uploads\/2018\/12\/Alternative-kosten.png 1111w, https:\/\/www.kendomanager.com\/wp-content\/uploads\/2018\/12\/Alternative-kosten-300x107.png 300w, https:\/\/www.kendomanager.com\/wp-content\/uploads\/2018\/12\/Alternative-kosten-768x275.png 768w, https:\/\/www.kendomanager.com\/wp-content\/uploads\/2018\/12\/Alternative-kosten-1030x369.png 1030w, https:\/\/www.kendomanager.com\/wp-content\/uploads\/2018\/12\/Alternative-kosten-705x253.png 705w, https:\/\/www.kendomanager.com\/wp-content\/uploads\/2018\/12\/Alternative-kosten-450x161.png 450w\" sizes=\"auto, (max-width: 1111px) 100vw, 1111px\" \/><\/p>\n<h3>Tauschrate<\/h3>\n<p><img loading=\"lazy\" decoding=\"async\" class=\"alignnone size-full wp-image-6431\" src=\"https:\/\/www.kendomanager.com\/wp-content\/uploads\/2018\/12\/Kosten-Tauschrate.png\" alt=\"Kosten Tauschrate\" width=\"1101\" height=\"791\" srcset=\"https:\/\/www.kendomanager.com\/wp-content\/uploads\/2018\/12\/Kosten-Tauschrate.png 1101w, https:\/\/www.kendomanager.com\/wp-content\/uploads\/2018\/12\/Kosten-Tauschrate-300x216.png 300w, https:\/\/www.kendomanager.com\/wp-content\/uploads\/2018\/12\/Kosten-Tauschrate-768x552.png 768w, https:\/\/www.kendomanager.com\/wp-content\/uploads\/2018\/12\/Kosten-Tauschrate-1030x740.png 1030w, https:\/\/www.kendomanager.com\/wp-content\/uploads\/2018\/12\/Kosten-Tauschrate-705x506.png 705w, https:\/\/www.kendomanager.com\/wp-content\/uploads\/2018\/12\/Kosten-Tauschrate-450x323.png 450w\" sizes=\"auto, (max-width: 1101px) 100vw, 1101px\" \/><\/p>\n<\/div><\/section>\n<div  class='av_promobox av-jp708eu7-21f932d4ca70ce07e009cacbc990d327 avia-button-yes  avia-builder-el-1  el_after_av_textblock  el_before_av_one_full '><div class='avia-promocontent'><p>Laden Sie <strong>Kendo Manager<\/strong> Projektmanagement Software jetzt herunter.<\/p>\n<\/div><div  class='avia-button-wrap av-jp708eu7-87521f0998f703d2eb33f70164cbc06e-wrap avia-button-right '><a href='https:\/\/www.kendomanager.com\/de\/preise\/'  class='avia-button av-jp708eu7-87521f0998f703d2eb33f70164cbc06e av-link-btn avia-icon_select-no avia-size-large avia-position-right avia-color-green'   aria-label=\"JETZT KAUFEN\"><span class='avia_iconbox_title' >JETZT KAUFEN<\/span><\/a><\/div><\/div>\n\n<style type=\"text\/css\" data-created_by=\"avia_inline_auto\" id=\"style-css-av-b9fsz-b8dfc15828ade1f80639e64cf612572a\">\n.flex_column.av-b9fsz-b8dfc15828ade1f80639e64cf612572a{\nborder-radius:0px 0px 0px 0px;\npadding:0px 0px 0px 0px;\n}\n<\/style>\n<div  class='flex_column av-b9fsz-b8dfc15828ade1f80639e64cf612572a av_one_full  avia-builder-el-2  el_after_av_promobox  avia-builder-el-last  first flex_column_div av-zero-column-padding  '     ><p>\n<style type=\"text\/css\" data-created_by=\"avia_inline_auto\" id=\"style-css-av-kim5sman-787b2322cd69bae03d27350785826cc9\">\n#top .av_textblock_section.av-kim5sman-787b2322cd69bae03d27350785826cc9 .avia_textblock{\ncolor:#3d3d3d;\n}\n<\/style>\n<section  class='av_textblock_section av-kim5sman-787b2322cd69bae03d27350785826cc9 '  ><div class='avia_textblock av_inherit_color' ><p><span style=\"color: #333333;\"><strong>Um weitere Informationen zum Arbeiten in der Kendo Manager Anwendung sowie zum Verwalten der Administration mit hilfe der Kendo Admin Panel zu erhalten, klicken Sie auf die folgende Links.<\/strong><\/span><\/p>\n<div><\/div>\n<\/div><\/section><br \/>\n<div  class='avia-button-wrap avia-button-center  avia-builder-el-4  el_after_av_textblock  el_before_av_hr '>\n<style type=\"text\/css\" data-created_by=\"avia_inline_auto\" id=\"style-css-av-jotpc4g1-c576ddacc1f0f947f0465e5d4c6a49d6\">\n#top #wrap_all .avia-button.av-jotpc4g1-c576ddacc1f0f947f0465e5d4c6a49d6{\nbackground-color:#177ce8;\nborder-color:#177ce8;\ntransition:all 0.4s ease-in-out;\n}\n#top #wrap_all .avia-button.av-jotpc4g1-c576ddacc1f0f947f0465e5d4c6a49d6:hover{\ncolor:#ffffff;\ntransition:all 0.4s ease-in-out;\n}\n#top #wrap_all .avia-button.av-jotpc4g1-c576ddacc1f0f947f0465e5d4c6a49d6:hover .avia-svg-icon svg:first-child{\nfill:#ffffff;\nstroke:#ffffff;\n}\n<\/style>\n<a href='https:\/\/www.kendomanager.com\/de\/kendo-handbuch\/' class='avia-font-color-theme-color avia-button avia-button-fullwidth av-jotpc4g1-c576ddacc1f0f947f0465e5d4c6a49d6 avia-icon_select-yes-left-icon avia-color-custom'   aria-label=\"Kendo Manager Handbuch\"><span class='avia_button_icon avia_button_icon_left avia-iconfont avia-font-entypo-fontello' data-av_icon='\ue80b' data-av_iconfont='entypo-fontello' ><\/span><span class='avia_iconbox_title' >Kendo Manager Handbuch<\/span><span class='avia_button_background avia-button avia-button-fullwidth avia-color-theme-color'><\/span><\/a><\/div><br \/>\n\n<style type=\"text\/css\" data-created_by=\"avia_inline_auto\" id=\"style-css-av-kim6ev3z-98d395d8a11ab7d214bb53c5790a1ad7\">\n#top .hr.hr-invisible.av-kim6ev3z-98d395d8a11ab7d214bb53c5790a1ad7{\nheight:20px;\n}\n<\/style>\n<div  class='hr av-kim6ev3z-98d395d8a11ab7d214bb53c5790a1ad7 hr-invisible  avia-builder-el-5  el_after_av_button_big  el_before_av_button_big  avia-builder-el-no-sibling '><span class='hr-inner '><span class=\"hr-inner-style\"><\/span><\/span><\/div><br \/>\n<div  class='avia-button-wrap avia-button-center  avia-builder-el-6  el_after_av_hr  avia-builder-el-last '>\n<style type=\"text\/css\" data-created_by=\"avia_inline_auto\" id=\"style-css-av-jotpepd1-7a9c7d3010c2d980ded4cf94537ddd3c\">\n#top #wrap_all .avia-button.av-jotpepd1-7a9c7d3010c2d980ded4cf94537ddd3c{\nbackground-color:#177ce8;\nborder-color:#177ce8;\ntransition:all 0.4s ease-in-out;\n}\n#top #wrap_all .avia-button.av-jotpepd1-7a9c7d3010c2d980ded4cf94537ddd3c:hover{\ncolor:#ffffff;\ntransition:all 0.4s ease-in-out;\n}\n#top #wrap_all .avia-button.av-jotpepd1-7a9c7d3010c2d980ded4cf94537ddd3c:hover .avia-svg-icon svg:first-child{\nfill:#ffffff;\nstroke:#ffffff;\n}\n<\/style>\n<a href='https:\/\/www.kendomanager.com\/de\/kendo-verwaltung\/' class='avia-font-color-theme-color avia-button avia-button-fullwidth av-jotpepd1-7a9c7d3010c2d980ded4cf94537ddd3c avia-icon_select-yes-left-icon avia-color-custom'   aria-label=\"Kendo Manager Verwaltung\"><span class='avia_button_icon avia_button_icon_left avia-iconfont avia-font-entypo-fontello' data-av_icon='\ue855' data-av_iconfont='entypo-fontello' ><\/span><span class='avia_iconbox_title' >Kendo Manager Verwaltung<\/span><span class='avia_button_background avia-button avia-button-fullwidth avia-color-theme-color'><\/span><\/a><\/div><\/p><\/div>\n","protected":false},"excerpt":{"rendered":"","protected":false},"author":1,"featured_media":0,"parent":0,"menu_order":0,"comment_status":"closed","ping_status":"closed","template":"","meta":{"_acf_changed":false,"footnotes":""},"class_list":["post-5674","page","type-page","status-publish","hentry"],"acf":[],"_links":{"self":[{"href":"https:\/\/www.kendomanager.com\/de\/wp-json\/wp\/v2\/pages\/5674","targetHints":{"allow":["GET"]}}],"collection":[{"href":"https:\/\/www.kendomanager.com\/de\/wp-json\/wp\/v2\/pages"}],"about":[{"href":"https:\/\/www.kendomanager.com\/de\/wp-json\/wp\/v2\/types\/page"}],"author":[{"embeddable":true,"href":"https:\/\/www.kendomanager.com\/de\/wp-json\/wp\/v2\/users\/1"}],"replies":[{"embeddable":true,"href":"https:\/\/www.kendomanager.com\/de\/wp-json\/wp\/v2\/comments?post=5674"}],"version-history":[{"count":5,"href":"https:\/\/www.kendomanager.com\/de\/wp-json\/wp\/v2\/pages\/5674\/revisions"}],"predecessor-version":[{"id":13595,"href":"https:\/\/www.kendomanager.com\/de\/wp-json\/wp\/v2\/pages\/5674\/revisions\/13595"}],"wp:attachment":[{"href":"https:\/\/www.kendomanager.com\/de\/wp-json\/wp\/v2\/media?parent=5674"}],"curies":[{"name":"wp","href":"https:\/\/api.w.org\/{rel}","templated":true}]}}