{"id":5671,"date":"2018-11-27T12:23:35","date_gmt":"2018-11-27T12:23:35","guid":{"rendered":"https:\/\/www.kendomanager.com\/?page_id=5671"},"modified":"2021-02-27T21:26:15","modified_gmt":"2021-02-27T21:26:15","slug":"gantt-diagramm","status":"publish","type":"page","link":"https:\/\/www.kendomanager.com\/de\/gantt-diagramm\/","title":{"rendered":"Gantt Diagramm"},"content":{"rendered":"<section  class='av_textblock_section av-jp3101rj-35f007a5e36bcc60633bb6b5808190df '  ><div class='avia_textblock' ><h2 style=\"text-align: center;\">Gantt Diagramm Software f\u00fcr das Projektmanagement<\/h2>\n<p><strong>Kendo Manager <\/strong>\u00a0ist eine <strong>Online Gantt Diagramm Software<\/strong> f\u00fcr das Projektmanagement. Mit <strong>der Gantt Software von Kendo Manager<\/strong> k\u00f6nnen Sie ganz einfach Gantt Diagramme erstellen und diese f\u00fcr eine bessere Projektplanung mit Teammitgliedern teilen. <strong>Kendo Manager<\/strong> ist eine flexible Softwarel\u00f6sung f\u00fcr Projektmanagement. Es ist flexibel, da wir unseren Benutzern die Wahl zwischen klassischem Aufgabenmodus und <strong>Gantt Diagrammen<\/strong> bieten. <strong>Kendo Manager<\/strong> Projektmanagement Software unterst\u00fctzt beide Arten der Projektplanung und Projektlebenszyklus. Unsere Benutzer k\u00f6nnen den Modus je nach Bedarf ganz einfach \u00e4ndern. Sie k\u00f6nnen Teammitgliederrollen festlegen, Teammitgliedern Aufgaben zuweisen, den Projektfortschritt verfolgen, Dateien und Dokumente hinzuf\u00fcgen sowie Projektaktivit\u00e4ten kommentieren. Eine der sehr flexiblen Funktionen, die unsere Benutzer als sehr n\u00fctzlich empfinden, besteht darin, dass Sie <strong>Gantt Diagramme<\/strong> immer mit Ihren Kollegen und Kunden teilen k\u00f6nnen, indem Sie ihnen das Recht geben, Projektaktivit\u00e4ten anzuzeigen und \/ oder zu bearbeiten.<\/p>\n<h2>Was ist ein Kendo Manager Gantt Diagramm Software?<\/h2>\n<p><strong>Kendo Manager Gantt Diagramm software<\/strong> ist eine Zeitachsenansichtsoption, mit der Sie einen einfachen \u00dcberblick \u00fcber die Projektaktivit\u00e4ten erhalten. Sie k\u00f6nnen Ihre Projektaufgaben leicht visualisieren und sehen, wie sie sich im Laufe der Zeit des Projektfortschritts zueinander verhalten. Verwenden Sie das Kendo Manager Gantt Diagramm, um Ihre Aufgaben und Details mit einer visuellen Projekt Zeitlieiste, Aufgabennamen, Startdaten, Dauer, Projektfortschritt und Enddaten in horizontalen Balkendiagrammen zu vereinfachen. Mit einer <strong>kostenlosen Gantt Software<\/strong> von Kendo Manager k\u00f6nnen Sie alle Ihre Aufgaben planen und haben auch die M\u00f6glichkeit mit dem Gantt Diagramm Modul die minimale Lieferzeit f\u00fcr Projekte zu planen und die richtigen Teammitglieder zu planen, wenn sie f\u00fcr Ihr Projekt verf\u00fcgbar sind um effizient und schnell das Projekt fertigzustellen.<\/p>\n<h4>Kendo Gantt<\/h4>\n<p><img loading=\"lazy\" decoding=\"async\" class=\"alignnone size-full wp-image-8938\" src=\"https:\/\/www.kendomanager.com\/wp-content\/uploads\/2019\/07\/kendo-gant-de.png\" alt=\"Gantt chart\" width=\"1581\" height=\"709\" srcset=\"https:\/\/www.kendomanager.com\/wp-content\/uploads\/2019\/07\/kendo-gant-de.png 1581w, https:\/\/www.kendomanager.com\/wp-content\/uploads\/2019\/07\/kendo-gant-de-300x135.png 300w, https:\/\/www.kendomanager.com\/wp-content\/uploads\/2019\/07\/kendo-gant-de-768x344.png 768w, https:\/\/www.kendomanager.com\/wp-content\/uploads\/2019\/07\/kendo-gant-de-1030x462.png 1030w, https:\/\/www.kendomanager.com\/wp-content\/uploads\/2019\/07\/kendo-gant-de-1500x673.png 1500w, https:\/\/www.kendomanager.com\/wp-content\/uploads\/2019\/07\/kendo-gant-de-705x316.png 705w, https:\/\/www.kendomanager.com\/wp-content\/uploads\/2019\/07\/kendo-gant-de-450x202.png 450w\" sizes=\"auto, (max-width: 1581px) 100vw, 1581px\" \/><\/p>\n<h4>Gantt diagramm grundinformatien<\/h4>\n<p><img loading=\"lazy\" decoding=\"async\" class=\"alignnone size-full wp-image-6443\" src=\"https:\/\/www.kendomanager.com\/wp-content\/uploads\/2018\/12\/gantt-diagramm-grundinformatien.png\" alt=\"gantt diagramm grundinformatien\" width=\"1583\" height=\"640\" srcset=\"https:\/\/www.kendomanager.com\/wp-content\/uploads\/2018\/12\/gantt-diagramm-grundinformatien.png 1583w, https:\/\/www.kendomanager.com\/wp-content\/uploads\/2018\/12\/gantt-diagramm-grundinformatien-300x121.png 300w, https:\/\/www.kendomanager.com\/wp-content\/uploads\/2018\/12\/gantt-diagramm-grundinformatien-768x310.png 768w, https:\/\/www.kendomanager.com\/wp-content\/uploads\/2018\/12\/gantt-diagramm-grundinformatien-1030x416.png 1030w, https:\/\/www.kendomanager.com\/wp-content\/uploads\/2018\/12\/gantt-diagramm-grundinformatien-1500x606.png 1500w, https:\/\/www.kendomanager.com\/wp-content\/uploads\/2018\/12\/gantt-diagramm-grundinformatien-705x285.png 705w, https:\/\/www.kendomanager.com\/wp-content\/uploads\/2018\/12\/gantt-diagramm-grundinformatien-450x182.png 450w\" sizes=\"auto, (max-width: 1583px) 100vw, 1583px\" \/><\/p>\n<p><strong>\u00a0<\/strong><\/p>\n<h2>Kostenlose Online Gantt Diagramm Software<\/h2>\n<p>Das Finden einer <strong>kostenlosen Online Gantt Diagramm Software<\/strong> mit vollen Projektoptionen kann eine gro\u00dfe Herausforderung sein. Welche Software am besten zu Ihnen passt, h\u00e4ngt davon ab, was Ihr Team und Ihr Projekt ben\u00f6tigen. Wenn Sie etwas brauchen, frei, flexibel und einfach, <strong>Kendo Manager Gantt\u00a0 Software<\/strong> ist die perfekte Wahl f\u00fcr Sie. <strong>Die kostenlose Gantt Diagrammversion<\/strong> von Kendo Manager ist auf ein aktives Projekt und zwei aktive Benutzer und Administratorkonten beschr\u00e4nkt. Wenn Sie NGO, kleines Team oder Startup Kendo Manager sind, ist das kostenlose Gantt Diagramm die perfekte L\u00f6sung f\u00fcr Sie. Wenn Sie ein gr\u00f6\u00dferes Team haben und mit mehreren Projekten arbeiten, ist das auch kein Problem. <a href=\"https:\/\/www.kendomanager.com\/de\/preise\/\">Kaufen Sie einfach die Kendo Manager<\/a> unlimited Version und ersetzen Sie den Registrierungscode.<\/p>\n<h2>Funktionen der Kendo Manager Gantt Diagramm Software<\/h2>\n<p>Wir geben einen kurzen \u00dcberblick \u00fcber viele Funktionen, die Kedno Manager Gantt bietet.<\/p>\n<h3>Verwalten Sie Teams und verfolgen Sie den Projektfortschritt mit der Gantt Diagramm Software<\/h3>\n<p>Unsere Projektplanungssoftware enth\u00e4lt grundlegende Funktionen <strong>der Gantt Diagramm Software<\/strong> sowie Funktionen der Teamverwaltungssoftware. Wenn Sie einen Arbeitsbereich f\u00fcr Ihr Team oder f\u00fcr sich selbst erstellen m\u00f6chten, k\u00f6nnen Sie Rollen festlegen, den Teammitgliedern Aufgaben zuweisen, den Projektfortschritt verfolgen, Dateien und Dokumente zum Projekt hinzuf\u00fcgen und den Projektaktivit\u00e4ten Kommentare hinzuf\u00fcgen. Au\u00dferdem k\u00f6nnen Sie Gantt-Diagramme immer mit Ihren Kollegen und Kunden teilen und so das Recht zum Anzeigen und \/ oder Bearbeiten von Projektaktivit\u00e4ten erhalten.<\/p>\n<p><img loading=\"lazy\" decoding=\"async\" class=\"alignnone size-full wp-image-6446\" src=\"https:\/\/www.kendomanager.com\/wp-content\/uploads\/2018\/12\/gantt-diagramm-teamglieder.png\" alt=\"gantt diagramm teamglieder\" width=\"1581\" height=\"639\" srcset=\"https:\/\/www.kendomanager.com\/wp-content\/uploads\/2018\/12\/gantt-diagramm-teamglieder.png 1581w, https:\/\/www.kendomanager.com\/wp-content\/uploads\/2018\/12\/gantt-diagramm-teamglieder-300x121.png 300w, https:\/\/www.kendomanager.com\/wp-content\/uploads\/2018\/12\/gantt-diagramm-teamglieder-768x310.png 768w, https:\/\/www.kendomanager.com\/wp-content\/uploads\/2018\/12\/gantt-diagramm-teamglieder-1030x416.png 1030w, https:\/\/www.kendomanager.com\/wp-content\/uploads\/2018\/12\/gantt-diagramm-teamglieder-1500x606.png 1500w, https:\/\/www.kendomanager.com\/wp-content\/uploads\/2018\/12\/gantt-diagramm-teamglieder-705x285.png 705w, https:\/\/www.kendomanager.com\/wp-content\/uploads\/2018\/12\/gantt-diagramm-teamglieder-450x182.png 450w\" sizes=\"auto, (max-width: 1581px) 100vw, 1581px\" \/><\/p>\n<h3>Gantt Diagramm Software, um Ressourcen zu verwalten und Projektkosten zu sch\u00e4tzen<\/h3>\n<p>Erfolgreiche Projektmanager m\u00fcssen effektiv mit zugewiesenen Projektressourcen mit <a href=\"https:\/\/www.kendomanager.com\/de\/\">simple einfacher Projektmanagementsoftware<\/a> umgehen. Sie k\u00f6nnen Ressourcen zu Ihren <strong>Gantt Diagrammen<\/strong> hinzuf\u00fcgen und verwalten und ihnen jede Arbeitsaufgabe zuweisen. Dies geschieht in wenigen Klicks. Legen Sie die Kosten pro Stunde f\u00fcr eine Ressource fest und f\u00fcgen Sie dann die Zeit hinzu, die eine Ressource f\u00fcr die Bearbeitung einer Aufgabe ben\u00f6tigt. Mit einer einfachen Berechnung wird Ihr Budget entsprechend ausgeglichen. <strong>Kendo Manager<\/strong> gibt Ihnen die M\u00f6glichkeit, die Projektkosten jederzeit zu \u00fcberwachen, da Sie eine \u00a0<a href=\"https:\/\/www.kendomanager.com\/de\/kostenmanagement\/\">Kostenverwaltungssoftware<\/a> Kostenverwaltungssoftware haben w\u00fcrden.<\/p>\n<p><img loading=\"lazy\" decoding=\"async\" class=\"alignnone size-full wp-image-9491\" src=\"https:\/\/www.kendomanager.com\/wp-content\/uploads\/2019\/07\/Resourcenmanagement.png\" alt=\"Resourcenmanagement\" width=\"1555\" height=\"716\" srcset=\"https:\/\/www.kendomanager.com\/wp-content\/uploads\/2019\/07\/Resourcenmanagement.png 1555w, https:\/\/www.kendomanager.com\/wp-content\/uploads\/2019\/07\/Resourcenmanagement-300x138.png 300w, https:\/\/www.kendomanager.com\/wp-content\/uploads\/2019\/07\/Resourcenmanagement-768x354.png 768w, https:\/\/www.kendomanager.com\/wp-content\/uploads\/2019\/07\/Resourcenmanagement-1030x474.png 1030w, https:\/\/www.kendomanager.com\/wp-content\/uploads\/2019\/07\/Resourcenmanagement-1500x691.png 1500w, https:\/\/www.kendomanager.com\/wp-content\/uploads\/2019\/07\/Resourcenmanagement-705x325.png 705w, https:\/\/www.kendomanager.com\/wp-content\/uploads\/2019\/07\/Resourcenmanagement-450x207.png 450w\" sizes=\"auto, (max-width: 1555px) 100vw, 1555px\" \/><\/p>\n<h3>Projektzeitmanagement mit Kendo Manager<\/h3>\n<p>Zeitmanagement ist die F\u00e4higkeit, die Zeit f\u00fcr Aktivit\u00e4ten an einem Tag zu organisieren und zu planen. Planen Sie Ihre Projekte und Projekte mit Arbeitszeit Stunden und Tagen! Sie k\u00f6nnen die Dauer Ihrer <strong>Gantt Diagramm Projekte<\/strong> mit Optionen f\u00fcr die Zeitverwaltung berechnen. Das Ergebnis einer guten zeitlichen Organisation des Projekts ist eine h\u00f6here Effizienz und Produktivit\u00e4t des Projekts.<\/p>\n<h3>Echtzeit Benachrichtigungen<\/h3>\n<p>Arbeiten Sie mit Ihren Proejct Teammitgliedern zusammen und informieren Sie sich \u00fcber neue Kommentare. Sie k\u00f6nnen Ihren Teammitgliedern eine Benachrichtigung \u00fcber Ihren neuen Kommentar senden. Jeder, der Zugang zu einer Aufgabe oder einem Projekt hat, sieht seine Kommentare. Projekt erfolg und effizientes Projektmanagement h\u00e4ngen stark von einer guten und zeitnahen Kommunikation ab.<\/p>\n<h3>Gantt Meilensteine in Kendo Manager<\/h3>\n<p><strong>Der Projektmeilenstein<\/strong> ist ein wichtiges Ereignis im Projekt, das die Fertigstellung bestimmter Teile des Projekts oder bestimmter wichtiger Phasen der Projektarbeit markiert. Wenn Sie einen Meilenstein im Gantt Diagramm verwenden, kann Ihr Team wichtige Daten immer visualisieren.<\/p>\n<p><img loading=\"lazy\" decoding=\"async\" class=\"alignnone size-full wp-image-9461\" src=\"https:\/\/www.kendomanager.com\/wp-content\/uploads\/2019\/07\/Gantt-Diagramm.png\" alt=\"gantt diagramm\" width=\"1575\" height=\"638\" srcset=\"https:\/\/www.kendomanager.com\/wp-content\/uploads\/2019\/07\/Gantt-Diagramm.png 1575w, https:\/\/www.kendomanager.com\/wp-content\/uploads\/2019\/07\/Gantt-Diagramm-300x122.png 300w, https:\/\/www.kendomanager.com\/wp-content\/uploads\/2019\/07\/Gantt-Diagramm-768x311.png 768w, https:\/\/www.kendomanager.com\/wp-content\/uploads\/2019\/07\/Gantt-Diagramm-1030x417.png 1030w, https:\/\/www.kendomanager.com\/wp-content\/uploads\/2019\/07\/Gantt-Diagramm-1500x608.png 1500w, https:\/\/www.kendomanager.com\/wp-content\/uploads\/2019\/07\/Gantt-Diagramm-705x286.png 705w, https:\/\/www.kendomanager.com\/wp-content\/uploads\/2019\/07\/Gantt-Diagramm-450x182.png 450w\" sizes=\"auto, (max-width: 1575px) 100vw, 1575px\" \/><\/p>\n<h3>Kommentare und Anh\u00e4nge<\/h3>\n<p>Hinterlassen Sie Kommentare f\u00fcr Ihre Teammitglieder zu Aufgaben innerhalb <strong>Kendo Manager<\/strong> mit der Verwendung der <strong>Gantt Diagramm Software<\/strong>. F\u00fcgen Sie Dateien und Dokumente einfach an und teilen Sie sie mit Teammitgliedern und Kunden.<\/p>\n<p><img loading=\"lazy\" decoding=\"async\" class=\"alignnone size-full wp-image-6452\" src=\"https:\/\/www.kendomanager.com\/wp-content\/uploads\/2018\/12\/gantt-digaramm-kommentar.png\" alt=\"gantt digaramm kommentar\" width=\"1580\" height=\"642\" srcset=\"https:\/\/www.kendomanager.com\/wp-content\/uploads\/2018\/12\/gantt-digaramm-kommentar.png 1580w, https:\/\/www.kendomanager.com\/wp-content\/uploads\/2018\/12\/gantt-digaramm-kommentar-300x122.png 300w, https:\/\/www.kendomanager.com\/wp-content\/uploads\/2018\/12\/gantt-digaramm-kommentar-768x312.png 768w, https:\/\/www.kendomanager.com\/wp-content\/uploads\/2018\/12\/gantt-digaramm-kommentar-1030x419.png 1030w, https:\/\/www.kendomanager.com\/wp-content\/uploads\/2018\/12\/gantt-digaramm-kommentar-1500x609.png 1500w, https:\/\/www.kendomanager.com\/wp-content\/uploads\/2018\/12\/gantt-digaramm-kommentar-705x286.png 705w, https:\/\/www.kendomanager.com\/wp-content\/uploads\/2018\/12\/gantt-digaramm-kommentar-450x183.png 450w\" sizes=\"auto, (max-width: 1580px) 100vw, 1580px\" \/><\/p>\n<h3>Dokument und Dateien<\/h3>\n<p>Option Dokumente erm\u00f6glicht das Hochladen und Speichern von Dokumenten und Dateien bez\u00fcglich der Aufgaben und deren Freigabe unter Teammitgliedern.<\/p>\n<p><img loading=\"lazy\" decoding=\"async\" class=\"alignnone size-full wp-image-6455\" src=\"https:\/\/www.kendomanager.com\/wp-content\/uploads\/2018\/12\/gantt-diagramm-dokumente.png\" alt=\"gantt diagramm dokumente\" width=\"1583\" height=\"655\" srcset=\"https:\/\/www.kendomanager.com\/wp-content\/uploads\/2018\/12\/gantt-diagramm-dokumente.png 1583w, https:\/\/www.kendomanager.com\/wp-content\/uploads\/2018\/12\/gantt-diagramm-dokumente-300x124.png 300w, https:\/\/www.kendomanager.com\/wp-content\/uploads\/2018\/12\/gantt-diagramm-dokumente-768x318.png 768w, https:\/\/www.kendomanager.com\/wp-content\/uploads\/2018\/12\/gantt-diagramm-dokumente-1030x426.png 1030w, https:\/\/www.kendomanager.com\/wp-content\/uploads\/2018\/12\/gantt-diagramm-dokumente-1500x621.png 1500w, https:\/\/www.kendomanager.com\/wp-content\/uploads\/2018\/12\/gantt-diagramm-dokumente-705x292.png 705w, https:\/\/www.kendomanager.com\/wp-content\/uploads\/2018\/12\/gantt-diagramm-dokumente-450x186.png 450w\" sizes=\"auto, (max-width: 1583px) 100vw, 1583px\" \/><\/p>\n<p><strong>\u00a0<\/strong><\/p>\n<\/div><\/section>\n<div  class='avia-video av-jyocerrx-6bc39702c2d2bf3c8c42f6e6fc9d159d avia-video-16-9 av-no-preview-image avia-video-load-always av-lazyload-immediate av-lazyload-video-embed'  data-original_url='https:\/\/youtu.be\/W8mMuWo_VuQ'><script type='text\/html' class='av-video-tmpl'><div class='avia-iframe-wrap'><iframe loading=\"lazy\" title=\"Kendo Manager 3.0 Projektmanagement Software\" width=\"1500\" height=\"844\" src=\"https:\/\/www.youtube.com\/embed\/W8mMuWo_VuQ?feature=oembed&autoplay=0&loop=0&controls=1&mute=0\" frameborder=\"0\" allow=\"accelerometer; autoplay; encrypted-media; gyroscope; picture-in-picture\" allowfullscreen><\/iframe><\/div><\/script><div class='av-click-to-play-overlay'><div class=\"avia_playpause_icon\"><\/div><\/div><\/div>\n\n<style type=\"text\/css\" data-created_by=\"avia_inline_auto\" id=\"style-css-av-b9fsz-b8dfc15828ade1f80639e64cf612572a\">\n.flex_column.av-b9fsz-b8dfc15828ade1f80639e64cf612572a{\nborder-radius:0px 0px 0px 0px;\npadding:0px 0px 0px 0px;\n}\n<\/style>\n<div  class='flex_column av-b9fsz-b8dfc15828ade1f80639e64cf612572a av_one_full  avia-builder-el-2  el_after_av_video  avia-builder-el-last  first flex_column_div av-zero-column-padding  '     ><p>\n<style type=\"text\/css\" data-created_by=\"avia_inline_auto\" id=\"style-css-av-kim5sman-787b2322cd69bae03d27350785826cc9\">\n#top .av_textblock_section.av-kim5sman-787b2322cd69bae03d27350785826cc9 .avia_textblock{\ncolor:#3d3d3d;\n}\n<\/style>\n<section  class='av_textblock_section av-kim5sman-787b2322cd69bae03d27350785826cc9 '  ><div class='avia_textblock av_inherit_color' ><p><span style=\"color: #333333;\"><strong>Um weitere Informationen zum Arbeiten in der Kendo Manager Anwendung sowie zum Verwalten der Administration mit hilfe der Kendo Admin Panel zu erhalten, klicken Sie auf die folgende Links.<\/strong><\/span><\/p>\n<div><\/div>\n<\/div><\/section><br \/>\n<div  class='avia-button-wrap avia-button-center  avia-builder-el-4  el_after_av_textblock  el_before_av_hr '>\n<style type=\"text\/css\" data-created_by=\"avia_inline_auto\" id=\"style-css-av-jotpc4g1-c576ddacc1f0f947f0465e5d4c6a49d6\">\n#top #wrap_all .avia-button.av-jotpc4g1-c576ddacc1f0f947f0465e5d4c6a49d6{\nbackground-color:#177ce8;\nborder-color:#177ce8;\ntransition:all 0.4s ease-in-out;\n}\n#top #wrap_all .avia-button.av-jotpc4g1-c576ddacc1f0f947f0465e5d4c6a49d6:hover{\ncolor:#ffffff;\ntransition:all 0.4s ease-in-out;\n}\n#top #wrap_all .avia-button.av-jotpc4g1-c576ddacc1f0f947f0465e5d4c6a49d6:hover .avia-svg-icon svg:first-child{\nfill:#ffffff;\nstroke:#ffffff;\n}\n<\/style>\n<a href='https:\/\/www.kendomanager.com\/de\/kendo-handbuch\/' class='avia-font-color-theme-color avia-button avia-button-fullwidth av-jotpc4g1-c576ddacc1f0f947f0465e5d4c6a49d6 avia-icon_select-yes-left-icon avia-color-custom'   aria-label=\"Kendo Manager Handbuch\"><span class='avia_button_icon avia_button_icon_left avia-iconfont avia-font-entypo-fontello' data-av_icon='\ue80b' data-av_iconfont='entypo-fontello' ><\/span><span class='avia_iconbox_title' >Kendo Manager Handbuch<\/span><span class='avia_button_background avia-button avia-button-fullwidth avia-color-theme-color'><\/span><\/a><\/div><br \/>\n\n<style type=\"text\/css\" data-created_by=\"avia_inline_auto\" id=\"style-css-av-kim6ev3z-98d395d8a11ab7d214bb53c5790a1ad7\">\n#top .hr.hr-invisible.av-kim6ev3z-98d395d8a11ab7d214bb53c5790a1ad7{\nheight:20px;\n}\n<\/style>\n<div  class='hr av-kim6ev3z-98d395d8a11ab7d214bb53c5790a1ad7 hr-invisible  avia-builder-el-5  el_after_av_button_big  el_before_av_button_big  avia-builder-el-no-sibling '><span class='hr-inner '><span class=\"hr-inner-style\"><\/span><\/span><\/div><br \/>\n<div  class='avia-button-wrap avia-button-center  avia-builder-el-6  el_after_av_hr  avia-builder-el-last '>\n<style type=\"text\/css\" data-created_by=\"avia_inline_auto\" id=\"style-css-av-jotpepd1-7a9c7d3010c2d980ded4cf94537ddd3c\">\n#top #wrap_all .avia-button.av-jotpepd1-7a9c7d3010c2d980ded4cf94537ddd3c{\nbackground-color:#177ce8;\nborder-color:#177ce8;\ntransition:all 0.4s ease-in-out;\n}\n#top #wrap_all .avia-button.av-jotpepd1-7a9c7d3010c2d980ded4cf94537ddd3c:hover{\ncolor:#ffffff;\ntransition:all 0.4s ease-in-out;\n}\n#top #wrap_all .avia-button.av-jotpepd1-7a9c7d3010c2d980ded4cf94537ddd3c:hover .avia-svg-icon svg:first-child{\nfill:#ffffff;\nstroke:#ffffff;\n}\n<\/style>\n<a href='https:\/\/www.kendomanager.com\/de\/kendo-verwaltung\/' class='avia-font-color-theme-color avia-button avia-button-fullwidth av-jotpepd1-7a9c7d3010c2d980ded4cf94537ddd3c avia-icon_select-yes-left-icon avia-color-custom'   aria-label=\"Kendo Manager Verwaltung\"><span class='avia_button_icon avia_button_icon_left avia-iconfont avia-font-entypo-fontello' data-av_icon='\ue855' data-av_iconfont='entypo-fontello' ><\/span><span class='avia_iconbox_title' >Kendo Manager Verwaltung<\/span><span class='avia_button_background avia-button avia-button-fullwidth avia-color-theme-color'><\/span><\/a><\/div><\/p><\/div>\n","protected":false},"excerpt":{"rendered":"","protected":false},"author":1,"featured_media":0,"parent":0,"menu_order":0,"comment_status":"closed","ping_status":"closed","template":"","meta":{"_acf_changed":false,"footnotes":""},"class_list":["post-5671","page","type-page","status-publish","hentry"],"acf":[],"_links":{"self":[{"href":"https:\/\/www.kendomanager.com\/de\/wp-json\/wp\/v2\/pages\/5671","targetHints":{"allow":["GET"]}}],"collection":[{"href":"https:\/\/www.kendomanager.com\/de\/wp-json\/wp\/v2\/pages"}],"about":[{"href":"https:\/\/www.kendomanager.com\/de\/wp-json\/wp\/v2\/types\/page"}],"author":[{"embeddable":true,"href":"https:\/\/www.kendomanager.com\/de\/wp-json\/wp\/v2\/users\/1"}],"replies":[{"embeddable":true,"href":"https:\/\/www.kendomanager.com\/de\/wp-json\/wp\/v2\/comments?post=5671"}],"version-history":[{"count":12,"href":"https:\/\/www.kendomanager.com\/de\/wp-json\/wp\/v2\/pages\/5671\/revisions"}],"predecessor-version":[{"id":13591,"href":"https:\/\/www.kendomanager.com\/de\/wp-json\/wp\/v2\/pages\/5671\/revisions\/13591"}],"wp:attachment":[{"href":"https:\/\/www.kendomanager.com\/de\/wp-json\/wp\/v2\/media?parent=5671"}],"curies":[{"name":"wp","href":"https:\/\/api.w.org\/{rel}","templated":true}]}}