{"id":5643,"date":"2018-11-27T11:56:14","date_gmt":"2018-11-27T11:56:14","guid":{"rendered":"https:\/\/www.kendomanager.com\/?page_id=5643"},"modified":"2021-02-27T21:09:45","modified_gmt":"2021-02-27T21:09:45","slug":"aufgabenmanagement","status":"publish","type":"page","link":"https:\/\/www.kendomanager.com\/de\/aufgabenmanagement\/","title":{"rendered":"Aufgabenmanagement"},"content":{"rendered":"<section  class='av_textblock_section av-2v6yx7-e124032bc17a78976415c2d1fb1d3b14 '  ><div class='avia_textblock' ><h2>Aufgaben Management Software f\u00fcr Teams<\/h2>\n<p>Aufgabenmanagement ist ein Prozess, bei dem Sie eine Aufgabe w\u00e4hrend ihres gesamten Lebenszyklus verfolgen, von der Planung \u00fcber das Testen, die Nachverfolgung bis hin zum Reporting. Aufgaben m\u00fcssen unter besonderer Ber\u00fccksichtigung bestimmter Ressourcen (Personen, Maschinen, Materialien, Kosten) realisiert werden, um das Projekt termingerecht und innerhalb der geplanten Kosten zu realisieren. <strong>Aufgaben Management Software<\/strong>, wie Kendo, versetzt Projektteams in die Lage, ihre Aufgaben zu verfolgen und mehr Arbeit zu erledigen.<\/p>\n<p><img loading=\"lazy\" decoding=\"async\" class=\"alignnone size-full wp-image-5807\" src=\"https:\/\/www.kendomanager.com\/wp-content\/uploads\/2018\/11\/aufgabenliste.png\" alt=\"projektaufgaben\" width=\"1349\" height=\"783\" srcset=\"https:\/\/www.kendomanager.com\/wp-content\/uploads\/2018\/11\/aufgabenliste.png 1349w, https:\/\/www.kendomanager.com\/wp-content\/uploads\/2018\/11\/aufgabenliste-300x174.png 300w, https:\/\/www.kendomanager.com\/wp-content\/uploads\/2018\/11\/aufgabenliste-768x446.png 768w, https:\/\/www.kendomanager.com\/wp-content\/uploads\/2018\/11\/aufgabenliste-1030x598.png 1030w, https:\/\/www.kendomanager.com\/wp-content\/uploads\/2018\/11\/aufgabenliste-705x409.png 705w, https:\/\/www.kendomanager.com\/wp-content\/uploads\/2018\/11\/aufgabenliste-450x261.png 450w\" sizes=\"auto, (max-width: 1349px) 100vw, 1349px\" \/><\/p>\n<h3>Aufgabenverwaltungsfunktionen in Kendo Manager<\/h3>\n<p>Kendo Manager bietet die M\u00f6glichkeit, die Projektaufgaben zu erfassen, Aufgaben zu \u00fcberwachen, Teammitglieder zuzuweisen, <strong>Ressourcen<\/strong> zu definieren, Dokumente zu Aufgaben hochzuladen, Kommentare zu verfassen. Alle Aufgaben im Projekt werden im Projektkalender angezeigt.<\/p>\n<h3>Gantt oder klassische Ansicht<\/h3>\n<p>Der Benutzer kann zwischen klassischer und Gantt Ansicht w\u00e4hlen. Jetzt k\u00f6nnen Sie Ihre Projekte einfach mit <a href=\"https:\/\/www.kendomanager.com\/de\/gantt-diagramm\/\">gantt software<\/a> planen und verwalten.<\/p>\n<p><img loading=\"lazy\" decoding=\"async\" class=\"alignnone size-full wp-image-6398\" src=\"https:\/\/www.kendomanager.com\/wp-content\/uploads\/2018\/12\/gantt-diagramm.png\" alt=\"gantt diagramm\" width=\"1346\" height=\"575\" srcset=\"https:\/\/www.kendomanager.com\/wp-content\/uploads\/2018\/12\/gantt-diagramm.png 1346w, https:\/\/www.kendomanager.com\/wp-content\/uploads\/2018\/12\/gantt-diagramm-300x128.png 300w, https:\/\/www.kendomanager.com\/wp-content\/uploads\/2018\/12\/gantt-diagramm-768x328.png 768w, https:\/\/www.kendomanager.com\/wp-content\/uploads\/2018\/12\/gantt-diagramm-1030x440.png 1030w, https:\/\/www.kendomanager.com\/wp-content\/uploads\/2018\/12\/gantt-diagramm-705x301.png 705w, https:\/\/www.kendomanager.com\/wp-content\/uploads\/2018\/12\/gantt-diagramm-450x192.png 450w\" sizes=\"auto, (max-width: 1346px) 100vw, 1346px\" \/><\/p>\n<h4>Projektaufgaben \u2013 Grunddaten<\/h4>\n<p>Grundlegende Daten zu den Projektaufgaben definieren Anfangs und Enddatum, Priorit\u00e4t, Fortschritt, Dauer, Zeit, Wert und Beschreibung.<\/p>\n<p><img loading=\"lazy\" decoding=\"async\" class=\"alignnone size-full wp-image-6401\" src=\"https:\/\/www.kendomanager.com\/wp-content\/uploads\/2018\/12\/aufgabe_grundinformationen.png\" alt=\"aufgabe grundinformationen\" width=\"1349\" height=\"1008\" srcset=\"https:\/\/www.kendomanager.com\/wp-content\/uploads\/2018\/12\/aufgabe_grundinformationen.png 1349w, https:\/\/www.kendomanager.com\/wp-content\/uploads\/2018\/12\/aufgabe_grundinformationen-300x224.png 300w, https:\/\/www.kendomanager.com\/wp-content\/uploads\/2018\/12\/aufgabe_grundinformationen-768x574.png 768w, https:\/\/www.kendomanager.com\/wp-content\/uploads\/2018\/12\/aufgabe_grundinformationen-1030x770.png 1030w, https:\/\/www.kendomanager.com\/wp-content\/uploads\/2018\/12\/aufgabe_grundinformationen-705x527.png 705w, https:\/\/www.kendomanager.com\/wp-content\/uploads\/2018\/12\/aufgabe_grundinformationen-450x336.png 450w\" sizes=\"auto, (max-width: 1349px) 100vw, 1349px\" \/><\/p>\n<h4>Teammitglieder bei Aufgaben<\/h4>\n<p>Teammitglieder sind die Option, die es uns erm\u00f6glicht, die Projektaktivit\u00e4ten und aufgaben den verantwortlichen Projektteammitgliedern zuzuordnen.<\/p>\n<p><img loading=\"lazy\" decoding=\"async\" class=\"alignnone size-full wp-image-6404\" src=\"https:\/\/www.kendomanager.com\/wp-content\/uploads\/2018\/12\/aufgabe_team.png\" alt=\"aufgabe team\" width=\"1365\" height=\"513\" srcset=\"https:\/\/www.kendomanager.com\/wp-content\/uploads\/2018\/12\/aufgabe_team.png 1365w, https:\/\/www.kendomanager.com\/wp-content\/uploads\/2018\/12\/aufgabe_team-300x113.png 300w, https:\/\/www.kendomanager.com\/wp-content\/uploads\/2018\/12\/aufgabe_team-768x289.png 768w, https:\/\/www.kendomanager.com\/wp-content\/uploads\/2018\/12\/aufgabe_team-1030x387.png 1030w, https:\/\/www.kendomanager.com\/wp-content\/uploads\/2018\/12\/aufgabe_team-705x265.png 705w, https:\/\/www.kendomanager.com\/wp-content\/uploads\/2018\/12\/aufgabe_team-450x169.png 450w\" sizes=\"auto, (max-width: 1365px) 100vw, 1365px\" \/><\/p>\n<h4>Verwaltung von Projektressourcen<\/h4>\n<p>Erfolgreiche Projektmanager m\u00fcssen effektiv mit zugewiesenen Projektressourcen umgehen.<\/p>\n<p>In der Terminologie des <a href=\"https:\/\/www.kendomanager.com\/de\/projektmanagement\/\"><strong>Projektmanagements<\/strong><\/a> wurden die Ressourcen erl\u00e4utert, die f\u00fcr die Umsetzung von Projektaufgaben und Projektaktivit\u00e4ten erforderlich sind. Ressourcen k\u00f6nnen Personen, Ger\u00e4te, Einrichtungen, Fonds oder alles andere sein, was zur Realisierung von Projektaufgaben ben\u00f6tigt wird.<\/p>\n<p><strong>Projektressourcen<\/strong> definieren materielle und personelle Ressourcen, die bei der Realisierung von Projektaufgaben involviert sind.<\/p>\n<p><strong>Kendo Manager, Projektmanagement Software<\/strong> gibt uns die M\u00f6glichkeit, sowohl menschliche als auch materielle Ressourcen im Projekt zu verwalten.<\/p>\n<p><img loading=\"lazy\" decoding=\"async\" class=\"alignnone size-full wp-image-6407\" src=\"https:\/\/www.kendomanager.com\/wp-content\/uploads\/2018\/12\/aufgabe_ressourcen_projekt.png\" alt=\"aufgabe ressourcen projekt\" width=\"1349\" height=\"742\" srcset=\"https:\/\/www.kendomanager.com\/wp-content\/uploads\/2018\/12\/aufgabe_ressourcen_projekt.png 1349w, https:\/\/www.kendomanager.com\/wp-content\/uploads\/2018\/12\/aufgabe_ressourcen_projekt-300x165.png 300w, https:\/\/www.kendomanager.com\/wp-content\/uploads\/2018\/12\/aufgabe_ressourcen_projekt-768x422.png 768w, https:\/\/www.kendomanager.com\/wp-content\/uploads\/2018\/12\/aufgabe_ressourcen_projekt-1030x567.png 1030w, https:\/\/www.kendomanager.com\/wp-content\/uploads\/2018\/12\/aufgabe_ressourcen_projekt-705x388.png 705w, https:\/\/www.kendomanager.com\/wp-content\/uploads\/2018\/12\/aufgabe_ressourcen_projekt-450x248.png 450w\" sizes=\"auto, (max-width: 1349px) 100vw, 1349px\" \/><\/p>\n<h4>Bemerkungen<\/h4>\n<p>Bemerkungen liefern den Teammitgliedern interne Kommunikation in Bezug auf den Fortschritt der Aufgabe.<\/p>\n<p><img loading=\"lazy\" decoding=\"async\" class=\"alignnone size-full wp-image-6410\" src=\"https:\/\/www.kendomanager.com\/wp-content\/uploads\/2018\/12\/aufgabe_bemerkungen.png\" alt=\"aufgabe bemerkungen\" width=\"1349\" height=\"998\" srcset=\"https:\/\/www.kendomanager.com\/wp-content\/uploads\/2018\/12\/aufgabe_bemerkungen.png 1349w, https:\/\/www.kendomanager.com\/wp-content\/uploads\/2018\/12\/aufgabe_bemerkungen-300x222.png 300w, https:\/\/www.kendomanager.com\/wp-content\/uploads\/2018\/12\/aufgabe_bemerkungen-768x568.png 768w, https:\/\/www.kendomanager.com\/wp-content\/uploads\/2018\/12\/aufgabe_bemerkungen-1030x762.png 1030w, https:\/\/www.kendomanager.com\/wp-content\/uploads\/2018\/12\/aufgabe_bemerkungen-705x522.png 705w, https:\/\/www.kendomanager.com\/wp-content\/uploads\/2018\/12\/aufgabe_bemerkungen-450x333.png 450w\" sizes=\"auto, (max-width: 1349px) 100vw, 1349px\" \/><\/p>\n<h4>Dokumente zu Projektaufgaben<\/h4>\n<p>Optionsdokumente erm\u00f6glichen das Hochladen und Speichern von Daten zu den Aufgaben und deren Verteilung unter den Teammitgliedern.<\/p>\n<p><img loading=\"lazy\" decoding=\"async\" class=\"alignnone size-full wp-image-6413\" src=\"https:\/\/www.kendomanager.com\/wp-content\/uploads\/2018\/12\/aufgabe-dokumente.png\" alt=\"aufgabe dokumente\" width=\"1349\" height=\"780\" srcset=\"https:\/\/www.kendomanager.com\/wp-content\/uploads\/2018\/12\/aufgabe-dokumente.png 1349w, https:\/\/www.kendomanager.com\/wp-content\/uploads\/2018\/12\/aufgabe-dokumente-300x173.png 300w, https:\/\/www.kendomanager.com\/wp-content\/uploads\/2018\/12\/aufgabe-dokumente-768x444.png 768w, https:\/\/www.kendomanager.com\/wp-content\/uploads\/2018\/12\/aufgabe-dokumente-1030x596.png 1030w, https:\/\/www.kendomanager.com\/wp-content\/uploads\/2018\/12\/aufgabe-dokumente-705x408.png 705w, https:\/\/www.kendomanager.com\/wp-content\/uploads\/2018\/12\/aufgabe-dokumente-450x260.png 450w\" sizes=\"auto, (max-width: 1349px) 100vw, 1349px\" \/><\/p>\n<h4>Neuordnung der Teilaufgaben im Projekt<\/h4>\n<p>Neuordnung der Teilaufgaben erm\u00f6glicht uns die Neuordnung von Projekt Subaktivit\u00e4ten.<\/p>\n<p><img loading=\"lazy\" decoding=\"async\" class=\"alignnone size-full wp-image-6416\" src=\"https:\/\/www.kendomanager.com\/wp-content\/uploads\/2018\/12\/aufgabe_neuordnung.png\" alt=\"aufgabe neuordnung\" width=\"1366\" height=\"604\" srcset=\"https:\/\/www.kendomanager.com\/wp-content\/uploads\/2018\/12\/aufgabe_neuordnung.png 1366w, https:\/\/www.kendomanager.com\/wp-content\/uploads\/2018\/12\/aufgabe_neuordnung-300x133.png 300w, https:\/\/www.kendomanager.com\/wp-content\/uploads\/2018\/12\/aufgabe_neuordnung-768x340.png 768w, https:\/\/www.kendomanager.com\/wp-content\/uploads\/2018\/12\/aufgabe_neuordnung-1030x455.png 1030w, https:\/\/www.kendomanager.com\/wp-content\/uploads\/2018\/12\/aufgabe_neuordnung-705x312.png 705w, https:\/\/www.kendomanager.com\/wp-content\/uploads\/2018\/12\/aufgabe_neuordnung-450x199.png 450w\" sizes=\"auto, (max-width: 1366px) 100vw, 1366px\" \/><\/p>\n<\/div><\/section>\n\n<style type=\"text\/css\" data-created_by=\"avia_inline_auto\" id=\"style-css-av-b9fsz-b8dfc15828ade1f80639e64cf612572a\">\n.flex_column.av-b9fsz-b8dfc15828ade1f80639e64cf612572a{\nborder-radius:0px 0px 0px 0px;\npadding:0px 0px 0px 0px;\n}\n<\/style>\n<div  class='flex_column av-b9fsz-b8dfc15828ade1f80639e64cf612572a av_one_full  avia-builder-el-1  el_after_av_textblock  el_before_av_promobox  first flex_column_div av-zero-column-padding  column-top-margin'     ><p>\n<style type=\"text\/css\" data-created_by=\"avia_inline_auto\" id=\"style-css-av-kim5sman-787b2322cd69bae03d27350785826cc9\">\n#top .av_textblock_section.av-kim5sman-787b2322cd69bae03d27350785826cc9 .avia_textblock{\ncolor:#3d3d3d;\n}\n<\/style>\n<section  class='av_textblock_section av-kim5sman-787b2322cd69bae03d27350785826cc9 '  ><div class='avia_textblock av_inherit_color' ><p><span style=\"color: #333333;\"><strong>Um weitere Informationen zum Arbeiten in der Kendo Manager Anwendung sowie zum Verwalten der Administration mit hilfe der Kendo Admin Panel zu erhalten, klicken Sie auf die folgende Links.<\/strong><\/span><\/p>\n<div><\/div>\n<\/div><\/section><br \/>\n<div  class='avia-button-wrap avia-button-center  avia-builder-el-3  el_after_av_textblock  el_before_av_hr '>\n<style type=\"text\/css\" data-created_by=\"avia_inline_auto\" id=\"style-css-av-jotpc4g1-c576ddacc1f0f947f0465e5d4c6a49d6\">\n#top #wrap_all .avia-button.av-jotpc4g1-c576ddacc1f0f947f0465e5d4c6a49d6{\nbackground-color:#177ce8;\nborder-color:#177ce8;\ntransition:all 0.4s ease-in-out;\n}\n#top #wrap_all .avia-button.av-jotpc4g1-c576ddacc1f0f947f0465e5d4c6a49d6:hover{\ncolor:#ffffff;\ntransition:all 0.4s ease-in-out;\n}\n#top #wrap_all .avia-button.av-jotpc4g1-c576ddacc1f0f947f0465e5d4c6a49d6:hover .avia-svg-icon svg:first-child{\nfill:#ffffff;\nstroke:#ffffff;\n}\n<\/style>\n<a href='https:\/\/www.kendomanager.com\/de\/kendo-handbuch\/' class='avia-font-color-theme-color avia-button avia-button-fullwidth av-jotpc4g1-c576ddacc1f0f947f0465e5d4c6a49d6 avia-icon_select-yes-left-icon avia-color-custom'   aria-label=\"Kendo Manager Handbuch\"><span class='avia_button_icon avia_button_icon_left avia-iconfont avia-font-entypo-fontello' data-av_icon='\ue80b' data-av_iconfont='entypo-fontello' ><\/span><span class='avia_iconbox_title' >Kendo Manager Handbuch<\/span><span class='avia_button_background avia-button avia-button-fullwidth avia-color-theme-color'><\/span><\/a><\/div><br \/>\n\n<style type=\"text\/css\" data-created_by=\"avia_inline_auto\" id=\"style-css-av-kim6ev3z-98d395d8a11ab7d214bb53c5790a1ad7\">\n#top .hr.hr-invisible.av-kim6ev3z-98d395d8a11ab7d214bb53c5790a1ad7{\nheight:20px;\n}\n<\/style>\n<div  class='hr av-kim6ev3z-98d395d8a11ab7d214bb53c5790a1ad7 hr-invisible  avia-builder-el-4  el_after_av_button_big  el_before_av_button_big  avia-builder-el-no-sibling '><span class='hr-inner '><span class=\"hr-inner-style\"><\/span><\/span><\/div><br \/>\n<div  class='avia-button-wrap avia-button-center  avia-builder-el-5  el_after_av_hr  avia-builder-el-last '>\n<style type=\"text\/css\" data-created_by=\"avia_inline_auto\" id=\"style-css-av-jotpepd1-7a9c7d3010c2d980ded4cf94537ddd3c\">\n#top #wrap_all .avia-button.av-jotpepd1-7a9c7d3010c2d980ded4cf94537ddd3c{\nbackground-color:#177ce8;\nborder-color:#177ce8;\ntransition:all 0.4s ease-in-out;\n}\n#top #wrap_all .avia-button.av-jotpepd1-7a9c7d3010c2d980ded4cf94537ddd3c:hover{\ncolor:#ffffff;\ntransition:all 0.4s ease-in-out;\n}\n#top #wrap_all .avia-button.av-jotpepd1-7a9c7d3010c2d980ded4cf94537ddd3c:hover .avia-svg-icon svg:first-child{\nfill:#ffffff;\nstroke:#ffffff;\n}\n<\/style>\n<a href='https:\/\/www.kendomanager.com\/de\/kendo-verwaltung\/' class='avia-font-color-theme-color avia-button avia-button-fullwidth av-jotpepd1-7a9c7d3010c2d980ded4cf94537ddd3c avia-icon_select-yes-left-icon avia-color-custom'   aria-label=\"Kendo Manager Verwaltung\"><span class='avia_button_icon avia_button_icon_left avia-iconfont avia-font-entypo-fontello' data-av_icon='\ue855' data-av_iconfont='entypo-fontello' ><\/span><span class='avia_iconbox_title' >Kendo Manager Verwaltung<\/span><span class='avia_button_background avia-button avia-button-fullwidth avia-color-theme-color'><\/span><\/a><\/div><\/p><\/div><div  class='av_promobox av-jp6yl6hg-6682e3812807058d3a40d7f68aeda550 avia-button-yes  avia-builder-el-6  el_after_av_one_full  avia-builder-el-last '><div class='avia-promocontent'><p>Einfache Projektmanagement Software f\u00fcr Projektplanung, AufgabenManagement, Gantt-Diagramm, Team-Kommunikation, Ressourcen-Management und Kostenmanagement-Software! Es ist alles da, alles, was Sie brauchen, um Ihre Arbeit p\u00fcnktlich und im Budget zu erledigen. <a href=\"https:\/\/www.kendomanager.com\/de\/preise\/\">Kostenlose Version der <span class=\"tlid-translation translation\"><span class=\"\" title=\"\">Aufgabenmanagement<\/span><\/span> Software erhalten sie hier! <\/a><\/p>\n<\/div><div  class='avia-button-wrap av-jp6yl6hg-bc97d05dda9ae018e7a1ea62949210c2-wrap avia-button-right '><a href='https:\/\/www.kendomanager.com\/de\/preise\/'  class='avia-button av-jp6yl6hg-bc97d05dda9ae018e7a1ea62949210c2 av-link-btn avia-icon_select-no avia-size-large avia-position-right avia-color-green'   aria-label=\"JETZT KAUFEN\"><span class='avia_iconbox_title' >JETZT KAUFEN<\/span><\/a><\/div><\/div>\n","protected":false},"excerpt":{"rendered":"","protected":false},"author":1,"featured_media":0,"parent":0,"menu_order":0,"comment_status":"closed","ping_status":"closed","template":"","meta":{"_acf_changed":false,"footnotes":""},"class_list":["post-5643","page","type-page","status-publish","hentry"],"acf":[],"_links":{"self":[{"href":"https:\/\/www.kendomanager.com\/de\/wp-json\/wp\/v2\/pages\/5643","targetHints":{"allow":["GET"]}}],"collection":[{"href":"https:\/\/www.kendomanager.com\/de\/wp-json\/wp\/v2\/pages"}],"about":[{"href":"https:\/\/www.kendomanager.com\/de\/wp-json\/wp\/v2\/types\/page"}],"author":[{"embeddable":true,"href":"https:\/\/www.kendomanager.com\/de\/wp-json\/wp\/v2\/users\/1"}],"replies":[{"embeddable":true,"href":"https:\/\/www.kendomanager.com\/de\/wp-json\/wp\/v2\/comments?post=5643"}],"version-history":[{"count":7,"href":"https:\/\/www.kendomanager.com\/de\/wp-json\/wp\/v2\/pages\/5643\/revisions"}],"predecessor-version":[{"id":13588,"href":"https:\/\/www.kendomanager.com\/de\/wp-json\/wp\/v2\/pages\/5643\/revisions\/13588"}],"wp:attachment":[{"href":"https:\/\/www.kendomanager.com\/de\/wp-json\/wp\/v2\/media?parent=5643"}],"curies":[{"name":"wp","href":"https:\/\/api.w.org\/{rel}","templated":true}]}}