{"id":5640,"date":"2018-11-27T11:50:00","date_gmt":"2018-11-27T11:50:00","guid":{"rendered":"https:\/\/www.kendomanager.com\/?page_id=5640"},"modified":"2018-11-28T07:47:38","modified_gmt":"2018-11-28T07:47:38","slug":"projektoptionen","status":"publish","type":"page","link":"https:\/\/www.kendomanager.com\/de\/projektoptionen\/","title":{"rendered":"Projektoptionen"},"content":{"rendered":"<p>Kendo Manager optionen bieten uns die M\u00f6glichkeit, verschiedene projektbezogene Prozesse und Projektaufgaben zu \u00fcberwachen, die uns eine effiziente Verwaltung unserer Projekte erm\u00f6glichen.<\/p>\n<h2>Die folgenden Softwareoptionen sind verf\u00fcgbar:<\/h2>\n<ol>\n<li>Aufgaben<\/li>\n<li>Meilensteine<\/li>\n<li>Kosten<\/li>\n<li>Probleme<\/li>\n<li>Risiken<\/li>\n<li>\u00c4nderungen<\/li>\n<li>Zeit verwenden<\/li>\n<li>Dateien<\/li>\n<li>Kendo manager optionen<\/li>\n<\/ol>\n","protected":false},"excerpt":{"rendered":"<p>Kendo Manager optionen bieten uns die M\u00f6glichkeit, verschiedene projektbezogene Prozesse und Projektaufgaben zu \u00fcberwachen, die uns eine effiziente Verwaltung unserer Projekte erm\u00f6glichen. Die folgenden Softwareoptionen sind verf\u00fcgbar: Aufgaben Meilensteine Kosten Probleme Risiken \u00c4nderungen Zeit verwenden Dateien Kendo manager optionen<\/p>\n","protected":false},"author":1,"featured_media":0,"parent":0,"menu_order":0,"comment_status":"closed","ping_status":"closed","template":"","meta":{"_acf_changed":false,"footnotes":""},"class_list":["post-5640","page","type-page","status-publish","hentry"],"acf":[],"_links":{"self":[{"href":"https:\/\/www.kendomanager.com\/de\/wp-json\/wp\/v2\/pages\/5640","targetHints":{"allow":["GET"]}}],"collection":[{"href":"https:\/\/www.kendomanager.com\/de\/wp-json\/wp\/v2\/pages"}],"about":[{"href":"https:\/\/www.kendomanager.com\/de\/wp-json\/wp\/v2\/types\/page"}],"author":[{"embeddable":true,"href":"https:\/\/www.kendomanager.com\/de\/wp-json\/wp\/v2\/users\/1"}],"replies":[{"embeddable":true,"href":"https:\/\/www.kendomanager.com\/de\/wp-json\/wp\/v2\/comments?post=5640"}],"version-history":[{"count":1,"href":"https:\/\/www.kendomanager.com\/de\/wp-json\/wp\/v2\/pages\/5640\/revisions"}],"predecessor-version":[{"id":5641,"href":"https:\/\/www.kendomanager.com\/de\/wp-json\/wp\/v2\/pages\/5640\/revisions\/5641"}],"wp:attachment":[{"href":"https:\/\/www.kendomanager.com\/de\/wp-json\/wp\/v2\/media?parent=5640"}],"curies":[{"name":"wp","href":"https:\/\/api.w.org\/{rel}","templated":true}]}}