{"id":5626,"date":"2018-11-27T11:41:41","date_gmt":"2018-11-27T11:41:41","guid":{"rendered":"https:\/\/www.kendomanager.com\/?page_id=5626"},"modified":"2021-02-28T21:38:31","modified_gmt":"2021-02-28T21:38:31","slug":"erste-aufgabe","status":"publish","type":"page","link":"https:\/\/www.kendomanager.com\/de\/erste-aufgabe\/","title":{"rendered":"Erste Aufgabe"},"content":{"rendered":"<section  class='av_textblock_section av-av_textblock-ef7fdae6b3b86bd1e5936ff9fbb8ffa2 '  ><div class='avia_textblock' ><p>Aufgaben erster Ordnung erm\u00f6glichen uns, die Aufgabenplanung im Projekt neu zu definieren.<\/p>\n<h3>Neuordnung von Projektaufgaben<\/h3>\n<p>Das Umordnen von Projektaufgaben gibt uns die M\u00f6glichkeit, die Reihenfolge der Projektaufgaben zu \u00e4ndern und so das L\u00f6schen von Aufgaben zu vermeiden.<\/p>\n<p><img loading=\"lazy\" decoding=\"async\" class=\"alignnone size-full wp-image-6324\" src=\"https:\/\/www.kendomanager.com\/wp-content\/uploads\/2018\/12\/Neuordnung-von-Projektaufgaben.png\" alt=\"Neuordnung von Projektaufgaben\" width=\"1348\" height=\"333\" srcset=\"https:\/\/www.kendomanager.com\/wp-content\/uploads\/2018\/12\/Neuordnung-von-Projektaufgaben.png 1348w, https:\/\/www.kendomanager.com\/wp-content\/uploads\/2018\/12\/Neuordnung-von-Projektaufgaben-300x74.png 300w, https:\/\/www.kendomanager.com\/wp-content\/uploads\/2018\/12\/Neuordnung-von-Projektaufgaben-768x190.png 768w, https:\/\/www.kendomanager.com\/wp-content\/uploads\/2018\/12\/Neuordnung-von-Projektaufgaben-1030x254.png 1030w, https:\/\/www.kendomanager.com\/wp-content\/uploads\/2018\/12\/Neuordnung-von-Projektaufgaben-705x174.png 705w, https:\/\/www.kendomanager.com\/wp-content\/uploads\/2018\/12\/Neuordnung-von-Projektaufgaben-450x111.png 450w\" sizes=\"auto, (max-width: 1348px) 100vw, 1348px\" \/><\/p>\n<\/div><\/section>\n\n<style type=\"text\/css\" data-created_by=\"avia_inline_auto\" id=\"style-css-av-b9fsz-b8dfc15828ade1f80639e64cf612572a\">\n.flex_column.av-b9fsz-b8dfc15828ade1f80639e64cf612572a{\nborder-radius:0px 0px 0px 0px;\npadding:0px 0px 0px 0px;\n}\n<\/style>\n<div  class='flex_column av-b9fsz-b8dfc15828ade1f80639e64cf612572a av_one_full  avia-builder-el-1  el_after_av_textblock  avia-builder-el-last  first flex_column_div av-zero-column-padding  column-top-margin'     ><p>\n<style type=\"text\/css\" data-created_by=\"avia_inline_auto\" id=\"style-css-av-kim5sman-787b2322cd69bae03d27350785826cc9\">\n#top .av_textblock_section.av-kim5sman-787b2322cd69bae03d27350785826cc9 .avia_textblock{\ncolor:#3d3d3d;\n}\n<\/style>\n<section  class='av_textblock_section av-kim5sman-787b2322cd69bae03d27350785826cc9 '  ><div class='avia_textblock av_inherit_color' ><p><span style=\"color: #333333;\"><strong>Um weitere Informationen zum Arbeiten in der Kendo Manager Anwendung sowie zum Verwalten der Administration mit hilfe der Kendo Admin Panel zu erhalten, klicken Sie auf die folgende Links.<\/strong><\/span><\/p>\n<div><\/div>\n<\/div><\/section><br \/>\n<div  class='avia-button-wrap avia-button-center  avia-builder-el-3  el_after_av_textblock  el_before_av_hr '>\n<style type=\"text\/css\" data-created_by=\"avia_inline_auto\" id=\"style-css-av-jotpc4g1-c576ddacc1f0f947f0465e5d4c6a49d6\">\n#top #wrap_all .avia-button.av-jotpc4g1-c576ddacc1f0f947f0465e5d4c6a49d6{\nbackground-color:#177ce8;\nborder-color:#177ce8;\ntransition:all 0.4s ease-in-out;\n}\n#top #wrap_all .avia-button.av-jotpc4g1-c576ddacc1f0f947f0465e5d4c6a49d6:hover{\ncolor:#ffffff;\ntransition:all 0.4s ease-in-out;\n}\n#top #wrap_all .avia-button.av-jotpc4g1-c576ddacc1f0f947f0465e5d4c6a49d6:hover .avia-svg-icon svg:first-child{\nfill:#ffffff;\nstroke:#ffffff;\n}\n<\/style>\n<a href='https:\/\/www.kendomanager.com\/de\/kendo-handbuch\/' class='avia-font-color-theme-color avia-button avia-button-fullwidth av-jotpc4g1-c576ddacc1f0f947f0465e5d4c6a49d6 avia-icon_select-yes-left-icon avia-color-custom'   aria-label=\"Kendo Manager Handbuch\"><span class='avia_button_icon avia_button_icon_left avia-iconfont avia-font-entypo-fontello' data-av_icon='\ue80b' data-av_iconfont='entypo-fontello' ><\/span><span class='avia_iconbox_title' >Kendo Manager Handbuch<\/span><span class='avia_button_background avia-button avia-button-fullwidth avia-color-theme-color'><\/span><\/a><\/div><br \/>\n\n<style type=\"text\/css\" data-created_by=\"avia_inline_auto\" id=\"style-css-av-kim6ev3z-98d395d8a11ab7d214bb53c5790a1ad7\">\n#top .hr.hr-invisible.av-kim6ev3z-98d395d8a11ab7d214bb53c5790a1ad7{\nheight:20px;\n}\n<\/style>\n<div  class='hr av-kim6ev3z-98d395d8a11ab7d214bb53c5790a1ad7 hr-invisible  avia-builder-el-4  el_after_av_button_big  el_before_av_button_big  avia-builder-el-no-sibling '><span class='hr-inner '><span class=\"hr-inner-style\"><\/span><\/span><\/div><br \/>\n<div  class='avia-button-wrap avia-button-center  avia-builder-el-5  el_after_av_hr  avia-builder-el-last '>\n<style type=\"text\/css\" data-created_by=\"avia_inline_auto\" id=\"style-css-av-jotpepd1-7a9c7d3010c2d980ded4cf94537ddd3c\">\n#top #wrap_all .avia-button.av-jotpepd1-7a9c7d3010c2d980ded4cf94537ddd3c{\nbackground-color:#177ce8;\nborder-color:#177ce8;\ntransition:all 0.4s ease-in-out;\n}\n#top #wrap_all .avia-button.av-jotpepd1-7a9c7d3010c2d980ded4cf94537ddd3c:hover{\ncolor:#ffffff;\ntransition:all 0.4s ease-in-out;\n}\n#top #wrap_all .avia-button.av-jotpepd1-7a9c7d3010c2d980ded4cf94537ddd3c:hover .avia-svg-icon svg:first-child{\nfill:#ffffff;\nstroke:#ffffff;\n}\n<\/style>\n<a href='https:\/\/www.kendomanager.com\/de\/kendo-verwaltung\/' class='avia-font-color-theme-color avia-button avia-button-fullwidth av-jotpepd1-7a9c7d3010c2d980ded4cf94537ddd3c avia-icon_select-yes-left-icon avia-color-custom'   aria-label=\"Kendo Manager Verwaltung\"><span class='avia_button_icon avia_button_icon_left avia-iconfont avia-font-entypo-fontello' data-av_icon='\ue855' data-av_iconfont='entypo-fontello' ><\/span><span class='avia_iconbox_title' >Kendo Manager Verwaltung<\/span><span class='avia_button_background avia-button avia-button-fullwidth avia-color-theme-color'><\/span><\/a><\/div><\/p><\/div>\n","protected":false},"excerpt":{"rendered":"","protected":false},"author":1,"featured_media":0,"parent":0,"menu_order":0,"comment_status":"closed","ping_status":"closed","template":"","meta":{"_acf_changed":false,"footnotes":""},"class_list":["post-5626","page","type-page","status-publish","hentry"],"acf":[],"_links":{"self":[{"href":"https:\/\/www.kendomanager.com\/de\/wp-json\/wp\/v2\/pages\/5626","targetHints":{"allow":["GET"]}}],"collection":[{"href":"https:\/\/www.kendomanager.com\/de\/wp-json\/wp\/v2\/pages"}],"about":[{"href":"https:\/\/www.kendomanager.com\/de\/wp-json\/wp\/v2\/types\/page"}],"author":[{"embeddable":true,"href":"https:\/\/www.kendomanager.com\/de\/wp-json\/wp\/v2\/users\/1"}],"replies":[{"embeddable":true,"href":"https:\/\/www.kendomanager.com\/de\/wp-json\/wp\/v2\/comments?post=5626"}],"version-history":[{"count":4,"href":"https:\/\/www.kendomanager.com\/de\/wp-json\/wp\/v2\/pages\/5626\/revisions"}],"predecessor-version":[{"id":13629,"href":"https:\/\/www.kendomanager.com\/de\/wp-json\/wp\/v2\/pages\/5626\/revisions\/13629"}],"wp:attachment":[{"href":"https:\/\/www.kendomanager.com\/de\/wp-json\/wp\/v2\/media?parent=5626"}],"curies":[{"name":"wp","href":"https:\/\/api.w.org\/{rel}","templated":true}]}}