{"id":5547,"date":"2018-11-27T10:54:35","date_gmt":"2018-11-27T10:54:35","guid":{"rendered":"https:\/\/www.kendomanager.com\/?page_id=5547"},"modified":"2018-12-01T13:43:10","modified_gmt":"2018-12-01T13:43:10","slug":"meine-uebersichtseitte","status":"publish","type":"page","link":"https:\/\/www.kendomanager.com\/de\/meine-uebersichtseitte\/","title":{"rendered":"Meine \u00dcbersichtseitte"},"content":{"rendered":"<h2>Meine \u00dcbersichtseite<\/h2>\n<p>Meine \u00dcbersichtseite (Steuertabelle) bietet dem Benutzer einen vollst\u00e4ndigen und schnellen \u00dcberblick \u00fcber alle Aktivit\u00e4ten, die ihm als Mitglied eines Projektteams zugewiesen sind. Ein Klick gen\u00fcgt, um auf die zugewiesenen Projektaufgaben zuzugreifen.<\/p>\n<p><strong>Jede Box besteht aus:<\/strong><\/p>\n<ol>\n<li><strong>Liste Heute<\/strong> &#8211; zeigt alle Aufgaben, die heute ablaufen<\/li>\n<li><strong>Liste bald<\/strong>&#8211; zeigt alle Aufgaben mit abgelaufener Frist innerhalb von 7 Tagen oder weniger<\/li>\n<li><strong>Liste der abgelaufenen Termine<\/strong> &#8211; Zeigt alle Aufgaben mit abgelaufenem Datum f\u00fcr die Aufl\u00f6sung an<\/li>\n<li><strong>Liste beendet<\/strong> &#8211; Liste aller abgeschlossenen Aufgaben<\/li>\n<\/ol>\n<p>In den Listen Meine Aufgaben, Meine Risiken, Meine Probleme, Meine \u00c4nderungen und Meine Meilensteine werden alle Projektaufgaben angezeigt, die uns zugewiesen wurden.<\/p>\n<p>Der Inhalt dieser Listen kann sortiert und durchsucht werden<\/p>\n<p><strong>Meine \u00dcbersichtseite<\/strong><\/p>\n<p><img loading=\"lazy\" decoding=\"async\" class=\"alignnone size-full wp-image-5836\" src=\"https:\/\/www.kendomanager.com\/wp-content\/uploads\/2018\/11\/my-dashboard-de.png\" alt=\"Meine \u00dcbersichtseite\" width=\"1344\" height=\"574\" srcset=\"https:\/\/www.kendomanager.com\/wp-content\/uploads\/2018\/11\/my-dashboard-de.png 1344w, https:\/\/www.kendomanager.com\/wp-content\/uploads\/2018\/11\/my-dashboard-de-300x128.png 300w, https:\/\/www.kendomanager.com\/wp-content\/uploads\/2018\/11\/my-dashboard-de-768x328.png 768w, https:\/\/www.kendomanager.com\/wp-content\/uploads\/2018\/11\/my-dashboard-de-1030x440.png 1030w, https:\/\/www.kendomanager.com\/wp-content\/uploads\/2018\/11\/my-dashboard-de-705x301.png 705w, https:\/\/www.kendomanager.com\/wp-content\/uploads\/2018\/11\/my-dashboard-de-450x192.png 450w\" sizes=\"auto, (max-width: 1344px) 100vw, 1344px\" \/><\/p>\n<h4>Mein Dashboard &#8211; Listenbeispiel<\/h4>\n<p><img loading=\"lazy\" decoding=\"async\" class=\"alignnone size-full wp-image-5839\" src=\"https:\/\/www.kendomanager.com\/wp-content\/uploads\/2018\/11\/my-dashboard-dedline-de.png\" alt=\"Mein Dashboard - Listenbeispiel\" width=\"1363\" height=\"273\" srcset=\"https:\/\/www.kendomanager.com\/wp-content\/uploads\/2018\/11\/my-dashboard-dedline-de.png 1363w, https:\/\/www.kendomanager.com\/wp-content\/uploads\/2018\/11\/my-dashboard-dedline-de-300x60.png 300w, https:\/\/www.kendomanager.com\/wp-content\/uploads\/2018\/11\/my-dashboard-dedline-de-768x154.png 768w, https:\/\/www.kendomanager.com\/wp-content\/uploads\/2018\/11\/my-dashboard-dedline-de-1030x206.png 1030w, https:\/\/www.kendomanager.com\/wp-content\/uploads\/2018\/11\/my-dashboard-dedline-de-705x141.png 705w, https:\/\/www.kendomanager.com\/wp-content\/uploads\/2018\/11\/my-dashboard-dedline-de-450x90.png 450w\" sizes=\"auto, (max-width: 1363px) 100vw, 1363px\" \/><\/p>\n","protected":false},"excerpt":{"rendered":"<p>Meine \u00dcbersichtseite Meine \u00dcbersichtseite (Steuertabelle) bietet dem Benutzer einen vollst\u00e4ndigen und schnellen \u00dcberblick \u00fcber alle Aktivit\u00e4ten, die ihm als Mitglied eines Projektteams zugewiesen sind. Ein Klick gen\u00fcgt, um auf die zugewiesenen Projektaufgaben zuzugreifen. Jede Box besteht aus: Liste Heute &#8211; zeigt alle Aufgaben, die heute ablaufen Liste bald&#8211; zeigt alle Aufgaben mit abgelaufener Frist innerhalb [&hellip;]<\/p>\n","protected":false},"author":1,"featured_media":0,"parent":0,"menu_order":0,"comment_status":"closed","ping_status":"closed","template":"","meta":{"_acf_changed":false,"footnotes":""},"class_list":["post-5547","page","type-page","status-publish","hentry"],"acf":[],"_links":{"self":[{"href":"https:\/\/www.kendomanager.com\/de\/wp-json\/wp\/v2\/pages\/5547","targetHints":{"allow":["GET"]}}],"collection":[{"href":"https:\/\/www.kendomanager.com\/de\/wp-json\/wp\/v2\/pages"}],"about":[{"href":"https:\/\/www.kendomanager.com\/de\/wp-json\/wp\/v2\/types\/page"}],"author":[{"embeddable":true,"href":"https:\/\/www.kendomanager.com\/de\/wp-json\/wp\/v2\/users\/1"}],"replies":[{"embeddable":true,"href":"https:\/\/www.kendomanager.com\/de\/wp-json\/wp\/v2\/comments?post=5547"}],"version-history":[{"count":3,"href":"https:\/\/www.kendomanager.com\/de\/wp-json\/wp\/v2\/pages\/5547\/revisions"}],"predecessor-version":[{"id":6274,"href":"https:\/\/www.kendomanager.com\/de\/wp-json\/wp\/v2\/pages\/5547\/revisions\/6274"}],"wp:attachment":[{"href":"https:\/\/www.kendomanager.com\/de\/wp-json\/wp\/v2\/media?parent=5547"}],"curies":[{"name":"wp","href":"https:\/\/api.w.org\/{rel}","templated":true}]}}