{"id":5500,"date":"2018-11-27T07:49:05","date_gmt":"2018-11-27T07:49:05","guid":{"rendered":"https:\/\/www.kendomanager.com\/?page_id=5500"},"modified":"2019-02-10T16:05:11","modified_gmt":"2019-02-10T16:05:11","slug":"projekt","status":"publish","type":"page","link":"https:\/\/www.kendomanager.com\/de\/projekt\/","title":{"rendered":"Projekt"},"content":{"rendered":"<p>Das Projekt ist eine zeitlich festgelegte Anstrengung, um das einzigartige Produkt, die Dienstleistung oder das Ergebnis zu produzieren (<a href=\"https:\/\/www.pmi.org\/\" target=\"_blank\" rel=\"noopener\">Project Management Institute<\/a>).<\/p>\n<h2>Software zum Verwalten von Projekten<\/h2>\n<p>Jedes Projekt ist einzigartig. Das Projekt ist eine spezifische Reihe von Operationen, die darauf ausgerichtet sind, das einzigartige Ziel zu erreichen. Das Projektteam umfasst h\u00e4ufig Personen, die zusammen arbeiten, manchmal aus verschiedenen Organisationen und an verschiedenen geografischen Standorten.<\/p>\n<p><a href=\"https:\/\/www.kendomanager.com\/de\/\">Kendo Manager<\/a> Software zur Verwaltung von Projekten gibt uns den \u00dcberblick \u00fcber alle Projektaufgaben und aktuellen Phasen der Projekte. Mit dem Kendo-Manager ist das Definieren und Erstellen neuer Aufgaben im Projekt einfach und daher erhalten diese Aufgaben die Priorit\u00e4tsstufe und die zugewiesene Teammitglieder die f\u00fcr seine realisation verantwortlich sind. Zu jedem Zeitpunkt k\u00f6nnen die Projekte aufgelistet werden und der Benutzer erh\u00e4lt den \u00fcbersichtlichen Querschnitt aller Aufgaben des Projekts.<\/p>\n<p><img loading=\"lazy\" decoding=\"async\" class=\"alignnone wp-image-5802 size-full\" title=\"Software zum Verwalten von Projekten\" src=\"https:\/\/www.kendomanager.com\/wp-content\/uploads\/2018\/11\/project_basic_data_de.png\" alt=\"Software zum Verwalten von Projekten\" width=\"1349\" height=\"787\" srcset=\"https:\/\/www.kendomanager.com\/wp-content\/uploads\/2018\/11\/project_basic_data_de.png 1349w, https:\/\/www.kendomanager.com\/wp-content\/uploads\/2018\/11\/project_basic_data_de-300x175.png 300w, https:\/\/www.kendomanager.com\/wp-content\/uploads\/2018\/11\/project_basic_data_de-768x448.png 768w, https:\/\/www.kendomanager.com\/wp-content\/uploads\/2018\/11\/project_basic_data_de-1030x601.png 1030w, https:\/\/www.kendomanager.com\/wp-content\/uploads\/2018\/11\/project_basic_data_de-705x411.png 705w, https:\/\/www.kendomanager.com\/wp-content\/uploads\/2018\/11\/project_basic_data_de-450x263.png 450w\" sizes=\"auto, (max-width: 1349px) 100vw, 1349px\" \/><\/p>\n","protected":false},"excerpt":{"rendered":"<p>Das Projekt ist eine zeitlich festgelegte Anstrengung, um das einzigartige Produkt, die Dienstleistung oder das Ergebnis zu produzieren (Project Management Institute). Software zum Verwalten von Projekten Jedes Projekt ist einzigartig. Das Projekt ist eine spezifische Reihe von Operationen, die darauf ausgerichtet sind, das einzigartige Ziel zu erreichen. Das Projektteam umfasst h\u00e4ufig Personen, die zusammen arbeiten, [&hellip;]<\/p>\n","protected":false},"author":1,"featured_media":0,"parent":0,"menu_order":0,"comment_status":"closed","ping_status":"closed","template":"","meta":{"_acf_changed":false,"footnotes":""},"class_list":["post-5500","page","type-page","status-publish","hentry"],"acf":[],"_links":{"self":[{"href":"https:\/\/www.kendomanager.com\/de\/wp-json\/wp\/v2\/pages\/5500","targetHints":{"allow":["GET"]}}],"collection":[{"href":"https:\/\/www.kendomanager.com\/de\/wp-json\/wp\/v2\/pages"}],"about":[{"href":"https:\/\/www.kendomanager.com\/de\/wp-json\/wp\/v2\/types\/page"}],"author":[{"embeddable":true,"href":"https:\/\/www.kendomanager.com\/de\/wp-json\/wp\/v2\/users\/1"}],"replies":[{"embeddable":true,"href":"https:\/\/www.kendomanager.com\/de\/wp-json\/wp\/v2\/comments?post=5500"}],"version-history":[{"count":5,"href":"https:\/\/www.kendomanager.com\/de\/wp-json\/wp\/v2\/pages\/5500\/revisions"}],"predecessor-version":[{"id":8130,"href":"https:\/\/www.kendomanager.com\/de\/wp-json\/wp\/v2\/pages\/5500\/revisions\/8130"}],"wp:attachment":[{"href":"https:\/\/www.kendomanager.com\/de\/wp-json\/wp\/v2\/media?parent=5500"}],"curies":[{"name":"wp","href":"https:\/\/api.w.org\/{rel}","templated":true}]}}