{"id":5485,"date":"2018-11-27T07:34:25","date_gmt":"2018-11-27T07:34:25","guid":{"rendered":"https:\/\/www.kendomanager.com\/?page_id=5485"},"modified":"2018-12-01T12:36:41","modified_gmt":"2018-12-01T12:36:41","slug":"ueber-uns","status":"publish","type":"page","link":"https:\/\/www.kendomanager.com\/de\/ueber-uns\/","title":{"rendered":"\u00dcber uns"},"content":{"rendered":"<section  class='av_textblock_section av-2xzx25-8f86713271ed574e41fd017d52d8e8db '  ><div class='avia_textblock' ><h2><strong>Kendo Manager \u2013 Unternehmens Projektmanagement Software <\/strong><\/h2>\n<p>Kendo Manager ist eine Software auf Unternehmensebene zum Verwalten von Projekten. Es ist eine Komplettl\u00f6sung, die die Verwaltung von Projektaktivit\u00e4ten, Projektaufgabenmanagement, Projektkostenmanagement, Projektressourcenmanagement, Personalmanagement, \u00c4nderungsmanagement, Zeitmanagement und Risikomanagement erm\u00f6glicht. Problemverfolgung wurde vereinfacht mit der M\u00f6glichkeit von Gantt Diagramm oder klassischen Aufgaben\u00fcbersicht. Alle L\u00f6sungen auf Unternehmensebene wurden in den Kendo Manager integriert, die ma sogar <a href=\"https:\/\/www.kendomanager.com\/de\/kostenmanagement\/\">Kostenlost<\/a> benutzen kann (ein aktives projekt und zwei aktive Teammitglieder).<\/p>\n<p>Hinter dem ganzen Projekt steht Spider Soft Team. Das Projekt selbst wurde im M\u00e4rz 2010 gestartet. Das Ziel dieses Projekts war die Erstellung einfacher und praktischer Software f\u00fcr die Verwaltung von Projekten nach aktuellen Projektmanagement Standards und PMI Organisationen. Wir wollten eine Software auf Unternehmensebene zu kreieren die man mit einer vern\u00fcnftigen Preis anbieten kann, der f\u00fcr alle Nutzer verf\u00fcgbar ist. Eine detaillierte Analyse der anerkannten Dienste und Software f\u00fcr das Projektmanagement wurde zur Entwicklung dieser Software durchgef\u00fchrt. Die erste Version von Kendo Manager wurde mit dem Codenamen Project Management System realisiert. Sp\u00e4ter entwickelte es sich zu einem leistungsf\u00e4higen Werkzeug-Satz f\u00fcr das Projektmanagement.<\/p>\n<h2><strong>Kendo Manager ist effizient in der Verwaltung von Projekten <\/strong><\/h2>\n<p>Kendo Manager ist eine Softwareanwendung mit vollst\u00e4ndiger und einfacher L\u00f6sung f\u00fcr die Verwaltung von Projekten. Die Effizienz des Kendo Managers wird mit seinem Werkzeug <a href=\"https:\/\/www.kendomanager.com\/de\/module\/\">Module<\/a>\u00a0 erfasst, das die folgenden Segmente enth\u00e4lt:<\/p>\n<ul>\n<li>Effektive Planungsgrundlage<\/li>\n<li>Verwaltung des Projektlebenszyklus<\/li>\n<li>Kommunikation mit allen Teammitgliedern und Team- Interessengruppen<\/li>\n<li>Schnelle Realisierung von Projekten unabh\u00e4ngig von Gr\u00f6\u00dfe und Komplexit\u00e4t<\/li>\n<li>\u00dcberwachung und Evaluierung von <a href=\"https:\/\/www.kendomanager.com\/de\/kostenmanagement\/\">Kostenstellen<\/a><\/li>\n<li>Reporting-Werkzeug-Satz f\u00fcr verschiedene Phasen des Projekts<\/li>\n<\/ul>\n<\/div><\/section>\n\n<style type=\"text\/css\" data-created_by=\"avia_inline_auto\" id=\"style-css-av-jozyb3r0-4288d13060519984af01f3e5ac1b8cb3\">\n.avia-image-container.av-jozyb3r0-4288d13060519984af01f3e5ac1b8cb3 img.avia_image{\nbox-shadow:none;\n}\n.avia-image-container.av-jozyb3r0-4288d13060519984af01f3e5ac1b8cb3 .av-image-caption-overlay-center{\ncolor:#ffffff;\n}\n<\/style>\n<div  class='avia-image-container av-jozyb3r0-4288d13060519984af01f3e5ac1b8cb3 av-styling- avia-align-center  avia-builder-el-1  el_after_av_textblock  el_before_av_one_half '  ><div class=\"avia-image-container-inner\"><div class=\"avia-image-overlay-wrap\"><img decoding=\"async\" fetchpriority=\"high\" class='wp-image-5788 avia-img-lazy-loading-not-5788 avia_image ' src=\"https:\/\/www.kendomanager.com\/wp-content\/uploads\/2018\/11\/projektmanagement-software.jpg\" alt='Kendo Manager projektmanagement-software' title='projektmanagement-software'  height=\"1147\" width=\"1600\" srcset=\"https:\/\/www.kendomanager.com\/wp-content\/uploads\/2018\/11\/projektmanagement-software.jpg 1600w, https:\/\/www.kendomanager.com\/wp-content\/uploads\/2018\/11\/projektmanagement-software-300x215.jpg 300w, https:\/\/www.kendomanager.com\/wp-content\/uploads\/2018\/11\/projektmanagement-software-768x551.jpg 768w, https:\/\/www.kendomanager.com\/wp-content\/uploads\/2018\/11\/projektmanagement-software-1030x738.jpg 1030w, https:\/\/www.kendomanager.com\/wp-content\/uploads\/2018\/11\/projektmanagement-software-1500x1075.jpg 1500w, https:\/\/www.kendomanager.com\/wp-content\/uploads\/2018\/11\/projektmanagement-software-260x185.jpg 260w, https:\/\/www.kendomanager.com\/wp-content\/uploads\/2018\/11\/projektmanagement-software-705x505.jpg 705w, https:\/\/www.kendomanager.com\/wp-content\/uploads\/2018\/11\/projektmanagement-software-450x323.jpg 450w\" sizes=\"(max-width: 1600px) 100vw, 1600px\" \/><\/div><\/div><\/div>\n\n<style type=\"text\/css\" data-created_by=\"avia_inline_auto\" id=\"style-css-av-3jnvrh-47e63dc7c43d736865f3c796cc55a27d\">\n.flex_column.av-3jnvrh-47e63dc7c43d736865f3c796cc55a27d{\nborder-radius:0px 0px 0px 0px;\npadding:0px 0px 0px 0px;\n}\n<\/style>\n<div  class='flex_column av-3jnvrh-47e63dc7c43d736865f3c796cc55a27d av_one_half  avia-builder-el-2  el_after_av_image  el_before_av_one_half  first flex_column_div av-zero-column-padding  '     ><section  class='av_textblock_section av-jozyh4ud-b681ce3b8d8ef54337ce3ed852fa4da1 '  ><div class='avia_textblock' ><h3>DER ZWECK VON KENDO MANAGER<\/h3>\n<ul>\n<li>\u00dcberwachung und Aufzeichnung von Projekten beliebiger Komplexit\u00e4t und Art<\/li>\n<li>Verfolgung von <strong>Projektaufgaben<\/strong><\/li>\n<li>Verfolgung von projektbezogenen Prozessen<\/li>\n<li>Erstellen von verschiedenen Berichten \u00fcber Projektes<\/li>\n<li>Effizientere Verwaltung der Humanressourcen im Projekt<\/li>\n<li>Effektiveres Personalmanagement<\/li>\n<li>Bessere Organisation der materiellen Ressourcen am Projekt<\/li>\n<li>Effektive Kostenkontrolle beim Projekt<\/li>\n<li>Erfolgreiches Zeitmanagement am Projekt<\/li>\n<li>Effizienteres <strong>Personalmanagement am Projekt<\/strong><\/li>\n<li>Erfolgreiches Projektmanagement<\/li>\n<\/ul>\n<\/div><\/section><\/div>\n\n<style type=\"text\/css\" data-created_by=\"avia_inline_auto\" id=\"style-css-av-37sxe5-bbb3df7088e922e8c35df48a8f5de07d\">\n.flex_column.av-37sxe5-bbb3df7088e922e8c35df48a8f5de07d{\nborder-radius:0px 0px 0px 0px;\npadding:0px 0px 0px 0px;\n}\n<\/style>\n<div  class='flex_column av-37sxe5-bbb3df7088e922e8c35df48a8f5de07d av_one_half  avia-builder-el-4  el_after_av_one_half  avia-builder-el-last  flex_column_div av-zero-column-padding  '     ><section  class='av_textblock_section av-jozyi6q5-34608a1550d4e938c434e49991911d2a '  ><div class='avia_textblock' ><h3>DIE VORTEILE VON KENDO MANAGER<\/h3>\n<ul>\n<li>Zentralisiertes Informationssystem f\u00fcr die Verwaltung von Projekten<\/li>\n<li>Einfach zu verwenden f\u00fcr die Verwaltung und Verwendung<\/li>\n<li>Unbegrenzte Anzahl von Projekten und Benutzern<\/li>\n<li>Codeb\u00fccher-System<\/li>\n<li>Benutzerrechte und rollen (<strong>Projektmanager<\/strong>, Teammitglied, Kunde, Berechtigung zur \u00dcbersicht)<\/li>\n<li>Kalender, Berichtssystem \u00fcber Projektaufgaben<\/li>\n<li>Ein Klick zum Projizieren<\/li>\n<li>Automatisches Erzeugen des Projektformulars und Drucken<\/li>\n<li>Alle Daten sind jederzeit und an jedem Ort verf\u00fcgbar<\/li>\n<li>Anwendung ist verf\u00fcgbar und auf mobilen Ger\u00e4ten (Smartphones, Tablets, iPhone)<\/li>\n<li>Eine Reihe von Berichten zur Analyse und \u00dcberwachung von Projektdauer und Projektmitteln<\/li>\n<\/ul>\n<\/div><\/section><\/div>\n","protected":false},"excerpt":{"rendered":"","protected":false},"author":1,"featured_media":0,"parent":0,"menu_order":0,"comment_status":"closed","ping_status":"closed","template":"","meta":{"_acf_changed":false,"footnotes":""},"class_list":["post-5485","page","type-page","status-publish","hentry"],"acf":[],"_links":{"self":[{"href":"https:\/\/www.kendomanager.com\/de\/wp-json\/wp\/v2\/pages\/5485","targetHints":{"allow":["GET"]}}],"collection":[{"href":"https:\/\/www.kendomanager.com\/de\/wp-json\/wp\/v2\/pages"}],"about":[{"href":"https:\/\/www.kendomanager.com\/de\/wp-json\/wp\/v2\/types\/page"}],"author":[{"embeddable":true,"href":"https:\/\/www.kendomanager.com\/de\/wp-json\/wp\/v2\/users\/1"}],"replies":[{"embeddable":true,"href":"https:\/\/www.kendomanager.com\/de\/wp-json\/wp\/v2\/comments?post=5485"}],"version-history":[{"count":7,"href":"https:\/\/www.kendomanager.com\/de\/wp-json\/wp\/v2\/pages\/5485\/revisions"}],"predecessor-version":[{"id":6260,"href":"https:\/\/www.kendomanager.com\/de\/wp-json\/wp\/v2\/pages\/5485\/revisions\/6260"}],"wp:attachment":[{"href":"https:\/\/www.kendomanager.com\/de\/wp-json\/wp\/v2\/media?parent=5485"}],"curies":[{"name":"wp","href":"https:\/\/api.w.org\/{rel}","templated":true}]}}